{"id":1610,"date":"2021-06-02T11:01:38","date_gmt":"2021-06-02T11:01:38","guid":{"rendered":"https:\/\/open-boat-projects.org\/?page_id=1610"},"modified":"2022-05-23T14:11:20","modified_gmt":"2022-05-23T14:11:20","slug":"ultraschall-tanksensor-mit-sensesp","status":"publish","type":"page","link":"https:\/\/open-boat-projects.org\/en\/ultraschall-tanksensor-mit-sensesp\/","title":{"rendered":"Ultrasonic tank sensor with SensESP"},"content":{"rendered":"<p><img loading=\"lazy\" decoding=\"async\" class=\"alignnone wp-image-1611 size-full\" src=\"https:\/\/open-boat-projects.org\/wp-content\/uploads\/2021\/06\/Ultraschall_Fuellstandssensor_1.jpeg\" alt=\"\" width=\"1024\" height=\"768\" srcset=\"https:\/\/open-boat-projects.org\/wp-content\/uploads\/2021\/06\/Ultraschall_Fuellstandssensor_1.jpeg 1024w, https:\/\/open-boat-projects.org\/wp-content\/uploads\/2021\/06\/Ultraschall_Fuellstandssensor_1-300x225.jpeg 300w, https:\/\/open-boat-projects.org\/wp-content\/uploads\/2021\/06\/Ultraschall_Fuellstandssensor_1-768x576.jpeg 768w, https:\/\/open-boat-projects.org\/wp-content\/uploads\/2021\/06\/Ultraschall_Fuellstandssensor_1-16x12.jpeg 16w\" sizes=\"auto, (max-width: 1024px) 100vw, 1024px\" \/><\/p>\n<p>Fig .: Ultrasonic level sensor<\/p>\n<p><a href=\"https:\/\/www.segeln-forum.de\/thread\/76476-ber%C3%BChrungsloses-messen-von-tankinhalten\/?postID=2301715#post2301715\">https:\/\/www.segeln-forum.de\/thread\/76476-ber%C3%BChrungsloses-messen-von-tankinhalten\/?postID=2301715#post2301715<\/a><\/p>\n<p>&nbsp;<\/p>\n<p>Fred has another implementation of an ultrasonic tank sensor with him <a href=\"https:\/\/open-boat-projects.org\/en\/sensesp\/\">SensESP<\/a>\u00a0 and a Wemos D1 mini. The <a href=\"https:\/\/forum.arduino.cc\/t\/how-to-read-serial-data-from-non-contact-ultrasonic-liquid-level-sensor\/507781\" target=\"_blank\" rel=\"noopener\">Ultrasonic sensor DS1603L<\/a> detects liquid levels in a tank and provides the corresponding measured values via SensESP via WiFi <a href=\"https:\/\/open-boat-projects.org\/en\/signalk\/\">SignalK<\/a>. SensESP is a software framework for the Arduino IDE with which different sensors can be easily integrated into SignalK. The special thing about SensESP is that sensors can be docked in SignalK without a network configuration. A SignalK server is automatically recognized by SensESP and the network configuration for data transmission via WiFi is carried out independently. The level can be visualized in SignalK.<\/p>\n<p>Due to the properties of the sensor, there is no need to drill a hole in the tank, which is why this sensor can be used as a retrofit solution for existing tanks without a level indicator. Thanks to the WLAN connection, no further data cables need to be laid; a 12V supply near the tank to which the microcontroller can be connected is sufficient. The Wemos D1 mini pro module is a microcontroller based on the <a href=\"https:\/\/open-boat-projects.org\/en\/elektronikmodule-von-espressif\/\">ESP 8266<\/a> with built-in WLAN module. The ultrasonic sensor is connected to the microcontroller. The ultrasonic sensor is glued to the outside of the tank bottom. The liquid level in the tank can then be recorded.<\/p>\n<p><strong>Caution:<\/strong> The sensor must be attached to the bottom of the tank, so it must &quot;ping&quot; from bottom to top in order to record the liquid level. &quot;Pinging&quot; from top to bottom does not work.<\/p>\n<p>The software for the level sensor can be found here: <a href=\"https:\/\/github.com\/frewie\/UltrasonicTankSensor\" target=\"_blank\" rel=\"noopener\">https:\/\/github.com\/frewie\/UltrasonicTankSensor<\/a><\/p>\n<p>We have a similar project under <a href=\"https:\/\/open-boat-projects.org\/en\/diy-ultraschall-fuellstandsmessung\/\">DIY ultrasonic level measurement<\/a> to find. However, it uses its own software that can transmit NMEA0183 data sets via WiFi.<\/p>\n<p><img loading=\"lazy\" decoding=\"async\" class=\"alignnone wp-image-1612 size-full\" src=\"https:\/\/open-boat-projects.org\/wp-content\/uploads\/2021\/06\/Ultraschall_Fuellstandssensor_2.jpeg\" alt=\"\" width=\"1024\" height=\"768\" srcset=\"https:\/\/open-boat-projects.org\/wp-content\/uploads\/2021\/06\/Ultraschall_Fuellstandssensor_2.jpeg 1024w, https:\/\/open-boat-projects.org\/wp-content\/uploads\/2021\/06\/Ultraschall_Fuellstandssensor_2-300x225.jpeg 300w, https:\/\/open-boat-projects.org\/wp-content\/uploads\/2021\/06\/Ultraschall_Fuellstandssensor_2-768x576.jpeg 768w, https:\/\/open-boat-projects.org\/wp-content\/uploads\/2021\/06\/Ultraschall_Fuellstandssensor_2-16x12.jpeg 16w\" sizes=\"auto, (max-width: 1024px) 100vw, 1024px\" \/><\/p>\n<p>Fig .: Waterproof housing for the level sensor<\/p>","protected":false},"excerpt":{"rendered":"<p>Abb.: Ultraschall F\u00fcllstandssensor https:\/\/www.segeln-forum.de\/thread\/76476-ber%C3%BChrungsloses-messen-von-tankinhalten\/?postID=2301715#post2301715 &nbsp; Fred hat eine weitere Implementierung eines Ultraschall-Tanksensors mit SensESP\u00a0 und einem Wemos D1 mini vorgenommen. Der Ultraschall-Sensor DS1603L erfasst Fl\u00fcssigkeitsst\u00e4nde in einem Tank und gibt die entsprechenden Messwerte \u00fcber SensESP per WiFi an SignalK. SensESP ist ein Softwareframework f\u00fcr die Arduino-IDE mit der recht einfach verschiedene Sensoren in SignalK eingebunden&hellip; <a href=\"https:\/\/open-boat-projects.org\/en\/ultraschall-tanksensor-mit-sensesp\/\" class=\"more-link\">Read more <span class=\"screen-reader-text\">Ultrasonic tank sensor with SensESP<\/span><\/a><\/p>","protected":false},"author":2,"featured_media":0,"parent":0,"menu_order":0,"comment_status":"closed","ping_status":"closed","template":"","meta":{"footnotes":""},"categories":[40,39],"tags":[],"class_list":["post-1610","page","type-page","status-publish","hentry","category-openhardware","category-opensource"],"_links":{"self":[{"href":"https:\/\/open-boat-projects.org\/en\/wp-json\/wp\/v2\/pages\/1610","targetHints":{"allow":["GET"]}}],"collection":[{"href":"https:\/\/open-boat-projects.org\/en\/wp-json\/wp\/v2\/pages"}],"about":[{"href":"https:\/\/open-boat-projects.org\/en\/wp-json\/wp\/v2\/types\/page"}],"author":[{"embeddable":true,"href":"https:\/\/open-boat-projects.org\/en\/wp-json\/wp\/v2\/users\/2"}],"replies":[{"embeddable":true,"href":"https:\/\/open-boat-projects.org\/en\/wp-json\/wp\/v2\/comments?post=1610"}],"version-history":[{"count":5,"href":"https:\/\/open-boat-projects.org\/en\/wp-json\/wp\/v2\/pages\/1610\/revisions"}],"predecessor-version":[{"id":3047,"href":"https:\/\/open-boat-projects.org\/en\/wp-json\/wp\/v2\/pages\/1610\/revisions\/3047"}],"wp:attachment":[{"href":"https:\/\/open-boat-projects.org\/en\/wp-json\/wp\/v2\/media?parent=1610"}],"wp:term":[{"taxonomy":"category","embeddable":true,"href":"https:\/\/open-boat-projects.org\/en\/wp-json\/wp\/v2\/categories?post=1610"},{"taxonomy":"post_tag","embeddable":true,"href":"https:\/\/open-boat-projects.org\/en\/wp-json\/wp\/v2\/tags?post=1610"}],"curies":[{"name":"wp","href":"https:\/\/api.w.org\/{rel}","templated":true}]}}