{"id":98,"date":"2019-12-01T10:32:14","date_gmt":"2019-12-01T10:32:14","guid":{"rendered":"https:\/\/open-boat-projects.org\/?page_id=98"},"modified":"2023-01-09T08:48:04","modified_gmt":"2023-01-09T08:48:04","slug":"diy-vordeckkamera","status":"publish","type":"page","link":"https:\/\/open-boat-projects.org\/de\/diy-vordeckkamera\/","title":{"rendered":"DIY Vordeckkamera"},"content":{"rendered":"<p><img loading=\"lazy\" decoding=\"async\" class=\"alignnone size-medium wp-image-443\" src=\"https:\/\/open-boat-projects.org\/wp-content\/uploads\/2019\/12\/Frontansicht2-300x295.png\" alt=\"\" width=\"300\" height=\"295\" srcset=\"https:\/\/open-boat-projects.org\/wp-content\/uploads\/2019\/12\/Frontansicht2-300x295.png 300w, https:\/\/open-boat-projects.org\/wp-content\/uploads\/2019\/12\/Frontansicht2-768x754.png 768w, https:\/\/open-boat-projects.org\/wp-content\/uploads\/2019\/12\/Frontansicht2.png 826w\" sizes=\"auto, (max-width: 300px) 100vw, 300px\" \/> <img loading=\"lazy\" decoding=\"async\" class=\"alignnone size-medium wp-image-442\" src=\"https:\/\/open-boat-projects.org\/wp-content\/uploads\/2019\/12\/Frontansicht-288x300.png\" alt=\"\" width=\"288\" height=\"300\" srcset=\"https:\/\/open-boat-projects.org\/wp-content\/uploads\/2019\/12\/Frontansicht-288x300.png 288w, https:\/\/open-boat-projects.org\/wp-content\/uploads\/2019\/12\/Frontansicht-768x801.png 768w, https:\/\/open-boat-projects.org\/wp-content\/uploads\/2019\/12\/Frontansicht.png 785w\" sizes=\"auto, (max-width: 288px) 100vw, 288px\" \/> <img loading=\"lazy\" decoding=\"async\" class=\"alignnone size-medium wp-image-441\" src=\"https:\/\/open-boat-projects.org\/wp-content\/uploads\/2019\/12\/Abstandssensor_mit-Platine-288x300.png\" alt=\"\" width=\"288\" height=\"300\" srcset=\"https:\/\/open-boat-projects.org\/wp-content\/uploads\/2019\/12\/Abstandssensor_mit-Platine-288x300.png 288w, https:\/\/open-boat-projects.org\/wp-content\/uploads\/2019\/12\/Abstandssensor_mit-Platine-768x801.png 768w, https:\/\/open-boat-projects.org\/wp-content\/uploads\/2019\/12\/Abstandssensor_mit-Platine.png 790w\" sizes=\"auto, (max-width: 288px) 100vw, 288px\" \/><img loading=\"lazy\" decoding=\"async\" class=\"alignnone size-medium wp-image-481\" src=\"https:\/\/open-boat-projects.org\/wp-content\/uploads\/2019\/12\/Schiff-Kegel-300x300.png\" alt=\"\" width=\"300\" height=\"300\" srcset=\"https:\/\/open-boat-projects.org\/wp-content\/uploads\/2019\/12\/Schiff-Kegel-300x300.png 300w, https:\/\/open-boat-projects.org\/wp-content\/uploads\/2019\/12\/Schiff-Kegel-1024x1024.png 1024w, https:\/\/open-boat-projects.org\/wp-content\/uploads\/2019\/12\/Schiff-Kegel-150x150.png 150w, https:\/\/open-boat-projects.org\/wp-content\/uploads\/2019\/12\/Schiff-Kegel-768x768.png 768w, https:\/\/open-boat-projects.org\/wp-content\/uploads\/2019\/12\/Schiff-Kegel-1536x1536.png 1536w, https:\/\/open-boat-projects.org\/wp-content\/uploads\/2019\/12\/Schiff-Kegel.png 2000w\" sizes=\"auto, (max-width: 300px) 100vw, 300px\" \/><\/p>\n<p><a href=\"https:\/\/www.segeln-forum.de\/thread\/72312-abstandssensor-diy\/?pageNo=1\" target=\"_blank\" rel=\"noopener\">https:\/\/www.segeln-forum.de\/thread\/72312-abstandssensor-diy\/?pageNo=1<\/a><\/p>\n<ul>\n<li>Projekt gestartet in 06\/2019<\/li>\n<li>Projektstart als Ultraschall-Abstandssensor mit zwei Frontsensoren<\/li>\n<li>ESP8266 als Auswerteeinheit mit WLAN<\/li>\n<li>12V \/ 80mA<\/li>\n<\/ul>\n<p>Nach einigen Diskussionen im Forum kam die Idee, eine Kamera einzusetzen, die in Salingsh\u00f6he installiert ist und auf das Vordeck blickt. Dazu gibt es bereits kommerzielle Produkte wie z.B. von Raymarine die CAM100, die aber ca. 700 EUR kostet und sich nur in deren Plotter einbinden l\u00e4sst. Die Idee mit der Kamera wurde weiter verfeinert und der Einsatz eines ESP32Cam-Moduls in einem Vordeck-Lampengeh\u00e4use favorisiert. Das urspr\u00fcngliche Projekt mit den Ultraschall-Abstandssensoren wurde zugunsten des Kameraprojektes eingestellt.<\/p>\n<ul>\n<li>ESP32CAM Modul und LED Decksbeleuchtung kombiniert<\/li>\n<li>Wei\u00dfe 3W Cree-LED als Vordeckbeleuchtung<\/li>\n<li>1W IR-LED f\u00fcr Nachtbild<\/li>\n<li>PIR- und Helligkeitssensor f\u00fcr Lichtautomatik und Alarmanlagenfunktion<\/li>\n<li>Wetterdaten mit BME280 (Temperatur, Luftdruck, Luftfeuchte)<\/li>\n<li>Stromversorgung \u00fcber Vordeckbeleuchtung (ca. 1,5W, ohne Beleuchtung)<\/li>\n<li>WLAN Bild\u00fcbertragung<\/li>\n<li>Bedienung und Darstellung im Webbrowser eines Handys oder Tabletts<\/li>\n<li>Integration in kommerzielle Produkte grunds\u00e4tzlich m\u00f6glich (z.B. Plotter)<\/li>\n<li>M\u00f6gliche einstellbare Bildaufl\u00f6sungen:\n<ul>\n<li>1024 x 786 5 fps @ 350 kB\/s<\/li>\n<li>800 x 600 8 fps @ 350 kB\/s<\/li>\n<li>640 x 480 11 fps @ 350 kB\/s (Optimum)<\/li>\n<li>400 x 295 20 fps @ 350 kB\/s<\/li>\n<li>320 x 240 22 fps @ 350 kB\/s<\/li>\n<li>240 x 176 25 fps @ 350 kB\/s<\/li>\n<li>160 x 120 25 fps @ 350 kB\/s<\/li>\n<\/ul>\n<\/li>\n<li>Blickwinkel der Kamera ca. 50\u00b0, Fixfokus-Objektiv<\/li>\n<li>Vordecklicht per App oder \u00fcber PIR-Sensor aktivierbar<\/li>\n<li>Einstellbare Nachlaufzeit bei Bewegungserkennung (Treppenlichtautomatik)<\/li>\n<li>Kamera auch zur Fern\u00fcberwachung des Bootes verwendbar<\/li>\n<\/ul>\n<p>Grunds\u00e4tzlich lie\u00dfen sich noch mehr Funktionen mit der intelligenten Kamera realisieren:<\/p>\n<ul>\n<li>Bildweiterleitung bei Bewegungsdetektion auf dem Vordeck m\u00f6glich<\/li>\n<li>Optische Abstandsmessung \u00fcber Bildauswertung<\/li>\n<li>Bildliche Vordeck\u00fcberwachung einer ausgew\u00e4hlten Zone<\/li>\n<li>Bildliche Bewegungserkennung<\/li>\n<li>Optische Fahrtrichtungsanzeige in Verbindung des Ruderausschlages (\u00e4hnlich R\u00fcckfahrkamera beim Auto)<\/li>\n<\/ul>\n<p><a href=\"https:\/\/open-boat-projects.org\/wp-content\/uploads\/2019\/12\/IMG_20190615_123530_klein.jpg\"><img loading=\"lazy\" decoding=\"async\" class=\"alignnone wp-image-453 size-medium\" src=\"https:\/\/open-boat-projects.org\/wp-content\/uploads\/2019\/12\/IMG_20190615_123530_klein-300x169.jpg\" alt=\"\" width=\"300\" height=\"169\" srcset=\"https:\/\/open-boat-projects.org\/wp-content\/uploads\/2019\/12\/IMG_20190615_123530_klein-300x169.jpg 300w, https:\/\/open-boat-projects.org\/wp-content\/uploads\/2019\/12\/IMG_20190615_123530_klein-1024x576.jpg 1024w, https:\/\/open-boat-projects.org\/wp-content\/uploads\/2019\/12\/IMG_20190615_123530_klein-768x432.jpg 768w, https:\/\/open-boat-projects.org\/wp-content\/uploads\/2019\/12\/IMG_20190615_123530_klein-1536x864.jpg 1536w, https:\/\/open-boat-projects.org\/wp-content\/uploads\/2019\/12\/IMG_20190615_123530_klein-2048x1152.jpg 2048w\" sizes=\"auto, (max-width: 300px) 100vw, 300px\" \/><\/a> <a href=\"https:\/\/open-boat-projects.org\/wp-content\/uploads\/2019\/12\/IMG_20190615_123437_klein.jpg\"><img loading=\"lazy\" decoding=\"async\" class=\"alignnone wp-image-452 size-medium\" src=\"https:\/\/open-boat-projects.org\/wp-content\/uploads\/2019\/12\/IMG_20190615_123437_klein-300x169.jpg\" alt=\"\" width=\"300\" height=\"169\" srcset=\"https:\/\/open-boat-projects.org\/wp-content\/uploads\/2019\/12\/IMG_20190615_123437_klein-300x169.jpg 300w, https:\/\/open-boat-projects.org\/wp-content\/uploads\/2019\/12\/IMG_20190615_123437_klein-1024x576.jpg 1024w, https:\/\/open-boat-projects.org\/wp-content\/uploads\/2019\/12\/IMG_20190615_123437_klein-768x432.jpg 768w, https:\/\/open-boat-projects.org\/wp-content\/uploads\/2019\/12\/IMG_20190615_123437_klein-1536x864.jpg 1536w, https:\/\/open-boat-projects.org\/wp-content\/uploads\/2019\/12\/IMG_20190615_123437_klein-2048x1152.jpg 2048w\" sizes=\"auto, (max-width: 300px) 100vw, 300px\" \/><\/a> <a href=\"https:\/\/open-boat-projects.org\/wp-content\/uploads\/2019\/12\/IMG_20190615_123641_klein.jpg\"><img loading=\"lazy\" decoding=\"async\" class=\"alignnone wp-image-454 size-medium\" src=\"https:\/\/open-boat-projects.org\/wp-content\/uploads\/2019\/12\/IMG_20190615_123641_klein-300x169.jpg\" alt=\"\" width=\"300\" height=\"169\" srcset=\"https:\/\/open-boat-projects.org\/wp-content\/uploads\/2019\/12\/IMG_20190615_123641_klein-300x169.jpg 300w, https:\/\/open-boat-projects.org\/wp-content\/uploads\/2019\/12\/IMG_20190615_123641_klein-1024x576.jpg 1024w, https:\/\/open-boat-projects.org\/wp-content\/uploads\/2019\/12\/IMG_20190615_123641_klein-768x432.jpg 768w, https:\/\/open-boat-projects.org\/wp-content\/uploads\/2019\/12\/IMG_20190615_123641_klein-1536x864.jpg 1536w, https:\/\/open-boat-projects.org\/wp-content\/uploads\/2019\/12\/IMG_20190615_123641_klein-2048x1152.jpg 2048w\" sizes=\"auto, (max-width: 300px) 100vw, 300px\" \/><\/a><\/p>\n<p>Abstandssensor mit Ultraschall-Sensoren<\/p>\n<p><a href=\"https:\/\/open-boat-projects.org\/wp-content\/uploads\/2019\/12\/IMG_20190929_174346_kl.jpg\"><img loading=\"lazy\" decoding=\"async\" class=\"alignnone wp-image-455 size-medium\" src=\"https:\/\/open-boat-projects.org\/wp-content\/uploads\/2019\/12\/IMG_20190929_174346_kl-225x300.jpg\" alt=\"\" width=\"225\" height=\"300\" srcset=\"https:\/\/open-boat-projects.org\/wp-content\/uploads\/2019\/12\/IMG_20190929_174346_kl-225x300.jpg 225w, https:\/\/open-boat-projects.org\/wp-content\/uploads\/2019\/12\/IMG_20190929_174346_kl-768x1024.jpg 768w, https:\/\/open-boat-projects.org\/wp-content\/uploads\/2019\/12\/IMG_20190929_174346_kl-1152x1536.jpg 1152w, https:\/\/open-boat-projects.org\/wp-content\/uploads\/2019\/12\/IMG_20190929_174346_kl-1536x2048.jpg 1536w, https:\/\/open-boat-projects.org\/wp-content\/uploads\/2019\/12\/IMG_20190929_174346_kl.jpg 1560w\" sizes=\"auto, (max-width: 225px) 100vw, 225px\" \/><\/a> <a href=\"https:\/\/open-boat-projects.org\/wp-content\/uploads\/2019\/12\/IMG_20191006_124806_kl.jpg\"><img loading=\"lazy\" decoding=\"async\" class=\"alignnone wp-image-462 size-medium\" src=\"https:\/\/open-boat-projects.org\/wp-content\/uploads\/2019\/12\/IMG_20191006_124806_kl-300x225.jpg\" alt=\"\" width=\"300\" height=\"225\" srcset=\"https:\/\/open-boat-projects.org\/wp-content\/uploads\/2019\/12\/IMG_20191006_124806_kl-300x225.jpg 300w, https:\/\/open-boat-projects.org\/wp-content\/uploads\/2019\/12\/IMG_20191006_124806_kl-1024x768.jpg 1024w, https:\/\/open-boat-projects.org\/wp-content\/uploads\/2019\/12\/IMG_20191006_124806_kl-768x576.jpg 768w, https:\/\/open-boat-projects.org\/wp-content\/uploads\/2019\/12\/IMG_20191006_124806_kl-1536x1152.jpg 1536w, https:\/\/open-boat-projects.org\/wp-content\/uploads\/2019\/12\/IMG_20191006_124806_kl-2048x1536.jpg 2048w\" sizes=\"auto, (max-width: 300px) 100vw, 300px\" \/><\/a> <a href=\"https:\/\/open-boat-projects.org\/wp-content\/uploads\/2019\/12\/IMG_20191006_124751_kl.jpg\"><img loading=\"lazy\" decoding=\"async\" class=\"alignnone wp-image-461 size-medium\" src=\"https:\/\/open-boat-projects.org\/wp-content\/uploads\/2019\/12\/IMG_20191006_124751_kl-300x225.jpg\" alt=\"\" width=\"300\" height=\"225\" srcset=\"https:\/\/open-boat-projects.org\/wp-content\/uploads\/2019\/12\/IMG_20191006_124751_kl-300x225.jpg 300w, https:\/\/open-boat-projects.org\/wp-content\/uploads\/2019\/12\/IMG_20191006_124751_kl-1024x768.jpg 1024w, https:\/\/open-boat-projects.org\/wp-content\/uploads\/2019\/12\/IMG_20191006_124751_kl-768x576.jpg 768w, https:\/\/open-boat-projects.org\/wp-content\/uploads\/2019\/12\/IMG_20191006_124751_kl-1536x1152.jpg 1536w, https:\/\/open-boat-projects.org\/wp-content\/uploads\/2019\/12\/IMG_20191006_124751_kl-2048x1536.jpg 2048w\" sizes=\"auto, (max-width: 300px) 100vw, 300px\" \/><\/a><\/p>\n<p>Kamera in Vordeckbeleuchtung integriert<\/p>\n<p><img loading=\"lazy\" decoding=\"async\" class=\"alignnone size-medium wp-image-467\" src=\"https:\/\/open-boat-projects.org\/wp-content\/uploads\/2019\/12\/Anordnung_Komponenten_2-263x300.png\" alt=\"\" width=\"263\" height=\"300\" srcset=\"https:\/\/open-boat-projects.org\/wp-content\/uploads\/2019\/12\/Anordnung_Komponenten_2-263x300.png 263w, https:\/\/open-boat-projects.org\/wp-content\/uploads\/2019\/12\/Anordnung_Komponenten_2.png 534w\" sizes=\"auto, (max-width: 263px) 100vw, 263px\" \/> <img loading=\"lazy\" decoding=\"async\" class=\"alignnone size-medium wp-image-466\" src=\"https:\/\/open-boat-projects.org\/wp-content\/uploads\/2019\/12\/Anordnung_Komponenten-288x300.png\" alt=\"\" width=\"288\" height=\"300\" srcset=\"https:\/\/open-boat-projects.org\/wp-content\/uploads\/2019\/12\/Anordnung_Komponenten-288x300.png 288w, https:\/\/open-boat-projects.org\/wp-content\/uploads\/2019\/12\/Anordnung_Komponenten-768x800.png 768w, https:\/\/open-boat-projects.org\/wp-content\/uploads\/2019\/12\/Anordnung_Komponenten.png 790w\" sizes=\"auto, (max-width: 288px) 100vw, 288px\" \/> <img loading=\"lazy\" decoding=\"async\" class=\"alignnone size-medium wp-image-465\" src=\"https:\/\/open-boat-projects.org\/wp-content\/uploads\/2019\/12\/Variante_2-300x234.png\" alt=\"\" width=\"300\" height=\"234\" srcset=\"https:\/\/open-boat-projects.org\/wp-content\/uploads\/2019\/12\/Variante_2-300x234.png 300w, https:\/\/open-boat-projects.org\/wp-content\/uploads\/2019\/12\/Variante_2-768x599.png 768w, https:\/\/open-boat-projects.org\/wp-content\/uploads\/2019\/12\/Variante_2.png 1013w\" sizes=\"auto, (max-width: 300px) 100vw, 300px\" \/><\/p>\n<p>Konzeptstudien<\/p>\n<p><a href=\"https:\/\/open-boat-projects.org\/wp-content\/uploads\/2019\/12\/IMG_20191005_220541_kl.jpg\"><img loading=\"lazy\" decoding=\"async\" class=\"alignnone wp-image-457 size-medium\" src=\"https:\/\/open-boat-projects.org\/wp-content\/uploads\/2019\/12\/IMG_20191005_220541_kl-300x225.jpg\" alt=\"\" width=\"300\" height=\"225\" srcset=\"https:\/\/open-boat-projects.org\/wp-content\/uploads\/2019\/12\/IMG_20191005_220541_kl-300x225.jpg 300w, https:\/\/open-boat-projects.org\/wp-content\/uploads\/2019\/12\/IMG_20191005_220541_kl-1024x768.jpg 1024w, https:\/\/open-boat-projects.org\/wp-content\/uploads\/2019\/12\/IMG_20191005_220541_kl-768x576.jpg 768w, https:\/\/open-boat-projects.org\/wp-content\/uploads\/2019\/12\/IMG_20191005_220541_kl-1536x1152.jpg 1536w, https:\/\/open-boat-projects.org\/wp-content\/uploads\/2019\/12\/IMG_20191005_220541_kl-2048x1536.jpg 2048w\" sizes=\"auto, (max-width: 300px) 100vw, 300px\" \/><\/a> <a href=\"https:\/\/open-boat-projects.org\/wp-content\/uploads\/2019\/12\/IMG_20191006_120243_kl.jpg\"><img loading=\"lazy\" decoding=\"async\" class=\"alignnone wp-image-458 size-medium\" src=\"https:\/\/open-boat-projects.org\/wp-content\/uploads\/2019\/12\/IMG_20191006_120243_kl-300x225.jpg\" alt=\"\" width=\"300\" height=\"225\" srcset=\"https:\/\/open-boat-projects.org\/wp-content\/uploads\/2019\/12\/IMG_20191006_120243_kl-300x225.jpg 300w, https:\/\/open-boat-projects.org\/wp-content\/uploads\/2019\/12\/IMG_20191006_120243_kl-1024x768.jpg 1024w, https:\/\/open-boat-projects.org\/wp-content\/uploads\/2019\/12\/IMG_20191006_120243_kl-768x576.jpg 768w, https:\/\/open-boat-projects.org\/wp-content\/uploads\/2019\/12\/IMG_20191006_120243_kl-1536x1152.jpg 1536w, https:\/\/open-boat-projects.org\/wp-content\/uploads\/2019\/12\/IMG_20191006_120243_kl-2048x1536.jpg 2048w\" sizes=\"auto, (max-width: 300px) 100vw, 300px\" \/><\/a> <a href=\"https:\/\/open-boat-projects.org\/wp-content\/uploads\/2019\/12\/IMG_20191006_123726_kl.jpg\"><img loading=\"lazy\" decoding=\"async\" class=\"alignnone wp-image-460 size-medium\" src=\"https:\/\/open-boat-projects.org\/wp-content\/uploads\/2019\/12\/IMG_20191006_123726_kl-300x225.jpg\" alt=\"\" width=\"300\" height=\"225\" srcset=\"https:\/\/open-boat-projects.org\/wp-content\/uploads\/2019\/12\/IMG_20191006_123726_kl-300x225.jpg 300w, https:\/\/open-boat-projects.org\/wp-content\/uploads\/2019\/12\/IMG_20191006_123726_kl-1024x768.jpg 1024w, https:\/\/open-boat-projects.org\/wp-content\/uploads\/2019\/12\/IMG_20191006_123726_kl-768x576.jpg 768w, https:\/\/open-boat-projects.org\/wp-content\/uploads\/2019\/12\/IMG_20191006_123726_kl-1536x1152.jpg 1536w, https:\/\/open-boat-projects.org\/wp-content\/uploads\/2019\/12\/IMG_20191006_123726_kl-2048x1536.jpg 2048w\" sizes=\"auto, (max-width: 300px) 100vw, 300px\" \/><\/a><\/p>\n<p>Erster Prototyp<\/p>\n<p><a href=\"https:\/\/open-boat-projects.org\/wp-content\/uploads\/2019\/12\/Platine_3D_1.png\"><img loading=\"lazy\" decoding=\"async\" class=\"alignnone wp-image-447 size-medium\" src=\"https:\/\/open-boat-projects.org\/wp-content\/uploads\/2019\/12\/Platine_3D_1-300x224.png\" alt=\"\" width=\"300\" height=\"224\" srcset=\"https:\/\/open-boat-projects.org\/wp-content\/uploads\/2019\/12\/Platine_3D_1-300x224.png 300w, https:\/\/open-boat-projects.org\/wp-content\/uploads\/2019\/12\/Platine_3D_1-768x572.png 768w, https:\/\/open-boat-projects.org\/wp-content\/uploads\/2019\/12\/Platine_3D_1.png 848w\" sizes=\"auto, (max-width: 300px) 100vw, 300px\" \/><\/a> <a href=\"https:\/\/open-boat-projects.org\/wp-content\/uploads\/2019\/12\/Platine_3D_2.png\"><img loading=\"lazy\" decoding=\"async\" class=\"alignnone wp-image-448 size-medium\" src=\"https:\/\/open-boat-projects.org\/wp-content\/uploads\/2019\/12\/Platine_3D_2-300x258.png\" alt=\"\" width=\"300\" height=\"258\" srcset=\"https:\/\/open-boat-projects.org\/wp-content\/uploads\/2019\/12\/Platine_3D_2-300x258.png 300w, https:\/\/open-boat-projects.org\/wp-content\/uploads\/2019\/12\/Platine_3D_2-768x661.png 768w, https:\/\/open-boat-projects.org\/wp-content\/uploads\/2019\/12\/Platine_3D_2.png 822w\" sizes=\"auto, (max-width: 300px) 100vw, 300px\" \/><\/a> <a href=\"https:\/\/open-boat-projects.org\/wp-content\/uploads\/2019\/12\/Platine.jpg\"><img loading=\"lazy\" decoding=\"async\" class=\"alignnone wp-image-446 size-medium\" src=\"https:\/\/open-boat-projects.org\/wp-content\/uploads\/2019\/12\/Platine-300x193.jpg\" alt=\"\" width=\"300\" height=\"193\" srcset=\"https:\/\/open-boat-projects.org\/wp-content\/uploads\/2019\/12\/Platine-300x193.jpg 300w, https:\/\/open-boat-projects.org\/wp-content\/uploads\/2019\/12\/Platine-1024x657.jpg 1024w, https:\/\/open-boat-projects.org\/wp-content\/uploads\/2019\/12\/Platine-768x493.jpg 768w, https:\/\/open-boat-projects.org\/wp-content\/uploads\/2019\/12\/Platine.jpg 1335w\" sizes=\"auto, (max-width: 300px) 100vw, 300px\" \/><\/a><\/p>\n<p>Platine<\/p>\n<p><a href=\"https:\/\/open-boat-projects.org\/wp-content\/uploads\/2019\/12\/IMG_2104_kl.jpg\"><img loading=\"lazy\" decoding=\"async\" class=\"alignnone wp-image-445 size-medium\" src=\"https:\/\/open-boat-projects.org\/wp-content\/uploads\/2019\/12\/IMG_2104_kl-300x225.jpg\" alt=\"\" width=\"300\" height=\"225\" srcset=\"https:\/\/open-boat-projects.org\/wp-content\/uploads\/2019\/12\/IMG_2104_kl-300x225.jpg 300w, https:\/\/open-boat-projects.org\/wp-content\/uploads\/2019\/12\/IMG_2104_kl-1024x768.jpg 1024w, https:\/\/open-boat-projects.org\/wp-content\/uploads\/2019\/12\/IMG_2104_kl-768x576.jpg 768w, https:\/\/open-boat-projects.org\/wp-content\/uploads\/2019\/12\/IMG_2104_kl-1536x1152.jpg 1536w, https:\/\/open-boat-projects.org\/wp-content\/uploads\/2019\/12\/IMG_2104_kl.jpg 1824w\" sizes=\"auto, (max-width: 300px) 100vw, 300px\" \/><\/a><\/p>\n<p>Fertig best\u00fcckter Prototyp<\/p>\n<p><img loading=\"lazy\" decoding=\"async\" class=\"alignnone wp-image-731 size-full\" src=\"https:\/\/open-boat-projects.org\/wp-content\/uploads\/2020\/01\/Instruments2.png\" alt=\"\" width=\"1022\" height=\"594\" srcset=\"https:\/\/open-boat-projects.org\/wp-content\/uploads\/2020\/01\/Instruments2.png 1022w, https:\/\/open-boat-projects.org\/wp-content\/uploads\/2020\/01\/Instruments2-300x174.png 300w, https:\/\/open-boat-projects.org\/wp-content\/uploads\/2020\/01\/Instruments2-768x446.png 768w\" sizes=\"auto, (max-width: 1022px) 100vw, 1022px\" \/><\/p>\n<p>Integration in <a href=\"https:\/\/open-boat-projects.org\/diy-plotter_android_radio\/\">Plotter-Software<\/a><\/p>\n","protected":false},"excerpt":{"rendered":"<p>https:\/\/www.segeln-forum.de\/thread\/72312-abstandssensor-diy\/?pageNo=1 Projekt gestartet in 06\/2019 Projektstart als Ultraschall-Abstandssensor mit zwei Frontsensoren ESP8266 als Auswerteeinheit mit WLAN 12V \/ 80mA Nach einigen Diskussionen im Forum kam die Idee, eine Kamera einzusetzen, die in Salingsh\u00f6he installiert ist und auf das Vordeck blickt. Dazu gibt es bereits kommerzielle Produkte wie z.B. von Raymarine die CAM100, die aber ca.&hellip; <a href=\"https:\/\/open-boat-projects.org\/de\/diy-vordeckkamera\/\" class=\"more-link\">Weiterlesen <span class=\"screen-reader-text\">DIY Vordeckkamera<\/span><\/a><\/p>\n","protected":false},"author":1,"featured_media":0,"parent":0,"menu_order":0,"comment_status":"closed","ping_status":"closed","template":"","meta":{"footnotes":""},"categories":[40,37],"tags":[],"class_list":["post-98","page","type-page","status-publish","hentry","category-openhardware","category-projects"],"_links":{"self":[{"href":"https:\/\/open-boat-projects.org\/de\/wp-json\/wp\/v2\/pages\/98","targetHints":{"allow":["GET"]}}],"collection":[{"href":"https:\/\/open-boat-projects.org\/de\/wp-json\/wp\/v2\/pages"}],"about":[{"href":"https:\/\/open-boat-projects.org\/de\/wp-json\/wp\/v2\/types\/page"}],"author":[{"embeddable":true,"href":"https:\/\/open-boat-projects.org\/de\/wp-json\/wp\/v2\/users\/1"}],"replies":[{"embeddable":true,"href":"https:\/\/open-boat-projects.org\/de\/wp-json\/wp\/v2\/comments?post=98"}],"version-history":[{"count":18,"href":"https:\/\/open-boat-projects.org\/de\/wp-json\/wp\/v2\/pages\/98\/revisions"}],"predecessor-version":[{"id":4100,"href":"https:\/\/open-boat-projects.org\/de\/wp-json\/wp\/v2\/pages\/98\/revisions\/4100"}],"wp:attachment":[{"href":"https:\/\/open-boat-projects.org\/de\/wp-json\/wp\/v2\/media?parent=98"}],"wp:term":[{"taxonomy":"category","embeddable":true,"href":"https:\/\/open-boat-projects.org\/de\/wp-json\/wp\/v2\/categories?post=98"},{"taxonomy":"post_tag","embeddable":true,"href":"https:\/\/open-boat-projects.org\/de\/wp-json\/wp\/v2\/tags?post=98"}],"curies":[{"name":"wp","href":"https:\/\/api.w.org\/{rel}","templated":true}]}}