{"id":95,"date":"2019-12-02T10:30:51","date_gmt":"2019-12-02T10:30:51","guid":{"rendered":"https:\/\/open-boat-projects.org\/?page_id=95"},"modified":"2023-07-12T22:52:54","modified_gmt":"2023-07-12T22:52:54","slug":"diy-plotter_android_radio","status":"publish","type":"page","link":"https:\/\/open-boat-projects.org\/de\/diy-plotter_android_radio\/","title":{"rendered":"DIY Plotter Android-Radio"},"content":{"rendered":"<p><a href=\"https:\/\/open-boat-projects.org\/wichtige-hinweise\/\" target=\"_blank\" rel=\"noopener\"><em><strong>Vorab ein paar wichtige Hinweise die sie unbedingt beachten sollten.<\/strong><\/em><\/a><\/p>\n<p><img loading=\"lazy\" decoding=\"async\" class=\"alignnone wp-image-325 size-full\" src=\"https:\/\/open-boat-projects.org\/wp-content\/uploads\/2019\/12\/Android_Autoradio_Konfiguration.png\" alt=\"\" width=\"1024\" height=\"768\" srcset=\"https:\/\/open-boat-projects.org\/wp-content\/uploads\/2019\/12\/Android_Autoradio_Konfiguration.png 1024w, https:\/\/open-boat-projects.org\/wp-content\/uploads\/2019\/12\/Android_Autoradio_Konfiguration-300x225.png 300w, https:\/\/open-boat-projects.org\/wp-content\/uploads\/2019\/12\/Android_Autoradio_Konfiguration-768x576.png 768w\" sizes=\"auto, (max-width: 1024px) 100vw, 1024px\" \/><\/p>\n<ul>\n<li>Basis 2 DIN Android Autoradio<\/li>\n<li>Touchf\u00e4higes 7&#8220; &#8211; 10&#8243; Display, 1024 x 600 Pixel, ca. 400 nits<\/li>\n<li>Touch Funktionstasten<\/li>\n<li>Cortex A7 QuadCore ARM-Prozessor, 1,2 GHz<\/li>\n<li>Je nach Modell Android 8, 9 oder 10<\/li>\n<li>Je nach Modell 1&#8230;4 GB RAM<\/li>\n<li>Je nach Modell 16 \/ 32 GB ROM<\/li>\n<li>Kabelgebundenes, leistungsstarkes GPS enthalten<\/li>\n<li>Bluetooth, WiFi <span style=\"font-size: large;\">802.11b\/g\/n, 2,4 GHz<\/span><\/li>\n<li>CAN-Bus integriert (Lenkradfernsteuerung)<\/li>\n<li>12V-Versorgung<\/li>\n<li>10&#8230;15 W im aktiven Betrieb<\/li>\n<li>0,5 W im Standby<\/li>\n<li>3 s Aufwachzeit aus Standby<\/li>\n<li>2x USB 2.0 (ext. GPS, NMEA0183, NMEA2000, NAVTEX, DVBT-Stick f\u00fcr AIS, etc )<\/li>\n<li>4 Kanal Audio-Verst\u00e4rker, <span style=\"font-size: large;\">4 x 50W<\/span><\/li>\n<li>UKW-Radio, DSR bei einigen teureren Modellen<\/li>\n<li>Optionale R\u00fcckfahrkamera als Mastkamera verwendbar<\/li>\n<li>Google Play Store integriert<\/li>\n<li>Mit beliebigen Apps erweiterbar<\/li>\n<li>Nicht wasserdicht<\/li>\n<li>Kosten: 60-200 EUR<\/li>\n<\/ul>\n<p><a href=\"https:\/\/www.segeln-forum.de\/thread\/73496-plotter-diy\/\" target=\"_blank\" rel=\"noopener noreferrer\">https:\/\/www.segeln-forum.de\/thread\/73496-plotter-diy\/<\/a><\/p>\n<p>&nbsp;<\/p>\n<p><a href=\"https:\/\/open-boat-projects.org\/wp-content\/uploads\/2019\/12\/IMG_20191007_120208_kl.jpg\"><img loading=\"lazy\" decoding=\"async\" class=\"alignnone wp-image-323 size-large\" src=\"https:\/\/open-boat-projects.org\/wp-content\/uploads\/2019\/12\/IMG_20191007_120208_kl-1024x768.jpg\" alt=\"\" width=\"952\" height=\"714\" srcset=\"https:\/\/open-boat-projects.org\/wp-content\/uploads\/2019\/12\/IMG_20191007_120208_kl-1024x768.jpg 1024w, https:\/\/open-boat-projects.org\/wp-content\/uploads\/2019\/12\/IMG_20191007_120208_kl-300x225.jpg 300w, https:\/\/open-boat-projects.org\/wp-content\/uploads\/2019\/12\/IMG_20191007_120208_kl-768x576.jpg 768w, https:\/\/open-boat-projects.org\/wp-content\/uploads\/2019\/12\/IMG_20191007_120208_kl-1536x1152.jpg 1536w, https:\/\/open-boat-projects.org\/wp-content\/uploads\/2019\/12\/IMG_20191007_120208_kl-2048x1536.jpg 2048w\" sizes=\"auto, (max-width: 952px) 100vw, 952px\" \/><\/a><\/p>\n<p>7&#8243; Android Autoradio mit AvNav, gut f\u00fcr Innenbenutzung geeignet, zu dunkel f\u00fcr Au\u00dfeneinsatz<\/p>\n<p><a href=\"https:\/\/open-boat-projects.org\/wp-content\/uploads\/2019\/12\/IMG_20191007_120153_kl.jpg\"><img loading=\"lazy\" decoding=\"async\" class=\"alignnone wp-image-322 size-large\" src=\"https:\/\/open-boat-projects.org\/wp-content\/uploads\/2019\/12\/IMG_20191007_120153_kl-1024x768.jpg\" alt=\"\" width=\"952\" height=\"714\" srcset=\"https:\/\/open-boat-projects.org\/wp-content\/uploads\/2019\/12\/IMG_20191007_120153_kl-1024x768.jpg 1024w, https:\/\/open-boat-projects.org\/wp-content\/uploads\/2019\/12\/IMG_20191007_120153_kl-300x225.jpg 300w, https:\/\/open-boat-projects.org\/wp-content\/uploads\/2019\/12\/IMG_20191007_120153_kl-768x576.jpg 768w, https:\/\/open-boat-projects.org\/wp-content\/uploads\/2019\/12\/IMG_20191007_120153_kl-1536x1152.jpg 1536w, https:\/\/open-boat-projects.org\/wp-content\/uploads\/2019\/12\/IMG_20191007_120153_kl-2048x1536.jpg 2048w\" sizes=\"auto, (max-width: 952px) 100vw, 952px\" \/><\/a><\/p>\n<p>10&#8243; Android Autoradio mit AvNav, gute Displaygr\u00f6\u00dfe, hell genug f\u00fcr Au\u00dfeneinsatz<\/p>\n<p><a href=\"https:\/\/open-boat-projects.org\/wp-content\/uploads\/2019\/12\/IMG_20191008_204352_kl.jpg\"><img loading=\"lazy\" decoding=\"async\" class=\"alignnone wp-image-324 size-large\" src=\"https:\/\/open-boat-projects.org\/wp-content\/uploads\/2019\/12\/IMG_20191008_204352_kl-1024x768.jpg\" alt=\"\" width=\"952\" height=\"714\" srcset=\"https:\/\/open-boat-projects.org\/wp-content\/uploads\/2019\/12\/IMG_20191008_204352_kl-1024x768.jpg 1024w, https:\/\/open-boat-projects.org\/wp-content\/uploads\/2019\/12\/IMG_20191008_204352_kl-300x225.jpg 300w, https:\/\/open-boat-projects.org\/wp-content\/uploads\/2019\/12\/IMG_20191008_204352_kl-768x576.jpg 768w, https:\/\/open-boat-projects.org\/wp-content\/uploads\/2019\/12\/IMG_20191008_204352_kl-1536x1152.jpg 1536w, https:\/\/open-boat-projects.org\/wp-content\/uploads\/2019\/12\/IMG_20191008_204352_kl-2048x1536.jpg 2048w\" sizes=\"auto, (max-width: 952px) 100vw, 952px\" \/><\/a><\/p>\n<p>Innen konventionelle, sparsame Tabett-Technik<\/p>\n<p><a href=\"https:\/\/open-boat-projects.org\/wp-content\/uploads\/2019\/12\/IMG_1167.jpg\"><img loading=\"lazy\" decoding=\"async\" class=\"alignnone wp-image-321 size-full\" src=\"https:\/\/open-boat-projects.org\/wp-content\/uploads\/2019\/12\/IMG_1167.jpg\" alt=\"\" width=\"1024\" height=\"768\" srcset=\"https:\/\/open-boat-projects.org\/wp-content\/uploads\/2019\/12\/IMG_1167.jpg 1024w, https:\/\/open-boat-projects.org\/wp-content\/uploads\/2019\/12\/IMG_1167-300x225.jpg 300w, https:\/\/open-boat-projects.org\/wp-content\/uploads\/2019\/12\/IMG_1167-768x576.jpg 768w\" sizes=\"auto, (max-width: 1024px) 100vw, 1024px\" \/><\/a><\/p>\n<p>Verwendbar als Zweitdisplay f\u00fcr kommerzielle Plotter (z.B. Raymarine)<\/p>\n<p><a href=\"https:\/\/open-boat-projects.org\/wp-content\/uploads\/2019\/12\/Displayrahmen_mit_Radio_3.png\"><img loading=\"lazy\" decoding=\"async\" class=\"alignnone wp-image-320 size-full\" src=\"https:\/\/open-boat-projects.org\/wp-content\/uploads\/2019\/12\/Displayrahmen_mit_Radio_3.png\" alt=\"\" width=\"746\" height=\"481\" srcset=\"https:\/\/open-boat-projects.org\/wp-content\/uploads\/2019\/12\/Displayrahmen_mit_Radio_3.png 746w, https:\/\/open-boat-projects.org\/wp-content\/uploads\/2019\/12\/Displayrahmen_mit_Radio_3-300x193.png 300w\" sizes=\"auto, (max-width: 746px) 100vw, 746px\" \/><\/a><\/p>\n<p>Wasserdichtheit mit zus\u00e4tzlichen Displayrahmen m\u00f6glich<\/p>\n<p><img loading=\"lazy\" decoding=\"async\" class=\"alignnone wp-image-3597\" src=\"https:\/\/open-boat-projects.org\/wp-content\/uploads\/2022\/10\/Amdoid_Autoradio_Plotter-300x225.jpg\" alt=\"\" width=\"600\" height=\"450\" srcset=\"https:\/\/open-boat-projects.org\/wp-content\/uploads\/2022\/10\/Amdoid_Autoradio_Plotter-300x225.jpg 300w, https:\/\/open-boat-projects.org\/wp-content\/uploads\/2022\/10\/Amdoid_Autoradio_Plotter-1024x768.jpg 1024w, https:\/\/open-boat-projects.org\/wp-content\/uploads\/2022\/10\/Amdoid_Autoradio_Plotter-768x576.jpg 768w, https:\/\/open-boat-projects.org\/wp-content\/uploads\/2022\/10\/Amdoid_Autoradio_Plotter-1536x1152.jpg 1536w, https:\/\/open-boat-projects.org\/wp-content\/uploads\/2022\/10\/Amdoid_Autoradio_Plotter-16x12.jpg 16w, https:\/\/open-boat-projects.org\/wp-content\/uploads\/2022\/10\/Amdoid_Autoradio_Plotter.jpg 1600w\" sizes=\"auto, (max-width: 600px) 100vw, 600px\" \/><\/p>\n<p>Android Autoradio in Holzrahmen und frontseitig abgedichtet (J23)<\/p>\n<p><a href=\"https:\/\/open-boat-projects.org\/wp-content\/uploads\/2019\/11\/Screenshot-Avnav.png\"><img loading=\"lazy\" decoding=\"async\" class=\"alignnone wp-image-43 size-full\" src=\"https:\/\/open-boat-projects.org\/wp-content\/uploads\/2019\/11\/Screenshot-Avnav.png\" alt=\"\" width=\"1024\" height=\"631\" srcset=\"https:\/\/open-boat-projects.org\/wp-content\/uploads\/2019\/11\/Screenshot-Avnav.png 1024w, https:\/\/open-boat-projects.org\/wp-content\/uploads\/2019\/11\/Screenshot-Avnav-300x185.png 300w, https:\/\/open-boat-projects.org\/wp-content\/uploads\/2019\/11\/Screenshot-Avnav-768x473.png 768w\" sizes=\"auto, (max-width: 1024px) 100vw, 1024px\" \/><\/a><\/p>\n<p>Mit AvNav auch als WLAN-Display-Server f\u00fcr externe Tabletts einsetzbar<\/p>\n<p><img loading=\"lazy\" decoding=\"async\" class=\"alignnone wp-image-650 size-full\" src=\"https:\/\/open-boat-projects.org\/wp-content\/uploads\/2020\/01\/Start.png\" alt=\"\" width=\"1019\" height=\"594\" srcset=\"https:\/\/open-boat-projects.org\/wp-content\/uploads\/2020\/01\/Start.png 1019w, https:\/\/open-boat-projects.org\/wp-content\/uploads\/2020\/01\/Start-300x175.png 300w, https:\/\/open-boat-projects.org\/wp-content\/uploads\/2020\/01\/Start-768x448.png 768w\" sizes=\"auto, (max-width: 1019px) 100vw, 1019px\" \/><\/p>\n<p>Neue Plotter-Firmware als Web-Anwendung<\/p>\n<p><img loading=\"lazy\" decoding=\"async\" class=\"alignnone wp-image-649 size-full\" src=\"https:\/\/open-boat-projects.org\/wp-content\/uploads\/2020\/01\/Navigation_AvNav.png\" alt=\"\" width=\"1024\" height=\"597\" srcset=\"https:\/\/open-boat-projects.org\/wp-content\/uploads\/2020\/01\/Navigation_AvNav.png 1024w, https:\/\/open-boat-projects.org\/wp-content\/uploads\/2020\/01\/Navigation_AvNav-300x175.png 300w, https:\/\/open-boat-projects.org\/wp-content\/uploads\/2020\/01\/Navigation_AvNav-768x448.png 768w\" sizes=\"auto, (max-width: 1024px) 100vw, 1024px\" \/><\/p>\n<p>AvNav als Navigations-Software<\/p>\n<p><img loading=\"lazy\" decoding=\"async\" class=\"alignnone wp-image-731 size-full\" src=\"https:\/\/open-boat-projects.org\/wp-content\/uploads\/2020\/01\/Instruments2.png\" alt=\"\" width=\"1022\" height=\"594\" srcset=\"https:\/\/open-boat-projects.org\/wp-content\/uploads\/2020\/01\/Instruments2.png 1022w, https:\/\/open-boat-projects.org\/wp-content\/uploads\/2020\/01\/Instruments2-300x174.png 300w, https:\/\/open-boat-projects.org\/wp-content\/uploads\/2020\/01\/Instruments2-768x446.png 768w\" sizes=\"auto, (max-width: 1022px) 100vw, 1022px\" \/><\/p>\n<p>Canvas-Intrumente zur Visualisierung von Messdaten<\/p>\n<p><img loading=\"lazy\" decoding=\"async\" class=\"alignnone wp-image-883 size-full\" src=\"https:\/\/open-boat-projects.org\/wp-content\/uploads\/2020\/03\/Grafana_instruments3.png\" alt=\"\" width=\"1027\" height=\"602\" srcset=\"https:\/\/open-boat-projects.org\/wp-content\/uploads\/2020\/03\/Grafana_instruments3.png 1027w, https:\/\/open-boat-projects.org\/wp-content\/uploads\/2020\/03\/Grafana_instruments3-300x176.png 300w, https:\/\/open-boat-projects.org\/wp-content\/uploads\/2020\/03\/Grafana_instruments3-1024x600.png 1024w, https:\/\/open-boat-projects.org\/wp-content\/uploads\/2020\/03\/Grafana_instruments3-768x450.png 768w\" sizes=\"auto, (max-width: 1027px) 100vw, 1027px\" \/><\/p>\n<p>Intergation von Grafana, erfordert einen Raspi4 mit OpenPlotter 2.0, InfluxDB und Grafana<\/p>\n<p><img loading=\"lazy\" decoding=\"async\" class=\"alignnone wp-image-730 size-full\" src=\"https:\/\/open-boat-projects.org\/wp-content\/uploads\/2020\/01\/Control2.png\" alt=\"\" width=\"1019\" height=\"595\" srcset=\"https:\/\/open-boat-projects.org\/wp-content\/uploads\/2020\/01\/Control2.png 1019w, https:\/\/open-boat-projects.org\/wp-content\/uploads\/2020\/01\/Control2-300x175.png 300w, https:\/\/open-boat-projects.org\/wp-content\/uploads\/2020\/01\/Control2-768x448.png 768w\" sizes=\"auto, (max-width: 1019px) 100vw, 1019px\" \/><\/p>\n<p>Integration von Sonoff-Modulen zur Boots-Automation<\/p>\n<p><img loading=\"lazy\" decoding=\"async\" class=\"alignnone wp-image-732 size-full\" src=\"https:\/\/open-boat-projects.org\/wp-content\/uploads\/2020\/01\/Wetter2.png\" alt=\"\" width=\"1021\" height=\"596\" srcset=\"https:\/\/open-boat-projects.org\/wp-content\/uploads\/2020\/01\/Wetter2.png 1021w, https:\/\/open-boat-projects.org\/wp-content\/uploads\/2020\/01\/Wetter2-300x175.png 300w, https:\/\/open-boat-projects.org\/wp-content\/uploads\/2020\/01\/Wetter2-768x448.png 768w\" sizes=\"auto, (max-width: 1021px) 100vw, 1021px\" \/><\/p>\n<p>Wetterdaten von www.windy.com<\/p>\n","protected":false},"excerpt":{"rendered":"<p>Vorab ein paar wichtige Hinweise die sie unbedingt beachten sollten. Basis 2 DIN Android Autoradio Touchf\u00e4higes 7&#8220; &#8211; 10&#8243; Display, 1024 x 600 Pixel, ca. 400 nits Touch Funktionstasten Cortex A7 QuadCore ARM-Prozessor, 1,2 GHz Je nach Modell Android 8, 9 oder 10 Je nach Modell 1&#8230;4 GB RAM Je nach Modell 16 \/ 32&hellip; <a href=\"https:\/\/open-boat-projects.org\/de\/diy-plotter_android_radio\/\" class=\"more-link\">Weiterlesen <span class=\"screen-reader-text\">DIY Plotter Android-Radio<\/span><\/a><\/p>\n","protected":false},"author":1,"featured_media":0,"parent":0,"menu_order":0,"comment_status":"closed","ping_status":"closed","template":"","meta":{"footnotes":""},"categories":[40,39,37],"tags":[],"class_list":["post-95","page","type-page","status-publish","hentry","category-openhardware","category-opensource","category-projects"],"_links":{"self":[{"href":"https:\/\/open-boat-projects.org\/de\/wp-json\/wp\/v2\/pages\/95","targetHints":{"allow":["GET"]}}],"collection":[{"href":"https:\/\/open-boat-projects.org\/de\/wp-json\/wp\/v2\/pages"}],"about":[{"href":"https:\/\/open-boat-projects.org\/de\/wp-json\/wp\/v2\/types\/page"}],"author":[{"embeddable":true,"href":"https:\/\/open-boat-projects.org\/de\/wp-json\/wp\/v2\/users\/1"}],"replies":[{"embeddable":true,"href":"https:\/\/open-boat-projects.org\/de\/wp-json\/wp\/v2\/comments?post=95"}],"version-history":[{"count":30,"href":"https:\/\/open-boat-projects.org\/de\/wp-json\/wp\/v2\/pages\/95\/revisions"}],"predecessor-version":[{"id":5041,"href":"https:\/\/open-boat-projects.org\/de\/wp-json\/wp\/v2\/pages\/95\/revisions\/5041"}],"wp:attachment":[{"href":"https:\/\/open-boat-projects.org\/de\/wp-json\/wp\/v2\/media?parent=95"}],"wp:term":[{"taxonomy":"category","embeddable":true,"href":"https:\/\/open-boat-projects.org\/de\/wp-json\/wp\/v2\/categories?post=95"},{"taxonomy":"post_tag","embeddable":true,"href":"https:\/\/open-boat-projects.org\/de\/wp-json\/wp\/v2\/tags?post=95"}],"curies":[{"name":"wp","href":"https:\/\/api.w.org\/{rel}","templated":true}]}}