{"id":930,"date":"2020-06-05T08:26:26","date_gmt":"2020-06-05T08:26:26","guid":{"rendered":"https:\/\/open-boat-projects.org\/?page_id=930"},"modified":"2023-07-12T23:22:40","modified_gmt":"2023-07-12T23:22:40","slug":"diy-wasseraufbereitung","status":"publish","type":"page","link":"https:\/\/open-boat-projects.org\/de\/diy-wasseraufbereitung\/","title":{"rendered":"DIY Wasseraufbereitung"},"content":{"rendered":"<p><img loading=\"lazy\" decoding=\"async\" class=\"alignnone wp-image-931 size-full\" src=\"https:\/\/open-boat-projects.org\/wp-content\/uploads\/2020\/06\/Wasserfilter_mit_Tauchpumpe.png\" alt=\"\" width=\"761\" height=\"750\" srcset=\"https:\/\/open-boat-projects.org\/wp-content\/uploads\/2020\/06\/Wasserfilter_mit_Tauchpumpe.png 761w, https:\/\/open-boat-projects.org\/wp-content\/uploads\/2020\/06\/Wasserfilter_mit_Tauchpumpe-300x296.png 300w\" sizes=\"auto, (max-width: 761px) 100vw, 761px\" \/><\/p>\n<p>Quelle: www.linguine.eu<\/p>\n<p>Hervorgerufen durch die Corona-Kriese konnten viele Segler keine Sanit\u00e4ranlagen nutzen und auf sauberes Wasser zum Duschen oder Geschirrsp\u00fclen zugreifen. Es entstand in einer <a href=\"https:\/\/www.segeln-forum.de\/thread\/75889-watermaker-f%C3%BCr-s%C3%BCsswasser\/\">Diskussion im Segeln-Forum<\/a> von PePeSail eine L\u00f6sung zur Wasseraufbereitung von Oberfl\u00e4chen-S\u00fc\u00dfwasser wie man es im Binnenbereich in Seen oder Fl\u00fcssen vorfindet. Auf der Homepage <a href=\"https:\/\/www.linguini.eu\/trinkwasser-in-den-tank\/\">www.linguini.eu <\/a>hat er das System n\u00e4her vorgestellt. Ziel sollte es sein mit einfachen Mitteln das Oberfl\u00e4chen-S\u00fc\u00dfwasser so aufzubereiten, dass man es f\u00fcr einfache Anwendungen benutzen kann. Um es gleich vorweg zu nehmen, Trinkwasser kann damit nicht gewonnen werden, da biologische R\u00fcckst\u00e4nde nicht in ausreichendem Ma\u00dfe entfernt werden k\u00f6nnen. Das einstufige Aktivkohle-Filtersystem saugt mit einer Elektropumpe Seewasser an und dr\u00fcckt es durch einen Aktivkohlefilter. Das Filtersystem besteht nur aus wenigen Teilen und kann recht einfach im Innenbereich des Bootes untergebracht werden. Folgende Eigenschaften besitzt das System:<\/p>\n<ul>\n<li>Aktivkohle-Filter 0,3\u00b5m zur Entfernung von\n<ul>\n<li>Chlor<\/li>\n<li>Kalk<\/li>\n<li>Pestiziden<\/li>\n<li>Insektiziden<\/li>\n<li>\u00d6l, Benzin, L\u00f6sungsmittel<\/li>\n<li>Geschmacksbeeintr\u00e4chtigungen<\/li>\n<li>Geruchsbeeintr\u00e4chtigungen<\/li>\n<\/ul>\n<\/li>\n<li>Elektrische Tauchpumpe mit Filterleistung von 4 l\/min<\/li>\n<li>Einfaches Schlauchsystem<\/li>\n<li>Der Aktivkohle-Filter sch\u00fctzt nicht gegen Legionellen<\/li>\n<li>Es entsteht kein Trinkwasser<\/li>\n<\/ul>\n<p>Den Filter k\u00f6nnte man auch gut zur Nachreinigung des gebunkerten Trinkwassers verwenden, da oft die Trinkwasserqualit\u00e4t an Stegen nicht all zu gut ist.<\/p>\n","protected":false},"excerpt":{"rendered":"<p>Quelle: www.linguine.eu Hervorgerufen durch die Corona-Kriese konnten viele Segler keine Sanit\u00e4ranlagen nutzen und auf sauberes Wasser zum Duschen oder Geschirrsp\u00fclen zugreifen. Es entstand in einer Diskussion im Segeln-Forum von PePeSail eine L\u00f6sung zur Wasseraufbereitung von Oberfl\u00e4chen-S\u00fc\u00dfwasser wie man es im Binnenbereich in Seen oder Fl\u00fcssen vorfindet. Auf der Homepage www.linguini.eu hat er das System n\u00e4her&hellip; <a href=\"https:\/\/open-boat-projects.org\/de\/diy-wasseraufbereitung\/\" class=\"more-link\">Weiterlesen <span class=\"screen-reader-text\">DIY Wasseraufbereitung<\/span><\/a><\/p>\n","protected":false},"author":2,"featured_media":0,"parent":0,"menu_order":0,"comment_status":"closed","ping_status":"closed","template":"","meta":{"footnotes":""},"categories":[40,37],"tags":[],"class_list":["post-930","page","type-page","status-publish","hentry","category-openhardware","category-projects"],"_links":{"self":[{"href":"https:\/\/open-boat-projects.org\/de\/wp-json\/wp\/v2\/pages\/930","targetHints":{"allow":["GET"]}}],"collection":[{"href":"https:\/\/open-boat-projects.org\/de\/wp-json\/wp\/v2\/pages"}],"about":[{"href":"https:\/\/open-boat-projects.org\/de\/wp-json\/wp\/v2\/types\/page"}],"author":[{"embeddable":true,"href":"https:\/\/open-boat-projects.org\/de\/wp-json\/wp\/v2\/users\/2"}],"replies":[{"embeddable":true,"href":"https:\/\/open-boat-projects.org\/de\/wp-json\/wp\/v2\/comments?post=930"}],"version-history":[{"count":6,"href":"https:\/\/open-boat-projects.org\/de\/wp-json\/wp\/v2\/pages\/930\/revisions"}],"predecessor-version":[{"id":5064,"href":"https:\/\/open-boat-projects.org\/de\/wp-json\/wp\/v2\/pages\/930\/revisions\/5064"}],"wp:attachment":[{"href":"https:\/\/open-boat-projects.org\/de\/wp-json\/wp\/v2\/media?parent=930"}],"wp:term":[{"taxonomy":"category","embeddable":true,"href":"https:\/\/open-boat-projects.org\/de\/wp-json\/wp\/v2\/categories?post=930"},{"taxonomy":"post_tag","embeddable":true,"href":"https:\/\/open-boat-projects.org\/de\/wp-json\/wp\/v2\/tags?post=930"}],"curies":[{"name":"wp","href":"https:\/\/api.w.org\/{rel}","templated":true}]}}