{"id":93,"date":"2019-12-04T10:29:14","date_gmt":"2019-12-04T10:29:14","guid":{"rendered":"https:\/\/open-boat-projects.org\/?page_id=93"},"modified":"2023-07-12T22:52:24","modified_gmt":"2023-07-12T22:52:24","slug":"diy-multifunktionsdisplay","status":"publish","type":"page","link":"https:\/\/open-boat-projects.org\/de\/diy-multifunktionsdisplay\/","title":{"rendered":"DIY Multifunktionsdisplay"},"content":{"rendered":"<p><img loading=\"lazy\" decoding=\"async\" class=\"alignnone wp-image-377\" src=\"https:\/\/open-boat-projects.org\/wp-content\/uploads\/2019\/12\/IMG_20190916_160421_kl-1024x768.jpg\" alt=\"\" width=\"500\" height=\"375\" srcset=\"https:\/\/open-boat-projects.org\/wp-content\/uploads\/2019\/12\/IMG_20190916_160421_kl-1024x768.jpg 1024w, https:\/\/open-boat-projects.org\/wp-content\/uploads\/2019\/12\/IMG_20190916_160421_kl-300x225.jpg 300w, https:\/\/open-boat-projects.org\/wp-content\/uploads\/2019\/12\/IMG_20190916_160421_kl-768x576.jpg 768w, https:\/\/open-boat-projects.org\/wp-content\/uploads\/2019\/12\/IMG_20190916_160421_kl-1536x1152.jpg 1536w, https:\/\/open-boat-projects.org\/wp-content\/uploads\/2019\/12\/IMG_20190916_160421_kl-2048x1536.jpg 2048w\" sizes=\"auto, (max-width: 500px) 100vw, 500px\" \/><\/p>\n<ul>\n<li>Projektstart: 09\/2019<\/li>\n<li>Verschiedene Ger\u00e4tekonzepte\n<ul>\n<li>M5Stack <a href=\"https:\/\/m5stack.com\/\">https:\/\/m5stack.com\/<\/a>\n<ul>\n<li>Basiert auf ESP32<\/li>\n<li>320&#215;240 Pixel TFT-Display<\/li>\n<li>3 Tasten<\/li>\n<li>Sound<\/li>\n<li>USB 2.0<\/li>\n<li>WLAN, Bluetooth<\/li>\n<li>Hardwarebus-Anschl\u00fcsse<\/li>\n<li>Interne Batterie 150 mAh, erweiterbar<\/li>\n<li>Erweiterbar durch diverse Aufsteckmodule<\/li>\n<li>Frei programmierbar mit Arduino-IDE<\/li>\n<li>Gute Softwareunterst\u00fctzung, gro\u00dfe Community<\/li>\n<li>Vielseitig einsetzbar<\/li>\n<li>Gr\u00f6\u00dfe 55 x 55 x 20 mm<\/li>\n<li>5V-Versorgung<\/li>\n<li>Nicht wasserdicht<\/li>\n<li>Nicht sonnenlichttauglich<\/li>\n<li>Kosten je nach Modell zw. 30&#8230;70 Euro<\/li>\n<li>Erh\u00e4ltlich in Deutschland bei Conrad Elektronik<\/li>\n<li>Fertigger\u00e4t, direkt einsetzbar<\/li>\n<\/ul>\n<\/li>\n<\/ul>\n<\/li>\n<\/ul>\n<p>&nbsp;<\/p>\n<ul>\n<li style=\"list-style-type: none;\">\n<ul>\n<li>E-Reader\n<ul>\n<li>Wasserdichte Modelle verf\u00fcgbar<\/li>\n<li>Kontraststarkes EInk-Display sonnentauglich<\/li>\n<li>Hintergrundbeleuchtet auch verf\u00fcgbar, nachttauglich<\/li>\n<li>Touchdisplay<\/li>\n<li>Android-Basis als Unterbau<\/li>\n<li>\u00dcber Webbrowser k\u00f6nnen beliebige Inhalte angezeigt werden (Realisierung von Mast-Gro\u00dfanzeigen)<\/li>\n<li>Lange Einsatzdauer m\u00f6glich<\/li>\n<li>Etwas tr\u00e4ge Anzeige bei Inhalts\u00e4nderungen<\/li>\n<li>Teilweise ruckeliger Bildaufbau (Modellabh\u00e4ngig)<\/li>\n<li>Kosten je nach Modell zw. 60&#8230;300 Euro, g\u00fcnstige Gebrauchtger\u00e4te<\/li>\n<li>Fertigger\u00e4t direkt einsetzbar<\/li>\n<\/ul>\n<\/li>\n<\/ul>\n<\/li>\n<\/ul>\n<p>&nbsp;<\/p>\n<ul>\n<li style=\"list-style-type: none;\">\n<ul>\n<li>Custom-made-LCD\n<ul>\n<li>Frei definierbare Anzeige durch selbst gestaltete LCD<\/li>\n<li>Fertigung in Fernost<\/li>\n<li>Mindestst\u00fcckzahl notwendig<\/li>\n<li>geringer Stromverbrauch<\/li>\n<li>Anzeigekonzept nicht \u00e4nderbar<\/li>\n<li>Technisches Wissen notwendig<\/li>\n<\/ul>\n<\/li>\n<\/ul>\n<\/li>\n<\/ul>\n<p><a href=\"https:\/\/www.segeln-forum.de\/thread\/73307-multifunktionsdisplay-diy\/\" target=\"_blank\" rel=\"noopener noreferrer\">https:\/\/www.segeln-forum.de\/thread\/73307-multifunktionsdisplay-diy\/<\/a><\/p>\n<p><img loading=\"lazy\" decoding=\"async\" class=\"alignnone wp-image-374 size-full\" src=\"https:\/\/open-boat-projects.org\/wp-content\/uploads\/2019\/12\/IMG_5678_kl.jpg\" alt=\"\" width=\"2304\" height=\"1728\" srcset=\"https:\/\/open-boat-projects.org\/wp-content\/uploads\/2019\/12\/IMG_5678_kl.jpg 2304w, https:\/\/open-boat-projects.org\/wp-content\/uploads\/2019\/12\/IMG_5678_kl-300x225.jpg 300w, https:\/\/open-boat-projects.org\/wp-content\/uploads\/2019\/12\/IMG_5678_kl-1024x768.jpg 1024w, https:\/\/open-boat-projects.org\/wp-content\/uploads\/2019\/12\/IMG_5678_kl-768x576.jpg 768w, https:\/\/open-boat-projects.org\/wp-content\/uploads\/2019\/12\/IMG_5678_kl-1536x1152.jpg 1536w, https:\/\/open-boat-projects.org\/wp-content\/uploads\/2019\/12\/IMG_5678_kl-2048x1536.jpg 2048w\" sizes=\"auto, (max-width: 2304px) 100vw, 2304px\" \/><\/p>\n<p>M5Stack per WLAN an Windsensor gekoppelt<\/p>\n<p><img loading=\"lazy\" decoding=\"async\" class=\"alignnone wp-image-366 size-full\" src=\"https:\/\/open-boat-projects.org\/wp-content\/uploads\/2019\/12\/IMG_20190916_161046_kl.jpg\" alt=\"\" width=\"2080\" height=\"1560\" srcset=\"https:\/\/open-boat-projects.org\/wp-content\/uploads\/2019\/12\/IMG_20190916_161046_kl.jpg 2080w, https:\/\/open-boat-projects.org\/wp-content\/uploads\/2019\/12\/IMG_20190916_161046_kl-300x225.jpg 300w, https:\/\/open-boat-projects.org\/wp-content\/uploads\/2019\/12\/IMG_20190916_161046_kl-1024x768.jpg 1024w, https:\/\/open-boat-projects.org\/wp-content\/uploads\/2019\/12\/IMG_20190916_161046_kl-768x576.jpg 768w, https:\/\/open-boat-projects.org\/wp-content\/uploads\/2019\/12\/IMG_20190916_161046_kl-1536x1152.jpg 1536w, https:\/\/open-boat-projects.org\/wp-content\/uploads\/2019\/12\/IMG_20190916_161046_kl-2048x1536.jpg 2048w\" sizes=\"auto, (max-width: 2080px) 100vw, 2080px\" \/><\/p>\n<p>M5Stack Fire<\/p>\n<p><img loading=\"lazy\" decoding=\"async\" class=\"alignnone wp-image-364 size-full\" src=\"https:\/\/open-boat-projects.org\/wp-content\/uploads\/2019\/12\/IMG_20190916_161009_kl.jpg\" alt=\"\" width=\"2080\" height=\"1560\" srcset=\"https:\/\/open-boat-projects.org\/wp-content\/uploads\/2019\/12\/IMG_20190916_161009_kl.jpg 2080w, https:\/\/open-boat-projects.org\/wp-content\/uploads\/2019\/12\/IMG_20190916_161009_kl-300x225.jpg 300w, https:\/\/open-boat-projects.org\/wp-content\/uploads\/2019\/12\/IMG_20190916_161009_kl-1024x768.jpg 1024w, https:\/\/open-boat-projects.org\/wp-content\/uploads\/2019\/12\/IMG_20190916_161009_kl-768x576.jpg 768w, https:\/\/open-boat-projects.org\/wp-content\/uploads\/2019\/12\/IMG_20190916_161009_kl-1536x1152.jpg 1536w, https:\/\/open-boat-projects.org\/wp-content\/uploads\/2019\/12\/IMG_20190916_161009_kl-2048x1536.jpg 2048w\" sizes=\"auto, (max-width: 2080px) 100vw, 2080px\" \/><\/p>\n<p>M5Stack Fire Ladeschale mit Magnetklipps<\/p>\n<p><img loading=\"lazy\" decoding=\"async\" class=\"alignnone wp-image-365 size-full\" src=\"https:\/\/open-boat-projects.org\/wp-content\/uploads\/2019\/12\/IMG_20190916_161029_kl.jpg\" alt=\"\" width=\"2080\" height=\"1560\" srcset=\"https:\/\/open-boat-projects.org\/wp-content\/uploads\/2019\/12\/IMG_20190916_161029_kl.jpg 2080w, https:\/\/open-boat-projects.org\/wp-content\/uploads\/2019\/12\/IMG_20190916_161029_kl-300x225.jpg 300w, https:\/\/open-boat-projects.org\/wp-content\/uploads\/2019\/12\/IMG_20190916_161029_kl-1024x768.jpg 1024w, https:\/\/open-boat-projects.org\/wp-content\/uploads\/2019\/12\/IMG_20190916_161029_kl-768x576.jpg 768w, https:\/\/open-boat-projects.org\/wp-content\/uploads\/2019\/12\/IMG_20190916_161029_kl-1536x1152.jpg 1536w, https:\/\/open-boat-projects.org\/wp-content\/uploads\/2019\/12\/IMG_20190916_161029_kl-2048x1536.jpg 2048w\" sizes=\"auto, (max-width: 2080px) 100vw, 2080px\" \/><\/p>\n<p>M5Stack Lego kompatibel<\/p>\n<p><img loading=\"lazy\" decoding=\"async\" class=\"alignnone wp-image-370 size-full\" src=\"https:\/\/open-boat-projects.org\/wp-content\/uploads\/2019\/12\/M5Stack_NMEA_Diplay.jpg\" alt=\"\" width=\"480\" height=\"640\" srcset=\"https:\/\/open-boat-projects.org\/wp-content\/uploads\/2019\/12\/M5Stack_NMEA_Diplay.jpg 480w, https:\/\/open-boat-projects.org\/wp-content\/uploads\/2019\/12\/M5Stack_NMEA_Diplay-225x300.jpg 225w\" sizes=\"auto, (max-width: 480px) 100vw, 480px\" \/><\/p>\n<p>M5Stack mit Firmware von Andreas<\/p>\n<p><img loading=\"lazy\" decoding=\"async\" class=\"alignnone wp-image-368 size-full\" src=\"https:\/\/open-boat-projects.org\/wp-content\/uploads\/2019\/12\/IMG_20190927_111423_kl.jpg\" alt=\"\" width=\"1560\" height=\"2080\" srcset=\"https:\/\/open-boat-projects.org\/wp-content\/uploads\/2019\/12\/IMG_20190927_111423_kl.jpg 1560w, https:\/\/open-boat-projects.org\/wp-content\/uploads\/2019\/12\/IMG_20190927_111423_kl-225x300.jpg 225w, https:\/\/open-boat-projects.org\/wp-content\/uploads\/2019\/12\/IMG_20190927_111423_kl-768x1024.jpg 768w, https:\/\/open-boat-projects.org\/wp-content\/uploads\/2019\/12\/IMG_20190927_111423_kl-1152x1536.jpg 1152w, https:\/\/open-boat-projects.org\/wp-content\/uploads\/2019\/12\/IMG_20190927_111423_kl-1536x2048.jpg 1536w\" sizes=\"auto, (max-width: 1560px) 100vw, 1560px\" \/><\/p>\n<p>Sony Ebook Reader TR2<\/p>\n<figure id=\"attachment_373\" aria-describedby=\"caption-attachment-373\" style=\"width: 1024px\" class=\"wp-caption alignnone\"><img loading=\"lazy\" decoding=\"async\" class=\"wp-image-373 size-full\" src=\"https:\/\/open-boat-projects.org\/wp-content\/uploads\/2019\/12\/P6200011.jpg\" alt=\"\" width=\"1024\" height=\"768\" srcset=\"https:\/\/open-boat-projects.org\/wp-content\/uploads\/2019\/12\/P6200011.jpg 1024w, https:\/\/open-boat-projects.org\/wp-content\/uploads\/2019\/12\/P6200011-300x225.jpg 300w, https:\/\/open-boat-projects.org\/wp-content\/uploads\/2019\/12\/P6200011-768x576.jpg 768w\" sizes=\"auto, (max-width: 1024px) 100vw, 1024px\" \/><figcaption id=\"caption-attachment-373\" class=\"wp-caption-text\"><span style=\"font-size: 12pt;\">Custom Display von Christian<br \/><\/span><\/figcaption><\/figure>\n","protected":false},"excerpt":{"rendered":"<p>Projektstart: 09\/2019 Verschiedene Ger\u00e4tekonzepte M5Stack https:\/\/m5stack.com\/ Basiert auf ESP32 320&#215;240 Pixel TFT-Display 3 Tasten Sound USB 2.0 WLAN, Bluetooth Hardwarebus-Anschl\u00fcsse Interne Batterie 150 mAh, erweiterbar Erweiterbar durch diverse Aufsteckmodule Frei programmierbar mit Arduino-IDE Gute Softwareunterst\u00fctzung, gro\u00dfe Community Vielseitig einsetzbar Gr\u00f6\u00dfe 55 x 55 x 20 mm 5V-Versorgung Nicht wasserdicht Nicht sonnenlichttauglich Kosten je nach Modell&hellip; <a href=\"https:\/\/open-boat-projects.org\/de\/diy-multifunktionsdisplay\/\" class=\"more-link\">Weiterlesen <span class=\"screen-reader-text\">DIY Multifunktionsdisplay<\/span><\/a><\/p>\n","protected":false},"author":1,"featured_media":0,"parent":0,"menu_order":0,"comment_status":"closed","ping_status":"closed","template":"","meta":{"footnotes":""},"categories":[37],"tags":[],"class_list":["post-93","page","type-page","status-publish","hentry","category-projects"],"_links":{"self":[{"href":"https:\/\/open-boat-projects.org\/de\/wp-json\/wp\/v2\/pages\/93","targetHints":{"allow":["GET"]}}],"collection":[{"href":"https:\/\/open-boat-projects.org\/de\/wp-json\/wp\/v2\/pages"}],"about":[{"href":"https:\/\/open-boat-projects.org\/de\/wp-json\/wp\/v2\/types\/page"}],"author":[{"embeddable":true,"href":"https:\/\/open-boat-projects.org\/de\/wp-json\/wp\/v2\/users\/1"}],"replies":[{"embeddable":true,"href":"https:\/\/open-boat-projects.org\/de\/wp-json\/wp\/v2\/comments?post=93"}],"version-history":[{"count":10,"href":"https:\/\/open-boat-projects.org\/de\/wp-json\/wp\/v2\/pages\/93\/revisions"}],"predecessor-version":[{"id":5040,"href":"https:\/\/open-boat-projects.org\/de\/wp-json\/wp\/v2\/pages\/93\/revisions\/5040"}],"wp:attachment":[{"href":"https:\/\/open-boat-projects.org\/de\/wp-json\/wp\/v2\/media?parent=93"}],"wp:term":[{"taxonomy":"category","embeddable":true,"href":"https:\/\/open-boat-projects.org\/de\/wp-json\/wp\/v2\/categories?post=93"},{"taxonomy":"post_tag","embeddable":true,"href":"https:\/\/open-boat-projects.org\/de\/wp-json\/wp\/v2\/tags?post=93"}],"curies":[{"name":"wp","href":"https:\/\/api.w.org\/{rel}","templated":true}]}}