{"id":864,"date":"2019-11-16T15:54:41","date_gmt":"2019-11-16T15:54:41","guid":{"rendered":"https:\/\/open-boat-projects.org\/?page_id=864"},"modified":"2023-02-19T11:51:51","modified_gmt":"2023-02-19T11:51:51","slug":"pc-navtex-usb-linux","status":"publish","type":"page","link":"https:\/\/open-boat-projects.org\/de\/pc-navtex-usb-linux\/","title":{"rendered":"PC NAVTEX USB"},"content":{"rendered":"<p><img loading=\"lazy\" decoding=\"async\" class=\"alignnone wp-image-3228\" src=\"https:\/\/open-boat-projects.org\/wp-content\/uploads\/2022\/08\/pc-navtex-768x498-1-300x195.png\" alt=\"\" width=\"600\" height=\"389\" srcset=\"https:\/\/open-boat-projects.org\/wp-content\/uploads\/2022\/08\/pc-navtex-768x498-1-300x195.png 300w, https:\/\/open-boat-projects.org\/wp-content\/uploads\/2022\/08\/pc-navtex-768x498-1-18x12.png 18w, https:\/\/open-boat-projects.org\/wp-content\/uploads\/2022\/08\/pc-navtex-768x498-1.png 768w\" sizes=\"auto, (max-width: 600px) 100vw, 600px\" \/><\/p>\n<p>Abb.: Linux Programm f\u00fcr PC NAVTEX PC<\/p>\n<p>J\u00fcrgen aus dem Segeln-Forum hat sich die M\u00fche gemacht f\u00fcr den PC NAVTEX USB von NASA ein Linux-Programm zum Auslesen der Daten zu erstellen. Das Programm PC NAVTEX dient der Darstellung von NAVTEX-Nachrichten, die mit dem NAVTEX-Empf\u00e4nger &#8222;<a href=\"https:\/\/www.nasamarine.com\/product\/pc-navtex-usb\/\" target=\"_blank\" rel=\"noopener noreferrer\">PC NAVTEX USB<\/a>&#8220; der Firma NASA empfangen wurden. Die Daten\u00fcbertragung erfolgt \u00fcber die serielle Schnittstelle. Unter Linux k\u00f6nnen daf\u00fcr g\u00e4ngige USB\/Seriell-Adapter verwendet werden.<\/p>\n<p><img loading=\"lazy\" decoding=\"async\" class=\"alignnone size-medium wp-image-3223\" src=\"https:\/\/open-boat-projects.org\/wp-content\/uploads\/2022\/08\/NASA_PC_NAVTEX_USB-300x260.png\" alt=\"\" width=\"300\" height=\"260\" srcset=\"https:\/\/open-boat-projects.org\/wp-content\/uploads\/2022\/08\/NASA_PC_NAVTEX_USB-300x260.png 300w, https:\/\/open-boat-projects.org\/wp-content\/uploads\/2022\/08\/NASA_PC_NAVTEX_USB-14x12.png 14w, https:\/\/open-boat-projects.org\/wp-content\/uploads\/2022\/08\/NASA_PC_NAVTEX_USB.png 574w\" sizes=\"auto, (max-width: 300px) 100vw, 300px\" \/><\/p>\n<p>Abb.: PC NAVTEX USB<\/p>\n<p>Im Gegensatz zur Originalsoftware die unter Windows l\u00e4uft, ist dieses Programm unter Linux lauff\u00e4hig. Es kann sowohl auf einem PC als auch auf Einplatinenrechnern wir Paspberry Pi verwendet werden. Eingegangene Nachrichten werden in einer SQLITE-Datenbank gespeichert. Im Programm gibt es Filter f\u00fcr angezeigte Nachrichten, Kennbuchstabe der Sendestation, Kennbuchstabe Nachrichtenthema, max. Alter der Nachricht, max. L\u00e4nge der Liste. Bei Programmstart werden die im Empf\u00e4nger gespeicherten Nachrichten gelesen. Aktuell eintreffende Nachrichten werden sofort angezeigt.<\/p>\n<p>Der Quellcode des Programms ist auf GitHub verf\u00fcgbar: <a href=\"https:\/\/github.com\/juerec\/pc-navtex\/\" target=\"_blank\" rel=\"noopener noreferrer\">https:\/\/github.com\/juerec\/pc-navtex\/<\/a><\/p>\n<h1>Installation f\u00fcr Rasberry Pi<\/h1>\n<div class=\"messageBody\">\n<div class=\"messageText\">\n<p>Diese Anleitung wurde vom User &#8222;Northern Comfort&#8220; aus dem Segeln-Forum erstellt und soll nur eine Anregung sein und den Weg beschreiben, wie das Programm bei ihm lauff\u00e4hig wurde. Als Linux\/Raspberry-Neuling ist das bestimmt nicht der beste oder richtige Weg. Wer einen einfacheren und\/oder bessern Weg beschreiben kann, der mag bitte die Anleitung korrigieren:<\/p>\n<p>1. NASA USB PC Box an den Raspberry anschlie\u00dfen und mit Strom versorgen<\/p>\n<p>2. Installation der Pakete qt5 creator und libqt5serialport5-dev<\/p>\n<p><strong>Befehl<\/strong>: <strong>sudo apt-get install \u2026.<\/strong><\/p>\n<p><strong>sudo apt-get install libqt5serialport5-dev<\/strong><\/p>\n<p><b>3. <\/b>Download der Datei von Github \u00fcber den Button \u201eCode\u201c und \u201eDownload ZIP\u201c<\/p>\n<p><a class=\"externalURL\" href=\"https:\/\/github.com\/juerec\/pc-navtex\" target=\"_blank\" rel=\"nofollow noopener noreferrer ugc\"><u>https:\/\/github.com\/juerec\/pc-navtex<\/u><\/a><\/p>\n<p>4. Zip-Datei entpacken z.B. unter \/home\/pi\/\u2026.<\/p>\n<p>5. Terminal \u00f6ffnen und in das entsprechende Verzeichnis wechseln.<\/p>\n<p><strong>Befehl<\/strong>: <strong>cd <\/strong><strong>\/home\/pi\/pc-navtex-master\/pc-navtex<\/strong><\/p>\n<p>Wer ein anderes Verzeichnis verwendet muss dies im nachfolgenden bei den Befehlen ber\u00fccksichtigen.<\/p>\n<p>6. Danach im Terminal die Befehle ausf\u00fchren, wie auf GitHub beschreiben wird:<\/p>\n<p><strong>Befehl: qmake -qt5<\/strong><\/p>\n<p>anschlie\u00dfend <strong>make <\/strong><\/p>\n<p>7. Nun passiert einiges im Terminal. Bitte warten, bis das Eingabefeld wieder erscheint.<\/p>\n<p>8. Danach im Terminal udev-Rule verschieben. Die udev-Rule sorgt daf\u00fcr, dass die Navtex-Box richtig in die Systemstruktur eingegangen, bzw. erkannt wird.<\/p>\n<p><strong>Befehl:<\/strong><\/p>\n<p><strong>sudo mv -v \/home\/pi\/pc-navtex-master\/udev\/91-pnavtex.rules\/etc\/udev\/rules.d<\/strong><\/p>\n<p><b>9. <\/b>Raspberry neu starten. Ich glaube das muss man nicht wirklich. Schadet aber auch nicht.<\/p>\n<p>8. In dem Verzeichnis pc-navtex-master\/pc-navtex findet sich nun die ausf\u00fchrbare Datei \u2026\u2026 man kann sie doppelt klicken und das Programm startet. Wer m\u00f6chte kann nun noch ins Men\u00fc einen Shortcut anlegen:<\/p>\n<p>10. Oben links auf die Himbeere klicken; dann \u201eEinstellung\u201c und \u201eMain Men\u00fc Editor\u201c, der Rest d\u00fcrfte selbsterkl\u00e4rend sein.<\/p>\n<p>Man kann mit diesem Programm leider die Navtex-Box nicht konfigurieren, z.B. die Uhrzeiten des Frequenzwechsel von 490 kHz auf 518 kHz. Daf\u00fcr ben\u00f6tigt man einmal das original Windows-Programm. Danach l\u00e4uft aber alles hervorragend.<\/p>\n<h1>Infos<\/h1>\n<p>Wer weiterf\u00fchrende Infos zu Navtex sucht, findet hier einige Informationen:<\/p>\n<p><a href=\"http:\/\/weather.mailasail.com\/Franks-Weather\/European-And-Mediterranean-Navtex-Schedules\" target=\"_blank\" rel=\"noopener\">http:\/\/weather.mailasail.com\/Franks-Weather\/European-And-Mediterranean-Navtex-Schedules<\/a><\/p>\n<p><a href=\"https:\/\/www.segeln-forum.de\/thread\/74695-altern-softw-f%C3%BCr-nasa-pc-navtex-usb-auch-ras-pi\/?postID=2119293#post2119293\" target=\"_blank\" rel=\"noopener\">https:\/\/www.segeln-forum.de\/thread\/74695-altern-softw-f%C3%BCr-nasa-pc-navtex-usb-auch-ras-pi\/?postID=2119293#post2119293<\/a><\/p>\n<\/div>\n<\/div>\n<p>&nbsp;<\/p>\n","protected":false},"excerpt":{"rendered":"<p>Abb.: Linux Programm f\u00fcr PC NAVTEX PC J\u00fcrgen aus dem Segeln-Forum hat sich die M\u00fche gemacht f\u00fcr den PC NAVTEX USB von NASA ein Linux-Programm zum Auslesen der Daten zu erstellen. Das Programm PC NAVTEX dient der Darstellung von NAVTEX-Nachrichten, die mit dem NAVTEX-Empf\u00e4nger &#8222;PC NAVTEX USB&#8220; der Firma NASA empfangen wurden. Die Daten\u00fcbertragung erfolgt&hellip; <a href=\"https:\/\/open-boat-projects.org\/de\/pc-navtex-usb-linux\/\" class=\"more-link\">Weiterlesen <span class=\"screen-reader-text\">PC NAVTEX USB<\/span><\/a><\/p>\n","protected":false},"author":1,"featured_media":0,"parent":0,"menu_order":0,"comment_status":"closed","ping_status":"closed","template":"","meta":{"footnotes":""},"categories":[39,37],"tags":[],"class_list":["post-864","page","type-page","status-publish","hentry","category-opensource","category-projects"],"_links":{"self":[{"href":"https:\/\/open-boat-projects.org\/de\/wp-json\/wp\/v2\/pages\/864","targetHints":{"allow":["GET"]}}],"collection":[{"href":"https:\/\/open-boat-projects.org\/de\/wp-json\/wp\/v2\/pages"}],"about":[{"href":"https:\/\/open-boat-projects.org\/de\/wp-json\/wp\/v2\/types\/page"}],"author":[{"embeddable":true,"href":"https:\/\/open-boat-projects.org\/de\/wp-json\/wp\/v2\/users\/1"}],"replies":[{"embeddable":true,"href":"https:\/\/open-boat-projects.org\/de\/wp-json\/wp\/v2\/comments?post=864"}],"version-history":[{"count":9,"href":"https:\/\/open-boat-projects.org\/de\/wp-json\/wp\/v2\/pages\/864\/revisions"}],"predecessor-version":[{"id":4445,"href":"https:\/\/open-boat-projects.org\/de\/wp-json\/wp\/v2\/pages\/864\/revisions\/4445"}],"wp:attachment":[{"href":"https:\/\/open-boat-projects.org\/de\/wp-json\/wp\/v2\/media?parent=864"}],"wp:term":[{"taxonomy":"category","embeddable":true,"href":"https:\/\/open-boat-projects.org\/de\/wp-json\/wp\/v2\/categories?post=864"},{"taxonomy":"post_tag","embeddable":true,"href":"https:\/\/open-boat-projects.org\/de\/wp-json\/wp\/v2\/tags?post=864"}],"curies":[{"name":"wp","href":"https:\/\/api.w.org\/{rel}","templated":true}]}}