{"id":85,"date":"2019-12-09T10:24:02","date_gmt":"2019-12-09T10:24:02","guid":{"rendered":"https:\/\/open-boat-projects.org\/?page_id=85"},"modified":"2023-07-12T23:27:48","modified_gmt":"2023-07-12T23:27:48","slug":"avnav","status":"publish","type":"page","link":"https:\/\/open-boat-projects.org\/de\/avnav\/","title":{"rendered":"AvNav Navigationssoftware"},"content":{"rendered":"<p><a href=\"https:\/\/open-boat-projects.org\/wichtige-hinweise\/\" target=\"_blank\" rel=\"noopener\"><em><strong>Vorab ein paar wichtige Hinweise, die Sie unbedingt beachten sollten.<\/strong><\/em><\/a><\/p>\n<p><img loading=\"lazy\" decoding=\"async\" class=\"alignnone wp-image-43 size-full\" src=\"https:\/\/open-boat-projects.org\/wp-content\/uploads\/2019\/11\/Screenshot-Avnav.png\" alt=\"\" width=\"1024\" height=\"631\" srcset=\"https:\/\/open-boat-projects.org\/wp-content\/uploads\/2019\/11\/Screenshot-Avnav.png 1024w, https:\/\/open-boat-projects.org\/wp-content\/uploads\/2019\/11\/Screenshot-Avnav-300x185.png 300w, https:\/\/open-boat-projects.org\/wp-content\/uploads\/2019\/11\/Screenshot-Avnav-768x473.png 768w\" sizes=\"auto, (max-width: 1024px) 100vw, 1024px\" \/><\/p>\n<h5>OpenSource chartplotter <a href=\"https:\/\/www.wellenvogel.net\/\/software\/avnav\/docs\/beschreibung.html\" target=\"_blank\" rel=\"noopener noreferrer\">www.wellenvogel.net<\/a><\/h5>\n<ul>\n<li>Vollst\u00e4ndig webbasierte Navigationssoftware f\u00fcr Boote<\/li>\n<li>Kartendarstellung webbasiert auf Kachelbasis wie bei Google Maps<\/li>\n<li>L\u00e4uft als Server auf Raspi<\/li>\n<li>Auch als eigenst\u00e4ndige Android App verf\u00fcgbar<\/li>\n<li>Features:\n<ul>\n<li>Navigation auf kleinen Ger\u00e4ten wie Handy oder Tablet m\u00f6glich<\/li>\n<li>Auf 7&#8243;-Ger\u00e4te optimiert<\/li>\n<li>Auf 10&#8243;-Ger\u00e4ten ideal einsetzbar z.B. Android Autoradio <a href=\"https:\/\/open-boat-projects.org\/diy-plotter_android_radio\/\">(siehe hier)<\/a><\/li>\n<li>Sensoranbindung \u00fcber USB, seriell, Bluetooth oder TCP\/IP m\u00f6glich auch unter Android (GPS, Speed, Wind, Tiefe, AIS)<\/li>\n<li>NMEA0183 tauglich<\/li>\n<li>NMEA Multiplexer und WLAN-Gateway integriert<\/li>\n<li>Mit Actisense-Konverter auch mit NMEA2000 nutzbar<\/li>\n<li>Trackaufzeichnung<\/li>\n<li>Routenplanung<\/li>\n<li>Nutzung der Rasterkarten (BSB, NV, alles was sich per Download \u00fcber mobile atlas creator bekommen l\u00e4sst&#8230;)<\/li>\n<li>Minimaler Installationsaufwand<\/li>\n<li>Klein, geringer Stromverbrauch<\/li>\n<li>Anzeigen sind anpassbar (Gr\u00f6\u00dfen \u00fcber Settings, freie Konfiguration, was auf welcher Seite angezeigt werden soll, \u00fcber json Datei)<\/li>\n<li>Erweiterbar\/ anpassbar (Plugins f\u00fcr den Server und die App, CSS Adaption, Java Script f\u00fcr eigene Anzeigen)<\/li>\n<\/ul>\n<\/li>\n<\/ul>\n<h2>Links<\/h2>\n<ul>\n<li><a href=\"https:\/\/www.wellenvogel.net\/software\/avnav\/docs\/beschreibung.html?lang=de\">Beschreibung<\/a><\/li>\n<li><a href=\"https:\/\/www.wellenvogel.net\/software\/avnav\/docs\/release.html?lang=de\">Download (letzte) stabile Version<\/a><\/li>\n<li><a href=\"https:\/\/play.google.com\/store\/apps\/details?id=de.wellenvogel.avnav.main&amp;hl=de\">Android App im Store<\/a><\/li>\n<li><a href=\"https:\/\/github.com\/wellenvogel\/avnav\">Source Code auf GitHub<\/a><\/li>\n<li><a href=\"https:\/\/www.segeln-forum.de\/thread\/43757-raspberry-pi-als-bordcomputer-spielzeug-f%C3%BCr-den-winter\/\">Diskussion im Segeln Forum<\/a><\/li>\n<li><a href=\"https:\/\/www.wellenvogel.net\/software\/avnav\/docs\/charts.html?lang=de\">Hinweise zum Herunterladen\/ Erzeugen von Karten<\/a><\/li>\n<\/ul>\n<h2>Verschiedene Einsatz-Szenarien<\/h2>\n<ol>\n<li>&#8222;klassisches&#8220; Setup &#8211; Raspberry im Boot verbaut, dazu ein oder mehrere Tablets zur Anzeige und Bedienung. Auf den Tablets muss dabei nur ein Browser laufen &#8211; die k\u00f6nnen also Android, Windows oder IOS sein. Wenn man m\u00f6chte, kann man auch noch Laptop(s) oder Handy(s) zur Darstellung nutzen.<br \/>\nDer Raspberry macht dazu ein WLAN auf, in dem sich die Ger\u00e4te anmelden k\u00f6nnen.<br \/>\nEs k\u00f6nnen mehrere Ger\u00e4te angeschlossen werden &#8211; bei Bedarf kann jedes der Ger\u00e4te auch etwas anderes darstellen (zum Beispiel Karte auf einem, Dashboard auf einem anderen).<br \/>\nDie notwendigen Karten m\u00fcssen dazu in einem Raster-Format (gemf) vorliegen &#8211; es gibt auch einen Konverter dazu.<br \/>\nMein setup war meist:<\/p>\n<ul>\n<li>ein Tablet am Navi-Tisch<\/li>\n<li>ein Tablet unter der Sprayhood\n<p><figure id=\"attachment_533\" aria-describedby=\"caption-attachment-533\" style=\"width: 952px\" class=\"wp-caption alignnone\"><img loading=\"lazy\" decoding=\"async\" class=\"wp-image-533 size-large\" src=\"https:\/\/open-boat-projects.org\/wp-content\/uploads\/2019\/12\/IMG_20191224_102129-1024x768.jpg\" alt=\"AvNav klassisches Setup\" width=\"952\" height=\"714\" srcset=\"https:\/\/open-boat-projects.org\/wp-content\/uploads\/2019\/12\/IMG_20191224_102129-1024x768.jpg 1024w, https:\/\/open-boat-projects.org\/wp-content\/uploads\/2019\/12\/IMG_20191224_102129-300x225.jpg 300w, https:\/\/open-boat-projects.org\/wp-content\/uploads\/2019\/12\/IMG_20191224_102129-768x576.jpg 768w, https:\/\/open-boat-projects.org\/wp-content\/uploads\/2019\/12\/IMG_20191224_102129-1536x1152.jpg 1536w, https:\/\/open-boat-projects.org\/wp-content\/uploads\/2019\/12\/IMG_20191224_102129-2048x1536.jpg 2048w\" sizes=\"auto, (max-width: 952px) 100vw, 952px\" \/><figcaption id=\"caption-attachment-533\" class=\"wp-caption-text\">Minimales &#8222;klassisches&#8220; setup &#8211; Raspi, Gps-Maus, 1 USB-RS232-Wandler, Stromversorgung und 2 Tablets<\/figcaption><\/figure><\/li>\n<\/ul>\n<\/li>\n<li>AvNav als NMEA-Multiplexer und WLAN-Gateway<br \/>\nHier nimmt AvNav \u00fcber NMEA-0183 (und seriell-USB Wandler), Bluetooth, NMEA-2000 \u00fcber Gateway oder \u00fcber IP NMEA Daten entgegen und gibt sie an verschiedene Ausg\u00e4nge weiter. Dieser Betrieb kann dabei auch &#8222;gemischt&#8220; mit dem klassischen Setup erfolgen &#8211; der NMEA-Multiplexer ist immer verf\u00fcgbar.<br \/>\nDie Datenausgabe kann erfolgen \u00fcber:<\/p>\n<ol>\n<li>NMEA-0183 (wieder \u00fcber USB-Seriell Wandler)<\/li>\n<li>IP (TCP und UDP) &#8211; local oder \u00fcber WLAN<\/li>\n<\/ol>\n<\/li>\n<li>Android &#8222;Standalone&#8220;<br \/>\nAvNav l\u00e4uft als ganz normale App auf einem Android Ger\u00e4t. Die Daten k\u00f6nnen vom internen GPS kommen, aber genauso k\u00f6nnen auch Daten per IP oder per USB bzw. Bluetooth eingelesen werden. Die Anzeige-Funktionen sind die gleichen wie in der normalen App.<\/p>\n<p><figure id=\"attachment_534\" aria-describedby=\"caption-attachment-534\" style=\"width: 952px\" class=\"wp-caption alignnone\"><img loading=\"lazy\" decoding=\"async\" class=\"wp-image-534 size-large\" src=\"https:\/\/open-boat-projects.org\/wp-content\/uploads\/2019\/12\/IMG_20191224_102756-scaled-e1577180951323-1024x628.jpg\" alt=\"AvNav Android Standalone\" width=\"952\" height=\"584\" srcset=\"https:\/\/open-boat-projects.org\/wp-content\/uploads\/2019\/12\/IMG_20191224_102756-scaled-e1577180951323-1024x628.jpg 1024w, https:\/\/open-boat-projects.org\/wp-content\/uploads\/2019\/12\/IMG_20191224_102756-scaled-e1577180951323-300x184.jpg 300w, https:\/\/open-boat-projects.org\/wp-content\/uploads\/2019\/12\/IMG_20191224_102756-scaled-e1577180951323-768x471.jpg 768w, https:\/\/open-boat-projects.org\/wp-content\/uploads\/2019\/12\/IMG_20191224_102756-scaled-e1577180951323-1536x942.jpg 1536w, https:\/\/open-boat-projects.org\/wp-content\/uploads\/2019\/12\/IMG_20191224_102756-scaled-e1577180951323-2048x1256.jpg 2048w\" sizes=\"auto, (max-width: 952px) 100vw, 952px\" \/><figcaption id=\"caption-attachment-534\" class=\"wp-caption-text\">AvNav App auf Android<\/figcaption><\/figure><\/li>\n<li>Android &#8222;Master-Slave&#8220;<br \/>\nHier ist die App nur auf einem Ger\u00e4t (vielleicht einem Autoradio &#8211; siehe\u00a0<a href=\"https:\/\/open-boat-projects.org\/diy-plotter_android_radio\/\">DIY-Plotter Android-Radio<\/a>) installiert und sie kann auf diesem Ger\u00e4t und auch auf weiteren Ger\u00e4ten im gleichen WLAN benutzt werden. Auf den anderen Ger\u00e4ten muss dazu wieder nur ein Browser vorhanden sein &#8211; die k\u00f6nnen dann wieder auf einem beliebigen System laufen.<br \/>\nIm Bild hier ein altes Ipad 3 als 2. Display.<\/p>\n<p><figure id=\"attachment_535\" aria-describedby=\"caption-attachment-535\" style=\"width: 952px\" class=\"wp-caption alignnone\"><img loading=\"lazy\" decoding=\"async\" class=\"wp-image-535 size-large\" src=\"https:\/\/open-boat-projects.org\/wp-content\/uploads\/2019\/12\/IMG_20191224_102935-1024x768.jpg\" alt=\"AvNav Android Master Slave\" width=\"952\" height=\"714\" srcset=\"https:\/\/open-boat-projects.org\/wp-content\/uploads\/2019\/12\/IMG_20191224_102935-1024x768.jpg 1024w, https:\/\/open-boat-projects.org\/wp-content\/uploads\/2019\/12\/IMG_20191224_102935-300x225.jpg 300w, https:\/\/open-boat-projects.org\/wp-content\/uploads\/2019\/12\/IMG_20191224_102935-768x576.jpg 768w, https:\/\/open-boat-projects.org\/wp-content\/uploads\/2019\/12\/IMG_20191224_102935-1536x1152.jpg 1536w, https:\/\/open-boat-projects.org\/wp-content\/uploads\/2019\/12\/IMG_20191224_102935-2048x1536.jpg 2048w\" sizes=\"auto, (max-width: 952px) 100vw, 952px\" \/><figcaption id=\"caption-attachment-535\" class=\"wp-caption-text\">Android Master Slave &#8211; das untere Tablet arbeitet als Master, das obere wird als 2. Display genutzt<\/figcaption><\/figure><\/li>\n<li>Windows (oder Linux) Desktop<br \/>\nF\u00fcr Windows gibt es einen fertigen Installer, f\u00fcr Linux Pakete. Damit kann AvNav auch auf einem Desktop Computer (oder Laptop) installiert werden. Der Fokus ist hier zwar die Konvertierung von Karten (die z.B. im BSB Format vorliegen), aber die gesamte Funktionalit\u00e4t kann auch hier genutzt werden. Auch dabei ist es nat\u00fcrlich wieder m\u00f6glich, weitere Ger\u00e4te per Browser als Display zu nutzen.<\/p>\n<p><figure id=\"attachment_538\" aria-describedby=\"caption-attachment-538\" style=\"width: 763px\" class=\"wp-caption alignnone\"><img loading=\"lazy\" decoding=\"async\" class=\"wp-image-538 size-full\" src=\"https:\/\/open-boat-projects.org\/wp-content\/uploads\/2019\/12\/avnav-windows-start.png\" alt=\"AvNav Windows\" width=\"763\" height=\"496\" srcset=\"https:\/\/open-boat-projects.org\/wp-content\/uploads\/2019\/12\/avnav-windows-start.png 763w, https:\/\/open-boat-projects.org\/wp-content\/uploads\/2019\/12\/avnav-windows-start-300x195.png 300w\" sizes=\"auto, (max-width: 763px) 100vw, 763px\" \/><figcaption id=\"caption-attachment-538\" class=\"wp-caption-text\">AvNav unter Windows<\/figcaption><\/figure><\/li>\n<\/ol>\n<p>&nbsp;<\/p>\n","protected":false},"excerpt":{"rendered":"<p>Vorab ein paar wichtige Hinweise, die Sie unbedingt beachten sollten. OpenSource chartplotter www.wellenvogel.net Vollst\u00e4ndig webbasierte Navigationssoftware f\u00fcr Boote Kartendarstellung webbasiert auf Kachelbasis wie bei Google Maps L\u00e4uft als Server auf Raspi Auch als eigenst\u00e4ndige Android App verf\u00fcgbar Features: Navigation auf kleinen Ger\u00e4ten wie Handy oder Tablet m\u00f6glich Auf 7&#8243;-Ger\u00e4te optimiert Auf 10&#8243;-Ger\u00e4ten ideal einsetzbar z.B.&hellip; <a href=\"https:\/\/open-boat-projects.org\/de\/avnav\/\" class=\"more-link\">Weiterlesen <span class=\"screen-reader-text\">AvNav Navigationssoftware<\/span><\/a><\/p>\n","protected":false},"author":1,"featured_media":0,"parent":0,"menu_order":0,"comment_status":"closed","ping_status":"closed","template":"","meta":{"footnotes":""},"categories":[39,37],"tags":[],"class_list":["post-85","page","type-page","status-publish","hentry","category-opensource","category-projects"],"_links":{"self":[{"href":"https:\/\/open-boat-projects.org\/de\/wp-json\/wp\/v2\/pages\/85","targetHints":{"allow":["GET"]}}],"collection":[{"href":"https:\/\/open-boat-projects.org\/de\/wp-json\/wp\/v2\/pages"}],"about":[{"href":"https:\/\/open-boat-projects.org\/de\/wp-json\/wp\/v2\/types\/page"}],"author":[{"embeddable":true,"href":"https:\/\/open-boat-projects.org\/de\/wp-json\/wp\/v2\/users\/1"}],"replies":[{"embeddable":true,"href":"https:\/\/open-boat-projects.org\/de\/wp-json\/wp\/v2\/comments?post=85"}],"version-history":[{"count":29,"href":"https:\/\/open-boat-projects.org\/de\/wp-json\/wp\/v2\/pages\/85\/revisions"}],"predecessor-version":[{"id":5068,"href":"https:\/\/open-boat-projects.org\/de\/wp-json\/wp\/v2\/pages\/85\/revisions\/5068"}],"wp:attachment":[{"href":"https:\/\/open-boat-projects.org\/de\/wp-json\/wp\/v2\/media?parent=85"}],"wp:term":[{"taxonomy":"category","embeddable":true,"href":"https:\/\/open-boat-projects.org\/de\/wp-json\/wp\/v2\/categories?post=85"},{"taxonomy":"post_tag","embeddable":true,"href":"https:\/\/open-boat-projects.org\/de\/wp-json\/wp\/v2\/tags?post=85"}],"curies":[{"name":"wp","href":"https:\/\/api.w.org\/{rel}","templated":true}]}}