{"id":676,"date":"2019-11-17T18:24:16","date_gmt":"2019-11-17T18:24:16","guid":{"rendered":"https:\/\/open-boat-projects.org\/?page_id=676"},"modified":"2023-07-12T22:59:09","modified_gmt":"2023-07-12T22:59:09","slug":"3d-druck-nutzliche-teile","status":"publish","type":"page","link":"https:\/\/open-boat-projects.org\/de\/3d-druck-nutzliche-teile\/","title":{"rendered":"3D Druck f\u00fcr n\u00fctzliche Teile"},"content":{"rendered":"<p><a href=\"https:\/\/www.segeln-forum.de\/thread\/71895-3d-druck\/\">https:\/\/www.segeln-forum.de\/thread\/71895-3d-druck\/<\/a><\/p>\n<p>Da 3D-Drucker heute g\u00fcnstig zu bekommen sind, lohnt sich das eine oder andere n\u00fctzliche Teil selbst auszudrucken. Der Phantasie sind keine Grenzen gesetzt. Im Grunde genommen kann alles gedruckt werden, was man ben\u00f6tigt. Man muss aber ein wenig aufpassen, was die Festigkeit und Sonnenvertr\u00e4glichkeit der Teile betrifft. Nicht alle Kunststoffe sind f\u00fcr maritime Anwendungen im Au\u00dfenbereich geeignet.<\/p>\n<p>Im Internet gibt es eine Vielzahl an druckbaren Vorlagen, bei denen man sich bedienen kann, ohne selbst etwas konstruieren zu m\u00fcssen. Mit einem 3D-Drucker lassen sich auch nicht mehr beschaffbare Teile herstellen, wenn einmal etwas kaputt gegangen ist.<\/p>\n<p>Auf der 3D-Plattform <a href=\"http:\/\/www.tingiverse.com\">www.tingiverse.com<\/a> findet man viele n\u00fctzliche Druckvorlagen f\u00fcr verschiedenste Anwendungen. Eine kleine Vorauswahl f\u00fcr maritime Anwendungen ist hier aufgelistet:<\/p>\n<ul>\n<li><a href=\"https:\/\/www.thingiverse.com\/thing:33967\">Ankerkettenmarkierung<\/a><\/li>\n<li><a href=\"https:\/\/www.thingiverse.com\/thing:1768742\">Bootshaken Spitze<\/a><\/li>\n<li><a href=\"https:\/\/www.segeln-forum.de\/index.php?page=LinkListLinkVisit&amp;linkID=279\">Reelingshaken f\u00fcr 5. Festmacher<\/a><\/li>\n<li><a href=\"https:\/\/www.thingiverse.com\/thing:671726\">Kabeldurchf\u00fchrung<\/a><\/li>\n<li><a href=\"https:\/\/www.segeln-forum.de\/index.php?page=LinkListLinkVisit&amp;linkID=275\">Segelschoner bzw. Abweiser<\/a><\/li>\n<li><a href=\"https:\/\/www.thingiverse.com\/thing:2816005\/files\">Mast- und Baumhalterung f\u00fcr Jollen<\/a><\/li>\n<li><a href=\"https:\/\/www.thingiverse.com\/thing:2024329\">St\u00f6psel f\u00fcr einen Laser<\/a><\/li>\n<li><a href=\"https:\/\/www.thingiverse.com\/thing:1697535\">Tampenhalter<\/a><\/li>\n<li><a href=\"https:\/\/www.thingiverse.com\/thing:650507\">Schl\u00fcssel f\u00fcr Einf\u00fcllstutzen mit Stern (Winschkurbel)<\/a><\/li>\n<li><a href=\"https:\/\/www.thingiverse.com\/thing:2022951\">Luken\u00f6ffner<\/a><\/li>\n<li><a href=\"https:\/\/www.thingiverse.com\/thing:2434937\">Fenderclip<\/a><\/li>\n<li><a href=\"https:\/\/www.thingiverse.com\/thing:3190311\">Reelings-Clip<\/a><\/li>\n<li><a href=\"https:\/\/www.thingiverse.com\/thing:3478264\">Kardanische Kompassaufh\u00e4ngung<\/a><\/li>\n<li><a href=\"https:\/\/www.thingiverse.com\/thing:30749\">Kappe f\u00fcr Wantenschoner<\/a><\/li>\n<li><a href=\"https:\/\/www.thingiverse.com\/thing:3127519\">Marineschl\u00fcsselhalter<\/a><\/li>\n<li><a href=\"https:\/\/www.thingiverse.com\/thing:2254178\">Halterung f\u00fcr Toilettensitz<\/a><\/li>\n<li><a href=\"https:\/\/www.thingiverse.com\/thing:2853531\">Abdeckung f\u00fcr Stromanschluss (m\u00e4nnlich)<\/a><\/li>\n<li><a href=\"https:\/\/www.thingiverse.com\/thing:3590440\">B&amp;G Hydra 2000 Instrumentenabdeckung<\/a><\/li>\n<li><a href=\"https:\/\/www.thingiverse.com\/thing:3339999\">Splei\u00dffittinge<\/a><\/li>\n<li><a href=\"https:\/\/www.youmagine.com\/designs\/boat-cleat-cover\">Verkleidung von Klampen<\/a><\/li>\n<\/ul>\n<p>&nbsp;<\/p>\n<p><img loading=\"lazy\" decoding=\"async\" class=\"alignnone size-medium wp-image-699\" src=\"https:\/\/open-boat-projects.org\/wp-content\/uploads\/2020\/01\/Bootshakenspitze-300x225.jpg\" alt=\"\" width=\"300\" height=\"225\" srcset=\"https:\/\/open-boat-projects.org\/wp-content\/uploads\/2020\/01\/Bootshakenspitze-300x225.jpg 300w, https:\/\/open-boat-projects.org\/wp-content\/uploads\/2020\/01\/Bootshakenspitze.jpg 628w\" sizes=\"auto, (max-width: 300px) 100vw, 300px\" \/> <img loading=\"lazy\" decoding=\"async\" class=\"alignnone size-medium wp-image-698\" src=\"https:\/\/open-boat-projects.org\/wp-content\/uploads\/2020\/01\/Spliessfittinge-300x225.jpg\" alt=\"\" width=\"300\" height=\"225\" srcset=\"https:\/\/open-boat-projects.org\/wp-content\/uploads\/2020\/01\/Spliessfittinge-300x225.jpg 300w, https:\/\/open-boat-projects.org\/wp-content\/uploads\/2020\/01\/Spliessfittinge.jpg 628w\" sizes=\"auto, (max-width: 300px) 100vw, 300px\" \/> <img loading=\"lazy\" decoding=\"async\" class=\"alignnone size-medium wp-image-697\" src=\"https:\/\/open-boat-projects.org\/wp-content\/uploads\/2020\/01\/Klampenabdeckung-300x224.jpg\" alt=\"\" width=\"300\" height=\"224\" srcset=\"https:\/\/open-boat-projects.org\/wp-content\/uploads\/2020\/01\/Klampenabdeckung-300x224.jpg 300w, https:\/\/open-boat-projects.org\/wp-content\/uploads\/2020\/01\/Klampenabdeckung.jpg 640w\" sizes=\"auto, (max-width: 300px) 100vw, 300px\" \/> <img loading=\"lazy\" decoding=\"async\" class=\"alignnone size-medium wp-image-692\" src=\"https:\/\/open-boat-projects.org\/wp-content\/uploads\/2020\/01\/Abdeckung_Stromanschluss-300x225.jpg\" alt=\"\" width=\"300\" height=\"225\" srcset=\"https:\/\/open-boat-projects.org\/wp-content\/uploads\/2020\/01\/Abdeckung_Stromanschluss-300x225.jpg 300w, https:\/\/open-boat-projects.org\/wp-content\/uploads\/2020\/01\/Abdeckung_Stromanschluss.jpg 628w\" sizes=\"auto, (max-width: 300px) 100vw, 300px\" \/> <img loading=\"lazy\" decoding=\"async\" class=\"alignnone size-medium wp-image-696\" src=\"https:\/\/open-boat-projects.org\/wp-content\/uploads\/2020\/01\/Tampenhalter-300x225.jpg\" alt=\"\" width=\"300\" height=\"225\" srcset=\"https:\/\/open-boat-projects.org\/wp-content\/uploads\/2020\/01\/Tampenhalter-300x225.jpg 300w, https:\/\/open-boat-projects.org\/wp-content\/uploads\/2020\/01\/Tampenhalter.jpg 628w\" sizes=\"auto, (max-width: 300px) 100vw, 300px\" \/> <img loading=\"lazy\" decoding=\"async\" class=\"alignnone size-medium wp-image-695\" src=\"https:\/\/open-boat-projects.org\/wp-content\/uploads\/2020\/01\/Schluessel_Einfuellstutzen-300x225.jpg\" alt=\"\" width=\"300\" height=\"225\" srcset=\"https:\/\/open-boat-projects.org\/wp-content\/uploads\/2020\/01\/Schluessel_Einfuellstutzen-300x225.jpg 300w, https:\/\/open-boat-projects.org\/wp-content\/uploads\/2020\/01\/Schluessel_Einfuellstutzen.jpg 628w\" sizes=\"auto, (max-width: 300px) 100vw, 300px\" \/> <img loading=\"lazy\" decoding=\"async\" class=\"alignnone size-medium wp-image-694\" src=\"https:\/\/open-boat-projects.org\/wp-content\/uploads\/2020\/01\/Lugenoeffner-300x225.jpg\" alt=\"\" width=\"300\" height=\"225\" srcset=\"https:\/\/open-boat-projects.org\/wp-content\/uploads\/2020\/01\/Lugenoeffner-300x225.jpg 300w, https:\/\/open-boat-projects.org\/wp-content\/uploads\/2020\/01\/Lugenoeffner.jpg 628w\" sizes=\"auto, (max-width: 300px) 100vw, 300px\" \/> <img loading=\"lazy\" decoding=\"async\" class=\"alignnone size-medium wp-image-693\" src=\"https:\/\/open-boat-projects.org\/wp-content\/uploads\/2020\/01\/Marineschl\u00fcsselhalter-300x225.jpg\" alt=\"\" width=\"300\" height=\"225\" srcset=\"https:\/\/open-boat-projects.org\/wp-content\/uploads\/2020\/01\/Marineschl\u00fcsselhalter-300x225.jpg 300w, https:\/\/open-boat-projects.org\/wp-content\/uploads\/2020\/01\/Marineschl\u00fcsselhalter.jpg 628w\" sizes=\"auto, (max-width: 300px) 100vw, 300px\" \/><\/p>\n","protected":false},"excerpt":{"rendered":"<p>https:\/\/www.segeln-forum.de\/thread\/71895-3d-druck\/ Da 3D-Drucker heute g\u00fcnstig zu bekommen sind, lohnt sich das eine oder andere n\u00fctzliche Teil selbst auszudrucken. Der Phantasie sind keine Grenzen gesetzt. Im Grunde genommen kann alles gedruckt werden, was man ben\u00f6tigt. Man muss aber ein wenig aufpassen, was die Festigkeit und Sonnenvertr\u00e4glichkeit der Teile betrifft. Nicht alle Kunststoffe sind f\u00fcr maritime Anwendungen&hellip; <a href=\"https:\/\/open-boat-projects.org\/de\/3d-druck-nutzliche-teile\/\" class=\"more-link\">Weiterlesen <span class=\"screen-reader-text\">3D Druck f\u00fcr n\u00fctzliche Teile<\/span><\/a><\/p>\n","protected":false},"author":2,"featured_media":0,"parent":0,"menu_order":0,"comment_status":"closed","ping_status":"closed","template":"","meta":{"footnotes":""},"categories":[40,39,44],"tags":[],"class_list":["post-676","page","type-page","status-publish","hentry","category-openhardware","category-opensource","category-sharedknowledge"],"_links":{"self":[{"href":"https:\/\/open-boat-projects.org\/de\/wp-json\/wp\/v2\/pages\/676","targetHints":{"allow":["GET"]}}],"collection":[{"href":"https:\/\/open-boat-projects.org\/de\/wp-json\/wp\/v2\/pages"}],"about":[{"href":"https:\/\/open-boat-projects.org\/de\/wp-json\/wp\/v2\/types\/page"}],"author":[{"embeddable":true,"href":"https:\/\/open-boat-projects.org\/de\/wp-json\/wp\/v2\/users\/2"}],"replies":[{"embeddable":true,"href":"https:\/\/open-boat-projects.org\/de\/wp-json\/wp\/v2\/comments?post=676"}],"version-history":[{"count":16,"href":"https:\/\/open-boat-projects.org\/de\/wp-json\/wp\/v2\/pages\/676\/revisions"}],"predecessor-version":[{"id":5050,"href":"https:\/\/open-boat-projects.org\/de\/wp-json\/wp\/v2\/pages\/676\/revisions\/5050"}],"wp:attachment":[{"href":"https:\/\/open-boat-projects.org\/de\/wp-json\/wp\/v2\/media?parent=676"}],"wp:term":[{"taxonomy":"category","embeddable":true,"href":"https:\/\/open-boat-projects.org\/de\/wp-json\/wp\/v2\/categories?post=676"},{"taxonomy":"post_tag","embeddable":true,"href":"https:\/\/open-boat-projects.org\/de\/wp-json\/wp\/v2\/tags?post=676"}],"curies":[{"name":"wp","href":"https:\/\/api.w.org\/{rel}","templated":true}]}}