{"id":590,"date":"2019-11-18T18:56:09","date_gmt":"2019-11-18T18:56:09","guid":{"rendered":"https:\/\/open-boat-projects.org\/?page_id=590"},"modified":"2023-07-12T23:30:45","modified_gmt":"2023-07-12T23:30:45","slug":"diy-bootsautomation","status":"publish","type":"page","link":"https:\/\/open-boat-projects.org\/de\/diy-bootsautomation\/","title":{"rendered":"DIY Bootsautomation"},"content":{"rendered":"<p><a href=\"https:\/\/www.segeln-forum.de\/thread\/74286-diy-boots-automation\/\">\u00a0<\/a><a href=\"https:\/\/www.segeln-forum.de\/thread\/74286-diy-boots-automation\/\"><img loading=\"lazy\" decoding=\"async\" class=\"alignnone wp-image-593 size-full\" src=\"https:\/\/open-boat-projects.org\/wp-content\/uploads\/2019\/12\/Boat_Automation2.png\" alt=\"\" width=\"395\" height=\"720\" srcset=\"https:\/\/open-boat-projects.org\/wp-content\/uploads\/2019\/12\/Boat_Automation2.png 395w, https:\/\/open-boat-projects.org\/wp-content\/uploads\/2019\/12\/Boat_Automation2-165x300.png 165w\" sizes=\"auto, (max-width: 395px) 100vw, 395px\" \/><\/a><\/p>\n<p><a href=\"https:\/\/www.segeln-forum.de\/thread\/74286-diy-boots-automation\/\">https:\/\/www.segeln-forum.de\/thread\/74286-diy-boots-automation\/<\/a><\/p>\n<ul>\n<li>Benutzung von Komponenten aus der Home-Automation<\/li>\n<li>Anbindung \u00fcber WLAN<\/li>\n<li>Bedienung \u00fcber Webbrowser mit Handy oder Tablet<\/li>\n<li>Gestaltung eigener Bedienseiten mit HTML-Code \u00fcber vordefinierte Widgets und CSS<\/li>\n<li>Freie Konfiguration von Symbolen und Namen \u00fcber Konfigurationsdatei<\/li>\n<li>Keine JavaScript-Programmierung notwendig<\/li>\n<li>Spezielle OpenSource-Firmware f\u00fcr Steuerger\u00e4te erforderlich <a href=\"https:\/\/www.tasmota.info\/\" target=\"_blank\" rel=\"noopener\">(Tasmota)<\/a><\/li>\n<li>Keine Cloud-Anbindung notwendig<\/li>\n<li>Ger\u00e4te werden direkt mit HTTP-Befehlen angesteuert<\/li>\n<li><a href=\"https:\/\/github.com\/jziolkowski\/tdm\" target=\"_blank\" rel=\"noopener\">Device Manager<\/a> f\u00fcr Ger\u00e4teverwaltung vorhanden<\/li>\n<li>Gro\u00dfe Community<\/li>\n<li>Gut getestete Firmware mit breitem Einsatzspektrum<\/li>\n<li><a href=\"https:\/\/templates.blakadder.com\/eu.html\" target=\"_blank\" rel=\"noopener\">Vielf\u00e4ltige Ger\u00e4tehardware<\/a> verf\u00fcgbar\n<ul>\n<li>1-Kanal Schalter ohne Strommessung<\/li>\n<li>1-Kanal Schalter mit Strommessung 230V AC<\/li>\n<li>4-Kanal-Schalter potentialfrei<\/li>\n<li>4-Kanal-Schalter potentialfrei mit 433MHz Funkfernbedienung<\/li>\n<li>Ventilantrieb<\/li>\n<li>LED-Lichtsteuerung<\/li>\n<li>Temperaturf\u00fchler<\/li>\n<li>L\u00fcfter<\/li>\n<\/ul>\n<\/li>\n<li>Eigene Hardware \u00fcber generische Module integrierbar<\/li>\n<li>Kosteng\u00fcnstig ab ca. 30 Euro<\/li>\n<\/ul>\n<p><img loading=\"lazy\" decoding=\"async\" class=\"alignnone size-medium wp-image-594\" src=\"https:\/\/open-boat-projects.org\/wp-content\/uploads\/2019\/12\/Ventilsteller-300x300.jpg\" alt=\"\" width=\"300\" height=\"300\" srcset=\"https:\/\/open-boat-projects.org\/wp-content\/uploads\/2019\/12\/Ventilsteller-300x300.jpg 300w, https:\/\/open-boat-projects.org\/wp-content\/uploads\/2019\/12\/Ventilsteller-1024x1024.jpg 1024w, https:\/\/open-boat-projects.org\/wp-content\/uploads\/2019\/12\/Ventilsteller-150x150.jpg 150w, https:\/\/open-boat-projects.org\/wp-content\/uploads\/2019\/12\/Ventilsteller-768x768.jpg 768w, https:\/\/open-boat-projects.org\/wp-content\/uploads\/2019\/12\/Ventilsteller.jpg 1500w\" sizes=\"auto, (max-width: 300px) 100vw, 300px\" \/>\u00a0 <img loading=\"lazy\" decoding=\"async\" class=\"alignnone size-medium wp-image-595\" src=\"https:\/\/open-boat-projects.org\/wp-content\/uploads\/2019\/12\/TempSensor-300x231.png\" alt=\"\" width=\"300\" height=\"231\" srcset=\"https:\/\/open-boat-projects.org\/wp-content\/uploads\/2019\/12\/TempSensor-300x231.png 300w, https:\/\/open-boat-projects.org\/wp-content\/uploads\/2019\/12\/TempSensor-1024x790.png 1024w, https:\/\/open-boat-projects.org\/wp-content\/uploads\/2019\/12\/TempSensor-768x592.png 768w, https:\/\/open-boat-projects.org\/wp-content\/uploads\/2019\/12\/TempSensor-1536x1185.png 1536w, https:\/\/open-boat-projects.org\/wp-content\/uploads\/2019\/12\/TempSensor.png 1540w\" sizes=\"auto, (max-width: 300px) 100vw, 300px\" \/><img loading=\"lazy\" decoding=\"async\" class=\"alignnone size-medium wp-image-596\" src=\"https:\/\/open-boat-projects.org\/wp-content\/uploads\/2019\/12\/PowerMonitor-300x300.png\" alt=\"\" width=\"300\" height=\"300\" srcset=\"https:\/\/open-boat-projects.org\/wp-content\/uploads\/2019\/12\/PowerMonitor-300x300.png 300w, https:\/\/open-boat-projects.org\/wp-content\/uploads\/2019\/12\/PowerMonitor-150x150.png 150w, https:\/\/open-boat-projects.org\/wp-content\/uploads\/2019\/12\/PowerMonitor-768x768.png 768w, https:\/\/open-boat-projects.org\/wp-content\/uploads\/2019\/12\/PowerMonitor.png 1000w\" sizes=\"auto, (max-width: 300px) 100vw, 300px\" \/> <img loading=\"lazy\" decoding=\"async\" class=\"alignnone size-medium wp-image-597\" src=\"https:\/\/open-boat-projects.org\/wp-content\/uploads\/2019\/12\/LED_Controller-300x300.png\" alt=\"\" width=\"300\" height=\"300\" srcset=\"https:\/\/open-boat-projects.org\/wp-content\/uploads\/2019\/12\/LED_Controller-300x300.png 300w, https:\/\/open-boat-projects.org\/wp-content\/uploads\/2019\/12\/LED_Controller-150x150.png 150w, https:\/\/open-boat-projects.org\/wp-content\/uploads\/2019\/12\/LED_Controller-768x768.png 768w, https:\/\/open-boat-projects.org\/wp-content\/uploads\/2019\/12\/LED_Controller.png 1000w\" sizes=\"auto, (max-width: 300px) 100vw, 300px\" \/><\/p>\n<p><img loading=\"lazy\" decoding=\"async\" class=\"alignnone size-medium wp-image-598\" src=\"https:\/\/open-boat-projects.org\/wp-content\/uploads\/2019\/12\/4Kanal_Schalter-300x300.png\" alt=\"\" width=\"300\" height=\"300\" srcset=\"https:\/\/open-boat-projects.org\/wp-content\/uploads\/2019\/12\/4Kanal_Schalter-300x300.png 300w, https:\/\/open-boat-projects.org\/wp-content\/uploads\/2019\/12\/4Kanal_Schalter-150x150.png 150w, https:\/\/open-boat-projects.org\/wp-content\/uploads\/2019\/12\/4Kanal_Schalter-768x768.png 768w, https:\/\/open-boat-projects.org\/wp-content\/uploads\/2019\/12\/4Kanal_Schalter.png 1000w\" sizes=\"auto, (max-width: 300px) 100vw, 300px\" \/> <img loading=\"lazy\" decoding=\"async\" class=\"alignnone size-medium wp-image-1428\" src=\"https:\/\/open-boat-projects.org\/wp-content\/uploads\/2021\/04\/PZEM-017_4-300x300.jpg\" alt=\"\" width=\"300\" height=\"300\" srcset=\"https:\/\/open-boat-projects.org\/wp-content\/uploads\/2021\/04\/PZEM-017_4-300x300.jpg 300w, https:\/\/open-boat-projects.org\/wp-content\/uploads\/2021\/04\/PZEM-017_4-150x150.jpg 150w, https:\/\/open-boat-projects.org\/wp-content\/uploads\/2021\/04\/PZEM-017_4-768x768.jpg 768w, https:\/\/open-boat-projects.org\/wp-content\/uploads\/2021\/04\/PZEM-017_4-12x12.jpg 12w, https:\/\/open-boat-projects.org\/wp-content\/uploads\/2021\/04\/PZEM-017_4.jpg 1000w\" sizes=\"auto, (max-width: 300px) 100vw, 300px\" \/><\/p>\n<p>&nbsp;<\/p>\n<p>&nbsp;<\/p>\n","protected":false},"excerpt":{"rendered":"<p>\u00a0 https:\/\/www.segeln-forum.de\/thread\/74286-diy-boots-automation\/ Benutzung von Komponenten aus der Home-Automation Anbindung \u00fcber WLAN Bedienung \u00fcber Webbrowser mit Handy oder Tablet Gestaltung eigener Bedienseiten mit HTML-Code \u00fcber vordefinierte Widgets und CSS Freie Konfiguration von Symbolen und Namen \u00fcber Konfigurationsdatei Keine JavaScript-Programmierung notwendig Spezielle OpenSource-Firmware f\u00fcr Steuerger\u00e4te erforderlich (Tasmota) Keine Cloud-Anbindung notwendig Ger\u00e4te werden direkt mit HTTP-Befehlen angesteuert Device&hellip; <a href=\"https:\/\/open-boat-projects.org\/de\/diy-bootsautomation\/\" class=\"more-link\">Weiterlesen <span class=\"screen-reader-text\">DIY Bootsautomation<\/span><\/a><\/p>\n","protected":false},"author":2,"featured_media":0,"parent":0,"menu_order":0,"comment_status":"closed","ping_status":"closed","template":"","meta":{"footnotes":""},"categories":[40,39],"tags":[],"class_list":["post-590","page","type-page","status-publish","hentry","category-openhardware","category-opensource"],"_links":{"self":[{"href":"https:\/\/open-boat-projects.org\/de\/wp-json\/wp\/v2\/pages\/590","targetHints":{"allow":["GET"]}}],"collection":[{"href":"https:\/\/open-boat-projects.org\/de\/wp-json\/wp\/v2\/pages"}],"about":[{"href":"https:\/\/open-boat-projects.org\/de\/wp-json\/wp\/v2\/types\/page"}],"author":[{"embeddable":true,"href":"https:\/\/open-boat-projects.org\/de\/wp-json\/wp\/v2\/users\/2"}],"replies":[{"embeddable":true,"href":"https:\/\/open-boat-projects.org\/de\/wp-json\/wp\/v2\/comments?post=590"}],"version-history":[{"count":12,"href":"https:\/\/open-boat-projects.org\/de\/wp-json\/wp\/v2\/pages\/590\/revisions"}],"predecessor-version":[{"id":5063,"href":"https:\/\/open-boat-projects.org\/de\/wp-json\/wp\/v2\/pages\/590\/revisions\/5063"}],"wp:attachment":[{"href":"https:\/\/open-boat-projects.org\/de\/wp-json\/wp\/v2\/media?parent=590"}],"wp:term":[{"taxonomy":"category","embeddable":true,"href":"https:\/\/open-boat-projects.org\/de\/wp-json\/wp\/v2\/categories?post=590"},{"taxonomy":"post_tag","embeddable":true,"href":"https:\/\/open-boat-projects.org\/de\/wp-json\/wp\/v2\/tags?post=590"}],"curies":[{"name":"wp","href":"https:\/\/api.w.org\/{rel}","templated":true}]}}