{"id":59,"date":"2019-11-29T09:52:02","date_gmt":"2019-11-29T09:52:02","guid":{"rendered":"https:\/\/open-boat-projects.org\/?page_id=59"},"modified":"2023-07-12T23:46:01","modified_gmt":"2023-07-12T23:46:01","slug":"projekte","status":"publish","type":"page","link":"https:\/\/open-boat-projects.org\/de\/projekte\/","title":{"rendered":"Projekte"},"content":{"rendered":"<ul>\n<li><a class=\"external text\" href=\"https:\/\/open-boat-projects.org\/openplotter\/\" rel=\"nofollow noreferrer noopener\">openPlotter<\/a> Hard- &amp; Software<\/li>\n<li><a class=\"external text\" href=\"https:\/\/open-boat-projects.org\/opencpn\/\" rel=\"nofollow noreferrer noopener\">openCPN<\/a> Chart Plotter Navigation software<\/li>\n<li><a href=\"https:\/\/open-boat-projects.org\/opendata\/\">openData<\/a>\n<ul>\n<li><a class=\"external text\" href=\"https:\/\/de.wikipedia.org\/wiki\/OpenStreetMap\" target=\"_blank\" rel=\"nofollow noreferrer noopener\">openStreetMap<\/a> openGeoData<\/li>\n<li><a class=\"external text\" href=\"https:\/\/de.wikipedia.org\/wiki\/OpenSeaMap\" target=\"_blank\" rel=\"nofollow noreferrer noopener\">openSeaMap<\/a> nautical charts distribution<\/li>\n<li><a class=\"external text\" href=\"https:\/\/wiki.opennauticalchart.org\" target=\"_blank\" rel=\"nofollow noreferrer noopener\">openNauticalChart<\/a> nautical charts renderer<\/li>\n<\/ul>\n<\/li>\n<li><a class=\"external text\" href=\"https:\/\/open-boat-projects.org\/signalk\/\" rel=\"nofollow noreferrer noopener\">signalK<\/a> open data format for marine use<\/li>\n<li><a class=\"external text\" href=\"https:\/\/open-boat-projects.org\/avnav\/\" rel=\"nofollow noreferrer noopener\">AVnav<\/a> Navigationssoftware<\/li>\n<li><a href=\"https:\/\/open-boat-projects.org\/maker-szene\/\">offene Werkst\u00e4tten<\/a>\n<ul>\n<li>3D-Druck und deren M\u00f6glichkeiten<\/li>\n<li>CAD-Systeme f\u00fcr Mechanik, Elektronik, Simulation<\/li>\n<li>Fertigungsm\u00f6glichkeiten<\/li>\n<\/ul>\n<\/li>\n<li>Moderne Elektronikmodule von Espressif<\/li>\n<li><a class=\"external text\" href=\"https:\/\/open-boat-projects.org\/diy-fernbedienung-fur-autopilot-raymarine\/\" rel=\"nofollow noreferrer noopener\">DIY Fernbedienung f\u00fcr Seatalk Autopilot<\/a><\/li>\n<li><a href=\"https:\/\/open-boat-projects.org\/nmea2000-and-esp32\/\">DIY NMEA2000 Projekte mit dem ESP32<\/a>\n<ul>\n<li>NMEA2000 zu NMEA0183 WLAN-Gateway<\/li>\n<li>NMEA2000 M5Stack Daten-Display<\/li>\n<li>NMEA2000 Daten-Sender<\/li>\n<li>NMEA2000 Daten-Recorder<\/li>\n<\/ul>\n<\/li>\n<li><a class=\"external text\" href=\"https:\/\/open-boat-projects.org\/diy-windsensor\/\" rel=\"nofollow noreferrer noopener\">DIY Windsensor<\/a><\/li>\n<li><a class=\"external text\" href=\"https:\/\/open-boat-projects.org\/diy-motordiagnose\/\" rel=\"nofollow noreferrer noopener\">DIY Motordiagnose<\/a><\/li>\n<li><a class=\"external text\" href=\"https:\/\/open-boat-projects.org\/diy-vordeckkamera\/\" rel=\"nofollow noreferrer noopener\">DIY Vordeck-Kamera<\/a><\/li>\n<li><a class=\"external text\" href=\"https:\/\/open-boat-projects.org\/diy-multifunktionsdisplay\/\" rel=\"nofollow noreferrer noopener\">DIY Multifunktionsdisplay<\/a> mit M5Stack<\/li>\n<li><a class=\"external text\" href=\"https:\/\/open-boat-projects.org\/10-zoll-plotter-1000-nits\/\" rel=\"nofollow noreferrer noopener\">DIY 10-Zoll Plotter<\/a>\u00a0(tageslichttauglich)<\/li>\n<li><a class=\"external text\" href=\"https:\/\/open-boat-projects.org\/diy-plotter_android_radio\/\" rel=\"nofollow noreferrer noopener\">DIY Plotter<\/a> mit Android Autoradio<\/li>\n<li>Automation mit Sonoff-Komponenten und Tasmota Firmware<\/li>\n<li><a class=\"external text\" href=\"https:\/\/open-boat-projects.org\/nodered-2\/\" rel=\"nofollow noreferrer noopener\">node-RED<\/a> Automation und Visualisierung<\/li>\n<li>Bordcontroller f\u00fcr Yachten<\/li>\n<li><a href=\"https:\/\/open-boat-projects.org\/lipofe4-akku-im-eingenimport-aus-china\/\">LiPoFe4 Batterie im Eigenimport<\/a><\/li>\n<li><a href=\"https:\/\/open-boat-projects.org\/diy-bootsautomation\/\">DIY Bootsautomation<\/a><\/li>\n<li><a href=\"https:\/\/open-boat-projects.org\/lora-bootsmonitor\/\">LoRa Bootsmonitor<\/a><\/li>\n<li><a href=\"https:\/\/open-boat-projects.org\/diy-wasseraufbereitung\/\">DIY Wasseraufbereitung<\/a><\/li>\n<li><a href=\"https:\/\/open-boat-projects.org\/diy-e-antrieb-3-kw\/\">DIY E-Antrieb 3 kW<\/a><\/li>\n<li><a href=\"https:\/\/open-boat-projects.org\/diy-ultraschall-fuellstandsmessung\/\">DIY Ultraschall F\u00fcllstandsmessung<\/a><\/li>\n<li><a href=\"https:\/\/open-boat-projects.org\/diy-ais-klasse-b-empfaenger-sende\/\">DIY AIS Klasse B Empf\u00e4nger \/ Sender<\/a><\/li>\n<li><a href=\"http:\/\/open-boat-projects.org\/de\/diy-kielsensor\/\">DIY Kielsensor<\/a><\/li>\n<\/ul>\n","protected":false},"excerpt":{"rendered":"<p>openPlotter Hard- &amp; Software openCPN Chart Plotter Navigation software openData openStreetMap openGeoData openSeaMap nautical charts distribution openNauticalChart nautical charts renderer signalK open data format for marine use AVnav Navigationssoftware offene Werkst\u00e4tten 3D-Druck und deren M\u00f6glichkeiten CAD-Systeme f\u00fcr Mechanik, Elektronik, Simulation Fertigungsm\u00f6glichkeiten Moderne Elektronikmodule von Espressif DIY Fernbedienung f\u00fcr Seatalk Autopilot DIY NMEA2000 Projekte mit dem&hellip; <a href=\"https:\/\/open-boat-projects.org\/de\/projekte\/\" class=\"more-link\">Weiterlesen <span class=\"screen-reader-text\">Projekte<\/span><\/a><\/p>\n","protected":false},"author":1,"featured_media":0,"parent":0,"menu_order":0,"comment_status":"closed","ping_status":"closed","template":"","meta":{"footnotes":""},"categories":[37],"tags":[],"class_list":["post-59","page","type-page","status-publish","hentry","category-projects"],"_links":{"self":[{"href":"https:\/\/open-boat-projects.org\/de\/wp-json\/wp\/v2\/pages\/59","targetHints":{"allow":["GET"]}}],"collection":[{"href":"https:\/\/open-boat-projects.org\/de\/wp-json\/wp\/v2\/pages"}],"about":[{"href":"https:\/\/open-boat-projects.org\/de\/wp-json\/wp\/v2\/types\/page"}],"author":[{"embeddable":true,"href":"https:\/\/open-boat-projects.org\/de\/wp-json\/wp\/v2\/users\/1"}],"replies":[{"embeddable":true,"href":"https:\/\/open-boat-projects.org\/de\/wp-json\/wp\/v2\/comments?post=59"}],"version-history":[{"count":25,"href":"https:\/\/open-boat-projects.org\/de\/wp-json\/wp\/v2\/pages\/59\/revisions"}],"predecessor-version":[{"id":5071,"href":"https:\/\/open-boat-projects.org\/de\/wp-json\/wp\/v2\/pages\/59\/revisions\/5071"}],"wp:attachment":[{"href":"https:\/\/open-boat-projects.org\/de\/wp-json\/wp\/v2\/media?parent=59"}],"wp:term":[{"taxonomy":"category","embeddable":true,"href":"https:\/\/open-boat-projects.org\/de\/wp-json\/wp\/v2\/categories?post=59"},{"taxonomy":"post_tag","embeddable":true,"href":"https:\/\/open-boat-projects.org\/de\/wp-json\/wp\/v2\/tags?post=59"}],"curies":[{"name":"wp","href":"https:\/\/api.w.org\/{rel}","templated":true}]}}