{"id":5651,"date":"2026-01-04T08:11:21","date_gmt":"2026-01-04T08:11:21","guid":{"rendered":"https:\/\/open-boat-projects.org\/?page_id=5651"},"modified":"2026-03-04T16:43:28","modified_gmt":"2026-03-04T16:43:28","slug":"obpkeypad-6-1","status":"publish","type":"page","link":"https:\/\/open-boat-projects.org\/de\/obpkeypad-6-1\/","title":{"rendered":"OBP Keypad 6\/1"},"content":{"rendered":"<p><img loading=\"lazy\" decoding=\"async\" class=\"alignnone wp-image-5676 size-medium\" src=\"https:\/\/open-boat-projects.org\/wp-content\/uploads\/2026\/01\/Frontview-300x225.png\" alt=\"\" width=\"300\" height=\"225\" srcset=\"https:\/\/open-boat-projects.org\/wp-content\/uploads\/2026\/01\/Frontview-300x225.png 300w, https:\/\/open-boat-projects.org\/wp-content\/uploads\/2026\/01\/Frontview-768x576.png 768w, https:\/\/open-boat-projects.org\/wp-content\/uploads\/2026\/01\/Frontview-16x12.png 16w, https:\/\/open-boat-projects.org\/wp-content\/uploads\/2026\/01\/Frontview.png 800w\" sizes=\"auto, (max-width: 300px) 100vw, 300px\" \/><\/p>\n<p>Tastenerweiterung f\u00fcr die OBP-Multifunktionsger\u00e4te \u00fcber NMEA2000.<\/p>\n<p><!--more--><\/p>\n<h1>Motivation<\/h1>\n<p>Beispiel: Es werden zwei OBP40 als Anzeigeinstrumente installiert. Um Wasserdichtigkeit zu erreichen sind sie hinter einer Scheibe angebracht. Um beide Ger\u00e4te bedienen zu k\u00f6nnen wird ein externes Tastenfeld ben\u00f6tigt:<\/p>\n<div class=\"level2\">\n<ul>\n<li class=\"level1\">\n<div class=\"li\">NMEA2000-Tastatur kabelgebunden, f\u00fcr den Festeinbau vorgesehen<\/div>\n<\/li>\n<li class=\"level1\">\n<div class=\"li\">Das Ger\u00e4t soll wasserdicht sein<\/div>\n<\/li>\n<li class=\"level1\">\n<div class=\"li\">Es sollen 6 Tasten wie beim OBP60 verwendet werden<\/div>\n<\/li>\n<li class=\"level1\">\n<div class=\"li\">Die Tasten sollen \u201eechte\u201c Tasten sein, die ein gutes haptisches Feedback liefern und blind ertastet werden k\u00f6nnen<\/div>\n<\/li>\n<li class=\"level1\">\n<div class=\"li\">Ein Tastendruck liefert optional ein akustisches Feedback<\/div>\n<\/li>\n<li class=\"level1\">\n<div class=\"li\">Die Tastatur soll dynamisch an verschiedene Zielger\u00e4te gekoppelt werden k\u00f6nnen<\/div>\n<\/li>\n<li class=\"level1\">\n<div class=\"li\">Konfiguration \u00fcber eine Weboberfl\u00e4che<\/div>\n<\/li>\n<li class=\"level1\">\n<div class=\"li\">DIY-freundlich<\/div>\n<\/li>\n<\/ul>\n<figure id=\"attachment_5671\" aria-describedby=\"caption-attachment-5671\" style=\"width: 600px\" class=\"wp-caption alignnone\"><img loading=\"lazy\" decoding=\"async\" class=\"wp-image-5671\" src=\"https:\/\/open-boat-projects.org\/wp-content\/uploads\/2026\/01\/obpkp61_front-1-300x211.png\" alt=\"OBPkeypad Vorderseite\" width=\"600\" height=\"422\" srcset=\"https:\/\/open-boat-projects.org\/wp-content\/uploads\/2026\/01\/obpkp61_front-1-300x211.png 300w, https:\/\/open-boat-projects.org\/wp-content\/uploads\/2026\/01\/obpkp61_front-1-1024x719.png 1024w, https:\/\/open-boat-projects.org\/wp-content\/uploads\/2026\/01\/obpkp61_front-1-768x540.png 768w, https:\/\/open-boat-projects.org\/wp-content\/uploads\/2026\/01\/obpkp61_front-1-18x12.png 18w, https:\/\/open-boat-projects.org\/wp-content\/uploads\/2026\/01\/obpkp61_front-1.png 1032w\" sizes=\"auto, (max-width: 600px) 100vw, 600px\" \/><figcaption id=\"caption-attachment-5671\" class=\"wp-caption-text\">Komponentenbeschreibung<\/figcaption><\/figure>\n<\/div>\n<h1>Kurzanleitung<\/h1>\n<p>Das Ger\u00e4t besteht aus folgenden Komponenten<\/p>\n<ol>\n<li class=\"level1\">\n<div class=\"li\">Status-LED: diese kann verschiedene Farben annehmen<\/div>\n<\/li>\n<li>Helligkeitssensor (ab Version 2)<\/li>\n<li class=\"level1\">\n<div class=\"li\">Zielanzeige (DST): Zeigt an, an welches Ger\u00e4t die Tastendr\u00fccke gesendet werden sollen<\/div>\n<\/li>\n<li class=\"level1\">\n<div class=\"li\">Zielwahltaste: Zum wechseln zwischen den einzelnen Zielen (A, B oder C)<\/div>\n<\/li>\n<li class=\"level1\">\n<div class=\"li\">Taste 1 bis 6: Sendet einen konfigurierbaren Tastencode an das Ziel<\/div>\n<\/li>\n<li class=\"level1\">\n<div class=\"li\">M12 Micro-C-Anschlu\u00df: Hier wird das NMEA2000-Kabel angeschlossen<\/div>\n<\/li>\n<\/ol>\n<h2 id=\"inbetriebnahme\" class=\"sectionedit2\">Inbetriebnahme<\/h2>\n<div class=\"level2\">\n<ul>\n<li class=\"level1\">\n<div class=\"li\">Anschlu\u00df an das NMEA2000-Netzwerk<\/div>\n<\/li>\n<li class=\"level1\">\n<div class=\"li\">Das Ger\u00e4t startet automatisch, die Status-LED leuchtet zur Information rot<\/div>\n<\/li>\n<li class=\"level1\">\n<div class=\"li\">Es folgt ein interner Test, bei dem alle LEDs einmal aufleuchten<\/div>\n<\/li>\n<li class=\"level1\">\n<div class=\"li\">Das Ziel A ist ausgew\u00e4hlt, die zugeh\u00f6rige LED leuchtet gr\u00fcn<\/div>\n<\/li>\n<li class=\"level1\">\n<div class=\"li\">Die Status-LED blitzt alle 5 Sekunden einmal kurz auf<\/div>\n<\/li>\n<li class=\"level1\">\n<div class=\"li\">Falls ein Temperatur-\/Feuchtesensor eingebaut ist, sendet dieser in regelm\u00e4\u00dfigen Abst\u00e4nden die Me\u00dfwerte in das NMEA2000-Netzwerk<\/div>\n<\/li>\n<\/ul>\n<h2 id=\"konfiguration_ueber_web-gui\" class=\"sectionedit3\">Konfiguration \u00fcber Web-GUI<\/h2>\n<ul>\n<li class=\"level1\">\n<div class=\"li\">Verbinden mit dem WLAN <code>OBPKP61<\/code>, Kennwort <code>keypad61<\/code><\/div>\n<\/li>\n<li class=\"level1\">\n<div class=\"li\">Aufruf der Adresse <code>192.168.15.1<\/code><\/div>\n<\/li>\n<li class=\"level1\">\n<div class=\"li\">Aufruf der Seite <code>Config<\/code><\/div>\n<\/li>\n<li class=\"level1\">\n<div class=\"li\">Gew\u00fcnsche Einstellungen vornehmen<\/div>\n<\/li>\n<li class=\"level1\">\n<div class=\"li\">Speichern, das Ger\u00e4t startet automatisch neu<\/div>\n<\/li>\n<\/ul>\n<p>Es k\u00f6nnen 3 Ziele f\u00fcr die Tastencodes eingestellt werden. Das OBPkeypad 6\/1 ermittelt eine Liste der im NMEA2000-Netzwerk vorhandenen Ger\u00e4te. Diese k\u00f6nnen den Zielen A, B und C zugeordnet werden. Es kann sein, da\u00df direkt nach dem Einschalten noch keine oder nicht alle vorhandenen Ger\u00e4te angezeigt werden. In diesem Fall einfach einige Zeit warten.<\/p>\n<h2 id=\"konfigurationsmodus\" class=\"sectionedit4\">Konfigurationsmodus<\/h2>\n<p>Um vom Normalbetrieb in den Konfigurationsmodus zu wechseln, die Zielwahltaste l\u00e4nger als 3 Sekunden dr\u00fccken. Nach den Loslassen leuchtet die Status-LED blau. In diesem Modus haben die Tasten 1 bis 6 jeweils eine besondere Funktion:<\/p>\n<\/div>\n<table class=\"inline\">\n<thead>\n<tr class=\"row0\" style=\"background-color: #cccccc;\">\n<th class=\"col0 leftalign\">Taste<\/th>\n<th class=\"col1 leftalign\">Funktion<\/th>\n<\/tr>\n<\/thead>\n<tbody>\n<tr class=\"row1\">\n<td class=\"col0 leftalign\" style=\"text-align: center;\">1<\/td>\n<td class=\"col1 leftalign\">Umschaltung Tag-\/Nachtmodus<\/td>\n<\/tr>\n<tr class=\"row2\">\n<td class=\"col0 leftalign\" style=\"text-align: center;\">2<\/td>\n<td class=\"col1 leftalign\">Akustische Signale Ein-\/Ausschalten<\/td>\n<\/tr>\n<tr class=\"row3\">\n<td class=\"col0 leftalign\" style=\"text-align: center;\">3<\/td>\n<td class=\"col1 leftalign\">Accesspoint Ein-\/Ausschalten<\/td>\n<\/tr>\n<tr class=\"row4\">\n<td class=\"col0 leftalign\" style=\"text-align: center;\">4<\/td>\n<td class=\"col1 leftalign\">\u2013<\/td>\n<\/tr>\n<tr class=\"row5\">\n<td class=\"col0 leftalign\" style=\"text-align: center;\">5<\/td>\n<td class=\"col1 leftalign\">Ger\u00e4t neu starten (Reset)<\/td>\n<\/tr>\n<tr class=\"row6\">\n<td class=\"col0 leftalign\" style=\"text-align: center;\">6<\/td>\n<td class=\"col1 leftalign\">Ger\u00e4t in den Tiefschlafmodus versetzen.<br \/>\nAufwecken \u00fcber dr\u00fccken der Zielwahltaste<\/td>\n<\/tr>\n<\/tbody>\n<\/table>\n<p>Um den Konfigurationsmodus zu verlassen, nochmals die Zielwahltaste f\u00fcr mehr als 3 Sekunden dr\u00fccken. Wenn die Status-LED nicht mehr blau leuchtet, ist das Keypad im Normalmodus.<\/p>\n<h2 id=\"ausschalten\" class=\"sectionedit6\">Ausschalten<\/h2>\n<p>Das OBPkeypad 6\/1 ist daf\u00fcr vorgesehen mit dem NMEA2000-Bus ein- und ausgeschaltet zu werden<\/p>\n<p>Wenn es w\u00e4hrend des Betriebs dennoch einmal nicht ben\u00f6tigt wird, kann es in den Tiefschlafmodus versetzt werden. Dazu in den Konfigurationsmodus wechseln und dann die Taste <strong>6<\/strong> dr\u00fccken. Die blaue LED blinkt zur Best\u00e4tigung auf und dann gehen alles Anzeigen aus.<\/p>\n<p>Zur Wiederinbetriebnahme die Zielwahltaste einmal dr\u00fccken.<\/p>\n<h1>Entwicklung<\/h1>\n<h2>Hardware<\/h2>\n<p>&nbsp;<\/p>\n<h3>Elektronik<\/h3>\n<ul>\n<li class=\"level1 node\">\n<div class=\"li\">\n<figure id=\"attachment_5674\" aria-describedby=\"caption-attachment-5674\" style=\"width: 300px\" class=\"wp-caption alignright\"><img loading=\"lazy\" decoding=\"async\" class=\"wp-image-5674 size-medium\" src=\"https:\/\/open-boat-projects.org\/wp-content\/uploads\/2026\/01\/OBPkeypad61_PCB_v1-300x225.jpg\" alt=\"\" width=\"300\" height=\"225\" srcset=\"https:\/\/open-boat-projects.org\/wp-content\/uploads\/2026\/01\/OBPkeypad61_PCB_v1-300x225.jpg 300w, https:\/\/open-boat-projects.org\/wp-content\/uploads\/2026\/01\/OBPkeypad61_PCB_v1-16x12.jpg 16w, https:\/\/open-boat-projects.org\/wp-content\/uploads\/2026\/01\/OBPkeypad61_PCB_v1.jpg 512w\" sizes=\"auto, (max-width: 300px) 100vw, 300px\" \/><figcaption id=\"caption-attachment-5674\" class=\"wp-caption-text\">Haupt- und LED-Platine, Version 1.0<\/figcaption><\/figure>\n<p>Basierend auf einem Waveshare ESP32-S3 Nano<\/p>\n<\/div>\n<ul>\n<li class=\"level2\">\n<div class=\"li\">kann direkt an 12V (6-21V Eingang) betrieben werden<\/div>\n<\/li>\n<\/ul>\n<\/li>\n<li class=\"level1\">\n<div class=\"li\">6 Tasten (1 bis 6)<\/div>\n<\/li>\n<li class=\"level1\">\n<div class=\"li\">+1 Taste f\u00fcr Zielauswahl (DST)<\/div>\n<\/li>\n<li class=\"level1\">\n<div class=\"li\">3 LEDs f\u00fcr Zielanzeige (A, B, C)<\/div>\n<\/li>\n<li class=\"level1\">\n<div class=\"li\">1 RGB-LED f\u00fcr Statusanzeige<\/div>\n<\/li>\n<li class=\"level1\">\n<div class=\"li\">1 Buzzer f\u00fcr akustisches Tastenfeedback<\/div>\n<\/li>\n<li>1 Helligkeitssensor<\/li>\n<li class=\"level1\">\n<div class=\"li\">NMEA2000 \/ CAN<\/div>\n<ul>\n<li>SN65HVD230 CAN-Transceiver-Modul<\/li>\n<li>M12 Micro-C Einbaustecker, vorverkabelt (s.u.)<\/li>\n<\/ul>\n<\/li>\n<li class=\"level1 node\">\n<div class=\"li\">I\u00b2C Steckpl\u00e4tze<\/div>\n<ul>\n<li class=\"level2 node\">\n<div class=\"li\">2x Buchsenleiste 4pol<\/div>\n<ul>\n<li class=\"level3\">\n<div class=\"li\">1x Temperatur \/ Feuchtesensor SHT31<\/div>\n<\/li>\n<li>1x frei<\/li>\n<\/ul>\n<\/li>\n<li>1x qwiic-Anschlu\u00df (3,3V; SMD)<\/li>\n<\/ul>\n<\/li>\n<\/ul>\n<p><img loading=\"lazy\" decoding=\"async\" class=\"alignnone\" src=\"https:\/\/open-boat-projects.org\/wp-content\/uploads\/2026\/01\/n2k-buchse-verkabelt.png\" alt=\"\" width=\"400\" height=\"271\" \/><\/p>\n<h3>Geh\u00e4use<\/h3>\n<p>Die aktuelle Geh\u00e4usevariante ist daf\u00fcr vorgesehen in eine Fl\u00e4che eingelassen zu werden. Dazu ist der ringsum \u00fcberstehende Rand. Mit einer umlaufenden Dicht-\/Klebmasse kann eine Wasserdichtigkeit hergestellt werden. Die Schraubverbindung ist dann vermutlich nicht erforderlich. Alternativ w\u00e4re auch ein Moosgummiring o.\u00e4. denkbar.<\/p>\n<p>Der vorhandene Prototyp ist ein 3D-Druck (PLA) aus Vorder- und R\u00fcckseite. Die Vorderseite ist 3-farbig: Geh\u00e4usegrundfarbe, Transparent f\u00fcr die LED-Abdeckung und schwarz f\u00fcr die Beschriftung. Als viertes Filament wird ein St\u00fctzfilament ben\u00f6tigt um die runde 1mm-Aussparung f\u00fcr die Tastenabdichtung sauber drucken zu k\u00f6nnen.<\/p>\n<p>Alle internen Verbindungen werden mit M2,5-Schrauben hergestellt. Im finalen Geh\u00e4use sollte die Geh\u00e4useverbindung mit Einschmelzgewinden ausgestattet werden. F\u00fcr den Geh\u00e4useeinbau sind M4-Senkkopfschrauben vorgesehen.<\/p>\n<p>Die Dichtigkeit zwischen Vorder- und R\u00fcckseite ist eigentlich nicht notwendig, dennoch ist eine Silikonschaumstoffschnur zwischen den Geh\u00e4useh\u00e4lften vorgesehen.<\/p>\n<p><img decoding=\"async\" src=\"https:\/\/open-boat-projects.org\/wp-content\/uploads\/2026\/01\/keypad_draw.png\" \/><\/p>\n<h2>Software<\/h2>\n<div class=\"level2\">\n<ul>\n<li class=\"level1\">\n<div class=\"li\">Es wird PlatformIO verwendet wie bei den anderen OBP-Projekten auch<\/div>\n<\/li>\n<li class=\"level1\">\n<div class=\"li\">Es wird in C++ programmiert<\/div>\n<\/li>\n<li>Lizenz GPLv3<\/li>\n<li class=\"level1\">\n<div class=\"li\">Das Ger\u00e4t ist ein <em>einfaches<\/em> Ger\u00e4t und bekommt eine neu entwickelte Firmware<\/div>\n<\/li>\n<li class=\"level1\">\n<div class=\"li\">Die Web-Konfigurationsoberfl\u00e4che lehnt sich an die Bedienung des OBP60\/40 an<\/div>\n<\/li>\n<li class=\"level1 node\">\n<div class=\"li\">Es k\u00f6nnen verschiedene Arten von Tastendr\u00fccken ausgewertet werden<\/div>\n<ul>\n<li class=\"level2\">\n<div class=\"li\">kurz, weniger als 1 Sekunde gedr\u00fcckt<\/div>\n<\/li>\n<li class=\"level2\">\n<div class=\"li\">mittel, zwischen 1 und 3 Sekunden gedr\u00fcckt<\/div>\n<\/li>\n<li class=\"level2\">\n<div class=\"li\">lang, mehr als 3 Sekunden gedr\u00fcckt<\/div>\n<\/li>\n<\/ul>\n<\/li>\n<li class=\"level1\">\n<div class=\"li\">Es soll einen Tag- und Nachtmodus geben<\/div>\n<\/li>\n<\/ul>\n<h1>Projektstatus<\/h1>\n<ul>\n<li>Platinenversion v2.0 ist vorhanden\n<ul>\n<li>Fehler in der Buzzer-Anbindung behoben<\/li>\n<li>Helligkeitssensor eingebaut<\/li>\n<li>Verbesserte Kabelverbindung f\u00fcr die Tasten<\/li>\n<\/ul>\n<\/li>\n<li>Eine druckbare Geh\u00e4usevariante existiert, gedruckt auf einem Bambu Lab A1 mini<\/li>\n<li>Aktuelle Firmware f\u00fcr das OBPkeypad 6\/1\n<ul>\n<li>Tastendr\u00fccke k\u00f6nnen gesendet werden<\/li>\n<li>Temperatur- \/ Feuchtesensor sendet Daten auf den NMEA2000-Bus<\/li>\n<li>Konfigurationsmodus vorhanden<\/li>\n<li>Web-GUI grunds\u00e4tzlich funktionsf\u00e4hig<\/li>\n<li>Web-Updatefunktion funktioniert (ggf. Fehlermeldungen m\u00fcssen noch korrigiert werden)<\/li>\n<\/ul>\n<\/li>\n<li>Firmware ist aktiv in Entwicklung<\/li>\n<li>Empfangsseitig mu\u00df die Remote-Tastenf\u00e4higkeit in die OBP60-Firmware integriert werden\n<ul>\n<li>Momentan ist ein manueller Patch erforderlich<\/li>\n<\/ul>\n<\/li>\n<\/ul>\n<h2>Ausblick<\/h2>\n<ul>\n<li>\u00a0Zusatzfeatures Software\n<ul>\n<li>Buzzer k\u00f6nnte zur Ausgabe von NMEA2000-Alarmen verwendet werden<\/li>\n<\/ul>\n<\/li>\n<li>Zusatzfeatures Hardware\n<ul>\n<li>Spannungsmessung am 12V-Eingang<\/li>\n<li>EEPROM auf der Platine f\u00fcr statische &#8222;unver\u00e4nderbare&#8220; Werte die nicht in das Flash des tauschbaren MCU-Moduls sollen<\/li>\n<\/ul>\n<\/li>\n<\/ul>\n<h1>Dateien\/Links<\/h1>\n<p>Warnung: Das Projekt befindet sich noch in einem fr\u00fchen Stadium, \u00c4nderungen k\u00f6nnen kurzfristig auftreten. Deshalb bitte immer einen Blick auf die Versionsnummer werfen.<\/p>\n<p><strong>Firmware:<\/strong> Quelltext<br \/>\n\u2192 <a href=\"https:\/\/git.hoogi.de\/thooge\/OBPkp61\">https:\/\/git.hoogi.de\/thooge\/OBPkp61<\/a><\/p>\n<p><strong>3D-Druckdateien:<\/strong> FreeCAD<br \/>\n\u2192 <a href=\"https:\/\/www.hoogi.de\/obp\/OBPkeypad61.FCStd\">https:\/\/www.hoogi.de\/obp\/OBPkeypad61.FCStd<\/a><\/p>\n<p><strong>Montagewerkzeuge:<\/strong> FreeCAD<br \/>\n\u2192 <a href=\"https:\/\/www.hoogi.de\/obp\/OBPtool16.FCStd\">https:\/\/www.hoogi.de\/obp\/OBPtool16.FCStd <\/a>\u00a0&#8211; Werkzeug f\u00fcr 12mm Tasten<br \/>\n\u2192 <a href=\"https:\/\/www.hoogi.de\/obp\/OBPtool18.FCStd\">https:\/\/www.hoogi.de\/obp\/OBPtool18.FCStd <\/a>\u00a0&#8211; Werkzeug f\u00fcr M12 Micro-C<\/p>\n<p><strong>Platinendaten:<\/strong> KiCAD<br \/>\n\u2192 <a href=\"https:\/\/www.hoogi.de\/obp\/OBPkeypad61_PCB.zip\">https:\/\/www.hoogi.de\/obp\/OBPkeypad61_PCB.zip<\/a><\/p>\n<p><strong>Flyer<\/strong>, deutsch: <a href=\"https:\/\/open-boat-projects.org\/wp-content\/uploads\/2026\/01\/OBPkp61_Flyer_de.pdf\">OBPkeypad 6\/1 Flyer<\/a><\/p>\n<p>Viel Spa\u00df am Ger\u00e4t!<\/p>\n<\/div>\n","protected":false},"excerpt":{"rendered":"<p>Tastenerweiterung f\u00fcr die OBP-Multifunktionsger\u00e4te \u00fcber NMEA2000.<\/p>\n","protected":false},"author":68,"featured_media":0,"parent":0,"menu_order":0,"comment_status":"closed","ping_status":"closed","template":"","meta":{"footnotes":""},"categories":[40,39,37],"tags":[],"class_list":["post-5651","page","type-page","status-publish","hentry","category-openhardware","category-opensource","category-projects"],"_links":{"self":[{"href":"https:\/\/open-boat-projects.org\/de\/wp-json\/wp\/v2\/pages\/5651","targetHints":{"allow":["GET"]}}],"collection":[{"href":"https:\/\/open-boat-projects.org\/de\/wp-json\/wp\/v2\/pages"}],"about":[{"href":"https:\/\/open-boat-projects.org\/de\/wp-json\/wp\/v2\/types\/page"}],"author":[{"embeddable":true,"href":"https:\/\/open-boat-projects.org\/de\/wp-json\/wp\/v2\/users\/68"}],"replies":[{"embeddable":true,"href":"https:\/\/open-boat-projects.org\/de\/wp-json\/wp\/v2\/comments?post=5651"}],"version-history":[{"count":27,"href":"https:\/\/open-boat-projects.org\/de\/wp-json\/wp\/v2\/pages\/5651\/revisions"}],"predecessor-version":[{"id":5753,"href":"https:\/\/open-boat-projects.org\/de\/wp-json\/wp\/v2\/pages\/5651\/revisions\/5753"}],"wp:attachment":[{"href":"https:\/\/open-boat-projects.org\/de\/wp-json\/wp\/v2\/media?parent=5651"}],"wp:term":[{"taxonomy":"category","embeddable":true,"href":"https:\/\/open-boat-projects.org\/de\/wp-json\/wp\/v2\/categories?post=5651"},{"taxonomy":"post_tag","embeddable":true,"href":"https:\/\/open-boat-projects.org\/de\/wp-json\/wp\/v2\/tags?post=5651"}],"curies":[{"name":"wp","href":"https:\/\/api.w.org\/{rel}","templated":true}]}}