{"id":5585,"date":"2025-12-10T14:17:51","date_gmt":"2025-12-10T14:17:51","guid":{"rendered":"https:\/\/open-boat-projects.org\/?page_id=5585"},"modified":"2026-01-11T11:48:42","modified_gmt":"2026-01-11T11:48:42","slug":"boot-2026-in-duesseldorf-11b02","status":"publish","type":"page","link":"https:\/\/open-boat-projects.org\/de\/boot-2026-in-duesseldorf-11b02\/","title":{"rendered":"Boot 2026 in D\u00fcsseldorf 11B02"},"content":{"rendered":"<p><img loading=\"lazy\" decoding=\"async\" class=\"alignnone wp-image-5586 size-full\" src=\"https:\/\/open-boat-projects.org\/wp-content\/uploads\/2025\/12\/250129_BOOT_E_Mail_629x130px_Segeln.png\" alt=\"\" width=\"629\" height=\"130\" srcset=\"https:\/\/open-boat-projects.org\/wp-content\/uploads\/2025\/12\/250129_BOOT_E_Mail_629x130px_Segeln.png 629w, https:\/\/open-boat-projects.org\/wp-content\/uploads\/2025\/12\/250129_BOOT_E_Mail_629x130px_Segeln-300x62.png 300w, https:\/\/open-boat-projects.org\/wp-content\/uploads\/2025\/12\/250129_BOOT_E_Mail_629x130px_Segeln-18x4.png 18w\" sizes=\"auto, (max-width: 629px) 100vw, 629px\" \/><\/p>\n<p>Auf der Boot 2026 werden wir wieder mit einem eigenen Messestand vertreten sein. Unser Messestand in der <strong>Halle 11<\/strong> auf dem <strong>Standplatz 11B02 <\/strong>ist fast an der selben Stelle wie beim letzten Mal. Der Stand ist wieder ganz in der N\u00e4he des Forums. Rechts und links neben uns gibt es noch etwas freie Standfl\u00e4che. Auch eine kleine Cafeteria ist nebenan.<\/p>\n<p><img loading=\"lazy\" decoding=\"async\" class=\"alignnone wp-image-5589 size-full\" src=\"https:\/\/open-boat-projects.org\/wp-content\/uploads\/2025\/12\/Hallenplan.png\" alt=\"\" width=\"698\" height=\"407\" srcset=\"https:\/\/open-boat-projects.org\/wp-content\/uploads\/2025\/12\/Hallenplan.png 698w, https:\/\/open-boat-projects.org\/wp-content\/uploads\/2025\/12\/Hallenplan-300x175.png 300w, https:\/\/open-boat-projects.org\/wp-content\/uploads\/2025\/12\/Hallenplan-18x10.png 18w\" sizes=\"auto, (max-width: 698px) 100vw, 698px\" \/><\/p>\n<p>Abb.: Hallen\u00fcbersicht<\/p>\n<p><img loading=\"lazy\" decoding=\"async\" class=\"alignnone wp-image-5588 size-full\" src=\"https:\/\/open-boat-projects.org\/wp-content\/uploads\/2025\/12\/Halle11_11B02.png\" alt=\"\" width=\"699\" height=\"394\" srcset=\"https:\/\/open-boat-projects.org\/wp-content\/uploads\/2025\/12\/Halle11_11B02.png 699w, https:\/\/open-boat-projects.org\/wp-content\/uploads\/2025\/12\/Halle11_11B02-300x169.png 300w, https:\/\/open-boat-projects.org\/wp-content\/uploads\/2025\/12\/Halle11_11B02-18x10.png 18w\" sizes=\"auto, (max-width: 699px) 100vw, 699px\" \/><\/p>\n<p>Abb.: Halle 11 Stand\u00fcbersicht<\/p>\n<h2>Standkonzept<\/h2>\n<p><img loading=\"lazy\" decoding=\"async\" class=\"alignnone wp-image-4208\" src=\"https:\/\/open-boat-projects.org\/wp-content\/uploads\/2023\/01\/Messestand_Boot_2023-300x258.png\" alt=\"\" width=\"400\" height=\"344\" srcset=\"https:\/\/open-boat-projects.org\/wp-content\/uploads\/2023\/01\/Messestand_Boot_2023-300x258.png 300w, https:\/\/open-boat-projects.org\/wp-content\/uploads\/2023\/01\/Messestand_Boot_2023-768x661.png 768w, https:\/\/open-boat-projects.org\/wp-content\/uploads\/2023\/01\/Messestand_Boot_2023-14x12.png 14w, https:\/\/open-boat-projects.org\/wp-content\/uploads\/2023\/01\/Messestand_Boot_2023.png 879w\" sizes=\"auto, (max-width: 400px) 100vw, 400px\" \/><\/p>\n<p>Abb.: Aktuelles Standkonzept f\u00fcr die Boot 2026<\/p>\n<p>Der Messestand besteht aus eine nutzbaren Fl\u00e4che von 8m\u00b2. Der Stand ist als Eckstand mit 2 offenen Seiten vorgesehen. F\u00fcr die genaue Standaufteilung m\u00fcssen wir noch eine Detailplanung machen. Grunds\u00e4tzlich wollen wir die Exponate an mehreren abgeh\u00e4ngten Tafeln an den beiden W\u00e4nden pr\u00e4sentieren. Vor den W\u00e4nden sollen sich fast durchg\u00e4ngig schmale Bords befinden wo man einen Laptop mit Papier und Stift ablegen kann. Neben den Exponaten werden QR-Codes angebracht \u00fcber die man weitere Infos zum Projekt abrufen kann. Mindestens zwei Standbetreuer werden als Ansprechpartner am Messestand zur Verf\u00fcgung stehen. Wir werden versuchen den Stand mit 3&#8230;4 Leuten zu besetzen. Kaffe, Wasser und etwas zu knabbern wird auch am Stand bereitgestellt.<\/p>\n<h2>Finanzierung<\/h2>\n<p>Die Finanzierung des Messestandes erfolgt ausschlie\u00dflich \u00fcber Spenden. Der <strong>minimale Finanzierungsbedarf liegt bei 3000 Euro<\/strong>. Wenn wir noch einen Internet-Zugang am Stand ben\u00f6tigen, liegen wir bei 3500 Euro. Aus 2023 besteht noch ein Guthaben von ca. 1000 Euro, dass wir zur Finanzierung verwenden k\u00f6nnen. Es muss also ein Restbetrag von ca. 2000 Euro finanziert werden. Derzeit sind 230 Euro gesammelt worden. Wir ben\u00f6tigen also noch weitere Spenden zur Standfinanzierung. Die Kosten sehen wie folgt aus:<\/p>\n<ul>\n<li>Standfl\u00e4che 1080 Euro<\/li>\n<li>Medienpauschale 515 Euro<\/li>\n<li>Technische Leistungen 333 Euro<\/li>\n<li>Standerder 43 Euro<\/li>\n<li>Strombedarf 0,89 Euro \/ kWh (Gesamtbedarf ca. 100 kWh, 89 Euro)<\/li>\n<li>Verg\u00fcnstigte Tagestickets f\u00fcr Aussteller 20 Stk. 200 Euro<\/li>\n<li>Entsorgungspauschale 26Euro<\/li>\n<li>WiFi-Zugang 213 Euro<\/li>\n<li>Internet-Anschluss 460 Euro (optional)<\/li>\n<li>Parkplatzgeb\u00fchren f\u00fcr 10 Tage 100 Euro<\/li>\n<\/ul>\n<p>Weitere Spenden k\u00f6nnen \u00fcber Paypal erfolgen. Alle Spender nehmen an einer Verlosung teil und k\u00f6nnen ein kleines Dankesch\u00f6n erhalten. Als Dankesch\u00f6n stehen folgende Dinge bereit:<\/p>\n<ul>\n<li><strong>1. Preis<\/strong> Multifunktionsdisplay OBP40<\/li>\n<\/ul>\n<p>&nbsp;<\/p>\n<ul>\n<li><strong>2. Preis<\/strong> GPS NMEA2000-Gateway<\/li>\n<\/ul>\n<p>&nbsp;<\/p>\n<ul>\n<li><strong>3. Preis<\/strong> Powerfeed NMEA2000<\/li>\n<\/ul>\n<p>&nbsp;<\/p>\n<p>Wer an der Verlosung teilnehmen m\u00f6chte, gibt bitte den Namen und die E-Mailadresse bei der Spende an, damit wir die Spenden nachvollziehen k\u00f6nnen. Vielen Dank schon im Voraus f\u00fcr die Unterst\u00fctzung.<\/p>\n<p><a href=\"https:\/\/www.paypal.com\/cgi-bin\/webscr?cmd=_s-xclick&amp;hosted_button_id=5QZJZBM252F2L\" target=\"_blank\" rel=\"noopener\"><img loading=\"lazy\" decoding=\"async\" class=\"alignnone wp-image-1730 size-full\" src=\"https:\/\/open-boat-projects.org\/wp-content\/uploads\/2021\/08\/Donate.gif\" alt=\"\" width=\"92\" height=\"47\" srcset=\"https:\/\/open-boat-projects.org\/wp-content\/uploads\/2021\/08\/Donate.gif 92w, https:\/\/open-boat-projects.org\/wp-content\/uploads\/2021\/08\/Donate-18x9.gif 18w\" sizes=\"auto, (max-width: 92px) 100vw, 92px\" \/><\/a><\/p>\n<h2>Unsere Sponsoren<\/h2>\n<p>Das sind unsere aktuellen Sponsoren:<\/p>\n<p>&nbsp;<\/p>\n<table style=\"border-collapse: collapse; width: 100%; height: 970px;\">\n<tbody>\n<tr style=\"height: 86px;\">\n<td style=\"width: 30.7071%; height: 86px;\"><img loading=\"lazy\" decoding=\"async\" class=\"alignnone wp-image-5614\" src=\"https:\/\/open-boat-projects.org\/wp-content\/uploads\/2025\/12\/Logo_Messe_Duesseldorf.png\" alt=\"\" width=\"81\" height=\"80\" srcset=\"https:\/\/open-boat-projects.org\/wp-content\/uploads\/2025\/12\/Logo_Messe_Duesseldorf.png 150w, https:\/\/open-boat-projects.org\/wp-content\/uploads\/2025\/12\/Logo_Messe_Duesseldorf-12x12.png 12w\" sizes=\"auto, (max-width: 81px) 100vw, 81px\" \/><\/td>\n<td style=\"width: 69.2929%; height: 86px;\">\n<ul>\n<li>Verg\u00fcnstigung zum Messestand<\/li>\n<\/ul>\n<\/td>\n<\/tr>\n<tr style=\"height: 154px;\">\n<td style=\"width: 30.7071%; height: 154px;\"><img loading=\"lazy\" decoding=\"async\" class=\"alignnone wp-image-5620\" src=\"https:\/\/open-boat-projects.org\/wp-content\/uploads\/2025\/12\/Logo_Grade.gif\" alt=\"\" width=\"167\" height=\"60\" srcset=\"https:\/\/open-boat-projects.org\/wp-content\/uploads\/2025\/12\/Logo_Grade.gif 100w, https:\/\/open-boat-projects.org\/wp-content\/uploads\/2025\/12\/Logo_Grade-18x6.gif 18w\" sizes=\"auto, (max-width: 167px) 100vw, 167px\" \/><\/td>\n<td style=\"width: 69.2929%; height: 154px;\">\n<ul>\n<li>Standausstattung<\/li>\n<li>Medientechnik, Beleuchtung<\/li>\n<li>Aufbau, Abbau<\/li>\n<li>Messe-Logistik<\/li>\n<li>Hoster der Open Boat Pjojects Webseite<\/li>\n<\/ul>\n<\/td>\n<\/tr>\n<tr style=\"height: 86px;\">\n<td style=\"width: 30.7071%; height: 86px;\"><img loading=\"lazy\" decoding=\"async\" class=\"alignnone wp-image-5615\" src=\"https:\/\/open-boat-projects.org\/wp-content\/uploads\/2025\/12\/Hat_Labs_Logo.png\" alt=\"\" width=\"173\" height=\"80\" srcset=\"https:\/\/open-boat-projects.org\/wp-content\/uploads\/2025\/12\/Hat_Labs_Logo.png 180w, https:\/\/open-boat-projects.org\/wp-content\/uploads\/2025\/12\/Hat_Labs_Logo-18x8.png 18w\" sizes=\"auto, (max-width: 173px) 100vw, 173px\" \/><\/td>\n<td style=\"width: 69.2929%; height: 86px;\">\n<ul>\n<li>Beteiligung an den Kosten zum Messestand<\/li>\n<\/ul>\n<\/td>\n<\/tr>\n<tr style=\"height: 129px;\">\n<td style=\"width: 30.7071%; height: 129px;\"><img loading=\"lazy\" decoding=\"async\" class=\"alignnone wp-image-5616\" src=\"https:\/\/open-boat-projects.org\/wp-content\/uploads\/2025\/12\/Logo_JLCPCB.png\" alt=\"\" width=\"302\" height=\"80\" srcset=\"https:\/\/open-boat-projects.org\/wp-content\/uploads\/2025\/12\/Logo_JLCPCB.png 291w, https:\/\/open-boat-projects.org\/wp-content\/uploads\/2025\/12\/Logo_JLCPCB-18x5.png 18w\" sizes=\"auto, (max-width: 302px) 100vw, 302px\" \/><\/td>\n<td style=\"width: 69.2929%; height: 129px;\">\n<ul>\n<li>Hoodies f\u00fcr Standbetreuer<\/li>\n<li>Kaffebecher<\/li>\n<li>Rabatte f\u00fcr Erstbesteller<\/li>\n<li>Sonderrabatte<\/li>\n<\/ul>\n<\/td>\n<\/tr>\n<tr style=\"height: 76px;\">\n<td style=\"width: 30.7071%; height: 76px;\"><img loading=\"lazy\" decoding=\"async\" class=\"alignnone wp-image-5612\" src=\"https:\/\/open-boat-projects.org\/wp-content\/uploads\/2025\/12\/ELECROW_LOGO-300x63.png\" alt=\"\" width=\"335\" height=\"70\" srcset=\"https:\/\/open-boat-projects.org\/wp-content\/uploads\/2025\/12\/ELECROW_LOGO-300x63.png 300w, https:\/\/open-boat-projects.org\/wp-content\/uploads\/2025\/12\/ELECROW_LOGO-18x4.png 18w, https:\/\/open-boat-projects.org\/wp-content\/uploads\/2025\/12\/ELECROW_LOGO.png 484w\" sizes=\"auto, (max-width: 335px) 100vw, 335px\" \/><\/td>\n<td style=\"width: 69.2929%; height: 76px;\">\n<ul>\n<li>Produktmuster<\/li>\n<\/ul>\n<\/td>\n<\/tr>\n<tr style=\"height: 86px;\">\n<td style=\"width: 30.7071%; height: 86px;\"><img loading=\"lazy\" decoding=\"async\" class=\"alignnone wp-image-5613\" src=\"https:\/\/open-boat-projects.org\/wp-content\/uploads\/2025\/12\/Logo-Telekom.png\" alt=\"\" width=\"109\" height=\"80\" srcset=\"https:\/\/open-boat-projects.org\/wp-content\/uploads\/2025\/12\/Logo-Telekom.png 202w, https:\/\/open-boat-projects.org\/wp-content\/uploads\/2025\/12\/Logo-Telekom-16x12.png 16w\" sizes=\"auto, (max-width: 109px) 100vw, 109px\" \/><\/td>\n<td style=\"width: 69.2929%; height: 86px;\">\n<ul>\n<li>WiFi Zugangscode f\u00fcr die gesamte Messezeit<\/li>\n<\/ul>\n<\/td>\n<\/tr>\n<tr style=\"height: 66px;\">\n<td style=\"width: 30.7071%; height: 66px;\"><img loading=\"lazy\" decoding=\"async\" class=\"alignnone wp-image-5621\" src=\"https:\/\/open-boat-projects.org\/wp-content\/uploads\/2025\/12\/O-Charts_Logo.jpg\" alt=\"\" width=\"180\" height=\"60\" srcset=\"https:\/\/open-boat-projects.org\/wp-content\/uploads\/2025\/12\/O-Charts_Logo.jpg 156w, https:\/\/open-boat-projects.org\/wp-content\/uploads\/2025\/12\/O-Charts_Logo-18x6.jpg 18w\" sizes=\"auto, (max-width: 180px) 100vw, 180px\" \/><\/td>\n<td style=\"width: 69.2929%; height: 66px;\">\n<ul>\n<li>Lizenzen f\u00fcr Seekarten<\/li>\n<\/ul>\n<\/td>\n<\/tr>\n<tr style=\"height: 76px;\">\n<td style=\"width: 30.7071%; height: 76px;\"><img loading=\"lazy\" decoding=\"async\" class=\"alignnone size-full wp-image-5624\" src=\"https:\/\/open-boat-projects.org\/wp-content\/uploads\/2025\/12\/skpang_logo_276x70.gif\" alt=\"\" width=\"276\" height=\"70\" \/><\/td>\n<td style=\"width: 69.2929%; height: 76px;\">\n<ul>\n<li>PiCAN-M f\u00fcr Simulation von NMEA2000-Daten<\/li>\n<\/ul>\n<\/td>\n<\/tr>\n<tr style=\"height: 80px;\">\n<td style=\"width: 30.7071%; height: 80px;\"><img loading=\"lazy\" decoding=\"async\" class=\"alignnone wp-image-5626 size-medium\" src=\"https:\/\/open-boat-projects.org\/wp-content\/uploads\/2025\/12\/FunduinoLogo_v2-300x62.png\" alt=\"\" width=\"300\" height=\"62\" srcset=\"https:\/\/open-boat-projects.org\/wp-content\/uploads\/2025\/12\/FunduinoLogo_v2-300x62.png 300w, https:\/\/open-boat-projects.org\/wp-content\/uploads\/2025\/12\/FunduinoLogo_v2-18x4.png 18w, https:\/\/open-boat-projects.org\/wp-content\/uploads\/2025\/12\/FunduinoLogo_v2.png 400w\" sizes=\"auto, (max-width: 300px) 100vw, 300px\" \/><\/td>\n<td style=\"width: 69.2929%; height: 80px;\">\n<ul>\n<li>Funduino Starterset<\/li>\n<li>Lernmaterial<\/li>\n<\/ul>\n<\/td>\n<\/tr>\n<tr style=\"height: 56px;\">\n<td style=\"width: 30.7071%; height: 56px;\"><img loading=\"lazy\" decoding=\"async\" class=\"alignnone wp-image-5629\" src=\"https:\/\/open-boat-projects.org\/wp-content\/uploads\/2025\/12\/Horter_Logo-300x23.gif\" alt=\"\" width=\"768\" height=\"60\" srcset=\"https:\/\/open-boat-projects.org\/wp-content\/uploads\/2025\/12\/Horter_Logo-300x23.gif 300w, https:\/\/open-boat-projects.org\/wp-content\/uploads\/2025\/12\/Horter_Logo-18x1.gif 18w\" sizes=\"auto, (max-width: 768px) 100vw, 768px\" \/><\/td>\n<td style=\"width: 69.2929%; height: 56px;\">\n<ul>\n<li>I2C-Erweiterungs-Module<\/li>\n<\/ul>\n<\/td>\n<\/tr>\n<tr style=\"height: 75px;\">\n<td style=\"width: 30.7071%; height: 75px;\"><img loading=\"lazy\" decoding=\"async\" class=\"alignnone wp-image-5637\" src=\"https:\/\/open-boat-projects.org\/wp-content\/uploads\/2025\/12\/Segeln-Forum_Logo-300x58.png\" alt=\"\" width=\"360\" height=\"70\" srcset=\"https:\/\/open-boat-projects.org\/wp-content\/uploads\/2025\/12\/Segeln-Forum_Logo-300x58.png 300w, https:\/\/open-boat-projects.org\/wp-content\/uploads\/2025\/12\/Segeln-Forum_Logo-18x4.png 18w, https:\/\/open-boat-projects.org\/wp-content\/uploads\/2025\/12\/Segeln-Forum_Logo.png 642w\" sizes=\"auto, (max-width: 360px) 100vw, 360px\" \/><\/td>\n<td style=\"width: 69.2929%; height: 75px;\">\n<ul>\n<li>Hoster f\u00fcr Open Boat Projects Forumbereich f\u00fcr DIY-Projekte<\/li>\n<\/ul>\n<\/td>\n<\/tr>\n<\/tbody>\n<\/table>\n<h2>Ausgestellte Exponate<\/h2>\n<p>Als Exponate sind folgende Projekte vorgesehen:<\/p>\n<ul>\n<li>F\u00f6rderprojekt Freie Seekarten, Open Nautical Data (neu)<\/li>\n<li>Live-Pr\u00e4sentation freenauticalchart.net (neu)<\/li>\n<li>Professionelle Hardware f\u00fcr das Marineumfeld<\/li>\n<li>Multifunktionsdisplay OBP60 \/ OBP40 (neu)<\/li>\n<li>I2C-Module zur Bootsautomation in Verbindung mit dem OBP60<\/li>\n<li>HalPi 2, Raspi-Bordcomputer<\/li>\n<li>10&#8243; Raspi Marineplotter mit Android und AvNav (neu)<\/li>\n<li>NMEA2000 Powerfeed (neu)<\/li>\n<li>GPS NMEA2000-Gateway (neu)<\/li>\n<li>NMEA2000 Powerfeed<\/li>\n<li>M5Stack als NMEA2000-Gateway<\/li>\n<li>ATS25 X2 Wetternachrichten und Wetterfaxe<\/li>\n<li>Quansheng UV-K5 als Ersatz-Marinefunkger\u00e4t<\/li>\n<li>JCLPCB als Projektunterst\u00fctzer f\u00fcr professionelle Platinenerstellung<\/li>\n<li>Elecrow CrowPanel 4.2 als WiFi-Anzeigeger\u00e4t f\u00fcr Bordnetzdaten<\/li>\n<\/ul>\n<h2>Standbetreuung<\/h2>\n<p>Der Messestand wird durchgehend mit 3 Leuten besetzt sein. Je nach Verf\u00fcgbarkeit k\u00f6nnen noch weitere Leute den Stand erg\u00e4nzen. F\u00fcr die Standbetreuung stehen 3 Ausstellerausweise bereit. F\u00fcr weitere Personen werden wir verg\u00fcnstigte Tages-Tickets buchen. F\u00fcr Standbetreuer die von au\u00dferhalb kommen und eine \u00dcbernachtungsm\u00f6glichkeit ben\u00f6tigen, werden wir versuchen g\u00fcnstige Zimmer zu organisieren.<\/p>\n<h2>Vortr\u00e4ge im Forum<\/h2>\n<p><a href=\"https:\/\/open-boat-projects.org\/wp-content\/uploads\/2023\/01\/2023_boote.jpg\"><img loading=\"lazy\" decoding=\"async\" class=\"alignnone wp-image-4197 size-medium\" src=\"https:\/\/open-boat-projects.org\/wp-content\/uploads\/2023\/01\/2023_boote-300x169.jpg\" alt=\"\" width=\"300\" height=\"169\" srcset=\"https:\/\/open-boat-projects.org\/wp-content\/uploads\/2023\/01\/2023_boote-300x169.jpg 300w, https:\/\/open-boat-projects.org\/wp-content\/uploads\/2023\/01\/2023_boote-1024x576.jpg 1024w, https:\/\/open-boat-projects.org\/wp-content\/uploads\/2023\/01\/2023_boote-768x432.jpg 768w, https:\/\/open-boat-projects.org\/wp-content\/uploads\/2023\/01\/2023_boote-1536x864.jpg 1536w, https:\/\/open-boat-projects.org\/wp-content\/uploads\/2023\/01\/2023_boote-18x10.jpg 18w, https:\/\/open-boat-projects.org\/wp-content\/uploads\/2023\/01\/2023_boote.jpg 1920w\" sizes=\"auto, (max-width: 300px) 100vw, 300px\" \/><\/a><\/p>\n<p><span style=\"color: #ff0000;\"><strong>Leider k\u00f6nnen wir diese Jahr keine Vortr\u00e4ge halten, da alle Vortragsreihen bereits ausgebucht sind.<\/strong><\/span><\/p>\n<p>Direkt neben unserem Messestand befindet sich das Forum f\u00fcr Fachvortr\u00e4ge in Halle 11. Dort werden wir mit einigen Vortr\u00e4gen zu folgenden Themen vertreten sein:<\/p>\n<ul>\n<li class=\"default-style\"><strong>Freie Seekarten f\u00fcr alle &#8211; Open Nautical Data<\/strong> (Adam Lucke \/ Norbert Walter)\n<ul>\n<li class=\"default-style\">Vorstellung der Ziele des F\u00f6rderprojektes Open Nautical Data<\/li>\n<li>Aktuelle verf\u00fcgbare freien Seekarten<\/li>\n<li>Wie kann man freie Seekarten nutzen<\/li>\n<li>Datenqualit\u00e4t und Datenaktualit\u00e4t freier Seekarten<\/li>\n<\/ul>\n<\/li>\n<\/ul>\n<ul>\n<li><strong>Halpi2 Raspi Bordcomputer<\/strong> (Matti Aira \/ Norbert Walter)\n<ul>\n<li class=\"default-style\">Vorstellung des neuen Halpi2 Bordcomputers und dessen Funktionalit\u00e4t<\/li>\n<\/ul>\n<\/li>\n<\/ul>\n<ul>\n<li><strong>DIY-Projekte im Marinebereich<\/strong>\u00a0(Norbert Walter)\n<ul>\n<li class=\"default-style\">Vorstellung einiger popul\u00e4rer DIY-Projekte von Open Boat Projects<\/li>\n<li>Welche Leute \/ Teams stehen hinter den Projekten<\/li>\n<li>Mit welchen Tools arbeiten wir<\/li>\n<li>Wo kann man Teile fertigen lassen bzw. kaufen<\/li>\n<\/ul>\n<\/li>\n<\/ul>\n<ul>\n<li><strong>Multifunktionsdisplay OBP60 \/ OPB40<\/strong> (Norbert Walter)\n<ul>\n<li class=\"default-style\">Vorstellung der Multifunktionsdisplays und dessen Funktionalit\u00e4t<\/li>\n<li>Vorstellung neuer Anzeigeseiten<\/li>\n<li class=\"default-style\">Seekarten f\u00fcr das OBP60<\/li>\n<li>Mitarbeit beim OBP60\/OBP40 Projekt<\/li>\n<li>Ausblick f\u00fcr zuk\u00fcnftige Projektausrichtung<\/li>\n<\/ul>\n<\/li>\n<\/ul>\n<ul>\n<li><strong>DIY 10&#8243; Raspi Marineplotter auf Android-Basis<\/strong> (Christian Hartz)<strong><br \/>\n<\/strong><\/p>\n<ul>\n<li class=\"default-style\">Vorstellung des Marineplotters<\/li>\n<li>Vorteile von Android als Betriebssystem<\/li>\n<li>Freie Seekarten mit AvNav als Navugationssystem<\/li>\n<\/ul>\n<\/li>\n<\/ul>\n<ul>\n<li><strong>SignalK<\/strong> (Teppo Kurki)\n<ul>\n<li>Vorstellung und Motivation von SignalK<\/li>\n<li>Wer sind die Macher von SignalK<\/li>\n<li>Funktionsumfang von SignalK<\/li>\n<li>Einbindung und Anzeige von Borddaten mit SignalK<\/li>\n<li>Ausblick f\u00fcr zuk\u00fcnftige Projektausrichtung<\/li>\n<li>Wie kann man mitmachen<\/li>\n<\/ul>\n<\/li>\n<\/ul>\n<h2>Information<\/h2>\n<p>F\u00fcr weitergehende Informationen zu den Projekten werden wir QR-Codes benutzen, die auf unsere Homepage verweisen.\u00a0 Bei Fragen oder Anregungen zu Projekten werden die Standbetreuer f\u00fcr kompetente Antworten zur Verf\u00fcgung stehen. In einem Prospektst\u00e4nder soll Infomaterial zu verwandten Produkten ausliegen.<\/p>\n<h2>Eintrittskarten<\/h2>\n<p>F\u00fcr Besucher unseres Messestandes k\u00f6nnen wir kostenlose <strong>Tages-Eintrittskarten gegen eine Spende von 15 Euro<\/strong> abgeben. Die <a href=\"https:\/\/open-boat-projects.org\/de\/events\/verguenstigte-tagestickets-fuer-die-boot-2026\/\">Buchung der Eintrittskarten<\/a> ist \u00fcber das Formular m\u00f6glich. Ihr erhaltet dann per Mail einen Gutscheincode, den Ihr vor dem Messebesuch online auf der <a href=\"https:\/\/shop.messe-duesseldorf.de\/cgi-bin\/bms_visit\/lib\/pub\/tt.cgi\/Gutschein_einl%C3%B6sen.html?oid=40637&amp;lang=1&amp;ticket=g_u_e_s_t#\/\" target=\"_blank\" rel=\"noopener\">Webseite<\/a> der Messe D\u00fcsseldorf einl\u00f6sen k\u00f6nnt. Achtet aber darauf, die Einl\u00f6sung des Gutscheins vor dem Messebesuch zu machen. Direkt an der Tageskasse kann der Gutscheincode nicht eingel\u00f6st werden.<\/p>\n<p><span style=\"color: #ff0000;\">Der Buchungsschluss ist der 15.01.2026. Bitte habt daf\u00fcr Verst\u00e4ndnis, dass wir w\u00e4hrend der Messezeit keine Tages-Eintrittskarten mehr abgeben k\u00f6nnen. Wir sind dann zu sehr mit der Messe besch\u00e4ftigt.<\/span><\/p>\n","protected":false},"excerpt":{"rendered":"<p>Auf der Boot 2026 werden wir wieder mit einem eigenen Messestand vertreten sein. Unser Messestand in der Halle 11 auf dem Standplatz 11B02 ist fast an der selben Stelle wie beim letzten Mal. Der Stand ist wieder ganz in der N\u00e4he des Forums. Rechts und links neben uns gibt es noch etwas freie Standfl\u00e4che. Auch&hellip; <a href=\"https:\/\/open-boat-projects.org\/de\/boot-2026-in-duesseldorf-11b02\/\" class=\"more-link\">Weiterlesen <span class=\"screen-reader-text\">Boot 2026 in D\u00fcsseldorf 11B02<\/span><\/a><\/p>\n","protected":false},"author":2,"featured_media":0,"parent":0,"menu_order":0,"comment_status":"closed","ping_status":"closed","template":"","meta":{"footnotes":""},"categories":[],"tags":[],"class_list":["post-5585","page","type-page","status-publish","hentry"],"_links":{"self":[{"href":"https:\/\/open-boat-projects.org\/de\/wp-json\/wp\/v2\/pages\/5585","targetHints":{"allow":["GET"]}}],"collection":[{"href":"https:\/\/open-boat-projects.org\/de\/wp-json\/wp\/v2\/pages"}],"about":[{"href":"https:\/\/open-boat-projects.org\/de\/wp-json\/wp\/v2\/types\/page"}],"author":[{"embeddable":true,"href":"https:\/\/open-boat-projects.org\/de\/wp-json\/wp\/v2\/users\/2"}],"replies":[{"embeddable":true,"href":"https:\/\/open-boat-projects.org\/de\/wp-json\/wp\/v2\/comments?post=5585"}],"version-history":[{"count":39,"href":"https:\/\/open-boat-projects.org\/de\/wp-json\/wp\/v2\/pages\/5585\/revisions"}],"predecessor-version":[{"id":5693,"href":"https:\/\/open-boat-projects.org\/de\/wp-json\/wp\/v2\/pages\/5585\/revisions\/5693"}],"wp:attachment":[{"href":"https:\/\/open-boat-projects.org\/de\/wp-json\/wp\/v2\/media?parent=5585"}],"wp:term":[{"taxonomy":"category","embeddable":true,"href":"https:\/\/open-boat-projects.org\/de\/wp-json\/wp\/v2\/categories?post=5585"},{"taxonomy":"post_tag","embeddable":true,"href":"https:\/\/open-boat-projects.org\/de\/wp-json\/wp\/v2\/tags?post=5585"}],"curies":[{"name":"wp","href":"https:\/\/api.w.org\/{rel}","templated":true}]}}