{"id":5516,"date":"2025-10-15T20:48:07","date_gmt":"2025-10-15T20:48:07","guid":{"rendered":"https:\/\/open-boat-projects.org\/?page_id=5516"},"modified":"2025-10-17T10:22:30","modified_gmt":"2025-10-17T10:22:30","slug":"maps-converter","status":"publish","type":"page","link":"https:\/\/open-boat-projects.org\/de\/maps-converter\/","title":{"rendered":"Maps Converter"},"content":{"rendered":"<p dir=\"auto\"><img loading=\"lazy\" decoding=\"async\" class=\"alignnone wp-image-5529 size-full\" src=\"https:\/\/open-boat-projects.org\/wp-content\/uploads\/2025\/10\/motion_map.gif\" alt=\"\" width=\"800\" height=\"600\" \/><\/p>\n<p dir=\"auto\">Abb.: Erstellte Kartenausschnitte mit Standort, Drehung und Gitter<\/p>\n<p dir=\"auto\">Der Maps Converter ist ein Serverdienst von <strong> Open Boat Projects <\/strong> zum Konvertieren von Seekarten in verschiedene Aufl\u00f6sungen und Bildformate. Damit lassen sich relativ einfache Navigationsger\u00e4te auf Mikrocontrollerbasis mit verschiedenen Displaytypen erstellen. Es werden sowohl Farb- als auch Schwarz-Wei\u00df-Displays unterst\u00fctzt.<\/p>\n<p dir=\"auto\"><a href=\"https:\/\/norbert-walter.dnshome.de\/\/get_image?zoom=13&amp;lat=54.5649&amp;lon=13.1434&amp;mtype=9&amp;mrot=10&amp;itype=1&amp;dtype=2&amp;width=800&amp;height=600&amp;debug=1\" target=\"_blank\" rel=\"nofollow noopener\">Demo-Server <\/a><\/p>\n<p dir=\"auto\">Der Mikrocontroller sendet eine HTTP-GET-Anfrage an den Server mit Angabe der Geokoordinaten, Fahrtrichtung, Bildgr\u00f6\u00dfe und des Bildtyps. Dieser \u00fcbermittelt das fertig gerenderte Bild an den Mikrocontroller. Dieser fragt verschiedene Kartendienste ab und f\u00fcgt die einzelnen Kacheln und Navigationsmarkierungsebenen zu einem Bild zusammen, dreht das Bild in die gew\u00fcnschte Richtung und gibt es in der gew\u00fcnschten Gr\u00f6\u00dfe und Farbe aus. Die Bildausgabe erfolgt als PNG-Bild oder als schwarz-wei\u00dfes Bin\u00e4rbild in JSON. Der Mikrocontroller muss das empfangene Bild anschlie\u00dfend nur noch auf dem Display darstellen und ist von s\u00e4mtlichen Bildverarbeitungsfunktionen befreit.<\/p>\n<p dir=\"auto\"><a href=\"https:\/\/www.youtube.com\/watch?v=S9TVrxNERRY\" rel=\"nofollow\"><img decoding=\"async\" src=\"https:\/\/github.com\/norbert-walter\/maps-converter\/raw\/main\/pictures\/Youtube_Video.png\" alt=\"Action-Video\" \/><\/a><\/p>\n<p dir=\"auto\">Video: <a href=\"https:\/\/obp60-v2-docu.readthedocs.io\/en\/latest\/\" rel=\"nofollow\"> OBP60 <\/a> mit ESP32-S3 und Seekarte (Datenquelle Maps Converter)<\/p>\n<p dir=\"auto\">Beispiel-Code f\u00fcr das OBP60 und OBP40: h<a href=\"https:\/\/github.com\/norbert-walter\/obp60-navigation-map\">ttps:\/\/github.com\/norbert-walter\/obp60-navigation-map<\/a><\/p>\n<p dir=\"auto\">Weitere Details zum Map Converter findet man im GitHub-Projekt:\u00a0<a href=\"https:\/\/github.com\/norbert-walter\/maps-converter\" target=\"_blank\" rel=\"noopener\">https:\/\/github.com\/norbert-walter\/maps-converter<\/a><\/p>\n","protected":false},"excerpt":{"rendered":"<p>Abb.: Erstellte Kartenausschnitte mit Standort, Drehung und Gitter Der Maps Converter ist ein Serverdienst von Open Boat Projects zum Konvertieren von Seekarten in verschiedene Aufl\u00f6sungen und Bildformate. Damit lassen sich relativ einfache Navigationsger\u00e4te auf Mikrocontrollerbasis mit verschiedenen Displaytypen erstellen. Es werden sowohl Farb- als auch Schwarz-Wei\u00df-Displays unterst\u00fctzt. Demo-Server Der Mikrocontroller sendet eine HTTP-GET-Anfrage an den&hellip; <a href=\"https:\/\/open-boat-projects.org\/de\/maps-converter\/\" class=\"more-link\">Weiterlesen <span class=\"screen-reader-text\">Maps Converter<\/span><\/a><\/p>\n","protected":false},"author":2,"featured_media":0,"parent":0,"menu_order":0,"comment_status":"closed","ping_status":"closed","template":"","meta":{"footnotes":""},"categories":[],"tags":[],"class_list":["post-5516","page","type-page","status-publish","hentry"],"_links":{"self":[{"href":"https:\/\/open-boat-projects.org\/de\/wp-json\/wp\/v2\/pages\/5516","targetHints":{"allow":["GET"]}}],"collection":[{"href":"https:\/\/open-boat-projects.org\/de\/wp-json\/wp\/v2\/pages"}],"about":[{"href":"https:\/\/open-boat-projects.org\/de\/wp-json\/wp\/v2\/types\/page"}],"author":[{"embeddable":true,"href":"https:\/\/open-boat-projects.org\/de\/wp-json\/wp\/v2\/users\/2"}],"replies":[{"embeddable":true,"href":"https:\/\/open-boat-projects.org\/de\/wp-json\/wp\/v2\/comments?post=5516"}],"version-history":[{"count":12,"href":"https:\/\/open-boat-projects.org\/de\/wp-json\/wp\/v2\/pages\/5516\/revisions"}],"predecessor-version":[{"id":5535,"href":"https:\/\/open-boat-projects.org\/de\/wp-json\/wp\/v2\/pages\/5516\/revisions\/5535"}],"wp:attachment":[{"href":"https:\/\/open-boat-projects.org\/de\/wp-json\/wp\/v2\/media?parent=5516"}],"wp:term":[{"taxonomy":"category","embeddable":true,"href":"https:\/\/open-boat-projects.org\/de\/wp-json\/wp\/v2\/categories?post=5516"},{"taxonomy":"post_tag","embeddable":true,"href":"https:\/\/open-boat-projects.org\/de\/wp-json\/wp\/v2\/tags?post=5516"}],"curies":[{"name":"wp","href":"https:\/\/api.w.org\/{rel}","templated":true}]}}