{"id":5487,"date":"2025-09-19T07:15:51","date_gmt":"2025-09-19T07:15:51","guid":{"rendered":"https:\/\/open-boat-projects.org\/?page_id=5487"},"modified":"2025-09-19T07:17:10","modified_gmt":"2025-09-19T07:17:10","slug":"multifunktionsdisplay-obp40-v1","status":"publish","type":"page","link":"https:\/\/open-boat-projects.org\/de\/multifunktionsdisplay-obp40-v1\/","title":{"rendered":"Multifunktionsdisplay OBP40 V1"},"content":{"rendered":"<div class=\"messageBody\">\n<div class=\"messageText\">\n<p>An dieser Stelle wieder was neues aus dem Bastellabor. Nachdem ich eine Werbe-Email zu China-Displays bekommen habe ist mir bei der Firma Elecrow das <a class=\"externalURL\" href=\"https:\/\/www.elecrow.com\/crowpanel-esp32-4-2-e-paper-hmi-display-with-400-300-resolution-black-white-color-driven-by-spi-interface.html\" target=\"_blank\" rel=\"nofollow noopener noreferrer ugc\">CrowPanel 4.2<\/a> aufgefallen. Es ist ein Open Source ePaper-Display auf Baisis des ESP32-S3 und benutzt das selbe 4.2&#8243; Display wie das originale OBP60. Zus\u00e4tzlich hat es noch einen Jog-Dial, zwei Tasten und einen SD-Card Adapter. Das CrowPanel 4.2 ist extrem einfach aufgebaut und sehr auf Low Cost getrimmt. Es kostet lediglich 28,61 Euro. Die Platine ist einseitig best\u00fcckt. Auf der R\u00fcckseite ist das Display aufgeklebt. Drei laserbearbeitete Plexiglasplatten bilden das Geh\u00e4use, die mit 4 Schrauben zusammen gehalten werden. Die Art von Konstruktionen liebe ich, da sie auf das absolute Minimum reduziert ist.<\/p>\n<p><img loading=\"lazy\" decoding=\"async\" class=\"alignnone size-medium wp-image-5495\" src=\"https:\/\/open-boat-projects.org\/wp-content\/uploads\/2025\/09\/4.2_inch_ESP32_HMI_E-paper_Display_feature-300x300.png\" alt=\"\" width=\"300\" height=\"300\" srcset=\"https:\/\/open-boat-projects.org\/wp-content\/uploads\/2025\/09\/4.2_inch_ESP32_HMI_E-paper_Display_feature-300x300.png 300w, https:\/\/open-boat-projects.org\/wp-content\/uploads\/2025\/09\/4.2_inch_ESP32_HMI_E-paper_Display_feature-150x150.png 150w, https:\/\/open-boat-projects.org\/wp-content\/uploads\/2025\/09\/4.2_inch_ESP32_HMI_E-paper_Display_feature-12x12.png 12w, https:\/\/open-boat-projects.org\/wp-content\/uploads\/2025\/09\/4.2_inch_ESP32_HMI_E-paper_Display_feature.png 352w\" sizes=\"auto, (max-width: 300px) 100vw, 300px\" \/><\/p>\n<p>Abb.: CrowPanel 4.2 (Elecrow)<\/p>\n<p><img loading=\"lazy\" decoding=\"async\" class=\"alignnone size-medium wp-image-5496\" src=\"https:\/\/open-boat-projects.org\/wp-content\/uploads\/2025\/09\/4.2_esp32_hmi_e-paper_display_pcb-300x300.png\" alt=\"\" width=\"300\" height=\"300\" srcset=\"https:\/\/open-boat-projects.org\/wp-content\/uploads\/2025\/09\/4.2_esp32_hmi_e-paper_display_pcb-300x300.png 300w, https:\/\/open-boat-projects.org\/wp-content\/uploads\/2025\/09\/4.2_esp32_hmi_e-paper_display_pcb-150x150.png 150w, https:\/\/open-boat-projects.org\/wp-content\/uploads\/2025\/09\/4.2_esp32_hmi_e-paper_display_pcb-12x12.png 12w, https:\/\/open-boat-projects.org\/wp-content\/uploads\/2025\/09\/4.2_esp32_hmi_e-paper_display_pcb.png 352w\" sizes=\"auto, (max-width: 300px) 100vw, 300px\" \/><\/p>\n<p>Abb. Platine (Elecrow)<\/p>\n<p><img loading=\"lazy\" decoding=\"async\" class=\"alignnone size-medium wp-image-5497\" src=\"https:\/\/open-boat-projects.org\/wp-content\/uploads\/2025\/09\/4.2_inch_esp32_hmi_e-paper_display_bs-300x300.png\" alt=\"\" width=\"300\" height=\"300\" srcset=\"https:\/\/open-boat-projects.org\/wp-content\/uploads\/2025\/09\/4.2_inch_esp32_hmi_e-paper_display_bs-300x300.png 300w, https:\/\/open-boat-projects.org\/wp-content\/uploads\/2025\/09\/4.2_inch_esp32_hmi_e-paper_display_bs-150x150.png 150w, https:\/\/open-boat-projects.org\/wp-content\/uploads\/2025\/09\/4.2_inch_esp32_hmi_e-paper_display_bs-12x12.png 12w, https:\/\/open-boat-projects.org\/wp-content\/uploads\/2025\/09\/4.2_inch_esp32_hmi_e-paper_display_bs.png 352w\" sizes=\"auto, (max-width: 300px) 100vw, 300px\" \/><\/p>\n<p>Abb. R\u00fcckseite (Elecrow)<\/p>\n<p>&nbsp;<\/p>\n<p>Das CrowPanel 4.2 wird \u00fcber eine USB-C-Buchse mit 5V versorgt. Es gibt auch noch ein Buchse f\u00fcr eine LiPo-Batterie, mit der das Display eigenst\u00e4ndig versorgt werden kann. \u00dcber eine 20-polige Buchsenleiste an der oberen Kante sind noch einige GPIOs und die 3.3V Stromversorgung nach drau\u00dfen gef\u00fchrt.<\/p>\n<p>Insgesamt ist das Display ideal als Einstiegsdroge f\u00fcr Tests oder einfache Anwendungen unter Deck geeignet, wo das Display nicht den rauen Bedingungen ausgesetzt ist. Da die Firmware zum OBP60 modular aufgebaut ist, lie\u00df sich die Firmware recht z\u00fcgig an das CrowPanel 4.2 anpassen. Nach 4h Arbeit lief das Display und zeigte erste Daten an.<\/p>\n<p>Grunds\u00e4tzlich l\u00e4sst sich das Display zur Anzeige alle Busdaten verwenden, wenn man ein busf\u00e4higes Ger\u00e4t wie das OBP60 oder einen M5Stack Atom mit einer Firmware benutzt, die das NMEA2000-Gateway beinhaltet. \u00dcber eine Wifi-Verbindung werden dann die Daten zum CrowPanel 4.2 \u00fcbertragen und lassen sich dort anzeigen wie man das vom OBP60 gewohnt ist. Damit kann man sich z.B. ein Instrumentendisplay f\u00fcr den Kartentisch bauen, so dass man alle Daten stets im Blick hat. Wer m\u00f6chte, kann dann auch zwei Displays gleichzeitig verwenden.<\/p>\n<p>F\u00fcr das OBP40 gibt es aber auch einige Einschr\u00e4nkungen:<\/p>\n<ul>\n<li>Kein wasserdichtes Geh\u00e4use<\/li>\n<li>Keine Au\u00dfenanwendung m\u00f6glich<\/li>\n<li>Keine 12V-Versorgung<\/li>\n<li>Keine sch\u00fctzende Plexiglasscheibe vor dem Display<\/li>\n<li>Keine Sonnenschutzfilter<\/li>\n<li>Stromversorgung nur \u00fcber USB-C m\u00f6glich<\/li>\n<li>Keine Displaybeleuchtung<\/li>\n<li>Nur begrenzte Tastenanzahl (Up, Down, Push, Menue, Exit)<\/li>\n<li>Keine Wischgesten<\/li>\n<li>Keine Flash-LED und kein Buzzer<\/li>\n<li>Keine physischen Busschnittstellen zu NMEA0183, NMEA2000<\/li>\n<li>Kein I2C, 1Wire (liegen aber auf der Buchsenleiste)<\/li>\n<li>Keine Echtzeituhr<\/li>\n<li>Kein GPS<\/li>\n<li>Kein Umweltsensor<\/li>\n<\/ul>\n<p>Daf\u00fcr ist das CrowPanel 4.2 nur 8,5 mm dick und extrem g\u00fcnstig im Einkauf. Ich hatte auch schon \u00fcber eine vereinfachte Indoor-Variante des OBP60 nachgedacht. Der Entwicklungsaufwand war mir erstmal zu hoch, da ich kaum Zeit habe was neues zu machen. Mit dem CrowPanel 4.2 hat mir Elecrow die Arbeit abgenommen und das Display l\u00e4sst sich direkt f\u00fcr solche Anwendungen nutzen.<\/p>\n<p>In erster Linie dient es aber dazu die Funktionen des OBP60 kennen zu lernen. Zudem kann man sehr bequem Softwareentwicklung betreiben, da sich das Display direkt an der USB-Buchse des Laptop oder eines PC betreiben l\u00e4sst. Ich habe die Firmware des OBP60 um diese Light-Hardware-Variante erg\u00e4nzt. Sp\u00e4ter werden noch andere Hardware-Varianten dazu kommen. Einige Ideen habe ich schon.<\/p>\n<p><a href=\"https:\/\/open-boat-projects.org\/wp-content\/uploads\/2025\/09\/OBP40_4.jpg\"><img loading=\"lazy\" decoding=\"async\" class=\"alignnone wp-image-5502 size-medium\" src=\"https:\/\/open-boat-projects.org\/wp-content\/uploads\/2025\/09\/OBP40_4-300x169.jpg\" alt=\"\" width=\"300\" height=\"169\" srcset=\"https:\/\/open-boat-projects.org\/wp-content\/uploads\/2025\/09\/OBP40_4-300x169.jpg 300w, https:\/\/open-boat-projects.org\/wp-content\/uploads\/2025\/09\/OBP40_4-1024x576.jpg 1024w, https:\/\/open-boat-projects.org\/wp-content\/uploads\/2025\/09\/OBP40_4-768x432.jpg 768w, https:\/\/open-boat-projects.org\/wp-content\/uploads\/2025\/09\/OBP40_4-1536x864.jpg 1536w, https:\/\/open-boat-projects.org\/wp-content\/uploads\/2025\/09\/OBP40_4-18x10.jpg 18w, https:\/\/open-boat-projects.org\/wp-content\/uploads\/2025\/09\/OBP40_4.jpg 2000w\" sizes=\"auto, (max-width: 300px) 100vw, 300px\" \/><\/a> \u00a0<a href=\"https:\/\/open-boat-projects.org\/wp-content\/uploads\/2025\/09\/OBP40_3.jpg\"><img loading=\"lazy\" decoding=\"async\" class=\"alignnone wp-image-5503 size-medium\" src=\"https:\/\/open-boat-projects.org\/wp-content\/uploads\/2025\/09\/OBP40_3-300x169.jpg\" alt=\"\" width=\"300\" height=\"169\" srcset=\"https:\/\/open-boat-projects.org\/wp-content\/uploads\/2025\/09\/OBP40_3-300x169.jpg 300w, https:\/\/open-boat-projects.org\/wp-content\/uploads\/2025\/09\/OBP40_3-1024x576.jpg 1024w, https:\/\/open-boat-projects.org\/wp-content\/uploads\/2025\/09\/OBP40_3-768x432.jpg 768w, https:\/\/open-boat-projects.org\/wp-content\/uploads\/2025\/09\/OBP40_3-1536x864.jpg 1536w, https:\/\/open-boat-projects.org\/wp-content\/uploads\/2025\/09\/OBP40_3-18x10.jpg 18w, https:\/\/open-boat-projects.org\/wp-content\/uploads\/2025\/09\/OBP40_3.jpg 2000w\" sizes=\"auto, (max-width: 300px) 100vw, 300px\" \/><\/a><\/p>\n<p><a href=\"https:\/\/open-boat-projects.org\/wp-content\/uploads\/2025\/09\/OBP40_2.jpg\"><img loading=\"lazy\" decoding=\"async\" class=\"alignnone wp-image-5504 size-medium\" src=\"https:\/\/open-boat-projects.org\/wp-content\/uploads\/2025\/09\/OBP40_2-300x169.jpg\" alt=\"\" width=\"300\" height=\"169\" srcset=\"https:\/\/open-boat-projects.org\/wp-content\/uploads\/2025\/09\/OBP40_2-300x169.jpg 300w, https:\/\/open-boat-projects.org\/wp-content\/uploads\/2025\/09\/OBP40_2-1024x576.jpg 1024w, https:\/\/open-boat-projects.org\/wp-content\/uploads\/2025\/09\/OBP40_2-768x432.jpg 768w, https:\/\/open-boat-projects.org\/wp-content\/uploads\/2025\/09\/OBP40_2-1536x864.jpg 1536w, https:\/\/open-boat-projects.org\/wp-content\/uploads\/2025\/09\/OBP40_2-18x10.jpg 18w, https:\/\/open-boat-projects.org\/wp-content\/uploads\/2025\/09\/OBP40_2.jpg 2000w\" sizes=\"auto, (max-width: 300px) 100vw, 300px\" \/><\/a> \u00a0<a href=\"https:\/\/open-boat-projects.org\/wp-content\/uploads\/2025\/09\/OBP40_1.jpg\"><img loading=\"lazy\" decoding=\"async\" class=\"alignnone wp-image-5505 size-medium\" src=\"https:\/\/open-boat-projects.org\/wp-content\/uploads\/2025\/09\/OBP40_1-300x169.jpg\" alt=\"\" width=\"300\" height=\"169\" srcset=\"https:\/\/open-boat-projects.org\/wp-content\/uploads\/2025\/09\/OBP40_1-300x169.jpg 300w, https:\/\/open-boat-projects.org\/wp-content\/uploads\/2025\/09\/OBP40_1-1024x576.jpg 1024w, https:\/\/open-boat-projects.org\/wp-content\/uploads\/2025\/09\/OBP40_1-768x432.jpg 768w, https:\/\/open-boat-projects.org\/wp-content\/uploads\/2025\/09\/OBP40_1-1536x864.jpg 1536w, https:\/\/open-boat-projects.org\/wp-content\/uploads\/2025\/09\/OBP40_1-18x10.jpg 18w, https:\/\/open-boat-projects.org\/wp-content\/uploads\/2025\/09\/OBP40_1.jpg 2000w\" sizes=\"auto, (max-width: 300px) 100vw, 300px\" \/><\/a><\/p>\n<p>Abb.: OBP40 verschiedene Ansichten<\/p>\n<p>Die Stromversorgung \u00fcber USB-C fand ich f\u00fcr eine Anwendung im Boot nicht so gut, da das Kabel seitlich rausgeht und optisch st\u00f6rend ist. Zudem kann man das Display nicht direkt mit 12V versorgen. Ich habe noch ein eigenes Geh\u00e4use konstruiert in das man das zerlegte Display einlegen kann. Wenn man dann noch einen kleinen <a class=\"externalURL\" href=\"https:\/\/www.ebay.de\/itm\/285599914349?_skw=mini+dc%2Fdc+wandler&amp;itmmeta=01JHE203ACK2Y9V1GJRE3ZZEJ9&amp;hash=item427f14d96d:g:NGQAAOSwHDNlQjna&amp;itmprp=enc%3AAQAJAAAA8HoV3kP08IDx%2BKZ9MfhVJKmuG%2BcKJDAIkOxL9v8Se5uZH9sbhzC9H5Yys90WLDGGypFowTnQNhtAArN82%2BVvHJaTKOpTYy5pc%2Bix8BZT5Qgl7sqeW5kuOTxO0%2FFR9smE%2B1lYhSyZTdh6vaLBkhABiDSmtNOLic4l54fFeZFR56wzcRLzBEzLbbSYQ5%2BVeWe6qrb9rUTEgH0sg3MSn648xLAT7lA9PssFLNmazvkHTj3SmNRgjqUjlLkapUpmc9goXybkOpM6553i5kX2E5tYjK2M3CIWUcfFDwRNd4lK7KNYTR%2Fvkjr9TZM6I0hJhDse7g%3D%3D%7Ctkp%3ABk9SR7S1gMKLZQ\" target=\"_blank\" rel=\"nofollow noopener noreferrer ugc\">Mini DC\/DC-Wandler<\/a> auf die Platine klebt, kann man das Display auch mit 12V versorgen. Ich habe das Geh\u00e4use etwas gr\u00f6\u00dfer gemacht, so dass die SD-Card, die etwas heraussteht im Geh\u00e4use verschwindet. Optisch ist das Geh\u00e4use des OBP40 an das Geh\u00e4use des originalen OBP60 angepasst. Somit f\u00fcgt es sich stimmig in das Gesamtbild ein. Bei der Gelegenheit habe ich auch gleich den zweifarbigen Druck bei meinem Bambu Lab Drucker ausprobiert. Das funktioniert wirklich gut und ich muss nicht mehrere Teile drucken. Die Schwarzen Fl\u00e4chen sind 0,4 mm dicke Einlagen (2 Layer) in der Frontseite. Die Farben gehen nahtlos ineinander \u00fcber und man kann keinen \u00dcbergang erf\u00fchlen.<\/p>\n<p>Auf der R\u00fcckseite des OBP40 befindet sich ein magnetischer 4-Poligen PogoPin-Adapter, so dass man das Display mit einer kleinen 1200 mAh LiPo-Batterie betreiben und \u00fcber USB aufladen kann. \u00dcber einen zus\u00e4tzlichen Spannungsteiler kann die Batteriespannung gemessen werden. Ist die Batteriespannung zu niedrig, so schaltet sich das OBP40 selbst\u00e4ndig ab. Zus\u00e4tzlich gibt es noch eine Ladeschale mit Halter. So kann man dann das Display auch mobil benutzen oder NMEA0183-Daten \u00fcber USB austauschen. Man kann das Display auch \u00fcber die PogoPins programmieren.<\/p>\n<p><img loading=\"lazy\" decoding=\"async\" class=\"alignnone size-medium wp-image-5506\" src=\"https:\/\/open-boat-projects.org\/wp-content\/uploads\/2025\/09\/Backside3-300x243.png\" alt=\"\" width=\"300\" height=\"243\" srcset=\"https:\/\/open-boat-projects.org\/wp-content\/uploads\/2025\/09\/Backside3-300x243.png 300w, https:\/\/open-boat-projects.org\/wp-content\/uploads\/2025\/09\/Backside3-768x623.png 768w, https:\/\/open-boat-projects.org\/wp-content\/uploads\/2025\/09\/Backside3-15x12.png 15w, https:\/\/open-boat-projects.org\/wp-content\/uploads\/2025\/09\/Backside3.png 812w\" sizes=\"auto, (max-width: 300px) 100vw, 300px\" \/><\/p>\n<p>Das OBP40 mit dem Crow Panel 4.2 ist vollst\u00e4ndig in die Firmware des OBP60 integriert. Die gesamte Softwarefunktionalit\u00e4t ist damit auch im OBP40 nutzbar. \u00dcber entsprechende Kompiler-Flags l\u00e4sst sich eine Firmware f\u00fcr das OBP40 erstellen. Das Repository befindet sich bei GitHub unter folgendem Link:<\/p>\n<p><a href=\"https:\/\/github.com\/norbert-walter\/esp32-nmea2000-obp60\">https:\/\/github.com\/norbert-walter\/esp32-nmea2000-obp60<\/a><\/p>\n<\/div>\n<p>Es gibt auch eine umfangreiche mehrsprachige <a href=\"https:\/\/obp40-v1-docu.readthedocs.io\/de\/latest\/\" target=\"_blank\" rel=\"noopener\">Dokumentation zum OBP40<\/a> in der alle Besonderheiten ausf\u00fchrlich beschrieben sind. Darin wird beschrieben wie man das Crow Panel 4.2 zu einem OBP40 umbaut. Konfigurationsbeispiele erleichtern den Einstieg und tragen zu einer erfolgreichen Projektumsetzung bei.<\/p>\n<div class=\"messageText\">\n<p>Im <a class=\"externalURL\" href=\"https:\/\/www.elecrow.com\/wiki\/CrowPanel_ESP32_E-paper_4.2-inch_HMI_Display.html\" target=\"_blank\" rel=\"nofollow noopener noreferrer ugc\">Wiki von Elecrown zum CrowPanel 4.2<\/a> findet man alle Unterlagen und einige n\u00fctzliche Softwarebeispiele mit denen die Hardware getestet werden kann. So gibt es z.B. auch eine Software mit der man Inhalte per Bluetooth oder WiFi auf das Display \u00fcbertragen kann. Dar\u00fcber lie\u00dfen sich theoretisch beliebige Inhalte auf das Display \u00fcbertragen wie Wetterdaten, E-Mails, Erinnerungen oder andere n\u00fctzliche Informationen. Gedacht war das urspr\u00fcnglich f\u00fcr die Belegung von Besprechungsr\u00e4umen oder als Schild zur Preiskennzeichnung. Es gibt auch ein Wetter-Demo mit dem die lokale Wettervorhersage aus dem Internet geholt und angezeigt werden kann. Theoretisch lie\u00dfen sich auch beliebige eigene Anwendungen f\u00fcr das CrowPanel 4.2 schreiben. Grunds\u00e4tzlich lie\u00dfen sich auch andere ePaper-Displays Displays von Elecrown in die Firmware einbinden. Es gibt auch noch <a class=\"externalURL\" href=\"https:\/\/www.elecrow.com\/display\/e-paper-display.html\" target=\"_blank\" rel=\"nofollow noopener noreferrer ugc\">kleinere oder auch ein gr\u00f6\u00dferes Display<\/a>. Man m\u00fcsste nur darauf achten, dass ein Display-Controller verwendet wird, der von der GxEPM2 Lib unterst\u00fctzt wird.<\/p>\n<p>Ich denke das OBP40 ist eine gute Erg\u00e4nzung zum OBP60. So hat man eine g\u00fcnstige Einstiegsl\u00f6sung und kann sich mit der Materie ganz gut vertraut machen. Das Display l\u00e4d auch zu weiterf\u00fchrenden Projekten ein, wenn man noch die ungenutzten GPIOs mit einbezieht. Dann w\u00e4re auch eine Anbindung an NMEA2000 oder NMEA0183 m\u00f6glich oder man nutzt Sensoren am I2C- oder 1Wire-Bus. Der Phantasie sind keine Grenzen gesetzt. Durch die SD-Card lie\u00dfen sich noch nette andere Dinge umsetzen wie Wetter- oder Datenlogging.<\/p>\n<\/div>\n<\/div>\n<footer class=\"messageFooter\">\n<div class=\"messageSignature\">\n<div>\n<p>&nbsp;<\/p>\n<\/div>\n<\/div>\n<\/footer>\n","protected":false},"excerpt":{"rendered":"<p>An dieser Stelle wieder was neues aus dem Bastellabor. Nachdem ich eine Werbe-Email zu China-Displays bekommen habe ist mir bei der Firma Elecrow das CrowPanel 4.2 aufgefallen. Es ist ein Open Source ePaper-Display auf Baisis des ESP32-S3 und benutzt das selbe 4.2&#8243; Display wie das originale OBP60. Zus\u00e4tzlich hat es noch einen Jog-Dial, zwei Tasten&hellip; <a href=\"https:\/\/open-boat-projects.org\/de\/multifunktionsdisplay-obp40-v1\/\" class=\"more-link\">Weiterlesen <span class=\"screen-reader-text\">Multifunktionsdisplay OBP40 V1<\/span><\/a><\/p>\n","protected":false},"author":2,"featured_media":0,"parent":0,"menu_order":0,"comment_status":"closed","ping_status":"closed","template":"","meta":{"footnotes":""},"categories":[],"tags":[],"class_list":["post-5487","page","type-page","status-publish","hentry"],"_links":{"self":[{"href":"https:\/\/open-boat-projects.org\/de\/wp-json\/wp\/v2\/pages\/5487","targetHints":{"allow":["GET"]}}],"collection":[{"href":"https:\/\/open-boat-projects.org\/de\/wp-json\/wp\/v2\/pages"}],"about":[{"href":"https:\/\/open-boat-projects.org\/de\/wp-json\/wp\/v2\/types\/page"}],"author":[{"embeddable":true,"href":"https:\/\/open-boat-projects.org\/de\/wp-json\/wp\/v2\/users\/2"}],"replies":[{"embeddable":true,"href":"https:\/\/open-boat-projects.org\/de\/wp-json\/wp\/v2\/comments?post=5487"}],"version-history":[{"count":6,"href":"https:\/\/open-boat-projects.org\/de\/wp-json\/wp\/v2\/pages\/5487\/revisions"}],"predecessor-version":[{"id":5508,"href":"https:\/\/open-boat-projects.org\/de\/wp-json\/wp\/v2\/pages\/5487\/revisions\/5508"}],"wp:attachment":[{"href":"https:\/\/open-boat-projects.org\/de\/wp-json\/wp\/v2\/media?parent=5487"}],"wp:term":[{"taxonomy":"category","embeddable":true,"href":"https:\/\/open-boat-projects.org\/de\/wp-json\/wp\/v2\/categories?post=5487"},{"taxonomy":"post_tag","embeddable":true,"href":"https:\/\/open-boat-projects.org\/de\/wp-json\/wp\/v2\/tags?post=5487"}],"curies":[{"name":"wp","href":"https:\/\/api.w.org\/{rel}","templated":true}]}}