{"id":5481,"date":"2025-09-18T17:20:04","date_gmt":"2025-09-18T17:20:04","guid":{"rendered":"https:\/\/open-boat-projects.org\/?page_id=5481"},"modified":"2025-09-18T17:32:04","modified_gmt":"2025-09-18T17:32:04","slug":"windsensor-yachta-am-clipper-wind-tochterdisplay-betreiben","status":"publish","type":"page","link":"https:\/\/open-boat-projects.org\/de\/windsensor-yachta-am-clipper-wind-tochterdisplay-betreiben\/","title":{"rendered":"Windsensor Yachta am Clipper Wind Tochterdisplay betreiben"},"content":{"rendered":"<p><img loading=\"lazy\" decoding=\"async\" class=\"alignnone size-medium wp-image-5391\" src=\"https:\/\/open-boat-projects.org\/wp-content\/uploads\/2024\/03\/Clipper_Wind_Taughter_Display-300x300.webp\" alt=\"\" width=\"300\" height=\"300\" srcset=\"https:\/\/open-boat-projects.org\/wp-content\/uploads\/2024\/03\/Clipper_Wind_Taughter_Display-300x300.webp 300w, https:\/\/open-boat-projects.org\/wp-content\/uploads\/2024\/03\/Clipper_Wind_Taughter_Display-150x150.webp 150w, https:\/\/open-boat-projects.org\/wp-content\/uploads\/2024\/03\/Clipper_Wind_Taughter_Display-768x766.webp 768w, https:\/\/open-boat-projects.org\/wp-content\/uploads\/2024\/03\/Clipper_Wind_Taughter_Display-12x12.webp 12w, https:\/\/open-boat-projects.org\/wp-content\/uploads\/2024\/03\/Clipper_Wind_Taughter_Display.webp 800w\" sizes=\"auto, (max-width: 300px) 100vw, 300px\" \/><\/p>\n<p>Abb.: Clipper Wind Tochterdisplay<\/p>\n<p><a href=\"https:\/\/www.segeln-forum.de\/thread\/67401-windsensor-diy\/?postID=2623770#post2623770\">https:\/\/www.segeln-forum.de\/thread\/67401-windsensor-diy\/?postID=2623770#post2623770<\/a><\/p>\n<p>Die Signale des Windsensor Yachta k\u00f6nnen auch benutzt werden, um eine Daten\u00fcbertragung zum Clipper Wind Tochterdisplay zu erm\u00f6glichen. Dazu muss das TX-Sendesignal der NMEA0183 Telegramme in ein 12V umgewandelt werden, damit es vom Clipper Wind Tochterdisplay erkannt wird. Die Schaltung besteht aus einem Transistor und zwei Widerst\u00e4nden und kann im Geh\u00e4use des Windsensor Yachta mit untergebracht werden.<\/p>\n<p><img loading=\"lazy\" decoding=\"async\" class=\"alignnone wp-image-5483 size-full\" src=\"https:\/\/open-boat-projects.org\/wp-content\/uploads\/2025\/09\/Anpassschaltung_1.jpg\" alt=\"\" width=\"598\" height=\"296\" srcset=\"https:\/\/open-boat-projects.org\/wp-content\/uploads\/2025\/09\/Anpassschaltung_1.jpg 598w, https:\/\/open-boat-projects.org\/wp-content\/uploads\/2025\/09\/Anpassschaltung_1-300x148.jpg 300w, https:\/\/open-boat-projects.org\/wp-content\/uploads\/2025\/09\/Anpassschaltung_1-18x9.jpg 18w\" sizes=\"auto, (max-width: 598px) 100vw, 598px\" \/><\/p>\n<p>Abb.: Anpassschaltung<\/p>\n<p><a href=\"https:\/\/open-boat-projects.org\/wp-content\/uploads\/2025\/09\/Anpasschaltung_eingebaut.jpg\"><img loading=\"lazy\" decoding=\"async\" class=\"alignnone wp-image-5488\" src=\"https:\/\/open-boat-projects.org\/wp-content\/uploads\/2025\/09\/Anpasschaltung_eingebaut-300x169.jpg\" alt=\"\" width=\"400\" height=\"225\" srcset=\"https:\/\/open-boat-projects.org\/wp-content\/uploads\/2025\/09\/Anpasschaltung_eingebaut-300x169.jpg 300w, https:\/\/open-boat-projects.org\/wp-content\/uploads\/2025\/09\/Anpasschaltung_eingebaut-1024x576.jpg 1024w, https:\/\/open-boat-projects.org\/wp-content\/uploads\/2025\/09\/Anpasschaltung_eingebaut-768x432.jpg 768w, https:\/\/open-boat-projects.org\/wp-content\/uploads\/2025\/09\/Anpasschaltung_eingebaut-1536x864.jpg 1536w, https:\/\/open-boat-projects.org\/wp-content\/uploads\/2025\/09\/Anpasschaltung_eingebaut-18x10.jpg 18w, https:\/\/open-boat-projects.org\/wp-content\/uploads\/2025\/09\/Anpasschaltung_eingebaut.jpg 2000w\" sizes=\"auto, (max-width: 400px) 100vw, 400px\" \/><\/a><\/p>\n<p>Abb.: Schaltung eingebaut<\/p>\n<p>Damit ist das Clipper Wind Tochterdisplay in der Lage die Winddaten des Windsensor Yachta anzuzeigen. Hier ist ein kleines <a href=\"https:\/\/www.youtube.com\/watch?v=tnx9VRgtLLw\" target=\"_blank\" rel=\"noopener\">Video<\/a> in dem das Ergebnis gezeigt wird.<\/p>\n<p>In der selben Art und Weise lassen sich auch NMEA0183 Telegramme von einem Raspberry Pi von AvNav oder SignalK einbinden. In dem Fall wird einfach ein USB-Seriell-Konverter vor die Anpassschaltung geschaltet.<\/p>\n<p><img loading=\"lazy\" decoding=\"async\" class=\"alignnone wp-image-5485\" src=\"https:\/\/open-boat-projects.org\/wp-content\/uploads\/2025\/09\/Anpasschaltung_2.jpg\" alt=\"\" width=\"600\" height=\"188\" srcset=\"https:\/\/open-boat-projects.org\/wp-content\/uploads\/2025\/09\/Anpasschaltung_2.jpg 768w, https:\/\/open-boat-projects.org\/wp-content\/uploads\/2025\/09\/Anpasschaltung_2-300x94.jpg 300w, https:\/\/open-boat-projects.org\/wp-content\/uploads\/2025\/09\/Anpasschaltung_2-18x6.jpg 18w, https:\/\/open-boat-projects.org\/wp-content\/uploads\/2025\/09\/Anpasschaltung_2-760x240.jpg 760w\" sizes=\"auto, (max-width: 600px) 100vw, 600px\" \/><\/p>\n<p>Abb.: Schaltung mit einem USB-Seriell-Wandler zur direkten Anbindung<\/p>\n","protected":false},"excerpt":{"rendered":"<p>Abb.: Clipper Wind Tochterdisplay https:\/\/www.segeln-forum.de\/thread\/67401-windsensor-diy\/?postID=2623770#post2623770 Die Signale des Windsensor Yachta k\u00f6nnen auch benutzt werden, um eine Daten\u00fcbertragung zum Clipper Wind Tochterdisplay zu erm\u00f6glichen. Dazu muss das TX-Sendesignal der NMEA0183 Telegramme in ein 12V umgewandelt werden, damit es vom Clipper Wind Tochterdisplay erkannt wird. Die Schaltung besteht aus einem Transistor und zwei Widerst\u00e4nden und kann im&hellip; <a href=\"https:\/\/open-boat-projects.org\/de\/windsensor-yachta-am-clipper-wind-tochterdisplay-betreiben\/\" class=\"more-link\">Weiterlesen <span class=\"screen-reader-text\">Windsensor Yachta am Clipper Wind Tochterdisplay betreiben<\/span><\/a><\/p>\n","protected":false},"author":2,"featured_media":0,"parent":0,"menu_order":0,"comment_status":"closed","ping_status":"closed","template":"","meta":{"footnotes":""},"categories":[],"tags":[],"class_list":["post-5481","page","type-page","status-publish","hentry"],"_links":{"self":[{"href":"https:\/\/open-boat-projects.org\/de\/wp-json\/wp\/v2\/pages\/5481","targetHints":{"allow":["GET"]}}],"collection":[{"href":"https:\/\/open-boat-projects.org\/de\/wp-json\/wp\/v2\/pages"}],"about":[{"href":"https:\/\/open-boat-projects.org\/de\/wp-json\/wp\/v2\/types\/page"}],"author":[{"embeddable":true,"href":"https:\/\/open-boat-projects.org\/de\/wp-json\/wp\/v2\/users\/2"}],"replies":[{"embeddable":true,"href":"https:\/\/open-boat-projects.org\/de\/wp-json\/wp\/v2\/comments?post=5481"}],"version-history":[{"count":6,"href":"https:\/\/open-boat-projects.org\/de\/wp-json\/wp\/v2\/pages\/5481\/revisions"}],"predecessor-version":[{"id":5494,"href":"https:\/\/open-boat-projects.org\/de\/wp-json\/wp\/v2\/pages\/5481\/revisions\/5494"}],"wp:attachment":[{"href":"https:\/\/open-boat-projects.org\/de\/wp-json\/wp\/v2\/media?parent=5481"}],"wp:term":[{"taxonomy":"category","embeddable":true,"href":"https:\/\/open-boat-projects.org\/de\/wp-json\/wp\/v2\/categories?post=5481"},{"taxonomy":"post_tag","embeddable":true,"href":"https:\/\/open-boat-projects.org\/de\/wp-json\/wp\/v2\/tags?post=5481"}],"curies":[{"name":"wp","href":"https:\/\/api.w.org\/{rel}","templated":true}]}}