{"id":5458,"date":"2025-08-21T19:56:39","date_gmt":"2025-08-21T19:56:39","guid":{"rendered":"https:\/\/open-boat-projects.org\/?page_id=5458"},"modified":"2026-02-14T15:53:35","modified_gmt":"2026-02-14T15:53:35","slug":"multifunktionsdisplay-obp60-v2","status":"publish","type":"page","link":"https:\/\/open-boat-projects.org\/de\/multifunktionsdisplay-obp60-v2\/","title":{"rendered":"Multifunktionsdisplay OBP60 V2"},"content":{"rendered":"<p><a href=\"https:\/\/open-boat-projects.org\/wichtige-hinweise\/\" target=\"_blank\" rel=\"noopener\"><em><strong>Vorab ein paar wichtige Hinweise die sie unbedingt beachten sollten.<\/strong><\/em><\/a><\/p>\n<p><img loading=\"lazy\" decoding=\"async\" class=\"alignnone wp-image-5463\" src=\"https:\/\/open-boat-projects.org\/wp-content\/uploads\/2025\/08\/Screen_Overview-300x102.webp\" alt=\"\" width=\"500\" height=\"171\" srcset=\"https:\/\/open-boat-projects.org\/wp-content\/uploads\/2025\/08\/Screen_Overview-300x102.webp 300w, https:\/\/open-boat-projects.org\/wp-content\/uploads\/2025\/08\/Screen_Overview-1024x349.webp 1024w, https:\/\/open-boat-projects.org\/wp-content\/uploads\/2025\/08\/Screen_Overview-768x262.webp 768w, https:\/\/open-boat-projects.org\/wp-content\/uploads\/2025\/08\/Screen_Overview-18x6.webp 18w, https:\/\/open-boat-projects.org\/wp-content\/uploads\/2025\/08\/Screen_Overview.webp 1032w\" sizes=\"auto, (max-width: 500px) 100vw, 500px\" \/><\/p>\n<p>Das OBP60 gibt es seit 2025 in einer \u00fcberarbeiteten Version. Der Hauptgrund der \u00dcberarbeitung bestand darin, die Elektronik durch SMD-Technik einfacher und automatisiert fertigen zu k\u00f6nnen. Bei der alten Version wurden einige DIY-Module verwendet und der manuelle Aufwand bei einer Fertigung war sehr gro\u00df. Ziel war es die Elektronik bei Dienstleistern fertigen zu lassen, so dass Interessierte die fertig best\u00fcckte, programmierte und getestete Platine f\u00fcr das OBP60 kaufen k\u00f6nnen und ein Nachbau damit wesentlich einfacher ist. Aktuell werden noch keine Platinen verkauft, sondern nur fertige Ger\u00e4te, um Fehler f\u00fcr einen sp\u00e4teren Fertigungsablauf im Vorfeld finden zu k\u00f6nnen. Wenn diese Phase beendet ist, k\u00f6nnen auch Platinen \u00fcber Open Boat Projects bezogen werden.<\/p>\n\n<p>Abb.: \u00dcber 30 Anzeigeseiten verf\u00fcgbar (<a href=\"https:\/\/obp60-v2-docu.readthedocs.io\/de\/latest\/usermanual\/configuration.html#config-obp-page-x\" target=\"_blank\" rel=\"noopener\">Doku<\/a>)<\/p>\n<p>Die erste Nullserie von 25 Ger\u00e4ten ist aktuell im Praxiseinsatz und muss sich im Bootsalltag bew\u00e4hren. Dabei sind noch einige Probleme aufgetreten, die behoben werden m\u00fcssen. Der Gro\u00dfteil der Probleme wurde inzwischen lokalisiert und es wurden L\u00f6sungen zur Behebung der Probleme gefunden. Eines der gr\u00f6\u00dften Probleme bereitete uns das e-Paper-Display, dass nach einer Abk\u00fcndigung durch ein anderes Modell ersetzt werden musste. Leider ist es unter direkter Sonneneinstrahlung nicht so tauglich wie das Display des alten OBP60 V1. Nach endlosen Tests und Versuchen wurde ein Displaytyp gefunden, der ann\u00e4hernd so gute Ergebnisse erzielt. In einer weiteren Kleinserie soll eine \u00fcberarbeitete Version des OBP60 aufgelegt werden. Der detaillierte Entwicklungsverlauf kann im Segeln-Forum unter der Rubrik OPB60 nachvollzogen werden.<\/p>\n<p>Die Firmware zum OBP60 V2 ist inzwischen ausgereift und hat einen beachtlichen Funktionsumfang erreicht. Durch die gute Online-Dokumentation konnten viele Unterst\u00fctzer zur Erweiterung der Firmware gefunden werden. Mittlerweile arbeiten 5 Leute regelm\u00e4\u00dfig an Software- und Hardwareerweiterungen.<\/p>\n<p>Wer weitergehende Informationen ben\u00f6tigt kann folgende Quellen nutzen:<\/p>\n<ul>\n<li>Online-Dokumentation: <a href=\"https:\/\/obp60-v2-docu.readthedocs.io\/de\/latest\/\" target=\"_blank\" rel=\"noopener\">https:\/\/obp60-v2-docu.readthedocs.io\/de\/latest\/<\/a>\u00a0 \u00a0(de\/en)<\/li>\n<li>Fimrware: <a href=\"https:\/\/github.com\/norbert-walter\/esp32-nmea2000-obp60\" target=\"_blank\" rel=\"noopener\">https:\/\/github.com\/norbert-walter\/esp32-nmea2000-obp60<\/a><\/li>\n<li>Segeln-Forum: <a href=\"https:\/\/www.segeln-forum.de\/thread\/73307-multifunktionsdisplay-diy\/\" target=\"_blank\" rel=\"noopener\">https:\/\/www.segeln-forum.de\/thread\/73307-multifunktionsdisplay-diy\/<\/a> (de)<\/li>\n<\/ul>\n","protected":false},"excerpt":{"rendered":"<p>Vorab ein paar wichtige Hinweise die sie unbedingt beachten sollten. Das OBP60 gibt es seit 2025 in einer \u00fcberarbeiteten Version. Der Hauptgrund der \u00dcberarbeitung bestand darin, die Elektronik durch SMD-Technik einfacher und automatisiert fertigen zu k\u00f6nnen. Bei der alten Version wurden einige DIY-Module verwendet und der manuelle Aufwand bei einer Fertigung war sehr gro\u00df. Ziel&hellip; <a href=\"https:\/\/open-boat-projects.org\/de\/multifunktionsdisplay-obp60-v2\/\" class=\"more-link\">Weiterlesen <span class=\"screen-reader-text\">Multifunktionsdisplay OBP60 V2<\/span><\/a><\/p>\n","protected":false},"author":2,"featured_media":0,"parent":0,"menu_order":0,"comment_status":"closed","ping_status":"closed","template":"","meta":{"footnotes":""},"categories":[],"tags":[],"class_list":["post-5458","page","type-page","status-publish","hentry"],"_links":{"self":[{"href":"https:\/\/open-boat-projects.org\/de\/wp-json\/wp\/v2\/pages\/5458","targetHints":{"allow":["GET"]}}],"collection":[{"href":"https:\/\/open-boat-projects.org\/de\/wp-json\/wp\/v2\/pages"}],"about":[{"href":"https:\/\/open-boat-projects.org\/de\/wp-json\/wp\/v2\/types\/page"}],"author":[{"embeddable":true,"href":"https:\/\/open-boat-projects.org\/de\/wp-json\/wp\/v2\/users\/2"}],"replies":[{"embeddable":true,"href":"https:\/\/open-boat-projects.org\/de\/wp-json\/wp\/v2\/comments?post=5458"}],"version-history":[{"count":13,"href":"https:\/\/open-boat-projects.org\/de\/wp-json\/wp\/v2\/pages\/5458\/revisions"}],"predecessor-version":[{"id":5747,"href":"https:\/\/open-boat-projects.org\/de\/wp-json\/wp\/v2\/pages\/5458\/revisions\/5747"}],"wp:attachment":[{"href":"https:\/\/open-boat-projects.org\/de\/wp-json\/wp\/v2\/media?parent=5458"}],"wp:term":[{"taxonomy":"category","embeddable":true,"href":"https:\/\/open-boat-projects.org\/de\/wp-json\/wp\/v2\/categories?post=5458"},{"taxonomy":"post_tag","embeddable":true,"href":"https:\/\/open-boat-projects.org\/de\/wp-json\/wp\/v2\/tags?post=5458"}],"curies":[{"name":"wp","href":"https:\/\/api.w.org\/{rel}","templated":true}]}}