{"id":54,"date":"2019-12-05T20:50:07","date_gmt":"2019-12-05T20:50:07","guid":{"rendered":"https:\/\/open-boat-projects.org\/?page_id=54"},"modified":"2023-07-12T22:47:46","modified_gmt":"2023-07-12T22:47:46","slug":"diy-motordiagnose","status":"publish","type":"page","link":"https:\/\/open-boat-projects.org\/de\/diy-motordiagnose\/","title":{"rendered":"DIY Motordiagnose"},"content":{"rendered":"<p><a href=\"https:\/\/open-boat-projects.org\/wichtige-hinweise\/\" target=\"_blank\" rel=\"noopener\"><em><strong>Vorab ein paar wichtige Hinweise die sie unbedingt beachten sollten.<\/strong><\/em><\/a><\/p>\n<p><a href=\"https:\/\/open-boat-projects.org\/wp-content\/uploads\/2019\/11\/IMG_3488_kl.jpg\"><img loading=\"lazy\" decoding=\"async\" class=\"alignnone wp-image-260 size-large\" src=\"https:\/\/open-boat-projects.org\/wp-content\/uploads\/2019\/11\/IMG_3488_kl-1024x768.jpg\" alt=\"\" width=\"952\" height=\"714\" srcset=\"https:\/\/open-boat-projects.org\/wp-content\/uploads\/2019\/11\/IMG_3488_kl-1024x768.jpg 1024w, https:\/\/open-boat-projects.org\/wp-content\/uploads\/2019\/11\/IMG_3488_kl-300x225.jpg 300w, https:\/\/open-boat-projects.org\/wp-content\/uploads\/2019\/11\/IMG_3488_kl-768x576.jpg 768w, https:\/\/open-boat-projects.org\/wp-content\/uploads\/2019\/11\/IMG_3488_kl-1536x1152.jpg 1536w, https:\/\/open-boat-projects.org\/wp-content\/uploads\/2019\/11\/IMG_3488_kl-2048x1536.jpg 2048w\" sizes=\"auto, (max-width: 952px) 100vw, 952px\" \/><\/a><\/p>\n<ul>\n<li>Nachr\u00fcstung bei allen Motortypen, da unabh\u00e4ngige Sensoren verwendet werden<\/li>\n<li>Verwendung g\u00fcnstiger Sensoren<\/li>\n<li>Messungen diverser Motorparameter<\/li>\n<li>Durchfluss K\u00fchlwasser (Impuls, YF-S201B)<\/li>\n<li>Temperatur K\u00fchlkreisl\u00e4ufe (1Wire, DS18B20)<\/li>\n<li>Temperatur Motorraum (1Wire, DS18B20)<\/li>\n<li>Motordrehzahl (Impuls, GP2A26 Sharp)<\/li>\n<li>Drehzahl der Abtriebswelle (Impuls, GP2A26 Sharp)<\/li>\n<li>Tankf\u00fcllstand \u00fcber Drucksensor<\/li>\n<li>Motorbetriebsstunden (\u00fcber Drehzahlerkennung)<\/li>\n<li>Stromversorgung \u00fcber 12V Bordnetz<\/li>\n<li>Datenverarbeitung mit ESP8266<\/li>\n<li>Daten\u00fcbertragung per WLAN<\/li>\n<li>Datenprotokoll NMEA0183, teilweise mit kundenspezifischen Telegrammen<\/li>\n<li>Datenanzeige \u00fcber OpenPlotter<\/li>\n<li>Einfaches Webfrontend zur Bedienung und Anzeige \u00fcber Handy<\/li>\n<li>Wasserdichtes Geh\u00e4use<\/li>\n<li>Einbauort im Motorraum f\u00fcr kurze Leitungen<\/li>\n<li>Alle Sensoren per Kabel angebunden<\/li>\n<li>Preis kleiner 120 Euro f\u00fcr Material<\/li>\n<li>Aktueller <a href=\"https:\/\/open-boat-projects.org\/wp-content\/uploads\/2021\/01\/Schematic_MotordiagV_2.pdf\">Schaltplan<\/a><\/li>\n<li>Platine ist bei <a href=\"https:\/\/aisler.net\/p\/HUAPDJWL\">Aisler<\/a> bestellbar<\/li>\n<li>Aktuelle Software: <a href=\"https:\/\/open-boat-projects.org\/wp-content\/uploads\/2021\/01\/Motordiagnose_2.zip\">Quellcode<\/a>, <a href=\"https:\/\/open-boat-projects.org\/wp-content\/uploads\/2021\/01\/Motordiagnose_2.bin_.zip\">Bin\u00e4rfile<\/a><\/li>\n<\/ul>\n<p><a href=\"https:\/\/www.segeln-forum.de\/thread\/71890-motormanagement-diy\/\">https:\/\/www.segeln-forum.de\/thread\/71890-motormanagement-diy\/<\/a><\/p>\n<p><a href=\"https:\/\/open-boat-projects.org\/wp-content\/uploads\/2019\/11\/IMG_3495_kl.jpg\"><img loading=\"lazy\" decoding=\"async\" class=\"alignnone wp-image-254 size-large\" src=\"https:\/\/open-boat-projects.org\/wp-content\/uploads\/2019\/11\/IMG_3495_kl-768x1024.jpg\" alt=\"Elektronikbox\" width=\"768\" height=\"1024\" srcset=\"https:\/\/open-boat-projects.org\/wp-content\/uploads\/2019\/11\/IMG_3495_kl-768x1024.jpg 768w, https:\/\/open-boat-projects.org\/wp-content\/uploads\/2019\/11\/IMG_3495_kl-225x300.jpg 225w, https:\/\/open-boat-projects.org\/wp-content\/uploads\/2019\/11\/IMG_3495_kl-1152x1536.jpg 1152w, https:\/\/open-boat-projects.org\/wp-content\/uploads\/2019\/11\/IMG_3495_kl-1536x2048.jpg 1536w, https:\/\/open-boat-projects.org\/wp-content\/uploads\/2019\/11\/IMG_3495_kl.jpg 1728w\" sizes=\"auto, (max-width: 768px) 100vw, 768px\" \/><\/a><\/p>\n<p>Elektronikbox<\/p>\n<p><a href=\"https:\/\/open-boat-projects.org\/wp-content\/uploads\/2019\/11\/IMG_3496_kl.jpg\"><img loading=\"lazy\" decoding=\"async\" class=\"alignnone wp-image-255 size-large\" src=\"https:\/\/open-boat-projects.org\/wp-content\/uploads\/2019\/11\/IMG_3496_kl-768x1024.jpg\" alt=\"\" width=\"768\" height=\"1024\" srcset=\"https:\/\/open-boat-projects.org\/wp-content\/uploads\/2019\/11\/IMG_3496_kl-768x1024.jpg 768w, https:\/\/open-boat-projects.org\/wp-content\/uploads\/2019\/11\/IMG_3496_kl-225x300.jpg 225w, https:\/\/open-boat-projects.org\/wp-content\/uploads\/2019\/11\/IMG_3496_kl-1152x1536.jpg 1152w, https:\/\/open-boat-projects.org\/wp-content\/uploads\/2019\/11\/IMG_3496_kl-1536x2048.jpg 1536w, https:\/\/open-boat-projects.org\/wp-content\/uploads\/2019\/11\/IMG_3496_kl.jpg 1728w\" sizes=\"auto, (max-width: 768px) 100vw, 768px\" \/><\/a><\/p>\n<p>Elekronikbox Prototyp<\/p>\n<p><a href=\"https:\/\/open-boat-projects.org\/wp-content\/uploads\/2019\/11\/IMG_3490_kl.jpg\"><img loading=\"lazy\" decoding=\"async\" class=\"alignnone wp-image-262 size-large\" src=\"https:\/\/open-boat-projects.org\/wp-content\/uploads\/2019\/11\/IMG_3490_kl-768x1024.jpg\" alt=\"\" width=\"768\" height=\"1024\" srcset=\"https:\/\/open-boat-projects.org\/wp-content\/uploads\/2019\/11\/IMG_3490_kl-768x1024.jpg 768w, https:\/\/open-boat-projects.org\/wp-content\/uploads\/2019\/11\/IMG_3490_kl-225x300.jpg 225w, https:\/\/open-boat-projects.org\/wp-content\/uploads\/2019\/11\/IMG_3490_kl-1152x1536.jpg 1152w, https:\/\/open-boat-projects.org\/wp-content\/uploads\/2019\/11\/IMG_3490_kl-1536x2048.jpg 1536w, https:\/\/open-boat-projects.org\/wp-content\/uploads\/2019\/11\/IMG_3490_kl.jpg 1728w\" sizes=\"auto, (max-width: 768px) 100vw, 768px\" \/><\/a><\/p>\n<p>Drehzahlsensor mit Lichtschranke<\/p>\n<p><a href=\"https:\/\/open-boat-projects.org\/wp-content\/uploads\/2019\/11\/IMG_3493_kl.jpg\"><img loading=\"lazy\" decoding=\"async\" class=\"alignnone wp-image-253 size-large\" src=\"https:\/\/open-boat-projects.org\/wp-content\/uploads\/2019\/11\/IMG_3493_kl-1024x768.jpg\" alt=\"\" width=\"952\" height=\"714\" srcset=\"https:\/\/open-boat-projects.org\/wp-content\/uploads\/2019\/11\/IMG_3493_kl-1024x768.jpg 1024w, https:\/\/open-boat-projects.org\/wp-content\/uploads\/2019\/11\/IMG_3493_kl-300x225.jpg 300w, https:\/\/open-boat-projects.org\/wp-content\/uploads\/2019\/11\/IMG_3493_kl-768x576.jpg 768w, https:\/\/open-boat-projects.org\/wp-content\/uploads\/2019\/11\/IMG_3493_kl-1536x1152.jpg 1536w, https:\/\/open-boat-projects.org\/wp-content\/uploads\/2019\/11\/IMG_3493_kl-2048x1536.jpg 2048w\" sizes=\"auto, (max-width: 952px) 100vw, 952px\" \/><\/a><\/p>\n<p>Durchflusssensor<\/p>\n<p><a href=\"https:\/\/open-boat-projects.org\/wp-content\/uploads\/2019\/11\/IMG_3489_kl.jpg\"><img loading=\"lazy\" decoding=\"async\" class=\"alignnone wp-image-261 size-large\" src=\"https:\/\/open-boat-projects.org\/wp-content\/uploads\/2019\/11\/IMG_3489_kl-1024x768.jpg\" alt=\"\" width=\"952\" height=\"714\" srcset=\"https:\/\/open-boat-projects.org\/wp-content\/uploads\/2019\/11\/IMG_3489_kl-1024x768.jpg 1024w, https:\/\/open-boat-projects.org\/wp-content\/uploads\/2019\/11\/IMG_3489_kl-300x225.jpg 300w, https:\/\/open-boat-projects.org\/wp-content\/uploads\/2019\/11\/IMG_3489_kl-768x576.jpg 768w, https:\/\/open-boat-projects.org\/wp-content\/uploads\/2019\/11\/IMG_3489_kl-1536x1152.jpg 1536w, https:\/\/open-boat-projects.org\/wp-content\/uploads\/2019\/11\/IMG_3489_kl-2048x1536.jpg 2048w\" sizes=\"auto, (max-width: 952px) 100vw, 952px\" \/><\/a><\/p>\n<p>Messwerte in OpenPlotter<\/p>\n<p><a href=\"https:\/\/open-boat-projects.org\/wp-content\/uploads\/2019\/11\/P1100843_kl.jpg\"><img loading=\"lazy\" decoding=\"async\" class=\"alignnone wp-image-256 size-large\" src=\"https:\/\/open-boat-projects.org\/wp-content\/uploads\/2019\/11\/P1100843_kl-1024x768.jpg\" alt=\"\" width=\"952\" height=\"714\" srcset=\"https:\/\/open-boat-projects.org\/wp-content\/uploads\/2019\/11\/P1100843_kl-1024x768.jpg 1024w, https:\/\/open-boat-projects.org\/wp-content\/uploads\/2019\/11\/P1100843_kl-300x225.jpg 300w, https:\/\/open-boat-projects.org\/wp-content\/uploads\/2019\/11\/P1100843_kl-768x576.jpg 768w, https:\/\/open-boat-projects.org\/wp-content\/uploads\/2019\/11\/P1100843_kl-1536x1152.jpg 1536w, https:\/\/open-boat-projects.org\/wp-content\/uploads\/2019\/11\/P1100843_kl.jpg 1632w\" sizes=\"auto, (max-width: 952px) 100vw, 952px\" \/><\/a><\/p>\n<p>Motordrehzahl-Sensor an Riemenscheibe<\/p>\n<p><a href=\"https:\/\/open-boat-projects.org\/wp-content\/uploads\/2019\/11\/P1100844_kl.jpg\"><img loading=\"lazy\" decoding=\"async\" class=\"alignnone wp-image-257 size-large\" src=\"https:\/\/open-boat-projects.org\/wp-content\/uploads\/2019\/11\/P1100844_kl-1024x768.jpg\" alt=\"\" width=\"952\" height=\"714\" srcset=\"https:\/\/open-boat-projects.org\/wp-content\/uploads\/2019\/11\/P1100844_kl-1024x768.jpg 1024w, https:\/\/open-boat-projects.org\/wp-content\/uploads\/2019\/11\/P1100844_kl-300x225.jpg 300w, https:\/\/open-boat-projects.org\/wp-content\/uploads\/2019\/11\/P1100844_kl-768x576.jpg 768w, https:\/\/open-boat-projects.org\/wp-content\/uploads\/2019\/11\/P1100844_kl-1536x1152.jpg 1536w, https:\/\/open-boat-projects.org\/wp-content\/uploads\/2019\/11\/P1100844_kl.jpg 1632w\" sizes=\"auto, (max-width: 952px) 100vw, 952px\" \/><\/a><\/p>\n<p>Durchlusssensor Seewasserkreis mit Gardena-Kupplungen zur schnellen \u00dcberbr\u00fcckung<\/p>\n<p><a href=\"https:\/\/open-boat-projects.org\/wp-content\/uploads\/2019\/11\/P1100849_kl.jpg\"><img loading=\"lazy\" decoding=\"async\" class=\"alignnone wp-image-259 size-large\" src=\"https:\/\/open-boat-projects.org\/wp-content\/uploads\/2019\/11\/P1100849_kl-1024x768.jpg\" alt=\"\" width=\"952\" height=\"714\" srcset=\"https:\/\/open-boat-projects.org\/wp-content\/uploads\/2019\/11\/P1100849_kl-1024x768.jpg 1024w, https:\/\/open-boat-projects.org\/wp-content\/uploads\/2019\/11\/P1100849_kl-300x225.jpg 300w, https:\/\/open-boat-projects.org\/wp-content\/uploads\/2019\/11\/P1100849_kl-768x576.jpg 768w, https:\/\/open-boat-projects.org\/wp-content\/uploads\/2019\/11\/P1100849_kl-1536x1152.jpg 1536w, https:\/\/open-boat-projects.org\/wp-content\/uploads\/2019\/11\/P1100849_kl.jpg 1632w\" sizes=\"auto, (max-width: 952px) 100vw, 952px\" \/><\/a><\/p>\n<p>Drehzahlmesssung Wellenabgang<\/p>\n<p><img loading=\"lazy\" decoding=\"async\" class=\"alignnone wp-image-1058 size-full\" src=\"https:\/\/open-boat-projects.org\/wp-content\/uploads\/2020\/12\/Platine.png\" alt=\"\" width=\"665\" height=\"625\" srcset=\"https:\/\/open-boat-projects.org\/wp-content\/uploads\/2020\/12\/Platine.png 665w, https:\/\/open-boat-projects.org\/wp-content\/uploads\/2020\/12\/Platine-300x282.png 300w, https:\/\/open-boat-projects.org\/wp-content\/uploads\/2020\/12\/Platine-13x12.png 13w\" sizes=\"auto, (max-width: 665px) 100vw, 665px\" \/><\/p>\n<p>Platinen-Layout von Hans-J\u00fcrgen<\/p>\n<p><img loading=\"lazy\" decoding=\"async\" class=\"alignnone wp-image-1277 size-large\" src=\"https:\/\/open-boat-projects.org\/wp-content\/uploads\/2021\/01\/Platine_bestueckt_1-1024x819.jpg\" alt=\"\" width=\"952\" height=\"761\" srcset=\"https:\/\/open-boat-projects.org\/wp-content\/uploads\/2021\/01\/Platine_bestueckt_1-1024x819.jpg 1024w, https:\/\/open-boat-projects.org\/wp-content\/uploads\/2021\/01\/Platine_bestueckt_1-300x240.jpg 300w, https:\/\/open-boat-projects.org\/wp-content\/uploads\/2021\/01\/Platine_bestueckt_1-768x614.jpg 768w, https:\/\/open-boat-projects.org\/wp-content\/uploads\/2021\/01\/Platine_bestueckt_1-16x12.jpg 16w, https:\/\/open-boat-projects.org\/wp-content\/uploads\/2021\/01\/Platine_bestueckt_1.jpg 1248w\" sizes=\"auto, (max-width: 952px) 100vw, 952px\" \/><\/p>\n<p>Best\u00fcckte Platine<\/p>\n<p>&nbsp;<\/p>\n","protected":false},"excerpt":{"rendered":"<p>Vorab ein paar wichtige Hinweise die sie unbedingt beachten sollten. Nachr\u00fcstung bei allen Motortypen, da unabh\u00e4ngige Sensoren verwendet werden Verwendung g\u00fcnstiger Sensoren Messungen diverser Motorparameter Durchfluss K\u00fchlwasser (Impuls, YF-S201B) Temperatur K\u00fchlkreisl\u00e4ufe (1Wire, DS18B20) Temperatur Motorraum (1Wire, DS18B20) Motordrehzahl (Impuls, GP2A26 Sharp) Drehzahl der Abtriebswelle (Impuls, GP2A26 Sharp) Tankf\u00fcllstand \u00fcber Drucksensor Motorbetriebsstunden (\u00fcber Drehzahlerkennung) Stromversorgung \u00fcber&hellip; <a href=\"https:\/\/open-boat-projects.org\/de\/diy-motordiagnose\/\" class=\"more-link\">Weiterlesen <span class=\"screen-reader-text\">DIY Motordiagnose<\/span><\/a><\/p>\n","protected":false},"author":3,"featured_media":0,"parent":0,"menu_order":0,"comment_status":"closed","ping_status":"closed","template":"","meta":{"footnotes":""},"categories":[40,37],"tags":[],"class_list":["post-54","page","type-page","status-publish","hentry","category-openhardware","category-projects"],"_links":{"self":[{"href":"https:\/\/open-boat-projects.org\/de\/wp-json\/wp\/v2\/pages\/54","targetHints":{"allow":["GET"]}}],"collection":[{"href":"https:\/\/open-boat-projects.org\/de\/wp-json\/wp\/v2\/pages"}],"about":[{"href":"https:\/\/open-boat-projects.org\/de\/wp-json\/wp\/v2\/types\/page"}],"author":[{"embeddable":true,"href":"https:\/\/open-boat-projects.org\/de\/wp-json\/wp\/v2\/users\/3"}],"replies":[{"embeddable":true,"href":"https:\/\/open-boat-projects.org\/de\/wp-json\/wp\/v2\/comments?post=54"}],"version-history":[{"count":28,"href":"https:\/\/open-boat-projects.org\/de\/wp-json\/wp\/v2\/pages\/54\/revisions"}],"predecessor-version":[{"id":5036,"href":"https:\/\/open-boat-projects.org\/de\/wp-json\/wp\/v2\/pages\/54\/revisions\/5036"}],"wp:attachment":[{"href":"https:\/\/open-boat-projects.org\/de\/wp-json\/wp\/v2\/media?parent=54"}],"wp:term":[{"taxonomy":"category","embeddable":true,"href":"https:\/\/open-boat-projects.org\/de\/wp-json\/wp\/v2\/categories?post=54"},{"taxonomy":"post_tag","embeddable":true,"href":"https:\/\/open-boat-projects.org\/de\/wp-json\/wp\/v2\/tags?post=54"}],"curies":[{"name":"wp","href":"https:\/\/api.w.org\/{rel}","templated":true}]}}