{"id":5240,"date":"2023-10-06T20:08:20","date_gmt":"2023-10-06T20:08:20","guid":{"rendered":"https:\/\/open-boat-projects.org\/?page_id=5240"},"modified":"2023-10-07T17:28:25","modified_gmt":"2023-10-07T17:28:25","slug":"fuellstandsmessung-mit-schauglas","status":"publish","type":"page","link":"https:\/\/open-boat-projects.org\/de\/fuellstandsmessung-mit-schauglas\/","title":{"rendered":"F\u00fcllstandsmessung mit Schauglas"},"content":{"rendered":"<p><a href=\"https:\/\/www.segeln-forum.de\/thread\/88729-simple-f%C3%BCllstandanzeige-f%C3%BCr-den-wassertank\/?postID=2564288#post2564288\">https:\/\/www.segeln-forum.de<\/a><\/p>\n<p>An dieser Stelle m\u00f6chte ich ein einfache L\u00f6sung von J\u00fcrgen vorstellen, mit der man eine F\u00fcllstandmessung ohne Elektronik realisieren kann, die immer zuverl\u00e4ssig funktioniert. Sie stammt aus den Tagen zu Beginn der Dampfschifffahrt und beruht auf einer Niveau-Anzeige von Fl\u00fcssigkeiten und basiert auf einem System kommunizierender R\u00f6hren. Dabei wird der Fl\u00fcssigkeitsspiegel eines Tanks \u00fcber ein Schlauchsystem mit einer offenen Glas- oder Plexiglasr\u00f6hre verbunden. Durch die direkte Verbindung zum Tank wird der selbe Fl\u00fcssigkeitsspiegel des Tanks im Schauglas angezeigt. In Boot von J\u00fcrgen wird mit dieser Technik der Inhalt des Wassertanks ermittelt.<\/p>\n<p><a href=\"https:\/\/open-boat-projects.org\/wp-content\/uploads\/2023\/10\/Fuellstandsanzeige_Schemata.png\"><img loading=\"lazy\" decoding=\"async\" class=\"alignnone wp-image-5241\" src=\"https:\/\/open-boat-projects.org\/wp-content\/uploads\/2023\/10\/Fuellstandsanzeige_Schemata-300x236.png\" alt=\"\" width=\"500\" height=\"394\" srcset=\"https:\/\/open-boat-projects.org\/wp-content\/uploads\/2023\/10\/Fuellstandsanzeige_Schemata-300x236.png 300w, https:\/\/open-boat-projects.org\/wp-content\/uploads\/2023\/10\/Fuellstandsanzeige_Schemata-768x605.png 768w, https:\/\/open-boat-projects.org\/wp-content\/uploads\/2023\/10\/Fuellstandsanzeige_Schemata-15x12.png 15w, https:\/\/open-boat-projects.org\/wp-content\/uploads\/2023\/10\/Fuellstandsanzeige_Schemata.png 841w\" sizes=\"auto, (max-width: 500px) 100vw, 500px\" \/><\/a><\/p>\n<p>Abb.: Schema Messprinzip<\/p>\n<p><a href=\"https:\/\/open-boat-projects.org\/wp-content\/uploads\/2023\/10\/Schauglas.jpg\"><img loading=\"lazy\" decoding=\"async\" class=\"alignnone wp-image-5247 size-medium\" src=\"https:\/\/open-boat-projects.org\/wp-content\/uploads\/2023\/10\/Schauglas-225x300.jpg\" alt=\"\" width=\"225\" height=\"300\" srcset=\"https:\/\/open-boat-projects.org\/wp-content\/uploads\/2023\/10\/Schauglas-225x300.jpg 225w, https:\/\/open-boat-projects.org\/wp-content\/uploads\/2023\/10\/Schauglas-767x1024.jpg 767w, https:\/\/open-boat-projects.org\/wp-content\/uploads\/2023\/10\/Schauglas-768x1025.jpg 768w, https:\/\/open-boat-projects.org\/wp-content\/uploads\/2023\/10\/Schauglas-9x12.jpg 9w, https:\/\/open-boat-projects.org\/wp-content\/uploads\/2023\/10\/Schauglas.jpg 899w\" sizes=\"auto, (max-width: 225px) 100vw, 225px\" \/><\/a><\/p>\n<p>Abb.: Schauglas am Treppenabgang<\/p>\n<p>Am oberen Ende des Schauglases befindet sich ein Entl\u00fcftungsschlauch, um einen Druckausgleich bei Niveau-\u00c4nderungen der Fl\u00fcssigkeit im Schauglas zu erm\u00f6glichen. Je nach Verlegung des Entl\u00fcftungsschlauches kann es passieren, dass bei Laage des Bootes etwas Wasser aus dem Entl\u00fcftungsschlauch austritt. Es ist auch darauf zu achten, dass der Tank nicht bis zum \u00dcberlaufen bef\u00fcllt wird, da sonst das \u00fcbersch\u00fcssige Wasser ins Boot l\u00e4uft. Alternativ k\u00f6nnte man den Entl\u00fcftungsschlauch auch au\u00dfenbords f\u00fchren. Dazu ist aber wieder ein Durchbruch in der Bootsh\u00fclle notwendig. Eine sinnvolle L\u00f6sung vor \u00dcberlauf w\u00e4re auch ein R\u00fcckschlag-Kugelventil, das bei \u00fcberlaufenden Wasser die \u00d6ffnung selbst\u00e4ndig verschlie\u00dft.<\/p>\n<p><strong>Vorteile<\/strong><\/p>\n<ul>\n<li>Sichere Funktionsweise<\/li>\n<li>Einfache L\u00f6sung ohne Elektrik<\/li>\n<li>Material ist im Baumarkt zu bekommen<\/li>\n<li>Funktioniert mit Wasser, Diesel, \u00d6l, Abwasser<\/li>\n<\/ul>\n<p><strong>Nachteile<\/strong><\/p>\n<ul>\n<li>Nur anwendbar, wenn Tank oberhalb der Bodenbretter montiert ist<\/li>\n<li>Sicherer \u00dcberlauf notwendig<\/li>\n<li>Bei flachen Tanks nur kleine Anzeige m\u00f6glich<\/li>\n<\/ul>\n<p>Nachfolgend sind noch einige Detailbilder der Umsetzung zu sehen.<\/p>\n<p><a href=\"https:\/\/open-boat-projects.org\/wp-content\/uploads\/2023\/10\/Durchfuehrung_1.jpg\"><img loading=\"lazy\" decoding=\"async\" class=\"alignnone wp-image-5246 size-medium\" src=\"https:\/\/open-boat-projects.org\/wp-content\/uploads\/2023\/10\/Durchfuehrung_1-225x300.jpg\" alt=\"\" width=\"225\" height=\"300\" srcset=\"https:\/\/open-boat-projects.org\/wp-content\/uploads\/2023\/10\/Durchfuehrung_1-225x300.jpg 225w, https:\/\/open-boat-projects.org\/wp-content\/uploads\/2023\/10\/Durchfuehrung_1-767x1024.jpg 767w, https:\/\/open-boat-projects.org\/wp-content\/uploads\/2023\/10\/Durchfuehrung_1-768x1025.jpg 768w, https:\/\/open-boat-projects.org\/wp-content\/uploads\/2023\/10\/Durchfuehrung_1-9x12.jpg 9w, https:\/\/open-boat-projects.org\/wp-content\/uploads\/2023\/10\/Durchfuehrung_1.jpg 899w\" sizes=\"auto, (max-width: 225px) 100vw, 225px\" \/><\/a> <a href=\"https:\/\/open-boat-projects.org\/wp-content\/uploads\/2023\/10\/Durchfuehrung_2.jpg\"><img loading=\"lazy\" decoding=\"async\" class=\"alignnone wp-image-5244 size-medium\" src=\"https:\/\/open-boat-projects.org\/wp-content\/uploads\/2023\/10\/Durchfuehrung_2-225x300.jpg\" alt=\"\" width=\"225\" height=\"300\" srcset=\"https:\/\/open-boat-projects.org\/wp-content\/uploads\/2023\/10\/Durchfuehrung_2-225x300.jpg 225w, https:\/\/open-boat-projects.org\/wp-content\/uploads\/2023\/10\/Durchfuehrung_2-767x1024.jpg 767w, https:\/\/open-boat-projects.org\/wp-content\/uploads\/2023\/10\/Durchfuehrung_2-768x1025.jpg 768w, https:\/\/open-boat-projects.org\/wp-content\/uploads\/2023\/10\/Durchfuehrung_2-9x12.jpg 9w, https:\/\/open-boat-projects.org\/wp-content\/uploads\/2023\/10\/Durchfuehrung_2.jpg 899w\" sizes=\"auto, (max-width: 225px) 100vw, 225px\" \/><\/a> <a href=\"https:\/\/open-boat-projects.org\/wp-content\/uploads\/2023\/10\/Durchfuehrung_3.jpg\"><img loading=\"lazy\" decoding=\"async\" class=\"alignnone wp-image-5243 size-medium\" src=\"https:\/\/open-boat-projects.org\/wp-content\/uploads\/2023\/10\/Durchfuehrung_3-225x300.jpg\" alt=\"\" width=\"225\" height=\"300\" srcset=\"https:\/\/open-boat-projects.org\/wp-content\/uploads\/2023\/10\/Durchfuehrung_3-225x300.jpg 225w, https:\/\/open-boat-projects.org\/wp-content\/uploads\/2023\/10\/Durchfuehrung_3-767x1024.jpg 767w, https:\/\/open-boat-projects.org\/wp-content\/uploads\/2023\/10\/Durchfuehrung_3-768x1025.jpg 768w, https:\/\/open-boat-projects.org\/wp-content\/uploads\/2023\/10\/Durchfuehrung_3-9x12.jpg 9w, https:\/\/open-boat-projects.org\/wp-content\/uploads\/2023\/10\/Durchfuehrung_3.jpg 899w\" sizes=\"auto, (max-width: 225px) 100vw, 225px\" \/><\/a><\/p>\n<p>Abb.: Oberer Abgang am Schauglas<\/p>\n<p><a href=\"https:\/\/open-boat-projects.org\/wp-content\/uploads\/2023\/10\/Eckstueck.jpg\"><img loading=\"lazy\" decoding=\"async\" class=\"alignnone wp-image-5242 size-medium\" src=\"https:\/\/open-boat-projects.org\/wp-content\/uploads\/2023\/10\/Eckstueck-300x225.jpg\" alt=\"\" width=\"300\" height=\"225\" srcset=\"https:\/\/open-boat-projects.org\/wp-content\/uploads\/2023\/10\/Eckstueck-300x225.jpg 300w, https:\/\/open-boat-projects.org\/wp-content\/uploads\/2023\/10\/Eckstueck-1024x768.jpg 1024w, https:\/\/open-boat-projects.org\/wp-content\/uploads\/2023\/10\/Eckstueck-768x576.jpg 768w, https:\/\/open-boat-projects.org\/wp-content\/uploads\/2023\/10\/Eckstueck-1536x1152.jpg 1536w, https:\/\/open-boat-projects.org\/wp-content\/uploads\/2023\/10\/Eckstueck-16x12.jpg 16w, https:\/\/open-boat-projects.org\/wp-content\/uploads\/2023\/10\/Eckstueck.jpg 1600w\" sizes=\"auto, (max-width: 300px) 100vw, 300px\" \/><\/a><\/p>\n<p>Abb.: Eckverbinder<\/p>\n<p><a href=\"https:\/\/open-boat-projects.org\/wp-content\/uploads\/2023\/10\/Entlueftung.jpg\"><img loading=\"lazy\" decoding=\"async\" class=\"alignnone wp-image-5245 size-medium\" src=\"https:\/\/open-boat-projects.org\/wp-content\/uploads\/2023\/10\/Entlueftung-300x225.jpg\" alt=\"\" width=\"300\" height=\"225\" srcset=\"https:\/\/open-boat-projects.org\/wp-content\/uploads\/2023\/10\/Entlueftung-300x225.jpg 300w, https:\/\/open-boat-projects.org\/wp-content\/uploads\/2023\/10\/Entlueftung-1024x768.jpg 1024w, https:\/\/open-boat-projects.org\/wp-content\/uploads\/2023\/10\/Entlueftung-768x576.jpg 768w, https:\/\/open-boat-projects.org\/wp-content\/uploads\/2023\/10\/Entlueftung-1536x1152.jpg 1536w, https:\/\/open-boat-projects.org\/wp-content\/uploads\/2023\/10\/Entlueftung-16x12.jpg 16w, https:\/\/open-boat-projects.org\/wp-content\/uploads\/2023\/10\/Entlueftung.jpg 1600w\" sizes=\"auto, (max-width: 300px) 100vw, 300px\" \/><\/a><\/p>\n<p>Abb.: Entl\u00fcftungsschlauch am oberen Ende<\/p>\n<p><img loading=\"lazy\" decoding=\"async\" class=\"alignnone size-medium wp-image-5254\" src=\"https:\/\/open-boat-projects.org\/wp-content\/uploads\/2023\/10\/Rueckschlagventil-300x300.webp\" alt=\"\" width=\"300\" height=\"300\" srcset=\"https:\/\/open-boat-projects.org\/wp-content\/uploads\/2023\/10\/Rueckschlagventil-300x300.webp 300w, https:\/\/open-boat-projects.org\/wp-content\/uploads\/2023\/10\/Rueckschlagventil-1024x1024.webp 1024w, https:\/\/open-boat-projects.org\/wp-content\/uploads\/2023\/10\/Rueckschlagventil-150x150.webp 150w, https:\/\/open-boat-projects.org\/wp-content\/uploads\/2023\/10\/Rueckschlagventil-768x768.webp 768w, https:\/\/open-boat-projects.org\/wp-content\/uploads\/2023\/10\/Rueckschlagventil-12x12.webp 12w, https:\/\/open-boat-projects.org\/wp-content\/uploads\/2023\/10\/Rueckschlagventil.webp 1200w\" sizes=\"auto, (max-width: 300px) 100vw, 300px\" \/><\/p>\n<p>Abb.: <a class=\"_ps2id\" href=\"https:\/\/www.rst-versand.de\/PVC-Kugel-Rueckschlagventil-Klebmuffe\" target=\"_blank\" rel=\"noopener\" data-ps2id-offset=\"\">R\u00fcckschlagventil mit Kugel <\/a>(RST)<\/p>\n","protected":false},"excerpt":{"rendered":"<p>https:\/\/www.segeln-forum.de An dieser Stelle m\u00f6chte ich ein einfache L\u00f6sung von J\u00fcrgen vorstellen, mit der man eine F\u00fcllstandmessung ohne Elektronik realisieren kann, die immer zuverl\u00e4ssig funktioniert. Sie stammt aus den Tagen zu Beginn der Dampfschifffahrt und beruht auf einer Niveau-Anzeige von Fl\u00fcssigkeiten und basiert auf einem System kommunizierender R\u00f6hren. Dabei wird der Fl\u00fcssigkeitsspiegel eines Tanks \u00fcber&hellip; <a href=\"https:\/\/open-boat-projects.org\/de\/fuellstandsmessung-mit-schauglas\/\" class=\"more-link\">Weiterlesen <span class=\"screen-reader-text\">F\u00fcllstandsmessung mit Schauglas<\/span><\/a><\/p>\n","protected":false},"author":2,"featured_media":0,"parent":0,"menu_order":0,"comment_status":"closed","ping_status":"closed","template":"","meta":{"footnotes":""},"categories":[],"tags":[],"class_list":["post-5240","page","type-page","status-publish","hentry"],"_links":{"self":[{"href":"https:\/\/open-boat-projects.org\/de\/wp-json\/wp\/v2\/pages\/5240","targetHints":{"allow":["GET"]}}],"collection":[{"href":"https:\/\/open-boat-projects.org\/de\/wp-json\/wp\/v2\/pages"}],"about":[{"href":"https:\/\/open-boat-projects.org\/de\/wp-json\/wp\/v2\/types\/page"}],"author":[{"embeddable":true,"href":"https:\/\/open-boat-projects.org\/de\/wp-json\/wp\/v2\/users\/2"}],"replies":[{"embeddable":true,"href":"https:\/\/open-boat-projects.org\/de\/wp-json\/wp\/v2\/comments?post=5240"}],"version-history":[{"count":8,"href":"https:\/\/open-boat-projects.org\/de\/wp-json\/wp\/v2\/pages\/5240\/revisions"}],"predecessor-version":[{"id":5260,"href":"https:\/\/open-boat-projects.org\/de\/wp-json\/wp\/v2\/pages\/5240\/revisions\/5260"}],"wp:attachment":[{"href":"https:\/\/open-boat-projects.org\/de\/wp-json\/wp\/v2\/media?parent=5240"}],"wp:term":[{"taxonomy":"category","embeddable":true,"href":"https:\/\/open-boat-projects.org\/de\/wp-json\/wp\/v2\/categories?post=5240"},{"taxonomy":"post_tag","embeddable":true,"href":"https:\/\/open-boat-projects.org\/de\/wp-json\/wp\/v2\/tags?post=5240"}],"curies":[{"name":"wp","href":"https:\/\/api.w.org\/{rel}","templated":true}]}}