{"id":5183,"date":"2023-09-28T18:31:59","date_gmt":"2023-09-28T18:31:59","guid":{"rendered":"https:\/\/open-boat-projects.org\/?page_id=5183"},"modified":"2023-10-02T08:08:42","modified_gmt":"2023-10-02T08:08:42","slug":"ais-dekoder-fuer-wifi-unter-android","status":"publish","type":"page","link":"https:\/\/open-boat-projects.org\/de\/ais-dekoder-fuer-wifi-unter-android\/","title":{"rendered":"AIS-Dekoder f\u00fcr Wifi unter Android"},"content":{"rendered":"<p><img loading=\"lazy\" decoding=\"async\" class=\"alignnone wp-image-5188\" src=\"https:\/\/open-boat-projects.org\/wp-content\/uploads\/2023\/09\/ICOM_IC-510M-300x154.jpg\" alt=\"\" width=\"500\" height=\"257\" srcset=\"https:\/\/open-boat-projects.org\/wp-content\/uploads\/2023\/09\/ICOM_IC-510M-300x154.jpg 300w, https:\/\/open-boat-projects.org\/wp-content\/uploads\/2023\/09\/ICOM_IC-510M-18x9.jpg 18w, https:\/\/open-boat-projects.org\/wp-content\/uploads\/2023\/09\/ICOM_IC-510M.jpg 600w\" sizes=\"auto, (max-width: 500px) 100vw, 500px\" \/><\/p>\n<p>Abb.: AIS-Empf\u00e4nger in Marine-Funkger\u00e4t integriert (ICOM)<\/p>\n<h2>AIS Automatic Identification System<\/h2>\n<p>AIS ist ein Identifikationssystem f\u00fcr Wasserfahrzeuge. Es basiert auf der Aussendung von Bootsinformationen wie Standort, Geschwindigkeit, Richtung, Gr\u00f6\u00dfe des Bootes und anderer Informationen, die \u00fcber Funksignale ausgesendet werden. Andere Boote k\u00f6nnen die Informationen empfangen und sich ein Lagebild der Umgebung mit Verkehrsflussinformationen erstellen. So erh\u00e4lt man deutlich mehr Informationen als man mit Radar aufnehmen kann. Moderne Navigationssysteme k\u00f6nnen AIS Informationen in Seekarten einbinden und so den Verkehrsfluss live sichtbar machen.<\/p>\n<p><a href=\"https:\/\/open-boat-projects.org\/wp-content\/uploads\/2023\/09\/Marine_Traffic.png\"><img loading=\"lazy\" decoding=\"async\" class=\"alignnone wp-image-5185\" src=\"https:\/\/open-boat-projects.org\/wp-content\/uploads\/2023\/09\/Marine_Traffic-300x158.png\" alt=\"\" width=\"500\" height=\"263\" srcset=\"https:\/\/open-boat-projects.org\/wp-content\/uploads\/2023\/09\/Marine_Traffic-300x158.png 300w, https:\/\/open-boat-projects.org\/wp-content\/uploads\/2023\/09\/Marine_Traffic-768x405.png 768w, https:\/\/open-boat-projects.org\/wp-content\/uploads\/2023\/09\/Marine_Traffic-18x9.png 18w, https:\/\/open-boat-projects.org\/wp-content\/uploads\/2023\/09\/Marine_Traffic.png 852w\" sizes=\"auto, (max-width: 500px) 100vw, 500px\" \/><\/a><\/p>\n<p>Abb.: Schiffsbewegungen\u00a0 (Marine Traffic)<\/p>\n<h2>AIS-Dekoder als Softwarel\u00f6sung f\u00fcr Android<\/h2>\n<p>Wer AIS-Signale kosteng\u00fcnstig mit einem einfachen DVBT-Stick unter Android dekodieren m\u00f6chte, kann das jetzt mit der Kombination aus <a href=\"https:\/\/play.google.com\/store\/apps\/details?id=eu.ebctech.rtl_sdr_ais_driver&amp;hl=de&amp;gl=US\" target=\"_blank\" rel=\"noopener\">RTL SDR AIS Driver<\/a> und <a href=\"https:\/\/play.google.com\/store\/apps\/details?id=eu.ebctech.rtl_sdr_ais_driver&amp;hl=de&amp;gl=US\" target=\"_blank\" rel=\"noopener\">AIS Share<\/a> vornehmen. Als Signalempf\u00e4nger dient ein einfacher DVBT-Stick, der eigentlich f\u00fcr den TV-Empfang von Fernsehprogrammen gedacht ist. Der UMTS-Stick ist ein vollst\u00e4ndig digitalisierter SDR-Empf\u00e4nger f\u00fcr Funkaussendungen im Frequenzbereich von 1 MHz bis 1 GHz. Damit lassen sich auf beliebigen Frequenzen Funkaussendungen empfangen und dekodieren. Das AIS-Signal wird auf zwei Frequenzen 161.975 MHz (Kanal A) und 162.025 MHZ (Kanal B) in digitaler Form ausgesendet. Mit der Android App <strong>RTL SDR AIS Driver<\/strong> kann der DVBT-Stick so konfiguriert werden, dass er gleichzeitig auf beiden Frequenzen die AIS-Signale empfangen und in NMEA0183 Telegramme umwandeln kann. Die AIS-Informationen in Form von NMEA0183 Telegrammen werden dann \u00fcber WiFi auf UDP Port 10110 im Netzwerk ausgesendet und k\u00f6nnen von beliebigen Apps wie AVnav, Navionics oder anderer Navigations-Apps empfangen werden.<\/p>\n<p><a href=\"https:\/\/open-boat-projects.org\/wp-content\/uploads\/2023\/09\/RTL_SDR_V3_Stick.jpg\"><img loading=\"lazy\" decoding=\"async\" class=\"alignnone wp-image-5195 size-medium\" src=\"https:\/\/open-boat-projects.org\/wp-content\/uploads\/2023\/09\/RTL_SDR_V3_Stick-300x300.jpg\" alt=\"\" width=\"300\" height=\"300\" srcset=\"https:\/\/open-boat-projects.org\/wp-content\/uploads\/2023\/09\/RTL_SDR_V3_Stick-300x300.jpg 300w, https:\/\/open-boat-projects.org\/wp-content\/uploads\/2023\/09\/RTL_SDR_V3_Stick-150x150.jpg 150w, https:\/\/open-boat-projects.org\/wp-content\/uploads\/2023\/09\/RTL_SDR_V3_Stick-768x768.jpg 768w, https:\/\/open-boat-projects.org\/wp-content\/uploads\/2023\/09\/RTL_SDR_V3_Stick-12x12.jpg 12w, https:\/\/open-boat-projects.org\/wp-content\/uploads\/2023\/09\/RTL_SDR_V3_Stick.jpg 800w\" sizes=\"auto, (max-width: 300px) 100vw, 300px\" \/><\/a><\/p>\n<p>Abb.: <strong>RTL SDR V3<\/strong> USB-Stick<\/p>\n<p>Der DVBT-Empf\u00e4nger wird mit dem Handy oder Tablett und einer AIS-Antenne verbunden. Die f\u00fcr Fernsehempfang mitgelieferte Antenne kann nicht genutzt werden, da sie f\u00fcr Fernsehfrequenzen gedacht ist und nur sehr schlecht AIS-Signale empfangen kann. Eine spezielle AIS-Antenne oder Marine-Funkantenne ist notwendig. Oft werden bei Marine-Funkantennen SO239 Stecker verwendet die man nicht direkt am DVBT-Stick anschlie\u00dfen kann. Es werden noch spezielle Adapter von SO239 auf SMA ben\u00f6tigt. Ein Adapterkabel SMA zu SMA ist auch noch notwendig. Wer m\u00f6chte, kann sich auch eine g\u00fcnstige und empfangsstarke AIS-Antenne selber bauen.<\/p>\n<p><img loading=\"lazy\" decoding=\"async\" class=\"alignnone size-medium wp-image-5196\" src=\"https:\/\/open-boat-projects.org\/wp-content\/uploads\/2023\/09\/Adapter_SMA-300x300.jpg\" alt=\"\" width=\"300\" height=\"300\" srcset=\"https:\/\/open-boat-projects.org\/wp-content\/uploads\/2023\/09\/Adapter_SMA-300x300.jpg 300w, https:\/\/open-boat-projects.org\/wp-content\/uploads\/2023\/09\/Adapter_SMA-150x150.jpg 150w, https:\/\/open-boat-projects.org\/wp-content\/uploads\/2023\/09\/Adapter_SMA-768x768.jpg 768w, https:\/\/open-boat-projects.org\/wp-content\/uploads\/2023\/09\/Adapter_SMA-12x12.jpg 12w, https:\/\/open-boat-projects.org\/wp-content\/uploads\/2023\/09\/Adapter_SMA.jpg 800w\" sizes=\"auto, (max-width: 300px) 100vw, 300px\" \/><\/p>\n<p>Abb.: Adapter SO239 zu SMA<\/p>\n<p>Bei den DVBT-Sticks ist darauf zu achten, welchen Stick sich man kauft. Sie werden auch oft unter dem Namen <strong>RTL-SDR-Sticks<\/strong> verkauft. Nicht alle Sticks sind geeignet, da sie nicht ausreichend frequenzstabil sind. Das hei\u00dft, dass die digital eingestellte Empfangsfrequenz nicht genau genug ist und sich zudem noch mit der Temperatur ver\u00e4ndert. Zum Empfang von AIS-Signalen werden frequenzstabile Empf\u00e4nger ben\u00f6tigt, um die schmalbandige Aussendungen sicher empfangen zu k\u00f6nnen. Gut geeignete SDR-Empf\u00e4nger haben nur eine Frequenzdrift von 0&#8230;1 PPM \u00fcber dem gesamten Temperaturbereich. Einfachere DVBT- bzw SDR-Sticks lassen sich auch verwenden, ben\u00f6tigen daf\u00fcr aber eine korrekte Frequenzkorrektur und eine stabile Betriebstemperatur. Es sind Korrekturen von bis zu 60&#8230;70 PPM notwendig. Das macht den sicheren Betrieb recht schwierig und oft l\u00e4uft die Empfangsfrequenz weg und die empfangenen Signalst\u00e4rken sind zu schwach, um AIS-Signale dekodieren zu k\u00f6nnen. Aktuelle moderne RTL-SDR-Sticks wie der <strong>RTL SDR V3<\/strong> mit 1 PPM sind zu bevorzugen, da sie solche Probleme nicht mehr haben. Wenn sie andere SDR-Sticks kaufen, achten sie auf 0&#8230;1 PPM Temperaturdriftverhalten.<\/p>\n<p>Um einen SDR-Stick am Handy oder Tablett verwenden zu k\u00f6nnen, muss das Ger\u00e4t \u00fcber einen <strong>USB OTG<\/strong> Anschluss verf\u00fcgen. An anderen USB-Anschl\u00fcssen kann u.U. der SDR-Stick nicht erkannt werden und funktioniert nicht. Die meisten aktuellen Handys verf\u00fcgen \u00fcber USB OTG Anschl\u00fcsse.<\/p>\n<p>Die App <strong>RTL SDR AIS Driver<\/strong> ist die Grundvoraussetzung, um einen SDR-Stick an einem Handy oder Tablett betreiben zu k\u00f6nnen. Sie fungiert als Treiber unter Android und stellt die Basisfunktionen zur Verf\u00fcgung wie die Einstellung der Empfangsfrequenz und Dekodierung der AIS-Signale. Die App ist kostenlos und dient auch zur Evaluierung der verwendeten Hardware. Sie dekodiert bis zu 1000 AIS Telegramme und kann sie \u00fcber Port 10110 ausgeben. Danach stellt die App Ihren Dienst ein. Eine sehr n\u00fctzliche Funktion ist die Wasserfallgrafik des empfangenen Frequenzspektrums. Mit den Markern der beiden Empfangsfrequenzen kann die Frequenzstabilit\u00e4t des SDR-Sticks \u00fcberpr\u00fcft werden.<\/p>\n<p><a href=\"https:\/\/open-boat-projects.org\/wp-content\/uploads\/2023\/09\/Wasserfallgrafik.jpg\"><img loading=\"lazy\" decoding=\"async\" class=\"alignnone wp-image-5190\" src=\"https:\/\/open-boat-projects.org\/wp-content\/uploads\/2023\/09\/Wasserfallgrafik-280x300.jpg\" alt=\"\" width=\"400\" height=\"428\" srcset=\"https:\/\/open-boat-projects.org\/wp-content\/uploads\/2023\/09\/Wasserfallgrafik-280x300.jpg 280w, https:\/\/open-boat-projects.org\/wp-content\/uploads\/2023\/09\/Wasserfallgrafik-768x822.jpg 768w, https:\/\/open-boat-projects.org\/wp-content\/uploads\/2023\/09\/Wasserfallgrafik-11x12.jpg 11w, https:\/\/open-boat-projects.org\/wp-content\/uploads\/2023\/09\/Wasserfallgrafik.jpg 909w\" sizes=\"auto, (max-width: 400px) 100vw, 400px\" \/><\/a><\/p>\n<p>Abb.: Wasserfallgrafik zum Frequenzspektrum in der <strong>RTL SDR AIS Driver<\/strong> App<\/p>\n<p>Wenn man einen geeigneten SDR-Stick benutzt, kann man dar\u00fcber die Einstellung der Frequenzkorrektur in PPM sehr genau kontrollieren. Dazu werden die Maxima der Signalamplitiuden der empfangenen AIS-Signale im Frequenzspektrum \u00fcber der Wasserfallgrafik angezeigt. Das ben\u00f6tigt aber etwas Zeit. Es bilden sich dann zwei \u00dcberh\u00f6hungen heraus. Die \u00dcberh\u00f6hungen m\u00fcssen dann mit den Markern in Deckung gebracht werden. Der entsprechende PPM-Wert der sich dann ergibt ist der Frequenz-Korrekturwert. Bei guten SDR-Empf\u00e4ngern sollte er bei 0&#8230;1 PPM liegen. Bei schlechten Empf\u00e4ngern ist er deutlich gr\u00f6\u00dfer. Die Frequenzkorrektur ist aber nur m\u00f6glich, wenn man sich in einem Gebiet befindet, wo AIS-Signale ausgesendet werden. Das ist meistens an K\u00fcsten oder in der N\u00e4he von Fl\u00fcssen mit Schiffsverkehr m\u00f6glich. Direkt im Landesinneren ohne AIS-Signale wird man die Frequenzkorrektur nicht durchf\u00fchren k\u00f6nnen.<\/p>\n<p>Um dauerhaft AIS-Signale dekodieren zu k\u00f6nnen gibt es noch eine kostenpflichte Co-App namens <strong>AIS Share<\/strong>, die 3,50 Euro kostet. Sie ist die eigentliche AIS-Anwendung, die auf die Treiber-App zugreift und die AIS-Signale dekodiert. Sie bietet deutlich mehr Funktionalit\u00e4t als die <strong>RTL SDR AIS Driver<\/strong> App, beinhaltet aber keine Wasserfallgrafik zur Einstellung der Frequenzkorrektur. <strong>AIS Share<\/strong> kann neben den AIS-Signalen auch GPS-Signale des Handys im WiFi Netzwerk \u00fcber UDP bereitstellen und fungiert als Datenserver f\u00fcr mehrere Ger\u00e4te im Netzwerk. So lassen sich mehrere Anwendungen mit AIS- und GPS-Signalen versorgen. Zus\u00e4tzlich lassen sich bis zu 5 Ports bereitstellen, an denen die Daten neben UDP auch \u00fcber TCP abgegriffen werden k\u00f6nnen. Die 3,50 Euro sind gut investiert.<\/p>\n<p><a href=\"https:\/\/open-boat-projects.org\/wp-content\/uploads\/2023\/09\/AIS_Share.png\"><img loading=\"lazy\" decoding=\"async\" class=\"alignnone wp-image-5205\" src=\"https:\/\/open-boat-projects.org\/wp-content\/uploads\/2023\/09\/AIS_Share-188x300.png\" alt=\"\" width=\"300\" height=\"480\" srcset=\"https:\/\/open-boat-projects.org\/wp-content\/uploads\/2023\/09\/AIS_Share-188x300.png 188w, https:\/\/open-boat-projects.org\/wp-content\/uploads\/2023\/09\/AIS_Share-640x1024.png 640w, https:\/\/open-boat-projects.org\/wp-content\/uploads\/2023\/09\/AIS_Share-768x1229.png 768w, https:\/\/open-boat-projects.org\/wp-content\/uploads\/2023\/09\/AIS_Share-8x12.png 8w, https:\/\/open-boat-projects.org\/wp-content\/uploads\/2023\/09\/AIS_Share.png 800w\" sizes=\"auto, (max-width: 300px) 100vw, 300px\" \/><\/a><\/p>\n<p>Abb.: AIS Share<\/p>\n<h2>Integration in Navigationssoftware<\/h2>\n<p>In der Navigationssoftware gibt es einen Konfigurationspunkt \u00fcber den externe Ger\u00e4te \u00fcber NMEA0183 per WiFi angebunden werden k\u00f6nnen. So lassen sich AIS- und GPS-Signale gleichzeitig von mehreren Ger\u00e4ten nutzen.<\/p>\n<p>In Navionics m\u00fcssen folgende Einstellungen vorgenommen werden. Gehen sie unter <em><strong>Men\u00fc<\/strong><\/em> auf <em><strong>Gekoppelte Ger\u00e4te <\/strong><\/em>und dr\u00fccken oben auf das <em><strong>Plus-Zeichen<\/strong><\/em>. Danach dr\u00fccken sie unten auf <em><strong>Ger\u00e4t Hinzuf\u00fcgen<\/strong><\/em>. F\u00fcllen sie dann folgende 3 Felder aus:<\/p>\n<ul>\n<li><strong>Name:<\/strong> AIS-Server<\/li>\n<li><strong>Host:<\/strong> IP-Adresse des Handys oder Tablets auf dem AIS-Share l\u00e4uft. Ist es das selbe Ger\u00e4t, so benutzen sie hier: <em><strong>127.0.0.1<\/strong><\/em><\/li>\n<li><strong>Port:<\/strong> 10110<\/li>\n<\/ul>\n<p>Danach w\u00e4hlen sie <em><strong>UDP<\/strong><\/em> aus und dr\u00fccken oben in der blauen Zeile auf <em><strong>Speichern<\/strong><\/em>.<\/p>\n<p><a href=\"https:\/\/open-boat-projects.org\/wp-content\/uploads\/2023\/09\/Screenshot_20230928_221826_Boating.jpg\"><img loading=\"lazy\" decoding=\"async\" class=\"alignnone wp-image-5211\" src=\"https:\/\/open-boat-projects.org\/wp-content\/uploads\/2023\/09\/Screenshot_20230928_221826_Boating-300x188.jpg\" alt=\"\" width=\"500\" height=\"313\" srcset=\"https:\/\/open-boat-projects.org\/wp-content\/uploads\/2023\/09\/Screenshot_20230928_221826_Boating-300x188.jpg 300w, https:\/\/open-boat-projects.org\/wp-content\/uploads\/2023\/09\/Screenshot_20230928_221826_Boating-1024x640.jpg 1024w, https:\/\/open-boat-projects.org\/wp-content\/uploads\/2023\/09\/Screenshot_20230928_221826_Boating-768x480.jpg 768w, https:\/\/open-boat-projects.org\/wp-content\/uploads\/2023\/09\/Screenshot_20230928_221826_Boating-1536x960.jpg 1536w, https:\/\/open-boat-projects.org\/wp-content\/uploads\/2023\/09\/Screenshot_20230928_221826_Boating-18x12.jpg 18w, https:\/\/open-boat-projects.org\/wp-content\/uploads\/2023\/09\/Screenshot_20230928_221826_Boating.jpg 1920w\" sizes=\"auto, (max-width: 500px) 100vw, 500px\" \/><\/a><\/p>\n<p>Abb. Settings in Navionics<\/p>\n<h2>Fragen und Antworten<\/h2>\n<p><strong>Ist mein SDR- oder DVBT-Stick kompatibel?<\/strong><\/p>\n<p style=\"padding-left: 40px;\">Um das herauszufinden hat der Hersteller der Software ebctech ein <a href=\"https:\/\/ebctech.eu\/ais-receiver-shopping-guide\" target=\"_blank\" rel=\"noopener\">ausf\u00fchrliches Tutorial<\/a> in englisch bereitgestellt. Dabei wird auf sehr viele Details eingegangen und man wei\u00df am Ende welchen Stick man kaufen sollte.<\/p>\n<p><strong>Ich empfange keine AIS-Signale und sehe im Wasserfall-Frequenzspektrum keine Beulen. Woran liegt das?<\/strong><\/p>\n<p style=\"padding-left: 40px;\">Zum einen ben\u00f6tigen sie eine Antenne, die f\u00fcr Marinefunk geeignet ist. Die beiliegende Antenne zum SDR-Stick ist daf\u00fcr nicht geeignet. Kaufen sie sich eine Marinefunkantenne mit entsprechenden Adapter oder bauen sich eine Marinefunkantenne selber. Zum anderen kann es daran liegen, dass sie sich in einem Gebiet befinden, wo keine AIS-Signale empfangen werden k\u00f6nnen. Das ist meistens im Binnenland der Fall. Denn AIS-Aussendungen von Schiffen werden nur ca. 5&#8230;15 sm weit ausgesendet. Die Sendeleistung liegt nur bei 5W. Begeben sie sich in die N\u00e4he von K\u00fcsten oder Fl\u00fcssen mit Schiffsverkehr. Dann werden sie AIS-Signale empfangen k\u00f6nnen.<\/p>\n<p><strong>RTL SDR AIS Driver l\u00e4uft eine Weile und empf\u00e4ngt dann keine AIS-Signale mehr<\/strong><\/p>\n<p style=\"padding-left: 40px;\"><strong>RTL SDR AIS Driver<\/strong> ist nur ein Test-App, um die verwendete Hardware testen zu k\u00f6nnen. Nach 1000 AIS Telegrammen wird die Aussendung \u00fcber UDP gestoppt. Wenn die App erneut AIS-Signale aussenden soll, m\u00fcssen sie die App neu starten. Alternativ k\u00f6nnen sie die kostenpflichtige App <strong>AIS Share<\/strong> installieren.<\/p>\n<p><strong>AIS Share l\u00e4uft eine Weile und empf\u00e4ngt dann keine AIS-Signale mehr<\/strong><\/p>\n<p style=\"padding-left: 40px;\">Einige Handy-Hersteller benutzen sehr aggressive Energiesparrichtlinien und zwingen die App dazu, sich zu schlie\u00dfen, wenn sie im Hintergrund ausgef\u00fchrt wird. Wenn dieses Problem auftritt, besteht die einzige L\u00f6sung darin, sowohl den RTL-SDR-Treiber als auch die AIS Share-App in Ihrem Ger\u00e4t manuell auf die Whitelist zu setzen. Anleitungen f\u00fcr verschiedene Anbieter finden Sie hier. \u00a0 <a href=\"https:\/\/dontkillmyapp.com\/\" rel=\"noopener\">dontkillmyapp.com <\/a><\/p>\n<p style=\"padding-left: 40px;\">Ein weiterer Grund k\u00f6nnte der USB-OTG-Adapter oder das USB-OTG-Kabel sein, die eine schlechte Qualit\u00e4t haben. Dann kann es zu \u00dcbertragungsfehlern kommen oder die ben\u00f6tigte Stromversorgung f\u00fcr den SDR-Stick ist nicht stabil. Hier finden sie einige Empfehlungen: <a class=\"rank-math-link\" href=\"https:\/\/ebctech.eu\/ais-receiver-shopping-guide\/#usbotgcable\">USB-OTG-Kabel <\/a><\/p>\n<p><strong>Wie kann ich AIS Share einstellen, dass alle Ger\u00e4te im Netzwerk die AIS-Informationen gleichzeitig empfangen k\u00f6nnen?<\/strong><\/p>\n<p style=\"padding-left: 40px;\">Tragen sie als IP-Adresse 255.255.255.255 f\u00fcr die Shares in <strong>AIS Share<\/strong> ein. Wenn sie UDP benutzen werden alle AIS-Informationen an alle Netzwerkteilnehmer gleichzeitig als Broadcast-Mitteilung versendet.<\/p>\n<div class=\"notranslate\" style=\"all: initial;\"><\/div>\n","protected":false},"excerpt":{"rendered":"<p>Abb.: AIS-Empf\u00e4nger in Marine-Funkger\u00e4t integriert (ICOM) AIS Automatic Identification System AIS ist ein Identifikationssystem f\u00fcr Wasserfahrzeuge. Es basiert auf der Aussendung von Bootsinformationen wie Standort, Geschwindigkeit, Richtung, Gr\u00f6\u00dfe des Bootes und anderer Informationen, die \u00fcber Funksignale ausgesendet werden. Andere Boote k\u00f6nnen die Informationen empfangen und sich ein Lagebild der Umgebung mit Verkehrsflussinformationen erstellen. So erh\u00e4lt&hellip; <a href=\"https:\/\/open-boat-projects.org\/de\/ais-dekoder-fuer-wifi-unter-android\/\" class=\"more-link\">Weiterlesen <span class=\"screen-reader-text\">AIS-Dekoder f\u00fcr Wifi unter Android<\/span><\/a><\/p>\n","protected":false},"author":2,"featured_media":0,"parent":0,"menu_order":0,"comment_status":"closed","ping_status":"closed","template":"","meta":{"footnotes":""},"categories":[],"tags":[],"class_list":["post-5183","page","type-page","status-publish","hentry"],"_links":{"self":[{"href":"https:\/\/open-boat-projects.org\/de\/wp-json\/wp\/v2\/pages\/5183","targetHints":{"allow":["GET"]}}],"collection":[{"href":"https:\/\/open-boat-projects.org\/de\/wp-json\/wp\/v2\/pages"}],"about":[{"href":"https:\/\/open-boat-projects.org\/de\/wp-json\/wp\/v2\/types\/page"}],"author":[{"embeddable":true,"href":"https:\/\/open-boat-projects.org\/de\/wp-json\/wp\/v2\/users\/2"}],"replies":[{"embeddable":true,"href":"https:\/\/open-boat-projects.org\/de\/wp-json\/wp\/v2\/comments?post=5183"}],"version-history":[{"count":26,"href":"https:\/\/open-boat-projects.org\/de\/wp-json\/wp\/v2\/pages\/5183\/revisions"}],"predecessor-version":[{"id":5236,"href":"https:\/\/open-boat-projects.org\/de\/wp-json\/wp\/v2\/pages\/5183\/revisions\/5236"}],"wp:attachment":[{"href":"https:\/\/open-boat-projects.org\/de\/wp-json\/wp\/v2\/media?parent=5183"}],"wp:term":[{"taxonomy":"category","embeddable":true,"href":"https:\/\/open-boat-projects.org\/de\/wp-json\/wp\/v2\/categories?post=5183"},{"taxonomy":"post_tag","embeddable":true,"href":"https:\/\/open-boat-projects.org\/de\/wp-json\/wp\/v2\/tags?post=5183"}],"curies":[{"name":"wp","href":"https:\/\/api.w.org\/{rel}","templated":true}]}}