{"id":5118,"date":"2023-09-15T07:44:39","date_gmt":"2023-09-15T07:44:39","guid":{"rendered":"https:\/\/open-boat-projects.org\/?page_id=5118"},"modified":"2025-10-18T20:27:21","modified_gmt":"2025-10-18T20:27:21","slug":"ats25x2","status":"publish","type":"page","link":"https:\/\/open-boat-projects.org\/de\/ats25x2\/","title":{"rendered":"ATS25 X2 Wetternachrichten und Wetterfaxe"},"content":{"rendered":"<p><a href=\"https:\/\/open-boat-projects.org\/wp-content\/uploads\/2023\/09\/ATS25X2-FM-RDS.jpg\"><img loading=\"lazy\" decoding=\"async\" class=\"alignnone wp-image-5135\" src=\"https:\/\/open-boat-projects.org\/wp-content\/uploads\/2023\/09\/ATS25X2-FM-RDS-300x300.jpg\" alt=\"\" width=\"500\" height=\"500\" srcset=\"https:\/\/open-boat-projects.org\/wp-content\/uploads\/2023\/09\/ATS25X2-FM-RDS-300x300.jpg 300w, https:\/\/open-boat-projects.org\/wp-content\/uploads\/2023\/09\/ATS25X2-FM-RDS-1024x1024.jpg 1024w, https:\/\/open-boat-projects.org\/wp-content\/uploads\/2023\/09\/ATS25X2-FM-RDS-150x150.jpg 150w, https:\/\/open-boat-projects.org\/wp-content\/uploads\/2023\/09\/ATS25X2-FM-RDS-768x768.jpg 768w, https:\/\/open-boat-projects.org\/wp-content\/uploads\/2023\/09\/ATS25X2-FM-RDS-12x12.jpg 12w, https:\/\/open-boat-projects.org\/wp-content\/uploads\/2023\/09\/ATS25X2-FM-RDS.jpg 1200w\" sizes=\"auto, (max-width: 500px) 100vw, 500px\" \/><\/a><\/p>\n<p>Abb. ATS25 X2<\/p>\n<p>Im Internet habe ich ein sehr spannendes St\u00fcck Hardware gefunden mit dem man Wetterfaxe und Wetternachrichten empfangen kann. Es handelt sich um den kleinen SDR-Receiver ATS25 X2 f\u00fcr die Frequenzbereiche 100kHz bis 30 MHz. Die Firmware stammt von Antonino IU4ALH und liegt in der Version V5.3b vor.<\/p>\n<p>Das Kistchen mit den Abma\u00dfen von 100 x 100 x 50 mm beinhaltet einen ESP32 und einen SI4735. \u00dcber ein farbiges 2,4&#8243; TFT-Touch-Display und ein Dreh\/Dr\u00fcck-Auswahlrad kann der Receiver bedient werden. Damit lassen sich folgende Fequenzbereiche empfangen:<\/p>\n<ul>\n<li>UKW: 85&#8230;108MHz, FM RDS-Funktionen<\/li>\n<li>LW: 153&#8230;500 kHz, AM<\/li>\n<li>MW:520 kHz 1710 kHz, AM<\/li>\n<li>SW: 1730&#8230;30000 kHz, AM<\/li>\n<li>SSB: 1730&#8230;30000 kHz, USB\/LSB<\/li>\n<li>CB: 26565&#8230;27405 kHz, FM (nur mit neuester Firmware)<\/li>\n<\/ul>\n<p>Der ATS25 X2 ist ein reiner Empf\u00e4nger und kann nicht senden. Er kann als Radio f\u00fcr LW, MW, SW und UKW benutzt werden und beherrscht auch alle Betriebsarten f\u00fcr Amateurfunk wie SSB f\u00fcr Sprache, RTTY und Morse. UKW-Radio l\u00e4sst sich damit auch h\u00f6ren, \u00fcber die Kopfh\u00f6rerbuchse sogar in Stereo. F\u00fcr knapp 88 Euro bekommt man eine kleine Kiste mit einer UKW-Antenne und einem USB-Ladekabel. Der ATX25 X2 hat eine Batterie mit der er bis zu 8h betrieben werden kann. Von der Funktionalit\u00e4t her ist das Ger\u00e4t super ausgestattet und es lassen sich alle Betriebsarten sehr detailliert betreiben inklusive Frequenz-Scan in den jeweiligen Empfangs-B\u00e4ndern. Als Herz werkelt ein ESP32 in Verbindung mit dem SI7435. Die Hardware ist das absolute Minimum, was man f\u00fcr solche Zwecke ben\u00f6tigt. Es ist beeindruckend was man f\u00fcr Funktionalit\u00e4t aus so einem kleinen Ger\u00e4t herausholen kann. Wer sich mal n\u00e4her mit Amateurfunk befassen m\u00f6chte und nicht viel Geld ausgeben m\u00f6chte, findet mit dem ATS25X2 einen sch\u00f6nen Einstieg.<\/p>\n<h2>Wetternachrichten und Faxe dekodieren<\/h2>\n<p>Mit dem Ger\u00e4t kann man prima Wetterfaxe und Wetternachrichten \u00fcber Kurzwelle empfangen, wie das z.B. auch mit einem Weltempf\u00e4nger m\u00f6glich ist. Mit einem 10 m langen Drahtst\u00fcck als Antenne ist man bereits dabei und kann auf Kurzwelle Nachrichten empfangen.<\/p>\n<p>Testweise habe ich als Antenne meine Wanten und den Mast auf meinem Boot verwendet. Das funktioniert ganz gut, da ich ein Kunststoffboot habe und die Wanten sowie der Mast isoliert sind.<\/p>\n<p>\u00dcber den deutschen Wetterdienst DWD kann man beispielhaft folgendes empfangen:<\/p>\n<ul>\n<li>4583 kHz LSB Wette-Textnachrichten \u00fcber RTTY, Decoder: Wolphi App <a href=\"https:\/\/aapks.com\/apk\/droidrtty\/\" target=\"_blank\" rel=\"noopener\"><strong>DroidRTTY<\/strong><\/a><\/li>\n<li>3855 kHz oder 7880 kHz USB Wetterfaxe \u00fcber RTTY, Decoder: Wolphi App <a href=\"https:\/\/aapks.com\/apk\/hf-weather-fax\/\" target=\"_blank\" rel=\"noopener\"><strong>HF Weather Fax<\/strong><\/a><\/li>\n<\/ul>\n<p>Je nach Empfangsqualit\u00e4t lassen sich beide Wetterinformationen ganz brauchbar empfangen. Meine Antenne ist aber nicht optimal und die Empfangsqualit\u00e4t ist nicht sonderlich gut. Dadurch kommen einige Daten teilweise verst\u00fcmmelt an. Mit einer Mini Whip als Antenne funktioniert es deutlich besser und man ben\u00f6tigt nicht so eine lange Antenne.<\/p>\n<p>Als Decoder benutze ich die Android Apps von Wolphi mit denen man die Signale dekodieren kann. Dazu l\u00e4d man sich die Apps auf das Handy und nimmt \u00fcber das Mikrofon des Handys die Piept\u00f6ne auf, die von der jeweiligen App dekodiert werden. Um den Dekoder optimal auf die T\u00f6ne einstellen zu k\u00f6nnen, haben die Apps eine FFT-Wasserfallgrafik. Zur Einstellung auf die Frequenz verschiebt man einfach die Marker auf die sichtbaren Frequenzen. Das geht kinderleicht und ist sehr effektiv.<\/p>\n<p><a href=\"https:\/\/open-boat-projects.org\/wp-content\/uploads\/2023\/09\/HF_Weather_Fax.png\"><img loading=\"lazy\" decoding=\"async\" class=\"alignnone wp-image-5136\" src=\"https:\/\/open-boat-projects.org\/wp-content\/uploads\/2023\/09\/HF_Weather_Fax-300x135.png\" alt=\"\" width=\"500\" height=\"225\" srcset=\"https:\/\/open-boat-projects.org\/wp-content\/uploads\/2023\/09\/HF_Weather_Fax-300x135.png 300w, https:\/\/open-boat-projects.org\/wp-content\/uploads\/2023\/09\/HF_Weather_Fax-1024x461.png 1024w, https:\/\/open-boat-projects.org\/wp-content\/uploads\/2023\/09\/HF_Weather_Fax-768x346.png 768w, https:\/\/open-boat-projects.org\/wp-content\/uploads\/2023\/09\/HF_Weather_Fax-1536x691.png 1536w, https:\/\/open-boat-projects.org\/wp-content\/uploads\/2023\/09\/HF_Weather_Fax-18x8.png 18w, https:\/\/open-boat-projects.org\/wp-content\/uploads\/2023\/09\/HF_Weather_Fax.png 1600w\" sizes=\"auto, (max-width: 500px) 100vw, 500px\" \/><\/a><\/p>\n<p>Abb.: Android App Droid RTTY<\/p>\n<p><a href=\"https:\/\/open-boat-projects.org\/wp-content\/uploads\/2023\/09\/Weather_Fax.png\"><img loading=\"lazy\" decoding=\"async\" class=\"alignnone wp-image-5137\" src=\"https:\/\/open-boat-projects.org\/wp-content\/uploads\/2023\/09\/Weather_Fax-300x135.png\" alt=\"\" width=\"500\" height=\"225\" srcset=\"https:\/\/open-boat-projects.org\/wp-content\/uploads\/2023\/09\/Weather_Fax-300x135.png 300w, https:\/\/open-boat-projects.org\/wp-content\/uploads\/2023\/09\/Weather_Fax-1024x461.png 1024w, https:\/\/open-boat-projects.org\/wp-content\/uploads\/2023\/09\/Weather_Fax-768x346.png 768w, https:\/\/open-boat-projects.org\/wp-content\/uploads\/2023\/09\/Weather_Fax-1536x691.png 1536w, https:\/\/open-boat-projects.org\/wp-content\/uploads\/2023\/09\/Weather_Fax-18x8.png 18w, https:\/\/open-boat-projects.org\/wp-content\/uploads\/2023\/09\/Weather_Fax.png 1600w\" sizes=\"auto, (max-width: 500px) 100vw, 500px\" \/><\/a><\/p>\n<p>Abb.: Wetter-Fax mit Winddaten mit der App HF Weather Fax dekodiert<\/p>\n<p>Hier noch ein Live-Beispiel wie es am Ende dann funktioniert: <a href=\"https:\/\/www.youtube.com\/watch?v=mr5aSu1-fDw\">https:\/\/www.youtube.com\/watch?v=mr5aSu1-fDw<\/a><\/p>\n<p>Die verlinkten Apps sind schon etwas \u00e4lter, daf\u00fcr aber kostenlos. Wer die Apps kostenpflichtig im PlayStore bezieht erh\u00e4lt aktuellere Apps. Zum Testen der Funktion reichen aber auch die \u00e4lteren Versionen.<\/p>\n<p>Den ATS25 bekommt man bei Ebay oder Amazon in verschiedenen Versionen:<\/p>\n<table style=\"border-collapse: collapse; width: 62.0344%; height: 120px;\">\n<tbody>\n<tr style=\"height: 24px; background-color: #c2c2c2;\">\n<td style=\"width: 10.9906%; height: 24px;\"><strong>Modell<\/strong><\/td>\n<td style=\"width: 15.8616%; height: 24px;\"><strong>Betriebsarten<\/strong><\/td>\n<td style=\"width: 5.79702%; height: 24px;\"><strong>Antennen-<\/strong><strong>anpassung<\/strong><\/td>\n<td style=\"width: 3.14765%; height: 24px;\"><strong>Ton-Decoder<\/strong><\/td>\n<td style=\"width: 3.14765%;\"><strong>USB Datenausgabe<br \/>\n<\/strong><\/td>\n<td style=\"width: 2.61355%;\"><strong>Web Server<br \/>\n<\/strong><\/td>\n<td style=\"width: 2.61355%; height: 24px;\"><strong>Lade-<\/strong><strong>erkennung<\/strong><\/td>\n<td style=\"width: 3.09553%;\"><strong>Akku<br \/>\n<\/strong><\/td>\n<td style=\"width: 3.09553%; height: 24px;\"><strong>WiFi<\/strong><\/td>\n<td style=\"width: 7.27206%; height: 24px;\"><strong>Firmware<\/strong><\/td>\n<\/tr>\n<tr style=\"height: 24px;\">\n<td style=\"width: 10.9906%; height: 24px;\"><strong>ATS25<\/strong><\/td>\n<td style=\"width: 15.8616%; height: 24px;\">FM, AM, CW, SSB (USB, LSB)<\/td>\n<td style=\"width: 5.79702%; height: 24px;\">manuell<\/td>\n<td style=\"width: 3.14765%; height: 24px;\">nein<\/td>\n<td style=\"width: 3.14765%;\">nein<\/td>\n<td style=\"width: 2.61355%;\">nein<\/td>\n<td style=\"width: 2.61355%; height: 24px;\">nein<\/td>\n<td style=\"width: 3.09553%;\">2200mAh<\/td>\n<td style=\"width: 3.09553%; height: 24px;\">interne Antenne<\/td>\n<td style=\"width: 7.27206%; height: 24px;\">Antonino V4.0b<\/td>\n<\/tr>\n<tr style=\"height: 24px;\">\n<td style=\"width: 10.9906%; height: 24px;\"><strong>ATS25 X2<\/strong><\/td>\n<td style=\"width: 15.8616%; height: 24px;\">FM, AM, CW, SSB (USB, LSB)<\/td>\n<td style=\"width: 5.79702%; height: 24px;\">manuell<\/td>\n<td style=\"width: 3.14765%; height: 24px;\">nein<\/td>\n<td style=\"width: 3.14765%;\">nein<\/td>\n<td style=\"width: 2.61355%;\">nein<\/td>\n<td style=\"width: 2.61355%; height: 24px;\">nein<\/td>\n<td style=\"width: 3.09553%;\">2200mAh<\/td>\n<td style=\"width: 3.09553%; height: 24px;\">externe Antenne<\/td>\n<td style=\"width: 7.27206%; height: 24px;\">Antonino V5.3b<\/td>\n<\/tr>\n<tr style=\"height: 24px;\">\n<td style=\"width: 10.9906%; height: 24px;\"><strong>ATS25 max<\/strong><\/td>\n<td style=\"width: 15.8616%; height: 24px;\">FM, AM, CW, SSB (USB, LSB), CB<\/td>\n<td style=\"width: 5.79702%; height: 24px;\">automatisch<\/td>\n<td style=\"width: 3.14765%; height: 24px;\">nein<\/td>\n<td style=\"width: 3.14765%;\">nein<\/td>\n<td style=\"width: 2.61355%;\">ja*<\/td>\n<td style=\"width: 2.61355%; height: 24px;\">ja<\/td>\n<td style=\"width: 3.09553%;\">4000mAh<\/td>\n<td style=\"width: 3.09553%; height: 24px;\">externe Antenne<\/td>\n<td style=\"width: 7.27206%; height: 24px;\">Bernard V4.16 Air<\/td>\n<\/tr>\n<tr style=\"height: 24px;\">\n<td style=\"width: 10.9906%; height: 24px;\"><strong>ATS25 Max Decoder<\/strong><\/td>\n<td style=\"width: 15.8616%; height: 24px;\">FM, AM, CW, SSB (USB, LSB), CB, RTTY, TF4, TF8<\/td>\n<td style=\"width: 5.79702%; height: 24px;\">automatisch<\/td>\n<td style=\"width: 3.14765%; height: 24px;\">ja<\/td>\n<td style=\"width: 3.14765%;\">ja<\/td>\n<td style=\"width: 2.61355%;\">ja*<\/td>\n<td style=\"width: 2.61355%; height: 24px;\">ja<\/td>\n<td style=\"width: 3.09553%;\">4000mAh<\/td>\n<td style=\"width: 3.09553%; height: 24px;\">externe Antenne<\/td>\n<td style=\"width: 7.27206%; height: 24px;\">Bernard V4.16 Air<\/td>\n<\/tr>\n<\/tbody>\n<\/table>\n<p><span style=\"font-size: 8pt;\">* aktuell noch ohne Funktion<\/span><\/p>\n<p>Tab.: Modellvarianten<\/p>\n<p>Das letzte Modell ist am leistungsf\u00e4higsten und enth\u00e4lt die aktuellste Firmware. Es ist schon der RTTY Dekoder dabei und die Textnachrichten k\u00f6nnen \u00fcber die USB-Schnittstelle empfangen werden. Es kostet aber fast das Doppelte gegen\u00fcber dem ATS25 X2. Die Firmware des ATS25 X2 l\u00e4sst sich aber auch selber gegen eine Geb\u00fchr von ca. 10 Euro aktualisieren. Mit Hilfe einer kleinen einfachen Zusatz-Schaltung kann auch eine RTTY-Decoder selber eingebaut werden. Das ist aber nur was f\u00fcr Leute die ge\u00fcbt im L\u00f6ten sind und sich damit auskennen.<\/p>\n<p><a href=\"https:\/\/open-boat-projects.org\/wp-content\/uploads\/2023\/09\/ATS25_CWDIGI_decoder.jpg\"><img loading=\"lazy\" decoding=\"async\" class=\"alignnone wp-image-5138\" src=\"https:\/\/open-boat-projects.org\/wp-content\/uploads\/2023\/09\/ATS25_CWDIGI_decoder-300x87.jpg\" alt=\"\" width=\"500\" height=\"145\" srcset=\"https:\/\/open-boat-projects.org\/wp-content\/uploads\/2023\/09\/ATS25_CWDIGI_decoder-300x87.jpg 300w, https:\/\/open-boat-projects.org\/wp-content\/uploads\/2023\/09\/ATS25_CWDIGI_decoder-1024x297.jpg 1024w, https:\/\/open-boat-projects.org\/wp-content\/uploads\/2023\/09\/ATS25_CWDIGI_decoder-768x222.jpg 768w, https:\/\/open-boat-projects.org\/wp-content\/uploads\/2023\/09\/ATS25_CWDIGI_decoder-18x5.jpg 18w, https:\/\/open-boat-projects.org\/wp-content\/uploads\/2023\/09\/ATS25_CWDIGI_decoder.jpg 1036w\" sizes=\"auto, (max-width: 500px) 100vw, 500px\" \/><\/a><\/p>\n<p>Abb.: Zwei-Ton-Dekoder f\u00fcr RTTY (Gain=50, fo=600 Hz, 14% BW)<\/p>\n<p>Wer jetzt Lust darauf bekommen hat das auch mal auszuprobieren, dem kann ich nur sagen das es total viel Spa\u00df macht. In Verbindung mit <a href=\"http:\/\/websdr.ewi.utwente.nl:8901\/\" target=\"_blank\" rel=\"noopener\">SDR-Online \u00fcber die Uni Twente<\/a> kann man auch ohne Hardware in das Thema einsteigen und die Dekoder-Apps ausprobieren.<\/p>\n<h2>Mini Whip Antenne<\/h2>\n<p><a href=\"https:\/\/open-boat-projects.org\/wp-content\/uploads\/2023\/09\/Mini_Whip.webp\"><img loading=\"lazy\" decoding=\"async\" class=\"alignnone wp-image-5139\" src=\"https:\/\/open-boat-projects.org\/wp-content\/uploads\/2023\/09\/Mini_Whip-300x300.webp\" alt=\"\" width=\"400\" height=\"400\" srcset=\"https:\/\/open-boat-projects.org\/wp-content\/uploads\/2023\/09\/Mini_Whip-300x300.webp 300w, https:\/\/open-boat-projects.org\/wp-content\/uploads\/2023\/09\/Mini_Whip-150x150.webp 150w, https:\/\/open-boat-projects.org\/wp-content\/uploads\/2023\/09\/Mini_Whip-768x768.webp 768w, https:\/\/open-boat-projects.org\/wp-content\/uploads\/2023\/09\/Mini_Whip-12x12.webp 12w, https:\/\/open-boat-projects.org\/wp-content\/uploads\/2023\/09\/Mini_Whip.webp 800w\" sizes=\"auto, (max-width: 400px) 100vw, 400px\" \/><\/a><\/p>\n<p>Abb.: Mini Whip Antenne f\u00fcr 10 kHz bis 30 MHz<\/p>\n<p>Eine Mini Whip Antenne ist eine ideale Erg\u00e4nzung f\u00fcr den ATS25 X2. Damit erh\u00e4lt man eine breitbandige Aktiv-Antenne die im Bereich 10 kHz bis 30 MHz empfangen kann. Dieser Antennentyp zeichnet sich dadurch aus, das die aktive Antennenfl\u00e4che nur ca. 30 x 60 mm betr\u00e4gt und damit sehr klein ist und sich \u00fcberall problemlos installieren l\u00e4sst. F\u00fcr den Betrieb der Antenne wird aber eine zus\u00e4tzliche Stromversorgung von 12V ben\u00f6tigt. \u00dcber eine Einspeiseweiche wird die Versorgungsspannung f\u00fcr die Aktiv-Antenne direkt in das Antennenkabel eingespeist und versorgt so die Verst\u00e4rkerschaltung in der Antenne.<\/p>\n<p>Wer mehr zu diesem Antennentyp wissen m\u00f6chte, kann dem Link folgen: <a href=\"https:\/\/www.dl4zao.de\/active_antenna\/index.html\">https:\/\/www.dl4zao.de\/active_antenna\/index.html<\/a><\/p>\n<p>Weitergehende Infos zum ATS25 X2 sind im Segeln-Forum zu finden unter: <a href=\"https:\/\/www.segeln-forum.de\/thread\/88565-wetterfax-und-wetternachrichten-mit-ats25-x2\/?postID=2559404#post2559404\">https:\/\/www.segeln-forum.de\/thread\/88565-wetterfax-und-wetternachrichten-mit-ats25-x2\/?postID=2559404#post2559404<\/a><\/p>\n<h2>Fragen und Antworten<\/h2>\n<p><strong>Kann der Receiver auch in den Frequenzbandl\u00fccken zwischen 500 und 520 kHz empfangen?<\/strong><\/p>\n<p style=\"padding-left: 40px;\">Ja das ist m\u00f6glich. In gewissen Grenzen kann man au\u00dferhalb der Frequenzb\u00e4nder Aussendungen empfangen. In der Firmware gibt es eine Definitionsdatei in der die Frequenzb\u00e4nder definiert sind. Durch Anpassung dieser Datei k\u00f6nnen die Bandgrenzen ver\u00e4ndert werden.<\/p>\n<p><strong>Kann ich unterhalb von 153 kHz empfangen?<\/strong><\/p>\n<p style=\"padding-left: 40px;\">Die kleinste Empfangsfrequenz ist 140 kHz mit der ausgelieferten Firmware zum ATS25 X2.<\/p>\n<p><strong>Wie l\u00e4sst sich die Firmware aktualisieren?<\/strong><\/p>\n<p style=\"padding-left: 40px;\">Die Firmware kann \u00fcber die USB-Schnittstelle aktualisiert werden. Dazu ben\u00f6tigt man ein spezielles Update-Programm. Unter <a href=\"http:\/\/harduino.ru\/index.php\/en\/\" target=\"_blank\" rel=\"noopener\">harduino.ru<\/a> kann die aktuellste Firmware zu den verschiedenen ATS25 Ger\u00e4ten heruntergeladen werden. Die aktuellste Firmware ist aber kostenpflichtig. F\u00fcr ca. 10 Euro erh\u00e4lt man viele Zusatzfunktionen die in der Standard-Firmware nicht enthalten sind wie z.B. den RTTY-Dekoder. <span style=\"color: #ff0000;\">Achtung! Die von harduino gepflegten Firmware-Versionen sind anders nummeriert als die Standard-Firmware.<\/span><\/p>\n<p><strong>Wie kann ich die alte Firmware V5.3b wieder herstellen?<\/strong><\/p>\n<p style=\"padding-left: 40px;\">Die alte Firmware V5.3b ist Open Source und kann mit der Arduino-IDE wieder hergestellt werden. Laden Sie sich das <a href=\"https:\/\/open-boat-projects.org\/wp-content\/uploads\/2023\/09\/SI4735_2.8_TFT_WIFI_V.5.3b.zip\">ZIP-File<\/a> herunter und befolgen Sie die Anweisungen in der Datei<strong><em> update firmware.txt<\/em><\/strong>.<\/p>\n<p><strong>Was kann ich mit WiFi anfangen?<\/strong><\/p>\n<p style=\"padding-left: 40px;\">Der ATS25 X2 hat auch eine WiFi-Antenne. Damit kann die Uhrzeit mit dem Internet synchronisiert werden. Zus\u00e4tzlich werden Informationen zu den aktuellen Ausbreitungsbedingungen f\u00fcr die jeweiligen Kurzwellenbereiche geladen und vom Receiver in der aktuellsten Firmware angezeigt. Zuk\u00fcnftig ist es geplant, dass \u00fcber eine Webseite das Firmware-Update durchgef\u00fchrt werden kann und dass sich der Receiver \u00fcber USB und WiFi fernsteuern l\u00e4sst.<\/p>\n<p><strong>Welche Funktionen und Betriebsarten unterst\u00fctzt der ATS25 X2?<\/strong><\/p>\n<ul>\n<li>AGC (Automatische Verst\u00e4rkungsanpassung des Antennensignals<\/li>\n<li>BFO (Feinabstimmung)<\/li>\n<li>ANT (Abschw\u00e4chung des Antennensignals)<\/li>\n<li>AM, LSB, USB, FM<\/li>\n<li>Senderscann mit Pseudo-Wasserfallgrafik<\/li>\n<\/ul>\n<p style=\"padding-left: 40px;\">Mit dem <strong>ATS25 max Decoder<\/strong> lassen sich folgende Signale zus\u00e4tzlich dekodieren, da das Ger\u00e4t die n\u00f6tigen Decoder enth\u00e4lt:<\/p>\n<ul>\n<li>RTTY (45.45 \/ 50 \/ 75 baud)<\/li>\n<li>FELD-HELL<\/li>\n<li>FT4 and FT8<\/li>\n<\/ul>\n<p><strong>Dekodiert der ATS25 max Decode Wetterfaxe des DWD?<\/strong><\/p>\n<p style=\"padding-left: 40px;\">Der ATS25 max Decoder kann aktuell nur zeichenbasierte Informationen direkt dekodieren und \u00fcber USB ausgeben. F\u00fcr Wetterfaxe der Betriebsart F1C werden externe Decoder ben\u00f6tigt wie z.B. die Wolphi App HF Weather Fax. Es ist denkbar, dass in Zukunft auch Wetterfaxe dekodiert werden k\u00f6nnen.<\/p>\n<p><strong>Kann ich NAVTEX mit dem ATS25 X2 empfangen?<\/strong><\/p>\n<p style=\"padding-left: 40px;\">Die T\u00f6ne des NAVTEX-Signals k\u00f6nnen mit dem ATS25 X2 empfangen werden, wenn eine lokale Navtex-Station in der N\u00e4he zu <a href=\"https:\/\/de.wikipedia.org\/wiki\/Liste_der_NAVTEX-Stationen\" target=\"_blank\" rel=\"noopener\">festgelegten Sendezeiten<\/a> die Daten aussendet. Einen Software-Decoder der die T\u00f6ne in Textnachrichten umwandelt, haben der <strong>ATS25 X2<\/strong> und <strong>ATX25 max Decoder<\/strong> beide nicht. Es ist aber m\u00f6glich die analogen Tonsignale \u00fcber den Kopfh\u00f6rerausgang auszuleiten und durch eine externe <a href=\"https:\/\/open-boat-projects.org\/de\/navtex-decoder-encoder-mit-hintergrundinfos\/\">PC-Software<\/a> oder Handy-App zu dekodieren.<\/p>\n<p><strong>Wie muss ich den ATS25 X2 einstellen, um Navtex empfangen zu k\u00f6nnen?<\/strong><\/p>\n<p style=\"padding-left: 40px;\">Navtex wird auf 518 kHz im oberen Seitenband (USB) im Sitor-B ausgesendet. Die Mittenfrequenz liegt bei 1700 Hz +\/-170 Hz Frequenzschift. Die Sendegeschwindigkeit betr\u00e4gt 100 Bd. Der ATS25 X2 wird auf 516 kHz mit BFO -625 Hz und USB mit einer Filterbreite von 2.2 KHz eingestellt. Wenn die T\u00f6ne gefunden wurden, kann die Filterbreite auf 1 kHz reduziert werden und der BFO wird geringf\u00fcgig so konfiguriert, dass die beiden T\u00f6ne optimal zu h\u00f6ren sind.<\/p>\n<p><strong>Welche Navtex-Frequenz soll ich verwenden?<\/strong><\/p>\n<p style=\"padding-left: 40px;\">Die Navtex-Informationen sind in einzelne <a href=\"https:\/\/de.wikipedia.org\/wiki\/Liste_der_NAVTEX-Stationen\" target=\"_blank\" rel=\"noopener\">Regionen in der Welt<\/a> aufgeteilt. Auf <strong>518 kHz<\/strong> werden Meldungen immer in englisch ausgesendet. Die Meldungen in regionaler Landessprache werden dagegen auf <strong>490 kHz<\/strong> ausgesendet.<\/p>\n<p><strong>Ben\u00f6tige ich eine Antennen-Erdung auf meinem Boot?<\/strong><\/p>\n<p style=\"padding-left: 40px;\">Eine Antennenerdung auf dem Boot ist nicht unbedingt notwendig. Ein langer Draht von ca. 6&#8230;10m L\u00e4nge wie z.B. ein Achterstag ist ausreichend f\u00fcr den Empfang von Wettermitteilungen im 60&#8230;80m Band. Wer einen besseren Empfang erzielen m\u00f6chte, wie man ihn z.B. f\u00fcr Navtex ben\u00f6tigt, sollte mit einer Mini Whip Antenne arbeiten. Damit hat man eine leistungsstarke Antenne die wenig Platz beansprucht und \u00fcberall installiert werden kann.<\/p>\n<p><strong>Wo finde ich Infos zur Hardware?<\/strong><\/p>\n<p style=\"padding-left: 40px;\">Auf der <a href=\"https:\/\/github.com\/IU4ALH\/IU4ALH\" target=\"_blank\" rel=\"noopener\">Github-Seite von Antonino IU4ALH<\/a> findet man reichlich Informationen zur Hardware und zur Software von Kurzwellen-Receivern mit einem ESP32 und einem SI4735. Der ATS25X2 basiert auf Open Source Projekten und ist in \u00e4hnlicher Weise aufgebaut. Und an dieser Stelle findet man eine <a href=\"https:\/\/www.qsl.net\/n9ewo\/ats25.html\" target=\"_blank\" rel=\"noopener\">Umfangreiche Bewertung der ATS25 Receiver<\/a> mit verschiedenen Softwareversionen.<\/p>\n<p><strong>Wo bekomme ich die Zusatzhardware zur Dekodierung der RTTY-Signale?<\/strong><\/p>\n<p style=\"padding-left: 40px;\">Die Zusatzhardware kann man entweder auf einer Lochrasterplatine zusammenbauen oder eine Platine anfertigen lassen und die dann selber best\u00fccken. Die Gerberdaten f\u00fcr die Platine kann man auf der Webseite von <a href=\"https:\/\/github.com\/IU4ALH\/IU4ALH\/tree\/main\/PCB's\" target=\"_blank\" rel=\"noopener\">Antonino IU4ALH<\/a> herunterladen und bei einem Platinenfertiger in Auftrag geben. Bei <a href=\"https:\/\/aisler.net\/p\/IATKUEQC\" target=\"_blank\" rel=\"noopener\">Aisler sind die Fertigungsdaten<\/a> der unbest\u00fcckten Platine bereits hinterlegt und kann direkt bestellt werden.<\/p>\n<p><strong>Wie gut ist die Dekodierqualit\u00e4t beim ATS25 max Decoder?<\/strong><\/p>\n<p style=\"padding-left: 40px;\">Die Dekodierqualit\u00e4t des eingebauten Ein-Ton-Decoders ist nicht so gut wie bei den beiden externen App Varianten. Es treten deutlich mehr Fehler auf. Das liegt daran, dass nur ein Ton, der exakt auf 800 Hz eingestellt sein muss, ausgewertet wird. Die App Varianten benutze beide T\u00f6ne und k\u00f6nnen das Signal sicherer dekodieren. Das macht sich besonders bei wechselhaften Empfangsbedingungen bemerkbar. Ab 6 bB Signalst\u00e4rke funktioniert der Ein-Ton-Decoder recht gut und die Textnachrichten k\u00f6nnen \u00fcber USB direkt mit einer externen Software ausgelesen werden. Die Lautst\u00e4rke sollte nicht zu laut eingestellt sein, damit der Decoder korrekt funktioniert, da sonst das Rauschen deutlich zunimmt. Am sichersten dekodiert man aber mit den beiden App-Varianten.<\/p>\n<p><strong>Warum kann ich den ATS25 nicht in mein WiFi Netzwerk einbinden?<\/strong><\/p>\n<p style=\"padding-left: 40px;\">Bei der Anmeldung im WiFi Netzwerk mit der neuesten Firmware V4.16 Air muss der Zugangscode \u00fcber das Touch-Display eingegeben werden. Dabei sieht man aber nicht was man eingibt, da die Zeichen hinter einem Stern-Zeichen verdeckt werden. Mit der Eingabe \u00fcber den Stift kann es vorkommen, dass Zeichen versehentlich doppelt eingegeben werden. Kontrollieren sie im Display wie viele Zeichen eingegeben wurden und geben sie bei Fehlern den Code erneut ein. Oft hilft es, nicht zu fest mit dem Stift die Eingaben vorzunehmen.<\/p>\n","protected":false},"excerpt":{"rendered":"<p>Abb. ATS25 X2 Im Internet habe ich ein sehr spannendes St\u00fcck Hardware gefunden mit dem man Wetterfaxe und Wetternachrichten empfangen kann. Es handelt sich um den kleinen SDR-Receiver ATS25 X2 f\u00fcr die Frequenzbereiche 100kHz bis 30 MHz. Die Firmware stammt von Antonino IU4ALH und liegt in der Version V5.3b vor. Das Kistchen mit den Abma\u00dfen&hellip; <a href=\"https:\/\/open-boat-projects.org\/de\/ats25x2\/\" class=\"more-link\">Weiterlesen <span class=\"screen-reader-text\">ATS25 X2 Wetternachrichten und Wetterfaxe<\/span><\/a><\/p>\n","protected":false},"author":2,"featured_media":0,"parent":0,"menu_order":0,"comment_status":"closed","ping_status":"closed","template":"","meta":{"footnotes":""},"categories":[],"tags":[],"class_list":["post-5118","page","type-page","status-publish","hentry"],"_links":{"self":[{"href":"https:\/\/open-boat-projects.org\/de\/wp-json\/wp\/v2\/pages\/5118","targetHints":{"allow":["GET"]}}],"collection":[{"href":"https:\/\/open-boat-projects.org\/de\/wp-json\/wp\/v2\/pages"}],"about":[{"href":"https:\/\/open-boat-projects.org\/de\/wp-json\/wp\/v2\/types\/page"}],"author":[{"embeddable":true,"href":"https:\/\/open-boat-projects.org\/de\/wp-json\/wp\/v2\/users\/2"}],"replies":[{"embeddable":true,"href":"https:\/\/open-boat-projects.org\/de\/wp-json\/wp\/v2\/comments?post=5118"}],"version-history":[{"count":45,"href":"https:\/\/open-boat-projects.org\/de\/wp-json\/wp\/v2\/pages\/5118\/revisions"}],"predecessor-version":[{"id":5565,"href":"https:\/\/open-boat-projects.org\/de\/wp-json\/wp\/v2\/pages\/5118\/revisions\/5565"}],"wp:attachment":[{"href":"https:\/\/open-boat-projects.org\/de\/wp-json\/wp\/v2\/media?parent=5118"}],"wp:term":[{"taxonomy":"category","embeddable":true,"href":"https:\/\/open-boat-projects.org\/de\/wp-json\/wp\/v2\/categories?post=5118"},{"taxonomy":"post_tag","embeddable":true,"href":"https:\/\/open-boat-projects.org\/de\/wp-json\/wp\/v2\/tags?post=5118"}],"curies":[{"name":"wp","href":"https:\/\/api.w.org\/{rel}","templated":true}]}}