{"id":5081,"date":"2023-07-13T14:45:13","date_gmt":"2023-07-13T14:45:13","guid":{"rendered":"https:\/\/open-boat-projects.org\/?page_id=5081"},"modified":"2023-07-22T13:00:37","modified_gmt":"2023-07-22T13:00:37","slug":"avnav-fernbedienungs-app","status":"publish","type":"page","link":"https:\/\/open-boat-projects.org\/de\/avnav-fernbedienungs-app\/","title":{"rendered":"AVnav Fernbedienungs App"},"content":{"rendered":"<p><a href=\"https:\/\/open-boat-projects.org\/wp-content\/uploads\/2023\/07\/AVnav_Fernbedienungs_App.png\"><img loading=\"lazy\" decoding=\"async\" class=\"alignnone wp-image-5091 size-medium\" src=\"https:\/\/open-boat-projects.org\/wp-content\/uploads\/2023\/07\/AVnav_Fernbedienungs_App-135x300.png\" alt=\"\" width=\"135\" height=\"300\" srcset=\"https:\/\/open-boat-projects.org\/wp-content\/uploads\/2023\/07\/AVnav_Fernbedienungs_App-135x300.png 135w, https:\/\/open-boat-projects.org\/wp-content\/uploads\/2023\/07\/AVnav_Fernbedienungs_App-461x1024.png 461w, https:\/\/open-boat-projects.org\/wp-content\/uploads\/2023\/07\/AVnav_Fernbedienungs_App-691x1536.png 691w, https:\/\/open-boat-projects.org\/wp-content\/uploads\/2023\/07\/AVnav_Fernbedienungs_App-5x12.png 5w, https:\/\/open-boat-projects.org\/wp-content\/uploads\/2023\/07\/AVnav_Fernbedienungs_App.png 720w\" sizes=\"auto, (max-width: 135px) 100vw, 135px\" \/><\/a><\/p>\n<p>Abb.: Android AVnav Fernbedienungs App<\/p>\n<p>Mit der AVnav Android Fernbedienungs App kann AVnav so \u00fcber ein Handy bedient werden wie das mit der <a href=\"https:\/\/open-boat-projects.org\/de\/ir-fernbedienung\/\">IR-Fernbedienung<\/a> oder der <a href=\"https:\/\/open-boat-projects.org\/de\/10-zoll-plotter-1000-nits\/\">Bluetooth-Fernbedienung<\/a> m\u00f6glich ist. Die AVnav Fernbedienungs App hat noch einige Tasten mehr als die Hardware-Fernbedinungen und verf\u00fcgt \u00fcber Zusatzfunktionen.<\/p>\n<h1>Technische Daten<\/h1>\n<ul>\n<li>Android App, ab Android 4.0 oder h\u00f6her<\/li>\n<li>16 Tasten<\/li>\n<li>Kommunikation: WiFi, 802bgn, 2,4GHz<\/li>\n<li>UDP, Broadcast-Aussendungen an Port 34668<\/li>\n<li>Multi-Client f\u00e4hig<\/li>\n<li>Display Auto Off Funktion<\/li>\n<li>App bleibt immer im Vordergrund<\/li>\n<\/ul>\n<h1>Funktionsweise<\/h1>\n<p>Technisch betrachtet l\u00e4uft die Fernbedienungs App auf einen Handy. Damit die Befehle zu AVnav \u00fcbertragen werden k\u00f6nnen, m\u00fcssen sich beide Ger\u00e4te im selben WiFi-Netz befinden. Die Befehle werden \u00fcber UDP Broadcast Mitteilungen an alle Netzwerkteilnehmer an Port 34668 versendet. Eine IP-Adresse von AVnav wird nicht ben\u00f6tigt. F\u00fcr AVnav muss in den Konfigurationseinstellungen unter Remote Channel Handler die IP 0.0.0.0 eingestellt sein, damit eine Fernbedienung aus dem externen Netzwerk m\u00f6glich ist.<\/p>\n<p><a href=\"https:\/\/open-boat-projects.org\/wp-content\/uploads\/2023\/07\/Remote_Channel_Handler.png\"><img loading=\"lazy\" decoding=\"async\" class=\"alignnone wp-image-5082\" src=\"https:\/\/open-boat-projects.org\/wp-content\/uploads\/2023\/07\/Remote_Channel_Handler-300x152.png\" alt=\"\" width=\"400\" height=\"203\" srcset=\"https:\/\/open-boat-projects.org\/wp-content\/uploads\/2023\/07\/Remote_Channel_Handler-300x152.png 300w, https:\/\/open-boat-projects.org\/wp-content\/uploads\/2023\/07\/Remote_Channel_Handler-768x390.png 768w, https:\/\/open-boat-projects.org\/wp-content\/uploads\/2023\/07\/Remote_Channel_Handler-18x9.png 18w, https:\/\/open-boat-projects.org\/wp-content\/uploads\/2023\/07\/Remote_Channel_Handler.png 976w\" sizes=\"auto, (max-width: 400px) 100vw, 400px\" \/><\/a><\/p>\n<p>Abb.: Einstellungen im Remote Channel Handler<\/p>\n<p>Zus\u00e4tzlich muss der Fernbedienungs-Knopf auf der Hauptseite aktiviert sein.<\/p>\n<p><a href=\"https:\/\/open-boat-projects.org\/wp-content\/uploads\/2023\/07\/Fernbedienung_aktivieren.png\"><img loading=\"lazy\" decoding=\"async\" class=\"alignnone wp-image-5087\" src=\"https:\/\/open-boat-projects.org\/wp-content\/uploads\/2023\/07\/Fernbedienung_aktivieren-300x169.png\" alt=\"\" width=\"400\" height=\"225\" srcset=\"https:\/\/open-boat-projects.org\/wp-content\/uploads\/2023\/07\/Fernbedienung_aktivieren-300x169.png 300w, https:\/\/open-boat-projects.org\/wp-content\/uploads\/2023\/07\/Fernbedienung_aktivieren-1024x576.png 1024w, https:\/\/open-boat-projects.org\/wp-content\/uploads\/2023\/07\/Fernbedienung_aktivieren-768x432.png 768w, https:\/\/open-boat-projects.org\/wp-content\/uploads\/2023\/07\/Fernbedienung_aktivieren-18x10.png 18w, https:\/\/open-boat-projects.org\/wp-content\/uploads\/2023\/07\/Fernbedienung_aktivieren.png 1366w\" sizes=\"auto, (max-width: 400px) 100vw, 400px\" \/><\/a><\/p>\n<p>Abb.: Konfiguration der Fernbedienung (siehe Knopf oben rechts erste Zeile links)<\/p>\n<p>Wird die Fernbedienungs App erstmalig gestartet, so muss der Zugriff auf das GPS des Handys zugelassen werden. Das ist notwendig, damit die gesamte Funktionalit\u00e4t der App genutzt werden kann. Denn mit der App l\u00e4sst sich das Display des AVnav Plotters V3 automatisch abschalten, wenn keine Bootsbewegung in den letzten 5 Minuten mehr registriert worden sind. Die Erkennung der Bootsbewegung erfolgt \u00fcber das GPS des Handys, da es keinen R\u00fcckkanal von AVnav zur App gibt der die Ortsdaten \u00fcbermittelt. Folglich muss sich auch das Handy auf dem Boot befinden, um das Display korrekt abschalten zu k\u00f6nnen. Es l\u00e4sst sich nur das Display des AVnav Potters V3 abschalten. Die Displayabschaltung funktioniert nur f\u00fcr den Plotter. Es lassen sich keine Displays \u00fcber externe HDMI-Quellen abschalten.<\/p>\n<p><img loading=\"lazy\" decoding=\"async\" class=\"alignnone size-medium wp-image-5092\" src=\"https:\/\/open-boat-projects.org\/wp-content\/uploads\/2023\/07\/Details_FB-300x86.png\" alt=\"\" width=\"300\" height=\"86\" srcset=\"https:\/\/open-boat-projects.org\/wp-content\/uploads\/2023\/07\/Details_FB-300x86.png 300w, https:\/\/open-boat-projects.org\/wp-content\/uploads\/2023\/07\/Details_FB-18x5.png 18w, https:\/\/open-boat-projects.org\/wp-content\/uploads\/2023\/07\/Details_FB.png 573w\" sizes=\"auto, (max-width: 300px) 100vw, 300px\" \/><\/p>\n<p>Abb.: Details der Fernbedienung<\/p>\n<p>Im Unteren Teil der App k\u00f6nnen Sie die automatische Display-Abschaltung aktivieren. Standardm\u00e4\u00dfig ist sie ausgeschaltet und muss manuell aktiviert werden. Sie sehen auch, ob ein GPS-Fix vorhanden ist. Das Display l\u00e4sst sich nur automatisch abschalten, wenn ein GPS-Fix vorhanden ist. Unten rechts sind noch der Speed des Bootes und der Counter zu sehen. So sehen Sie jederzeit die Restzeit, bis das Display abgeschaltet wird. Befindet sich das Boot in Fahrt, so wird der Counter in regelm\u00e4\u00dfigen Abst\u00e4nden zur\u00fcck gesetzt.<\/p>\n<p>Solange die App aktiv im Vordergrund ist, wird das Display des Handys nicht abgeschaltet. Wenn Sie Strom sparen m\u00f6chten, k\u00f6nnen Sie manuell die App in den Hintergrund legen oder das Handydisplay ausschalten.<\/p>\n<h1>Installation<\/h1>\n<p>Die Android App ist nicht im Google Play Store gelistet. Sie kann hier herunter geladen und installiert werden:<\/p>\n<p><a href=\"https:\/\/open-boat-projects.org\/wp-content\/uploads\/2023\/07\/AVnav_Remote_Control_V1.4.apk_.zip\">AVnav_Remote_Control_V1.4.apk<\/a><\/p>\n<p>Wer die Funktion an seine Bed\u00fcrfnisse anpassen m\u00f6chte, kann den <a href=\"https:\/\/open-boat-projects.org\/wp-content\/uploads\/2023\/07\/AVnav_Remote_Control_V1.4.aia_.zip\">Source-Code der App<\/a> herunterladen und mit dem <a href=\"https:\/\/ai2.appinventor.mit.edu\" target=\"_blank\" rel=\"noopener\">MIT App Invertor<\/a> bearbeiten.<\/p>\n","protected":false},"excerpt":{"rendered":"<p>Abb.: Android AVnav Fernbedienungs App Mit der AVnav Android Fernbedienungs App kann AVnav so \u00fcber ein Handy bedient werden wie das mit der IR-Fernbedienung oder der Bluetooth-Fernbedienung m\u00f6glich ist. Die AVnav Fernbedienungs App hat noch einige Tasten mehr als die Hardware-Fernbedinungen und verf\u00fcgt \u00fcber Zusatzfunktionen. Technische Daten Android App, ab Android 4.0 oder h\u00f6her 16&hellip; <a href=\"https:\/\/open-boat-projects.org\/de\/avnav-fernbedienungs-app\/\" class=\"more-link\">Weiterlesen <span class=\"screen-reader-text\">AVnav Fernbedienungs App<\/span><\/a><\/p>\n","protected":false},"author":2,"featured_media":0,"parent":0,"menu_order":0,"comment_status":"closed","ping_status":"closed","template":"","meta":{"footnotes":""},"categories":[],"tags":[],"class_list":["post-5081","page","type-page","status-publish","hentry"],"_links":{"self":[{"href":"https:\/\/open-boat-projects.org\/de\/wp-json\/wp\/v2\/pages\/5081","targetHints":{"allow":["GET"]}}],"collection":[{"href":"https:\/\/open-boat-projects.org\/de\/wp-json\/wp\/v2\/pages"}],"about":[{"href":"https:\/\/open-boat-projects.org\/de\/wp-json\/wp\/v2\/types\/page"}],"author":[{"embeddable":true,"href":"https:\/\/open-boat-projects.org\/de\/wp-json\/wp\/v2\/users\/2"}],"replies":[{"embeddable":true,"href":"https:\/\/open-boat-projects.org\/de\/wp-json\/wp\/v2\/comments?post=5081"}],"version-history":[{"count":17,"href":"https:\/\/open-boat-projects.org\/de\/wp-json\/wp\/v2\/pages\/5081\/revisions"}],"predecessor-version":[{"id":5108,"href":"https:\/\/open-boat-projects.org\/de\/wp-json\/wp\/v2\/pages\/5081\/revisions\/5108"}],"wp:attachment":[{"href":"https:\/\/open-boat-projects.org\/de\/wp-json\/wp\/v2\/media?parent=5081"}],"wp:term":[{"taxonomy":"category","embeddable":true,"href":"https:\/\/open-boat-projects.org\/de\/wp-json\/wp\/v2\/categories?post=5081"},{"taxonomy":"post_tag","embeddable":true,"href":"https:\/\/open-boat-projects.org\/de\/wp-json\/wp\/v2\/tags?post=5081"}],"curies":[{"name":"wp","href":"https:\/\/api.w.org\/{rel}","templated":true}]}}