{"id":4617,"date":"2023-03-09T14:29:42","date_gmt":"2023-03-09T14:29:42","guid":{"rendered":"https:\/\/open-boat-projects.org\/?page_id=4617"},"modified":"2023-03-18T10:08:28","modified_gmt":"2023-03-18T10:08:28","slug":"fastnet-von-bg","status":"publish","type":"page","link":"https:\/\/open-boat-projects.org\/de\/fastnet-von-bg\/","title":{"rendered":"Fastnet von B&#038;G"},"content":{"rendered":"<p>Fastnet ist ein propriet\u00e4res Netzwerkprotokoll, das f\u00fcr den Austausch von Bootsdaten von B&amp;G entwickelt wurde. Es basiert physisch auf dem CAN-Layer und benutzt dessen differenzielle Daten\u00fcbertragung. Das eigentliche dar\u00fcber liegende Protokoll ist eine serielles Protokoll mit 28800 Baud, 8 Datenbits, zwei Stoppbits und einem Parit\u00e4tsbit. Eine Layer-Ebene h\u00f6her wird mit Frames unterschiedlicher Gr\u00f6\u00dfe gearbeitet. Einige Details zu dem Protokoll wurden <a href=\"https:\/\/github.com\/trlafleur\/Fastnet\" target=\"_blank\" rel=\"noopener\">hier<\/a> und <a href=\"https:\/\/github.com\/trlafleur\/Fastnet\/blob\/master\/FastnetProtocol.pdf\" target=\"_blank\" rel=\"noopener\">hier<\/a> zusammen getragen.<\/p>\n<p>Fastnet funktioniert nur mit Ger\u00e4ten von B&amp;G und ist nicht zu anderen Hersteller-Ger\u00e4ten kompatibel. Die Verwendung des CAN-Layers diente vermutlich nur dazu, ein namentlich \u00e4hnliches Konkurenzprodukt zu NMEA2000 und CANet anzubieten, das aber in Wirklichkeit nur ein einfaches langsames serielles Protokoll darstellt, aber deutlich leistungsschw\u00e4cher in der Daten\u00fcbertragungsrate ist.<\/p>\n<p>Fastnet hat heute keinerlei Bedeutung mehr und ist nur noch in einigen alten B&amp;G-Installationen anzutreffen.<\/p>\n<h2>Open Source<\/h2>\n<p>Zu Fastnet gibt es eine <a href=\"https:\/\/github.com\/trlafleur\/Fastnet\" target=\"_blank\" rel=\"noopener\">Open Source Implementierung<\/a>, die aber nur sehr rudiment\u00e4r in C# f\u00fcr PC-Systeme als Testprogramm umgesetzt ist. Unter dem Link, sind eine Reihe von Hardware-Schnittstellen zu Fastnet zu finden.<\/p>\n","protected":false},"excerpt":{"rendered":"<p>Fastnet ist ein propriet\u00e4res Netzwerkprotokoll, das f\u00fcr den Austausch von Bootsdaten von B&amp;G entwickelt wurde. Es basiert physisch auf dem CAN-Layer und benutzt dessen differenzielle Daten\u00fcbertragung. Das eigentliche dar\u00fcber liegende Protokoll ist eine serielles Protokoll mit 28800 Baud, 8 Datenbits, zwei Stoppbits und einem Parit\u00e4tsbit. Eine Layer-Ebene h\u00f6her wird mit Frames unterschiedlicher Gr\u00f6\u00dfe gearbeitet. Einige&hellip; <a href=\"https:\/\/open-boat-projects.org\/de\/fastnet-von-bg\/\" class=\"more-link\">Weiterlesen <span class=\"screen-reader-text\">Fastnet von B&#038;G<\/span><\/a><\/p>\n","protected":false},"author":2,"featured_media":0,"parent":0,"menu_order":0,"comment_status":"closed","ping_status":"closed","template":"","meta":{"footnotes":""},"categories":[],"tags":[],"class_list":["post-4617","page","type-page","status-publish","hentry"],"_links":{"self":[{"href":"https:\/\/open-boat-projects.org\/de\/wp-json\/wp\/v2\/pages\/4617","targetHints":{"allow":["GET"]}}],"collection":[{"href":"https:\/\/open-boat-projects.org\/de\/wp-json\/wp\/v2\/pages"}],"about":[{"href":"https:\/\/open-boat-projects.org\/de\/wp-json\/wp\/v2\/types\/page"}],"author":[{"embeddable":true,"href":"https:\/\/open-boat-projects.org\/de\/wp-json\/wp\/v2\/users\/2"}],"replies":[{"embeddable":true,"href":"https:\/\/open-boat-projects.org\/de\/wp-json\/wp\/v2\/comments?post=4617"}],"version-history":[{"count":2,"href":"https:\/\/open-boat-projects.org\/de\/wp-json\/wp\/v2\/pages\/4617\/revisions"}],"predecessor-version":[{"id":4715,"href":"https:\/\/open-boat-projects.org\/de\/wp-json\/wp\/v2\/pages\/4617\/revisions\/4715"}],"wp:attachment":[{"href":"https:\/\/open-boat-projects.org\/de\/wp-json\/wp\/v2\/media?parent=4617"}],"wp:term":[{"taxonomy":"category","embeddable":true,"href":"https:\/\/open-boat-projects.org\/de\/wp-json\/wp\/v2\/categories?post=4617"},{"taxonomy":"post_tag","embeddable":true,"href":"https:\/\/open-boat-projects.org\/de\/wp-json\/wp\/v2\/tags?post=4617"}],"curies":[{"name":"wp","href":"https:\/\/api.w.org\/{rel}","templated":true}]}}