{"id":4526,"date":"2023-03-01T13:20:01","date_gmt":"2023-03-01T13:20:01","guid":{"rendered":"https:\/\/open-boat-projects.org\/?page_id=4526"},"modified":"2023-03-01T13:53:42","modified_gmt":"2023-03-01T13:53:42","slug":"wifi","status":"publish","type":"page","link":"https:\/\/open-boat-projects.org\/de\/wifi\/","title":{"rendered":"WiFi"},"content":{"rendered":"<p><img loading=\"lazy\" decoding=\"async\" class=\"alignnone size-medium wp-image-4438\" src=\"https:\/\/open-boat-projects.org\/wp-content\/uploads\/2023\/02\/WiFi_Router-300x198.png\" alt=\"\" width=\"300\" height=\"198\" srcset=\"https:\/\/open-boat-projects.org\/wp-content\/uploads\/2023\/02\/WiFi_Router-300x198.png 300w, https:\/\/open-boat-projects.org\/wp-content\/uploads\/2023\/02\/WiFi_Router-18x12.png 18w, https:\/\/open-boat-projects.org\/wp-content\/uploads\/2023\/02\/WiFi_Router.png 500w\" sizes=\"auto, (max-width: 300px) 100vw, 300px\" \/><\/p>\n<p>Abb.: WiFi Router<\/p>\n<p>Im Marinebereich ist WiFi \u00fcberwiegend zur Bereitstellung eines Internetzugangs mit Hilfe von Routern auf Booten bekannt. Wifi basiert auf dem 802.11 bgn Standard und verwendet Frequenzen von 2,4 GHz. Mit 802.11 ac sind auch Frequenzen mit 5 GHz und 6 GHz m\u00f6glich, die h\u00f6here Datenraten erm\u00f6glichen. Moderne Plotter k\u00f6nnen einige Informationen auf Mobilger\u00e4te \u00fcbertragen und verwenden daf\u00fcr WiFi. Meistens werden NMEA0183 Telegramme an Mobil-Apps \u00fcbertragen. Es gibt aber auch komplett eigenst\u00e4ndige propriet\u00e4re L\u00f6sungen die inkompatibel zu anderen \u00dcbertragungstechniken sind.<\/p>\n<p>Im DIY-Berich wird WiFi gerne zur Anbindung von Sensordaten benutzt, da moderne Mikrocontroller bereits alle Komponenten f\u00fcr die WiFi-\u00dcbertragung enthalten. Mit NMEA0183 \u00fcber WiFi lassen sich die Einschr\u00e4nkungen bez\u00fcglich \u00dcbertragungsgeschwindigkeit von NMEA0183 \u00fcberwinden.<\/p>\n","protected":false},"excerpt":{"rendered":"<p>Abb.: WiFi Router Im Marinebereich ist WiFi \u00fcberwiegend zur Bereitstellung eines Internetzugangs mit Hilfe von Routern auf Booten bekannt. Wifi basiert auf dem 802.11 bgn Standard und verwendet Frequenzen von 2,4 GHz. Mit 802.11 ac sind auch Frequenzen mit 5 GHz und 6 GHz m\u00f6glich, die h\u00f6here Datenraten erm\u00f6glichen. Moderne Plotter k\u00f6nnen einige Informationen auf&hellip; <a href=\"https:\/\/open-boat-projects.org\/de\/wifi\/\" class=\"more-link\">Weiterlesen <span class=\"screen-reader-text\">WiFi<\/span><\/a><\/p>\n","protected":false},"author":2,"featured_media":0,"parent":0,"menu_order":0,"comment_status":"closed","ping_status":"closed","template":"","meta":{"footnotes":""},"categories":[41,40,39,37],"tags":[],"class_list":["post-4526","page","type-page","status-publish","hentry","category-opendata","category-openhardware","category-opensource","category-projects"],"_links":{"self":[{"href":"https:\/\/open-boat-projects.org\/de\/wp-json\/wp\/v2\/pages\/4526","targetHints":{"allow":["GET"]}}],"collection":[{"href":"https:\/\/open-boat-projects.org\/de\/wp-json\/wp\/v2\/pages"}],"about":[{"href":"https:\/\/open-boat-projects.org\/de\/wp-json\/wp\/v2\/types\/page"}],"author":[{"embeddable":true,"href":"https:\/\/open-boat-projects.org\/de\/wp-json\/wp\/v2\/users\/2"}],"replies":[{"embeddable":true,"href":"https:\/\/open-boat-projects.org\/de\/wp-json\/wp\/v2\/comments?post=4526"}],"version-history":[{"count":3,"href":"https:\/\/open-boat-projects.org\/de\/wp-json\/wp\/v2\/pages\/4526\/revisions"}],"predecessor-version":[{"id":4544,"href":"https:\/\/open-boat-projects.org\/de\/wp-json\/wp\/v2\/pages\/4526\/revisions\/4544"}],"wp:attachment":[{"href":"https:\/\/open-boat-projects.org\/de\/wp-json\/wp\/v2\/media?parent=4526"}],"wp:term":[{"taxonomy":"category","embeddable":true,"href":"https:\/\/open-boat-projects.org\/de\/wp-json\/wp\/v2\/categories?post=4526"},{"taxonomy":"post_tag","embeddable":true,"href":"https:\/\/open-boat-projects.org\/de\/wp-json\/wp\/v2\/tags?post=4526"}],"curies":[{"name":"wp","href":"https:\/\/api.w.org\/{rel}","templated":true}]}}