{"id":4524,"date":"2023-03-01T13:19:25","date_gmt":"2023-03-01T13:19:25","guid":{"rendered":"https:\/\/open-boat-projects.org\/?page_id=4524"},"modified":"2023-03-01T13:51:46","modified_gmt":"2023-03-01T13:51:46","slug":"ethernet","status":"publish","type":"page","link":"https:\/\/open-boat-projects.org\/de\/ethernet\/","title":{"rendered":"Ethernet"},"content":{"rendered":"<p><img loading=\"lazy\" decoding=\"async\" class=\"alignnone size-full wp-image-4439\" src=\"https:\/\/open-boat-projects.org\/wp-content\/uploads\/2023\/02\/Ethernet.jpeg\" alt=\"\" width=\"252\" height=\"200\" srcset=\"https:\/\/open-boat-projects.org\/wp-content\/uploads\/2023\/02\/Ethernet.jpeg 252w, https:\/\/open-boat-projects.org\/wp-content\/uploads\/2023\/02\/Ethernet-15x12.jpeg 15w\" sizes=\"auto, (max-width: 252px) 100vw, 252px\" \/><\/p>\n<p>Ethernet ist die allseits bekannt Verbindungstechnik im Computerbereich, die sehr robust und st\u00f6rungssicher aufgrund der galvanischen Entkopplung der Endger\u00e4te funktioniert. Ethernetverbindungen erm\u00f6glichen \u00dcbertragungsgeschwindigkeiten zwischen 10Mbit\/s bis zu 10GBit\/s. Als \u00dcbertragungsmedium k\u00f6nnen geschrirmte 2-Draht-Leitungen oder LWL-Kabel verwendet werden. Als Steckverbinder haben sich bei Kabelverbindungen RJ45 Stecker durchgesetzt, die aber nicht f\u00fcr Marineanwendungen in feuchten Umgebungen geeignet sind. Aufgrund der hohen Verbreitung und des weltweiten Einsatzes ist die Ethernet-Verbindungstechnik sehr g\u00fcnstig. F\u00fcr Marineanwendungen benutzen kommerzielle Ger\u00e4tehersteller oft propriet\u00e4re wasserdichte Steckverbinder, die nicht genormt sind. NMEA OneNet und RayNet basieren auf Ethernet, verwenden aber unterschiedliche Verbindungstechnik. Wenn keine all zu hohen Anforderungen an Wasserdichtheit notwendig sind, kann man mit konventionellen Komponenten aus der PC-Netzwerktechnik wie Routern, Switchen und Kabeln, kosteng\u00fcnstige Installationen realisieren.<\/p>\n<p>Mit NMEA0183 \u00fcber Ethernet lassen sich die Einschr\u00e4nkungen bez\u00fcglich \u00dcbertragungsgeschwindigkeit von NMEA0183 \u00fcberwinden.<\/p>\n","protected":false},"excerpt":{"rendered":"<p>Ethernet ist die allseits bekannt Verbindungstechnik im Computerbereich, die sehr robust und st\u00f6rungssicher aufgrund der galvanischen Entkopplung der Endger\u00e4te funktioniert. Ethernetverbindungen erm\u00f6glichen \u00dcbertragungsgeschwindigkeiten zwischen 10Mbit\/s bis zu 10GBit\/s. Als \u00dcbertragungsmedium k\u00f6nnen geschrirmte 2-Draht-Leitungen oder LWL-Kabel verwendet werden. Als Steckverbinder haben sich bei Kabelverbindungen RJ45 Stecker durchgesetzt, die aber nicht f\u00fcr Marineanwendungen in feuchten Umgebungen geeignet&hellip; <a href=\"https:\/\/open-boat-projects.org\/de\/ethernet\/\" class=\"more-link\">Weiterlesen <span class=\"screen-reader-text\">Ethernet<\/span><\/a><\/p>\n","protected":false},"author":2,"featured_media":0,"parent":0,"menu_order":0,"comment_status":"closed","ping_status":"closed","template":"","meta":{"footnotes":""},"categories":[41,40,39,37],"tags":[],"class_list":["post-4524","page","type-page","status-publish","hentry","category-opendata","category-openhardware","category-opensource","category-projects"],"_links":{"self":[{"href":"https:\/\/open-boat-projects.org\/de\/wp-json\/wp\/v2\/pages\/4524","targetHints":{"allow":["GET"]}}],"collection":[{"href":"https:\/\/open-boat-projects.org\/de\/wp-json\/wp\/v2\/pages"}],"about":[{"href":"https:\/\/open-boat-projects.org\/de\/wp-json\/wp\/v2\/types\/page"}],"author":[{"embeddable":true,"href":"https:\/\/open-boat-projects.org\/de\/wp-json\/wp\/v2\/users\/2"}],"replies":[{"embeddable":true,"href":"https:\/\/open-boat-projects.org\/de\/wp-json\/wp\/v2\/comments?post=4524"}],"version-history":[{"count":2,"href":"https:\/\/open-boat-projects.org\/de\/wp-json\/wp\/v2\/pages\/4524\/revisions"}],"predecessor-version":[{"id":4542,"href":"https:\/\/open-boat-projects.org\/de\/wp-json\/wp\/v2\/pages\/4524\/revisions\/4542"}],"wp:attachment":[{"href":"https:\/\/open-boat-projects.org\/de\/wp-json\/wp\/v2\/media?parent=4524"}],"wp:term":[{"taxonomy":"category","embeddable":true,"href":"https:\/\/open-boat-projects.org\/de\/wp-json\/wp\/v2\/categories?post=4524"},{"taxonomy":"post_tag","embeddable":true,"href":"https:\/\/open-boat-projects.org\/de\/wp-json\/wp\/v2\/tags?post=4524"}],"curies":[{"name":"wp","href":"https:\/\/api.w.org\/{rel}","templated":true}]}}