{"id":4520,"date":"2023-03-01T13:18:05","date_gmt":"2023-03-01T13:18:05","guid":{"rendered":"https:\/\/open-boat-projects.org\/?page_id=4520"},"modified":"2023-03-01T14:30:23","modified_gmt":"2023-03-01T14:30:23","slug":"seasmart","status":"publish","type":"page","link":"https:\/\/open-boat-projects.org\/de\/seasmart\/","title":{"rendered":"SeaSmart von Digital Marine Gauges"},"content":{"rendered":"<p><a href=\"http:\/\/www.seasmart.net\/marine-wireless-networking-wifi.html\">SeaSmart<\/a> ist eine\u00a0 Gruppe von <a href=\"https:\/\/digitalmarinegauges.com\/content\/SeaSmart\/SeaSmart_Users_Manual_RevC.pdf\" target=\"_blank\" rel=\"noopener\">Protokoll-Implementierungen<\/a> unterschiedlicher Bustypen, die f\u00fcr den unkomplizierten Datenaustausch zwischen Marine-Ger\u00e4ten von der Firma <a href=\"https:\/\/digitalmarinegauges.com\" target=\"_blank\" rel=\"noopener\">Digital Marine Gauges<\/a> entwickelt wurde. Der Schwerpunkt von SeaSmart liegt auf der \u00dcbertragung und Darstellung von Boots-Informationen, insbesondere auch \u00fcber Ethernet- und WiFi-Verbindungen. Als Anzeigeger\u00e4te dienen Webbrowser, die ihre Daten von speziellen Gateways aus dem SeaSmart.Net erhalten. SeaSmart ist nicht sehr verbreitet und eher ein Nischenprodukt.<\/p>\n<h3>Open Source<\/h3>\n<p>F\u00fcr SeaSmart gibt es eine Open Source Implementierung von Timo Lappalainen in seiner NMEA2000 Lib. Damit ist es m\u00f6glich NMEA2000 Daten \u00fcber spezielle NMEA0183 Telegramme, die als SeaSmart bezeichnet werden, zu \u00fcbertragen. Da NMEA0183 auch \u00fcber Ethernet und WiFi \u00fcbertragen l\u00e4sst, ist es m\u00f6glich auch NMEA2000 Daten \u00fcber Ethernet zu \u00fcbertragen.<\/p>\n","protected":false},"excerpt":{"rendered":"<p>SeaSmart ist eine\u00a0 Gruppe von Protokoll-Implementierungen unterschiedlicher Bustypen, die f\u00fcr den unkomplizierten Datenaustausch zwischen Marine-Ger\u00e4ten von der Firma Digital Marine Gauges entwickelt wurde. Der Schwerpunkt von SeaSmart liegt auf der \u00dcbertragung und Darstellung von Boots-Informationen, insbesondere auch \u00fcber Ethernet- und WiFi-Verbindungen. Als Anzeigeger\u00e4te dienen Webbrowser, die ihre Daten von speziellen Gateways aus dem SeaSmart.Net erhalten.&hellip; <a href=\"https:\/\/open-boat-projects.org\/de\/seasmart\/\" class=\"more-link\">Weiterlesen <span class=\"screen-reader-text\">SeaSmart von Digital Marine Gauges<\/span><\/a><\/p>\n","protected":false},"author":2,"featured_media":0,"parent":0,"menu_order":0,"comment_status":"closed","ping_status":"closed","template":"","meta":{"footnotes":""},"categories":[41,40,39,37],"tags":[],"class_list":["post-4520","page","type-page","status-publish","hentry","category-opendata","category-openhardware","category-opensource","category-projects"],"_links":{"self":[{"href":"https:\/\/open-boat-projects.org\/de\/wp-json\/wp\/v2\/pages\/4520","targetHints":{"allow":["GET"]}}],"collection":[{"href":"https:\/\/open-boat-projects.org\/de\/wp-json\/wp\/v2\/pages"}],"about":[{"href":"https:\/\/open-boat-projects.org\/de\/wp-json\/wp\/v2\/types\/page"}],"author":[{"embeddable":true,"href":"https:\/\/open-boat-projects.org\/de\/wp-json\/wp\/v2\/users\/2"}],"replies":[{"embeddable":true,"href":"https:\/\/open-boat-projects.org\/de\/wp-json\/wp\/v2\/comments?post=4520"}],"version-history":[{"count":5,"href":"https:\/\/open-boat-projects.org\/de\/wp-json\/wp\/v2\/pages\/4520\/revisions"}],"predecessor-version":[{"id":4554,"href":"https:\/\/open-boat-projects.org\/de\/wp-json\/wp\/v2\/pages\/4520\/revisions\/4554"}],"wp:attachment":[{"href":"https:\/\/open-boat-projects.org\/de\/wp-json\/wp\/v2\/media?parent=4520"}],"wp:term":[{"taxonomy":"category","embeddable":true,"href":"https:\/\/open-boat-projects.org\/de\/wp-json\/wp\/v2\/categories?post=4520"},{"taxonomy":"post_tag","embeddable":true,"href":"https:\/\/open-boat-projects.org\/de\/wp-json\/wp\/v2\/tags?post=4520"}],"curies":[{"name":"wp","href":"https:\/\/api.w.org\/{rel}","templated":true}]}}