{"id":4516,"date":"2023-03-01T13:16:18","date_gmt":"2023-03-01T13:16:18","guid":{"rendered":"https:\/\/open-boat-projects.org\/?page_id=4516"},"modified":"2023-03-05T11:41:22","modified_gmt":"2023-03-05T11:41:22","slug":"canet","status":"publish","type":"page","link":"https:\/\/open-boat-projects.org\/de\/canet\/","title":{"rendered":"CANet von Garmin"},"content":{"rendered":"<p><img loading=\"lazy\" decoding=\"async\" class=\"alignnone size-full wp-image-3957\" src=\"https:\/\/open-boat-projects.org\/wp-content\/uploads\/2022\/12\/GPSmap_420.webp\" alt=\"\" width=\"300\" height=\"300\" srcset=\"https:\/\/open-boat-projects.org\/wp-content\/uploads\/2022\/12\/GPSmap_420.webp 300w, https:\/\/open-boat-projects.org\/wp-content\/uploads\/2022\/12\/GPSmap_420-150x150.webp 150w, https:\/\/open-boat-projects.org\/wp-content\/uploads\/2022\/12\/GPSmap_420-12x12.webp 12w\" sizes=\"auto, (max-width: 300px) 100vw, 300px\" \/><\/p>\n<p>Abb.: GPSmap 420 mit CANet (Garmin)<\/p>\n<p>CANet wurde von der Firm Garmin f\u00fcr\u00a0 Marine-Ger\u00e4te entwickelt. Es benutzt auf unterster physischer Ebene den CAN-Bus, verwendet aber andere Implementierung auf h\u00f6heren Ebenen von CAN und ist nicht kompatibel zu NMEA2000. CANet ist damit wie C-Net 2000 ein propriet\u00e4res Protokoll, das nur mit Ger\u00e4ten von Garmin funktioniert. Viele \u00e4ltere Plotter von Garmin wurden mit CANet und NMEA0183 ausgestattet. In geringem Umfang lie\u00dfen sich auch Daten zwischen CANet und NMEA0183 austauschen, wie Speed und Tiefendaten. CANet benutzt entgegen der Konkurrenz keine spezielle Steckertechnik und setzt auf Schraubklemmen, was eine Installation deutlich einfacher und preiswerter macht. CANet wurde speziell f\u00fcr Sensorik und zum Datenaustausch zwischen Anzeigeger\u00e4ten von Garmin verwendet. Neben CANet wurden auch die selben Ger\u00e4te mit NMEA2000 angeboten, die deutlich flexibler mit Ger\u00e4ten anderer Hersteller einsetzbar waren. Die bunten Sonar-Daten-Teppiche von Garmin Sounder und Loggen lie\u00dfen sich aber ausschlie\u00dflich nur mit CANet \u00fcbertragen. CANet hat in heutigen Bordsnetzen keine Bedeutung mehr und ist nur noch in alten Installationen anzutreffen. Eine Zukunftsf\u00e4higkeit ist nicht gegeben. NMEA2000 w\u00e4re eine bessere Alternative.<\/p>\n<p>Mit CANET gibt es eine namens\u00e4hnliche Implementierung f\u00fcr CAN in Ethernet-Umgebungen f\u00fcr industrielle Anwendungen, die nicht kompatibel zu CANet von Garmin ist und nicht mit dieser verwechselt werden sollte.<\/p>\n<h3>Open Source<\/h3>\n<p>F\u00fcr CANet gibt es keine eigene Open Source Implementierung, da CANet ein sehr spezialisiertes Protokoll von Garmin ist.<\/p>\n","protected":false},"excerpt":{"rendered":"<p>Abb.: GPSmap 420 mit CANet (Garmin) CANet wurde von der Firm Garmin f\u00fcr\u00a0 Marine-Ger\u00e4te entwickelt. Es benutzt auf unterster physischer Ebene den CAN-Bus, verwendet aber andere Implementierung auf h\u00f6heren Ebenen von CAN und ist nicht kompatibel zu NMEA2000. CANet ist damit wie C-Net 2000 ein propriet\u00e4res Protokoll, das nur mit Ger\u00e4ten von Garmin funktioniert. Viele&hellip; <a href=\"https:\/\/open-boat-projects.org\/de\/canet\/\" class=\"more-link\">Weiterlesen <span class=\"screen-reader-text\">CANet von Garmin<\/span><\/a><\/p>\n","protected":false},"author":2,"featured_media":0,"parent":0,"menu_order":0,"comment_status":"closed","ping_status":"closed","template":"","meta":{"footnotes":""},"categories":[41,40,39,37],"tags":[],"class_list":["post-4516","page","type-page","status-publish","hentry","category-opendata","category-openhardware","category-opensource","category-projects"],"_links":{"self":[{"href":"https:\/\/open-boat-projects.org\/de\/wp-json\/wp\/v2\/pages\/4516","targetHints":{"allow":["GET"]}}],"collection":[{"href":"https:\/\/open-boat-projects.org\/de\/wp-json\/wp\/v2\/pages"}],"about":[{"href":"https:\/\/open-boat-projects.org\/de\/wp-json\/wp\/v2\/types\/page"}],"author":[{"embeddable":true,"href":"https:\/\/open-boat-projects.org\/de\/wp-json\/wp\/v2\/users\/2"}],"replies":[{"embeddable":true,"href":"https:\/\/open-boat-projects.org\/de\/wp-json\/wp\/v2\/comments?post=4516"}],"version-history":[{"count":4,"href":"https:\/\/open-boat-projects.org\/de\/wp-json\/wp\/v2\/pages\/4516\/revisions"}],"predecessor-version":[{"id":4599,"href":"https:\/\/open-boat-projects.org\/de\/wp-json\/wp\/v2\/pages\/4516\/revisions\/4599"}],"wp:attachment":[{"href":"https:\/\/open-boat-projects.org\/de\/wp-json\/wp\/v2\/media?parent=4516"}],"wp:term":[{"taxonomy":"category","embeddable":true,"href":"https:\/\/open-boat-projects.org\/de\/wp-json\/wp\/v2\/categories?post=4516"},{"taxonomy":"post_tag","embeddable":true,"href":"https:\/\/open-boat-projects.org\/de\/wp-json\/wp\/v2\/tags?post=4516"}],"curies":[{"name":"wp","href":"https:\/\/api.w.org\/{rel}","templated":true}]}}