{"id":4514,"date":"2023-03-01T13:15:36","date_gmt":"2023-03-01T13:15:36","guid":{"rendered":"https:\/\/open-boat-projects.org\/?page_id=4514"},"modified":"2023-03-01T13:35:19","modified_gmt":"2023-03-01T13:35:19","slug":"c-net-2000","status":"publish","type":"page","link":"https:\/\/open-boat-projects.org\/de\/c-net-2000\/","title":{"rendered":"C-Net 2000 von Cetrek"},"content":{"rendered":"<p><img loading=\"lazy\" decoding=\"async\" class=\"alignnone size-medium wp-image-4433\" src=\"https:\/\/open-boat-projects.org\/wp-content\/uploads\/2023\/02\/Cetrek_C-Net_2000-300x276.png\" alt=\"\" width=\"300\" height=\"276\" srcset=\"https:\/\/open-boat-projects.org\/wp-content\/uploads\/2023\/02\/Cetrek_C-Net_2000-300x276.png 300w, https:\/\/open-boat-projects.org\/wp-content\/uploads\/2023\/02\/Cetrek_C-Net_2000-13x12.png 13w, https:\/\/open-boat-projects.org\/wp-content\/uploads\/2023\/02\/Cetrek_C-Net_2000.png 406w\" sizes=\"auto, (max-width: 300px) 100vw, 300px\" \/><\/p>\n<p>Abb.: Ctrec C-Net 2000<\/p>\n<p>C-Net 2000 wurde von der Firm Cetrek f\u00fcr Marine-Ger\u00e4te entwickelt. Es benutzt auf unterster physischer Ebene den CAN-Bus, verwendet aber keine Implementierung auf h\u00f6heren Ebenen von CAN. C-Net 2000 ist damit ein propriet\u00e4res Protokoll, das nur mit Ger\u00e4ten von Cetrek funktioniert. Viele Anzeigeger\u00e4te von Cetrek beinhalten ein Gateway f\u00fcr NMEA0183 und C-Net 2000, so dass sich Daten zwischen den Netzen austauschen lassen. C-Net 2000 benutzt keine spezielle Steckertechnik und setzt auf Schraubklemmen, was eine Installation deutlich einfacher und preiswerter macht. Cetrek hat inzwischen seine Produktion und den Vertrieb von Marine-Produkten eingestellt. Auf alten Booten sind noch einige Installationen zu finden. Ger\u00e4te von Cetrek hatten einen guten Ruf bzgl. Langlebigkeit und Zuverl\u00e4ssigkeit. Die Anzeigeger\u00e4te hatten zudem ein durchdachtes Bedienkonzept und eine gute Ablesbarkeit.<\/p>\n<h3>Open Source<\/h3>\n<p>F\u00fcr C-Net 2000 gibt es keine eigene Open Source Implementierung, da die Ger\u00e4teserien von Cetrek keine so gro\u00dfe Verbreitung hatten.<\/p>\n","protected":false},"excerpt":{"rendered":"<p>Abb.: Ctrec C-Net 2000 C-Net 2000 wurde von der Firm Cetrek f\u00fcr Marine-Ger\u00e4te entwickelt. Es benutzt auf unterster physischer Ebene den CAN-Bus, verwendet aber keine Implementierung auf h\u00f6heren Ebenen von CAN. C-Net 2000 ist damit ein propriet\u00e4res Protokoll, das nur mit Ger\u00e4ten von Cetrek funktioniert. Viele Anzeigeger\u00e4te von Cetrek beinhalten ein Gateway f\u00fcr NMEA0183 und&hellip; <a href=\"https:\/\/open-boat-projects.org\/de\/c-net-2000\/\" class=\"more-link\">Weiterlesen <span class=\"screen-reader-text\">C-Net 2000 von Cetrek<\/span><\/a><\/p>\n","protected":false},"author":2,"featured_media":0,"parent":0,"menu_order":0,"comment_status":"closed","ping_status":"closed","template":"","meta":{"footnotes":""},"categories":[41,40,39,37],"tags":[],"class_list":["post-4514","page","type-page","status-publish","hentry","category-opendata","category-openhardware","category-opensource","category-projects"],"_links":{"self":[{"href":"https:\/\/open-boat-projects.org\/de\/wp-json\/wp\/v2\/pages\/4514","targetHints":{"allow":["GET"]}}],"collection":[{"href":"https:\/\/open-boat-projects.org\/de\/wp-json\/wp\/v2\/pages"}],"about":[{"href":"https:\/\/open-boat-projects.org\/de\/wp-json\/wp\/v2\/types\/page"}],"author":[{"embeddable":true,"href":"https:\/\/open-boat-projects.org\/de\/wp-json\/wp\/v2\/users\/2"}],"replies":[{"embeddable":true,"href":"https:\/\/open-boat-projects.org\/de\/wp-json\/wp\/v2\/comments?post=4514"}],"version-history":[{"count":2,"href":"https:\/\/open-boat-projects.org\/de\/wp-json\/wp\/v2\/pages\/4514\/revisions"}],"predecessor-version":[{"id":4537,"href":"https:\/\/open-boat-projects.org\/de\/wp-json\/wp\/v2\/pages\/4514\/revisions\/4537"}],"wp:attachment":[{"href":"https:\/\/open-boat-projects.org\/de\/wp-json\/wp\/v2\/media?parent=4514"}],"wp:term":[{"taxonomy":"category","embeddable":true,"href":"https:\/\/open-boat-projects.org\/de\/wp-json\/wp\/v2\/categories?post=4514"},{"taxonomy":"post_tag","embeddable":true,"href":"https:\/\/open-boat-projects.org\/de\/wp-json\/wp\/v2\/tags?post=4514"}],"curies":[{"name":"wp","href":"https:\/\/api.w.org\/{rel}","templated":true}]}}