{"id":4512,"date":"2023-03-01T13:14:41","date_gmt":"2023-03-01T13:14:41","guid":{"rendered":"https:\/\/open-boat-projects.org\/?page_id=4512"},"modified":"2023-03-01T13:34:54","modified_gmt":"2023-03-01T13:34:54","slug":"simnet","status":"publish","type":"page","link":"https:\/\/open-boat-projects.org\/de\/simnet\/","title":{"rendered":"SimNet von Simrad"},"content":{"rendered":"<p><img loading=\"lazy\" decoding=\"async\" class=\"alignnone size-medium wp-image-4424\" src=\"https:\/\/open-boat-projects.org\/wp-content\/uploads\/2023\/02\/SimNet_Verbindungstechnik-300x300.jpg\" alt=\"\" width=\"300\" height=\"300\" srcset=\"https:\/\/open-boat-projects.org\/wp-content\/uploads\/2023\/02\/SimNet_Verbindungstechnik-300x300.jpg 300w, https:\/\/open-boat-projects.org\/wp-content\/uploads\/2023\/02\/SimNet_Verbindungstechnik-150x150.jpg 150w, https:\/\/open-boat-projects.org\/wp-content\/uploads\/2023\/02\/SimNet_Verbindungstechnik-768x768.jpg 768w, https:\/\/open-boat-projects.org\/wp-content\/uploads\/2023\/02\/SimNet_Verbindungstechnik-12x12.jpg 12w, https:\/\/open-boat-projects.org\/wp-content\/uploads\/2023\/02\/SimNet_Verbindungstechnik.jpg 800w\" sizes=\"auto, (max-width: 300px) 100vw, 300px\" \/><\/p>\n<p>Abb.: SimNet Verbindungstechnik<\/p>\n<p>SimNet ist ein Bussystem f\u00fcr Boote von Simrad, das auf dem CAN-Bus basiert und eine eingeschr\u00e4nkte Kompatibilit\u00e4t zu NMEA2000 besitzt, vergleichbar zu SeaTalk NG von Raymarine. Auch Simrad setzt mit SimNet auf propriet\u00e4re Anschlusstechnik, die nur mit Simrad-Produkten kompatibel ist. Physisch werden 5-polige Steckverbinder benutzt wie bei NMEA2000, jedoch in einem anderen Format. Nachteilig ist allerdings der hohe Preis f\u00fcr die propriet\u00e4re Anschlusstechnik. Es sind aber auch Adapter zu NMEA2000 erh\u00e4ltlich.<\/p>\n<p><strong>Vorteile von SimNet:<\/strong><\/p>\n<ul>\n<li>H\u00f6here Datenraten: SimNet hat mit 250 kBit\/s deutlich h\u00f6here Datenraten als NMEA0183.<\/li>\n<li>Bidirektionale \u00dcbertragung: SimNet basiet auf dem CAN-Bus und bietet eine bidirektionale \u00dcbertragung, so dass Daten gesendet als auch empfangen werden k\u00f6nnen.<\/li>\n<li>Zuverl\u00e4ssigkeit: SimNet ist ein zuverl\u00e4ssiges Netzwerkprotokoll, das garantiert, dass Daten korrekt \u00fcbertragen werden. Dazu werden Pr\u00fcfsummen f\u00fcr die Telegramme benutzt und fehlerhafte Telegramme erneut ausgesendet.<\/li>\n<li>Einfache Verdrahtung: Ger\u00e4te lassen sich einfach in einen SimNet-Bus \u00fcber propriet\u00e4re Steckverbinder einf\u00fcgen. So werden Fehler bei der Verdrahtung minimiert.<\/li>\n<\/ul>\n<p><strong>Nachteile von SimNet:<\/strong><\/p>\n<ul>\n<li>Propriet\u00e4r: SimNet benutzt in einigen Teilen ein propriet\u00e4res Protokoll, ist aber auch in eingeschr\u00e4nkter Weise kompatibel zu NMEA2000.<\/li>\n<li>Teure Verbindungstechnik: SimNet benutzt ein eigenes propriet\u00e4res Steckerformat, welches recht teuer ist und nicht durch andere Stecker ersetzt werden kann. \u00dcber Adapter werden aber auch andere Steckerformate unterst\u00fctzt wie NMEA2000.<\/li>\n<li>Fehlende Erweiterbarkeit: SimNet kann nicht mit neuen Dateninhalten oder Datenformaten erweitert werden. Die Daten\u00fcbertragung ist rein auf Sensordaten ausgelegt. Bilddaten oder andere gro\u00dfen Datenmengen lassen sich \u00fcber SimNet nicht \u00fcbertragen.<\/li>\n<\/ul>\n<p>Insgesamt bietet SimNet eine \u00e4hnliche Performance wie NMEA2000. Durch propriet\u00e4re Erweiterungen des Protokolls werden hauseigene Produkte von Simrad besser in SimNet integriert als das mit NMEA2000 m\u00f6glich w\u00e4re. SimNet hat sich in vielen Booten bew\u00e4hrt und gilt als ein zuverl\u00e4ssiges Bussystem, das allerdings auch seinen Preis hat.<\/p>\n<h3>Open Source<\/h3>\n<p>F\u00fcr SimNet gibt es keine eigene Open Source Implementierung, die die Besonderheiten von SimNet unterst\u00fctzt. Vielmehr kann mit der <a href=\"https:\/\/github.com\/ttlappalainen\/NMEA2000\" target=\"_blank\" rel=\"noopener\">Open Source Implementierung zu NMEA2000<\/a> von Timo Lappalainen ein Teil von SimNet genutzt werden, sofern er mit NMEA2000 kompatibel ist.<\/p>\n","protected":false},"excerpt":{"rendered":"<p>Abb.: SimNet Verbindungstechnik SimNet ist ein Bussystem f\u00fcr Boote von Simrad, das auf dem CAN-Bus basiert und eine eingeschr\u00e4nkte Kompatibilit\u00e4t zu NMEA2000 besitzt, vergleichbar zu SeaTalk NG von Raymarine. Auch Simrad setzt mit SimNet auf propriet\u00e4re Anschlusstechnik, die nur mit Simrad-Produkten kompatibel ist. Physisch werden 5-polige Steckverbinder benutzt wie bei NMEA2000, jedoch in einem anderen&hellip; <a href=\"https:\/\/open-boat-projects.org\/de\/simnet\/\" class=\"more-link\">Weiterlesen <span class=\"screen-reader-text\">SimNet von Simrad<\/span><\/a><\/p>\n","protected":false},"author":2,"featured_media":0,"parent":0,"menu_order":0,"comment_status":"closed","ping_status":"closed","template":"","meta":{"footnotes":""},"categories":[41,40,39,37],"tags":[],"class_list":["post-4512","page","type-page","status-publish","hentry","category-opendata","category-openhardware","category-opensource","category-projects"],"_links":{"self":[{"href":"https:\/\/open-boat-projects.org\/de\/wp-json\/wp\/v2\/pages\/4512","targetHints":{"allow":["GET"]}}],"collection":[{"href":"https:\/\/open-boat-projects.org\/de\/wp-json\/wp\/v2\/pages"}],"about":[{"href":"https:\/\/open-boat-projects.org\/de\/wp-json\/wp\/v2\/types\/page"}],"author":[{"embeddable":true,"href":"https:\/\/open-boat-projects.org\/de\/wp-json\/wp\/v2\/users\/2"}],"replies":[{"embeddable":true,"href":"https:\/\/open-boat-projects.org\/de\/wp-json\/wp\/v2\/comments?post=4512"}],"version-history":[{"count":2,"href":"https:\/\/open-boat-projects.org\/de\/wp-json\/wp\/v2\/pages\/4512\/revisions"}],"predecessor-version":[{"id":4536,"href":"https:\/\/open-boat-projects.org\/de\/wp-json\/wp\/v2\/pages\/4512\/revisions\/4536"}],"wp:attachment":[{"href":"https:\/\/open-boat-projects.org\/de\/wp-json\/wp\/v2\/media?parent=4512"}],"wp:term":[{"taxonomy":"category","embeddable":true,"href":"https:\/\/open-boat-projects.org\/de\/wp-json\/wp\/v2\/categories?post=4512"},{"taxonomy":"post_tag","embeddable":true,"href":"https:\/\/open-boat-projects.org\/de\/wp-json\/wp\/v2\/tags?post=4512"}],"curies":[{"name":"wp","href":"https:\/\/api.w.org\/{rel}","templated":true}]}}