{"id":4510,"date":"2023-03-01T13:14:00","date_gmt":"2023-03-01T13:14:00","guid":{"rendered":"https:\/\/open-boat-projects.org\/?page_id=4510"},"modified":"2023-03-18T10:10:46","modified_gmt":"2023-03-18T10:10:46","slug":"micronet","status":"publish","type":"page","link":"https:\/\/open-boat-projects.org\/de\/micronet\/","title":{"rendered":"MicroNet von Raymarine"},"content":{"rendered":"<p><img loading=\"lazy\" decoding=\"async\" class=\"alignnone size-medium wp-image-4431\" src=\"https:\/\/open-boat-projects.org\/wp-content\/uploads\/2023\/02\/Micronet-300x181.png\" alt=\"\" width=\"300\" height=\"181\" srcset=\"https:\/\/open-boat-projects.org\/wp-content\/uploads\/2023\/02\/Micronet-300x181.png 300w, https:\/\/open-boat-projects.org\/wp-content\/uploads\/2023\/02\/Micronet-768x464.png 768w, https:\/\/open-boat-projects.org\/wp-content\/uploads\/2023\/02\/Micronet-18x12.png 18w, https:\/\/open-boat-projects.org\/wp-content\/uploads\/2023\/02\/Micronet.png 777w\" sizes=\"auto, (max-width: 300px) 100vw, 300px\" \/><\/p>\n<p>Abb.: Masttop-Transducer T120 (Raymarine)<\/p>\n<p>MicroNet ist ein drahtloses Daten\u00fcbertragungsverfahren f\u00fcr Sensordaten, das einige Sensoren und Anzeigeger\u00e4te von Raymarine unterst\u00fctzen, wie z.B. der Masttop-Transducer T120 f\u00fcr Winddaten und das Log + Echolot-System in Verbindung mit dem Anzeigeger\u00e4t Marine TackTick T100. Raymarine bietet auch eine Gateway unter der Bezeichnung Micro-Talk an, das Daten aus dem drahtlosen MicroNet in SeaTalk NG wandeln kann. Damit sind dieses Daten auch im SeaTalk NG Netzwerk nutzbar. MicroNet ist ein propriet\u00e4res Protokoll und wird nicht von anderen Herstellern unterst\u00fctzt au\u00dfer von Raymarine. Einige MicroNet Ger\u00e4te k\u00f6nnen mit einer Solarzelle betrieben werden wie der Masttop-Transducer T120 und das Anzeigeger\u00e4t Marine TackTick T100. Daher sind diese Systeme auch auf kleinen Regattabooten wie Jollen anzutreffen und prim\u00e4r daf\u00fcr konzipiert gewesen.<\/p>\n<h3>Open Source<\/h3>\n<p>Zum MicroNet Daten\u00fcbertragungsprotokoll ist nicht viel in der Dokumentation von Raymarine zu finden. Einige Leute von <a href=\"https:\/\/forums.ybw.com\/index.php?threads\/raymarines-micronet.539500\/\" target=\"_blank\" rel=\"noopener\">forums.ybw.com<\/a> haben das Protokoll durch Reverse Engineering analysiert und herausgefunden wie es funktioniert.<\/p>\n<ul>\n<li>Modulation 2-FSK<\/li>\n<li>Frequency 869.845MHz<\/li>\n<li>Deviation 32 kHz<\/li>\n<li>Bandwidth 250kHz<\/li>\n<li>DataRate 76800 bps<\/li>\n<li>SyncWord 0xb320 (Es ist nicht bekannt, ob der Wert standardisiert ist)<\/li>\n<\/ul>\n<p>Bei GitHub ist ein Projekt zu finden, das ein <a href=\"https:\/\/github.com\/Rodemfr\/MicronetToNMEA\" target=\"_blank\" rel=\"noopener\">MicroNet2NMEA-Gateway<\/a> beschreibt mit dem Daten aus dem MicroNet nach NMEA0183 konvertiert werden k\u00f6nnen. Damit lassen sich die beiden Sensoren Windsensor und Log\/Speed an standardisierte Bordnetze wie NMEA0183 anbinden. Mit zus\u00e4tzlichen NMEA2000-Gateways k\u00f6nnen die Daten aus dem MicroNet auch in NMEA2000-Netze eingebunden werden.<\/p>\n","protected":false},"excerpt":{"rendered":"<p>Abb.: Masttop-Transducer T120 (Raymarine) MicroNet ist ein drahtloses Daten\u00fcbertragungsverfahren f\u00fcr Sensordaten, das einige Sensoren und Anzeigeger\u00e4te von Raymarine unterst\u00fctzen, wie z.B. der Masttop-Transducer T120 f\u00fcr Winddaten und das Log + Echolot-System in Verbindung mit dem Anzeigeger\u00e4t Marine TackTick T100. Raymarine bietet auch eine Gateway unter der Bezeichnung Micro-Talk an, das Daten aus dem drahtlosen MicroNet&hellip; <a href=\"https:\/\/open-boat-projects.org\/de\/micronet\/\" class=\"more-link\">Weiterlesen <span class=\"screen-reader-text\">MicroNet von Raymarine<\/span><\/a><\/p>\n","protected":false},"author":2,"featured_media":0,"parent":0,"menu_order":0,"comment_status":"closed","ping_status":"closed","template":"","meta":{"footnotes":""},"categories":[41,40,39,37],"tags":[],"class_list":["post-4510","page","type-page","status-publish","hentry","category-opendata","category-openhardware","category-opensource","category-projects"],"_links":{"self":[{"href":"https:\/\/open-boat-projects.org\/de\/wp-json\/wp\/v2\/pages\/4510","targetHints":{"allow":["GET"]}}],"collection":[{"href":"https:\/\/open-boat-projects.org\/de\/wp-json\/wp\/v2\/pages"}],"about":[{"href":"https:\/\/open-boat-projects.org\/de\/wp-json\/wp\/v2\/types\/page"}],"author":[{"embeddable":true,"href":"https:\/\/open-boat-projects.org\/de\/wp-json\/wp\/v2\/users\/2"}],"replies":[{"embeddable":true,"href":"https:\/\/open-boat-projects.org\/de\/wp-json\/wp\/v2\/comments?post=4510"}],"version-history":[{"count":4,"href":"https:\/\/open-boat-projects.org\/de\/wp-json\/wp\/v2\/pages\/4510\/revisions"}],"predecessor-version":[{"id":4716,"href":"https:\/\/open-boat-projects.org\/de\/wp-json\/wp\/v2\/pages\/4510\/revisions\/4716"}],"wp:attachment":[{"href":"https:\/\/open-boat-projects.org\/de\/wp-json\/wp\/v2\/media?parent=4510"}],"wp:term":[{"taxonomy":"category","embeddable":true,"href":"https:\/\/open-boat-projects.org\/de\/wp-json\/wp\/v2\/categories?post=4510"},{"taxonomy":"post_tag","embeddable":true,"href":"https:\/\/open-boat-projects.org\/de\/wp-json\/wp\/v2\/tags?post=4510"}],"curies":[{"name":"wp","href":"https:\/\/api.w.org\/{rel}","templated":true}]}}