{"id":4508,"date":"2023-03-01T13:13:20","date_gmt":"2023-03-01T13:13:20","guid":{"rendered":"https:\/\/open-boat-projects.org\/?page_id=4508"},"modified":"2023-03-01T13:34:11","modified_gmt":"2023-03-01T13:34:11","slug":"raynet","status":"publish","type":"page","link":"https:\/\/open-boat-projects.org\/de\/raynet\/","title":{"rendered":"RayNet von Raymarine"},"content":{"rendered":"<div class=\"flex flex-grow flex-col gap-3\">\n<div class=\"min-h-[20px] flex flex-col items-start gap-4 whitespace-pre-wrap\">\n<div class=\"markdown prose w-full break-words dark:prose-invert light\">\n<p>RayNet ist ein Ethernet-Protokoll und ein Steckverbinder-Standard, der von Raymarine entwickelt wurde, um Systeme mit hoher Datenmenge zu verbinden. Dazu z\u00e4hlen Systeme wie Plotter, Kameras, Radarger\u00e4te, Controler f\u00fcr Autopiloten und einige weitere Systeme. Raynet verwendet eine Ethernet-Verbindung mit einer \u00dcbertragungsrate von 10\/100\/1000 Mbit\/s, was eine schnelle \u00dcbertragung von Daten und eine hochaufl\u00f6sende Video\u00fcbertragung in Echtzeit erm\u00f6glicht. Raymarine verwendet proprit\u00e4re Steckverbinder f\u00fcr RayNet, die robust und wasserdicht sind, um den harten Bedingungen auf See standzuhalten. Raymarine bietet eine breite Palette von Ger\u00e4ten an, die mit dem Raynet-Protokoll und Steckverbindern kompatibel sind, darunter Multifunktions-Displays, Radar- und Sonarsysteme, Autopiloten, Wetterstationen und mehr. Obwohl Ethernet als Verbindungsprotokoll in RayNet benutzt wird, sind die Dateninhalte proprit\u00e4r und folgen nicht etablierten Standards wie OneNet. Ein Datenaustausch \u00fcber RayNet mit Ger\u00e4ten anderer Hersteller ist nicht m\u00f6glich. Ebenso kann RayNet keine NMEA2000 Daten \u00fcbertragen und ist dazu\u00a0 nicht kompatibel. Raymarine bietet Kabeladapter mit RJ45 Steckverbindern an wie sie in der Computertechnik verwendet werden, mit denen man herk\u00f6mmliche Netzwerk-Komponenten wie Netzwerkkabel, Router und Switche nutzen kann. Dar\u00fcber hinaus k\u00f6nnen die Daten auch \u00fcber WiFi-Netzwerke ausgetauscht werden.<\/p>\n<p>Insgesamt bietet Raynet eine leistungsstarke und flexible Netzwerkl\u00f6sung f\u00fcr Marineelektroniksysteme, die einfach zu installieren ist. Nachteilig wirkt sich das geschlossen Konzept aus, das nur mit Komponenten von Raymarine nutzbar ist. Auf der Verbindungsebene lassen ich aber kosteng\u00fcnstige Netzwerkkomponenten aus dem Computer-Handel nutzen, die aber nicht allen Anforderungen im Marinebereich gerecht werden.<\/p>\n<p><strong>Open Source<\/strong><\/p>\n<p>Aktuell gibt es keine Open Source Implementierungen zu RayNet. Vielmehr existiert eine eigene Implementierung als Gegenvorschlag zu etablierten Bussystemen und Netzen in Form von SignalK.<\/p>\n<\/div>\n<\/div>\n<\/div>\n","protected":false},"excerpt":{"rendered":"<p>RayNet ist ein Ethernet-Protokoll und ein Steckverbinder-Standard, der von Raymarine entwickelt wurde, um Systeme mit hoher Datenmenge zu verbinden. Dazu z\u00e4hlen Systeme wie Plotter, Kameras, Radarger\u00e4te, Controler f\u00fcr Autopiloten und einige weitere Systeme. Raynet verwendet eine Ethernet-Verbindung mit einer \u00dcbertragungsrate von 10\/100\/1000 Mbit\/s, was eine schnelle \u00dcbertragung von Daten und eine hochaufl\u00f6sende Video\u00fcbertragung in Echtzeit&hellip; <a href=\"https:\/\/open-boat-projects.org\/de\/raynet\/\" class=\"more-link\">Weiterlesen <span class=\"screen-reader-text\">RayNet von Raymarine<\/span><\/a><\/p>\n","protected":false},"author":2,"featured_media":0,"parent":0,"menu_order":0,"comment_status":"closed","ping_status":"closed","template":"","meta":{"footnotes":""},"categories":[41,40,39,37],"tags":[],"class_list":["post-4508","page","type-page","status-publish","hentry","category-opendata","category-openhardware","category-opensource","category-projects"],"_links":{"self":[{"href":"https:\/\/open-boat-projects.org\/de\/wp-json\/wp\/v2\/pages\/4508","targetHints":{"allow":["GET"]}}],"collection":[{"href":"https:\/\/open-boat-projects.org\/de\/wp-json\/wp\/v2\/pages"}],"about":[{"href":"https:\/\/open-boat-projects.org\/de\/wp-json\/wp\/v2\/types\/page"}],"author":[{"embeddable":true,"href":"https:\/\/open-boat-projects.org\/de\/wp-json\/wp\/v2\/users\/2"}],"replies":[{"embeddable":true,"href":"https:\/\/open-boat-projects.org\/de\/wp-json\/wp\/v2\/comments?post=4508"}],"version-history":[{"count":2,"href":"https:\/\/open-boat-projects.org\/de\/wp-json\/wp\/v2\/pages\/4508\/revisions"}],"predecessor-version":[{"id":4534,"href":"https:\/\/open-boat-projects.org\/de\/wp-json\/wp\/v2\/pages\/4508\/revisions\/4534"}],"wp:attachment":[{"href":"https:\/\/open-boat-projects.org\/de\/wp-json\/wp\/v2\/media?parent=4508"}],"wp:term":[{"taxonomy":"category","embeddable":true,"href":"https:\/\/open-boat-projects.org\/de\/wp-json\/wp\/v2\/categories?post=4508"},{"taxonomy":"post_tag","embeddable":true,"href":"https:\/\/open-boat-projects.org\/de\/wp-json\/wp\/v2\/tags?post=4508"}],"curies":[{"name":"wp","href":"https:\/\/api.w.org\/{rel}","templated":true}]}}