{"id":4502,"date":"2023-03-01T13:10:42","date_gmt":"2023-03-01T13:10:42","guid":{"rendered":"https:\/\/open-boat-projects.org\/?page_id=4502"},"modified":"2023-03-01T13:33:09","modified_gmt":"2023-03-01T13:33:09","slug":"onenet","status":"publish","type":"page","link":"https:\/\/open-boat-projects.org\/de\/onenet\/","title":{"rendered":"OneNet"},"content":{"rendered":"<p><img loading=\"lazy\" decoding=\"async\" class=\"alignnone size-medium wp-image-4430\" src=\"https:\/\/open-boat-projects.org\/wp-content\/uploads\/2023\/02\/NMEA_OneNet-300x94.png\" alt=\"\" width=\"300\" height=\"94\" srcset=\"https:\/\/open-boat-projects.org\/wp-content\/uploads\/2023\/02\/NMEA_OneNet-300x94.png 300w, https:\/\/open-boat-projects.org\/wp-content\/uploads\/2023\/02\/NMEA_OneNet-18x6.png 18w, https:\/\/open-boat-projects.org\/wp-content\/uploads\/2023\/02\/NMEA_OneNet.png 382w\" sizes=\"auto, (max-width: 300px) 100vw, 300px\" \/><\/p>\n<div class=\"flex flex-grow flex-col gap-3\">\n<div class=\"min-h-[20px] flex flex-col items-start gap-4 whitespace-pre-wrap\">\n<div class=\"markdown prose w-full break-words dark:prose-invert light\">\n<p>NMEA OneNet ist ein auf Ethernet basierendes \u00dcbertragungsverfahren. Mit NMEA OneNet, wie der Name schon sagt, wird der Versuch unternommen, verschiedenste \u00dcbertragungsverfahren wie NMEA0183 und NMEA2000 in einem Protokoll zu b\u00fcndeln und so die Kompatibilit\u00e4t zu alten \u00dcbertagungsverfahren zu wahren. Zus\u00e4tzlich werden neue Protokolle hinzugef\u00fcgt mit denen auch gro\u00dfe Datenmengen wie Bild- und Karten\u00fcbertragung m\u00f6glich sind.<\/p>\n<p>Ethernet ist ein sehr flexibles Netzwerkprotokoll, das sich f\u00fcr viele Anwendungen eignet und in der Computertechnik weltweit etabliert ist. Es bietet eine hohe \u00dcbertragungsgeschwindigkeit und ist sehr zuverl\u00e4ssig. Ethernet ist auch einfach zu installieren und zu verwalten, was es zu einer guten Wahl f\u00fcr viele Anwendungen macht, einschlie\u00dflich NMEA OneNet. \u00dcbliche g\u00fcnstige und erprobte Netzwerkkomponenten k\u00f6nnen f\u00fcr die Vernetzung in Booten verwendet werden. F\u00fcr den Einsatz werden diese Komponenten zus\u00e4tzlich vor Wasser mit geeigneten Geh\u00e4usen, Kabeln und Steckverbindern gesch\u00fctzt. Erreichbare Datenraten liegen im Bereich von 10 MBit&#8230;1 GBit. Der Einsatz von LWL-Technik kann die St\u00f6runempfindlichkeit in komplexen Systemen deutlich verbessern. Auch die drahtlose \u00dcbertragungstechnik wie WiFi ist m\u00f6glich und erschlie\u00dft neue Anwendungsbereiche. Durch die Verwendung von Ethernet kann NMEA OneNet eine schnelle und zuverl\u00e4ssige \u00dcbertragung von gro\u00dfen Datenmengen sicherstellen, was f\u00fcr zuk\u00fcnftige Anwendungen auf Schiffe und Boote von entscheidender Bedeutung ist. Die Verwendung von Ethernet erm\u00f6glicht es NMEA OneNet auch, eine gro\u00dfe Anzahl von Ger\u00e4ten anzuschlie\u00dfen, was die Funktionalit\u00e4t und Konnektivit\u00e4t des Netzwerks erh\u00f6ht. Mit g\u00e4ngigen \u00dcbertragungsprotokollen wie TCP\/IP oder UDP werden erprobte und zuverl\u00e4ssige Verfahren eingesetzt und vereinfachen die Datenverarbeitung, Auswertung und Darstellung von Informationen.<\/p>\n<p>Aktuell befindet sich NMEA One Net noch in der Spezifizierungsphase und ist noch nicht im breiten Einsatz oder in Consumer-Produkten angekommen.<\/p>\n<p><strong>Open Source<\/strong><\/p>\n<p>Aktuell gibt es keine Open Source Implementierungen zu NMEA OneNet. Vielmehr existiert eine eigene Implementierung als Gegenvorschlag zu etablierten Bussystemen und Netzen in Form von SignalK.<\/p>\n<p>&nbsp;<\/p>\n<\/div>\n<\/div>\n<\/div>\n<p>&nbsp;<\/p>\n","protected":false},"excerpt":{"rendered":"<p>NMEA OneNet ist ein auf Ethernet basierendes \u00dcbertragungsverfahren. Mit NMEA OneNet, wie der Name schon sagt, wird der Versuch unternommen, verschiedenste \u00dcbertragungsverfahren wie NMEA0183 und NMEA2000 in einem Protokoll zu b\u00fcndeln und so die Kompatibilit\u00e4t zu alten \u00dcbertagungsverfahren zu wahren. Zus\u00e4tzlich werden neue Protokolle hinzugef\u00fcgt mit denen auch gro\u00dfe Datenmengen wie Bild- und Karten\u00fcbertragung m\u00f6glich&hellip; <a href=\"https:\/\/open-boat-projects.org\/de\/onenet\/\" class=\"more-link\">Weiterlesen <span class=\"screen-reader-text\">OneNet<\/span><\/a><\/p>\n","protected":false},"author":2,"featured_media":0,"parent":0,"menu_order":0,"comment_status":"closed","ping_status":"closed","template":"","meta":{"footnotes":""},"categories":[41,40,39,37],"tags":[],"class_list":["post-4502","page","type-page","status-publish","hentry","category-opendata","category-openhardware","category-opensource","category-projects"],"_links":{"self":[{"href":"https:\/\/open-boat-projects.org\/de\/wp-json\/wp\/v2\/pages\/4502","targetHints":{"allow":["GET"]}}],"collection":[{"href":"https:\/\/open-boat-projects.org\/de\/wp-json\/wp\/v2\/pages"}],"about":[{"href":"https:\/\/open-boat-projects.org\/de\/wp-json\/wp\/v2\/types\/page"}],"author":[{"embeddable":true,"href":"https:\/\/open-boat-projects.org\/de\/wp-json\/wp\/v2\/users\/2"}],"replies":[{"embeddable":true,"href":"https:\/\/open-boat-projects.org\/de\/wp-json\/wp\/v2\/comments?post=4502"}],"version-history":[{"count":2,"href":"https:\/\/open-boat-projects.org\/de\/wp-json\/wp\/v2\/pages\/4502\/revisions"}],"predecessor-version":[{"id":4532,"href":"https:\/\/open-boat-projects.org\/de\/wp-json\/wp\/v2\/pages\/4502\/revisions\/4532"}],"wp:attachment":[{"href":"https:\/\/open-boat-projects.org\/de\/wp-json\/wp\/v2\/media?parent=4502"}],"wp:term":[{"taxonomy":"category","embeddable":true,"href":"https:\/\/open-boat-projects.org\/de\/wp-json\/wp\/v2\/categories?post=4502"},{"taxonomy":"post_tag","embeddable":true,"href":"https:\/\/open-boat-projects.org\/de\/wp-json\/wp\/v2\/tags?post=4502"}],"curies":[{"name":"wp","href":"https:\/\/api.w.org\/{rel}","templated":true}]}}