{"id":429,"date":"2019-11-19T18:00:33","date_gmt":"2019-11-19T18:00:33","guid":{"rendered":"https:\/\/open-boat-projects.org\/?page_id=429"},"modified":"2023-07-12T22:54:37","modified_gmt":"2023-07-12T22:54:37","slug":"lipofe4-akku-im-eingenimport-aus-china","status":"publish","type":"page","link":"https:\/\/open-boat-projects.org\/de\/lipofe4-akku-im-eingenimport-aus-china\/","title":{"rendered":"LiPoFe4 Batterien im Eigenimport aus China"},"content":{"rendered":"<p><img loading=\"lazy\" decoding=\"async\" class=\"alignnone wp-image-433 size-large\" src=\"https:\/\/open-boat-projects.org\/wp-content\/uploads\/2019\/12\/Batterie-seitenansicht-1024x768.jpg\" alt=\"\" width=\"952\" height=\"714\" srcset=\"https:\/\/open-boat-projects.org\/wp-content\/uploads\/2019\/12\/Batterie-seitenansicht-1024x768.jpg 1024w, https:\/\/open-boat-projects.org\/wp-content\/uploads\/2019\/12\/Batterie-seitenansicht-300x225.jpg 300w, https:\/\/open-boat-projects.org\/wp-content\/uploads\/2019\/12\/Batterie-seitenansicht-768x576.jpg 768w, https:\/\/open-boat-projects.org\/wp-content\/uploads\/2019\/12\/Batterie-seitenansicht-1536x1152.jpg 1536w, https:\/\/open-boat-projects.org\/wp-content\/uploads\/2019\/12\/Batterie-seitenansicht-2048x1536.jpg 2048w\" sizes=\"auto, (max-width: 952px) 100vw, 952px\" \/><\/p>\n<p><a href=\"https:\/\/www.segeln-forum.de\/thread\/74158-lifepo4-batterien-im-eigenimport\/\">https:\/\/www.segeln-forum.de\/thread\/74158-lifepo4-batterien-im-eigenimport\/<\/a><\/p>\n<p><a href=\"https:\/\/www.xdbattery.com\/\">Link zum Hersteller<\/a><\/p>\n<p><a href=\"https:\/\/www.xdbattery.com\/12V-100AH-Lifepo4-Lithium-UPS-Battery-Pack-Deep-Cycle-305.html\">Link zum Produkt<\/a><\/p>\n<p><a href=\"https:\/\/open-boat-projects.org\/wp-content\/uploads\/2019\/12\/BMS-data-sheet-klein.pdf\">Datenblatt BMS<\/a><\/p>\n<p><a href=\"https:\/\/open-boat-projects.org\/wp-content\/uploads\/2020\/06\/Lifepo4-Battery-Instruction.pdf\">Lifepo4 Battery Instruction<\/a><\/p>\n<p><a href=\"https:\/\/marinehowto.com\/lifepo4-batteries-on-boats\/\">Wissenswertes (engl.) <\/a><a href=\"https:\/\/translate.google.de\/translate?sl=auto&amp;tl=de&amp;u=https%3A%2F%2Fmarinehowto.com%2Flifepo4-batteries-on-boats%2F\">(deut. \u00dcbersetzung)<\/a><\/p>\n<ul>\n<li>G\u00fcnstige LiFePo4 Batterien im Eigenimport aus China<\/li>\n<li>Namenhafter chinesischer Hersteller Bejing XD Batteries mit Erfahrung im Akkubau seit 2006<\/li>\n<li>60% Ersparnis gegen\u00fcber Podukten aus dem deutschen Einzelhandel<\/li>\n<li>CE, UL, ISO9001, RohS Zertifizierung<\/li>\n<li>5 Jahre Garantie vom chinesischen Hersteller<\/li>\n<li>Standardm\u00e4\u00dfig ist bei 12V ein wasserdichter BMS mit 100A verbaut, Spitzenbelastung 300A (+50A \/ 3sek),<br \/>\nBei 24V und 48V Standard BMS 150A (Spitze 450A)<\/li>\n<li>h\u00f6here Leistungsabgaben m\u00f6glich<\/li>\n<li>Es k\u00f6nnen bis zu 4 Batterien parallel geschaltet und geladen werden<\/li>\n<li>Reihenschaltung ist nicht m\u00f6glich (dann entsprechenden Batterietyp mit h\u00f6herer Spannung verwenden)<\/li>\n<li>Bestehend aus prismatischen Zellen chinesischer Hersteller<\/li>\n<li>Geschlossenes, wasserdichtes Geh\u00e4use<\/li>\n<li>Batterien mit Flachpolen (aufschraubbare Rundpole bestellbar)<\/li>\n<li>Konfiguration der Batterien variabel auslegbar\n<ul>\n<li><strong>12V 100Ah: 326 X 170 X 220 14kg<\/strong><\/li>\n<li><strong>12V 200Ah: 521 X 238 X 218 22kg<\/strong><\/li>\n<li><strong>24V 100Ah: 528 X 238 X 218 23kg<\/strong><\/li>\n<li><strong>24V 200Ah: 483 X 430 X 227 45kg<\/strong><\/li>\n<li><strong>48V 100Ah: 483 X 225 X 383 46kg<\/strong><\/li>\n<li><strong>48V 200Ah: 450 X 320 X 250 90kg<\/strong><\/li>\n<\/ul>\n<\/li>\n<li>Es gab bei einigen Akkus Qualit\u00e4tsprobleme bez\u00fcglich:\n<ul>\n<li>Falsche Einbaulage der Zellen<\/li>\n<li>Fixierung der Ladeelektronik mit Klebeband<\/li>\n<li>Verschenkter Bauraum durch zu gro\u00dfe Geh\u00e4use mit Schaumstoff-Ausf\u00fcllung<\/li>\n<li>Verl\u00f6tete Starkstromkabel anstatt Verbindungen mit Pressh\u00fclsen<\/li>\n<li>Lose Pressh\u00fclsen an Starkstromkabeln<\/li>\n<li>Ungleichm\u00e4\u00dfiger Zellenladestand bei Auslieferung<\/li>\n<li>Fehlerhafte Anzeige der Akku-Kapazit\u00e4t in der App<\/li>\n<li>Verkauf benutzer Akkus mit 1000 Ladezyklen laut App<\/li>\n<\/ul>\n<\/li>\n<li>Auch mit Bluetooth erh\u00e4ltlich zur Anzeige von Spannung, Strom und Kapazit\u00e4t \u00fcber eine iPhone oder Android App (Liontron LX Smart BMS)\n<ul>\n<li>Die Android App ist aber sehr rudiment\u00e4r und kann nicht mehr als im Bild gezeigt<\/li>\n<li>Bei der iPhone App ist schon wesentlich mehr m\u00f6glich<\/li>\n<\/ul>\n<\/li>\n<\/ul>\n<p><img loading=\"lazy\" decoding=\"async\" class=\"alignnone wp-image-684\" src=\"https:\/\/open-boat-projects.org\/wp-content\/uploads\/2020\/01\/Liontron_LX_Smart_BMS-169x300.jpg\" alt=\"\" width=\"225\" height=\"400\" srcset=\"https:\/\/open-boat-projects.org\/wp-content\/uploads\/2020\/01\/Liontron_LX_Smart_BMS-169x300.jpg 169w, https:\/\/open-boat-projects.org\/wp-content\/uploads\/2020\/01\/Liontron_LX_Smart_BMS-576x1024.jpg 576w, https:\/\/open-boat-projects.org\/wp-content\/uploads\/2020\/01\/Liontron_LX_Smart_BMS.jpg 591w\" sizes=\"auto, (max-width: 225px) 100vw, 225px\" \/> \u00a0 <img loading=\"lazy\" decoding=\"async\" class=\"alignnone wp-image-971\" src=\"https:\/\/open-boat-projects.org\/wp-content\/uploads\/2020\/06\/Xiaoxiang_Android_App_2-138x300.jpg\" alt=\"\" width=\"185\" height=\"400\" srcset=\"https:\/\/open-boat-projects.org\/wp-content\/uploads\/2020\/06\/Xiaoxiang_Android_App_2-473x1024.jpg 473w, https:\/\/open-boat-projects.org\/wp-content\/uploads\/2020\/06\/Xiaoxiang_Android_App_2-768x1664.jpg 768w, https:\/\/open-boat-projects.org\/wp-content\/uploads\/2020\/06\/Xiaoxiang_Android_App_2-709x1536.jpg 709w, https:\/\/open-boat-projects.org\/wp-content\/uploads\/2020\/06\/Xiaoxiang_Android_App_2-945x2048.jpg 945w, https:\/\/open-boat-projects.org\/wp-content\/uploads\/2020\/06\/Xiaoxiang_Android_App_2.jpg 1080w\" sizes=\"auto, (max-width: 185px) 100vw, 185px\" \/><\/p>\n<p>Android App von Liontron<\/p>\n<p><img loading=\"lazy\" decoding=\"async\" class=\"alignnone wp-image-966\" src=\"https:\/\/open-boat-projects.org\/wp-content\/uploads\/2020\/06\/IPhone_App_1-139x300.png\" alt=\"\" width=\"185\" height=\"400\" srcset=\"https:\/\/open-boat-projects.org\/wp-content\/uploads\/2020\/06\/IPhone_App_1-139x300.png 139w, https:\/\/open-boat-projects.org\/wp-content\/uploads\/2020\/06\/IPhone_App_1-473x1024.png 473w, https:\/\/open-boat-projects.org\/wp-content\/uploads\/2020\/06\/IPhone_App_1-709x1536.png 709w, https:\/\/open-boat-projects.org\/wp-content\/uploads\/2020\/06\/IPhone_App_1.png 750w\" sizes=\"auto, (max-width: 185px) 100vw, 185px\" \/>\u00a0 <img loading=\"lazy\" decoding=\"async\" class=\"alignnone wp-image-967\" src=\"https:\/\/open-boat-projects.org\/wp-content\/uploads\/2020\/06\/IPhone_App_2-139x300.png\" alt=\"\" width=\"185\" height=\"400\" srcset=\"https:\/\/open-boat-projects.org\/wp-content\/uploads\/2020\/06\/IPhone_App_2-139x300.png 139w, https:\/\/open-boat-projects.org\/wp-content\/uploads\/2020\/06\/IPhone_App_2-473x1024.png 473w, https:\/\/open-boat-projects.org\/wp-content\/uploads\/2020\/06\/IPhone_App_2-709x1536.png 709w, https:\/\/open-boat-projects.org\/wp-content\/uploads\/2020\/06\/IPhone_App_2.png 750w\" sizes=\"auto, (max-width: 185px) 100vw, 185px\" \/><\/p>\n<p>iPhone App<\/p>\n<p>Bilder vom Inneren des Akkus. Wie zu sehen ist, wird im Batteriegeh\u00e4use nur ein geringerer Teil des Volumens genutzt und der Rest mit F\u00fcllmaterial ausgef\u00fcllt.<\/p>\n<p><img loading=\"lazy\" decoding=\"async\" class=\"alignnone wp-image-972 size-large\" src=\"https:\/\/open-boat-projects.org\/wp-content\/uploads\/2020\/06\/LiFePo4_1-1024x768.jpeg\" alt=\"\" width=\"952\" height=\"714\" srcset=\"https:\/\/open-boat-projects.org\/wp-content\/uploads\/2020\/06\/LiFePo4_1-1024x768.jpeg 1024w, https:\/\/open-boat-projects.org\/wp-content\/uploads\/2020\/06\/LiFePo4_1-300x225.jpeg 300w, https:\/\/open-boat-projects.org\/wp-content\/uploads\/2020\/06\/LiFePo4_1-768x576.jpeg 768w, https:\/\/open-boat-projects.org\/wp-content\/uploads\/2020\/06\/LiFePo4_1-1536x1152.jpeg 1536w, https:\/\/open-boat-projects.org\/wp-content\/uploads\/2020\/06\/LiFePo4_1-2048x1536.jpeg 2048w\" sizes=\"auto, (max-width: 952px) 100vw, 952px\" \/><\/p>\n<p>Ge\u00f6ffnetes Geh\u00e4use (oben Platine mit BMS und abgesetztes Bluethooth-Modul)<\/p>\n<p><img loading=\"lazy\" decoding=\"async\" class=\"alignnone wp-image-973 size-large\" src=\"https:\/\/open-boat-projects.org\/wp-content\/uploads\/2020\/06\/LiFePo4_6_2-1024x768.jpeg\" alt=\"\" width=\"952\" height=\"714\" srcset=\"https:\/\/open-boat-projects.org\/wp-content\/uploads\/2020\/06\/LiFePo4_6_2-1024x768.jpeg 1024w, https:\/\/open-boat-projects.org\/wp-content\/uploads\/2020\/06\/LiFePo4_6_2-300x225.jpeg 300w, https:\/\/open-boat-projects.org\/wp-content\/uploads\/2020\/06\/LiFePo4_6_2-768x576.jpeg 768w, https:\/\/open-boat-projects.org\/wp-content\/uploads\/2020\/06\/LiFePo4_6_2-1536x1152.jpeg 1536w, https:\/\/open-boat-projects.org\/wp-content\/uploads\/2020\/06\/LiFePo4_6_2-rotated.jpeg 2048w\" sizes=\"auto, (max-width: 952px) 100vw, 952px\" \/><\/p>\n<p>Batterieblock<\/p>\n","protected":false},"excerpt":{"rendered":"<p>https:\/\/www.segeln-forum.de\/thread\/74158-lifepo4-batterien-im-eigenimport\/ Link zum Hersteller Link zum Produkt Datenblatt BMS Lifepo4 Battery Instruction Wissenswertes (engl.) (deut. \u00dcbersetzung) G\u00fcnstige LiFePo4 Batterien im Eigenimport aus China Namenhafter chinesischer Hersteller Bejing XD Batteries mit Erfahrung im Akkubau seit 2006 60% Ersparnis gegen\u00fcber Podukten aus dem deutschen Einzelhandel CE, UL, ISO9001, RohS Zertifizierung 5 Jahre Garantie vom chinesischen Hersteller Standardm\u00e4\u00dfig&hellip; <a href=\"https:\/\/open-boat-projects.org\/de\/lipofe4-akku-im-eingenimport-aus-china\/\" class=\"more-link\">Weiterlesen <span class=\"screen-reader-text\">LiPoFe4 Batterien im Eigenimport aus China<\/span><\/a><\/p>\n","protected":false},"author":2,"featured_media":0,"parent":0,"menu_order":0,"comment_status":"closed","ping_status":"closed","template":"","meta":{"footnotes":""},"categories":[40,37],"tags":[],"class_list":["post-429","page","type-page","status-publish","hentry","category-openhardware","category-projects"],"_links":{"self":[{"href":"https:\/\/open-boat-projects.org\/de\/wp-json\/wp\/v2\/pages\/429","targetHints":{"allow":["GET"]}}],"collection":[{"href":"https:\/\/open-boat-projects.org\/de\/wp-json\/wp\/v2\/pages"}],"about":[{"href":"https:\/\/open-boat-projects.org\/de\/wp-json\/wp\/v2\/types\/page"}],"author":[{"embeddable":true,"href":"https:\/\/open-boat-projects.org\/de\/wp-json\/wp\/v2\/users\/2"}],"replies":[{"embeddable":true,"href":"https:\/\/open-boat-projects.org\/de\/wp-json\/wp\/v2\/comments?post=429"}],"version-history":[{"count":22,"href":"https:\/\/open-boat-projects.org\/de\/wp-json\/wp\/v2\/pages\/429\/revisions"}],"predecessor-version":[{"id":5045,"href":"https:\/\/open-boat-projects.org\/de\/wp-json\/wp\/v2\/pages\/429\/revisions\/5045"}],"wp:attachment":[{"href":"https:\/\/open-boat-projects.org\/de\/wp-json\/wp\/v2\/media?parent=429"}],"wp:term":[{"taxonomy":"category","embeddable":true,"href":"https:\/\/open-boat-projects.org\/de\/wp-json\/wp\/v2\/categories?post=429"},{"taxonomy":"post_tag","embeddable":true,"href":"https:\/\/open-boat-projects.org\/de\/wp-json\/wp\/v2\/tags?post=429"}],"curies":[{"name":"wp","href":"https:\/\/api.w.org\/{rel}","templated":true}]}}