{"id":4059,"date":"2023-01-18T19:35:00","date_gmt":"2023-01-18T19:35:00","guid":{"rendered":"https:\/\/open-boat-projects.org\/?page_id=4059"},"modified":"2023-03-05T11:23:23","modified_gmt":"2023-03-05T11:23:23","slug":"navigation-mit-nokia-streaming-box-8000","status":"publish","type":"page","link":"https:\/\/open-boat-projects.org\/de\/navigation-mit-nokia-streaming-box-8000\/","title":{"rendered":"Navigation mit Nokia Streaming Box 8000"},"content":{"rendered":"<p><img loading=\"lazy\" decoding=\"async\" class=\"alignnone wp-image-4121\" src=\"https:\/\/open-boat-projects.org\/wp-content\/uploads\/2023\/01\/Nokia_Streaming_Box_8000_1-300x160.png\" alt=\"\" width=\"400\" height=\"213\" srcset=\"https:\/\/open-boat-projects.org\/wp-content\/uploads\/2023\/01\/Nokia_Streaming_Box_8000_1-300x160.png 300w, https:\/\/open-boat-projects.org\/wp-content\/uploads\/2023\/01\/Nokia_Streaming_Box_8000_1-18x10.png 18w, https:\/\/open-boat-projects.org\/wp-content\/uploads\/2023\/01\/Nokia_Streaming_Box_8000_1.png 727w\" sizes=\"auto, (max-width: 400px) 100vw, 400px\" \/><\/p>\n<p>Nokia Streaming Box 8000 (Nokia)<\/p>\n<p>Auf der Suche nach einem Raspi-Ersatz f\u00fcr ein Navigationssystem f\u00fcr AvNav bin ich auf die <a href=\"https:\/\/www.mynokia.com\/de_de\/streaming-gerate\/nokia-streaming-box-8000\/\" target=\"_blank\" rel=\"noopener\">Nokia Streaming Box 8000<\/a> gesto\u00dfen. Die Box hat \u00e4hnliche <a href=\"https:\/\/www.nokia.com\/phones\/de_de\/nokia-streaming-box-8000\/specs\">Leistungsdaten<\/a> wie ein Rasperry Pi 4B:<\/p>\n<ul>\n<li>CPU: <a href=\"https:\/\/www.amlogic.com\/Product\/Stencil.html#Products\/395\/index.html\" target=\"_blank\" rel=\"noopener\">Amlogic S905X3<\/a> bis 1,5 GHz, Quad Core f\u00fcr ARM Cortex-A55<\/li>\n<li>GPU: Mali-G31 MP2<\/li>\n<li>RAM: 2GB<\/li>\n<li>Flash: 8GB (ca. 4GB f\u00fcr User nutzbar)<\/li>\n<li>WiFi: 2.4GHz\/5GHz<\/li>\n<li>LAN: RJ45 10M\/100M<\/li>\n<li>Bluetooth 4.2 (4+ real)<\/li>\n<li>HDMI Ausgang: HDMI2.0 zur Unterst\u00fctzung von 4K und 2K Displays<\/li>\n<li>USB-Anschluss: 1x USB 3.0, 1x USB-C (500mA)<\/li>\n<li>Netzteil: DC 12V\/1A<\/li>\n<li>OS Version: Android 10.0<\/li>\n<li>Google App-Store (eingeschr\u00e4nkt nutzbar)<\/li>\n<li>BT-Fernbedienung mit Micro und beleuchteten Tasten<\/li>\n<\/ul>\n<p><a href=\"https:\/\/open-boat-projects.org\/wp-content\/uploads\/2023\/01\/Nokia_Streaming_Box_8000_3.jpg\"><img loading=\"lazy\" decoding=\"async\" class=\"alignnone wp-image-4124\" src=\"https:\/\/open-boat-projects.org\/wp-content\/uploads\/2023\/01\/Nokia_Streaming_Box_8000_3-300x158.jpg\" alt=\"\" width=\"500\" height=\"263\" srcset=\"https:\/\/open-boat-projects.org\/wp-content\/uploads\/2023\/01\/Nokia_Streaming_Box_8000_3-300x158.jpg 300w, https:\/\/open-boat-projects.org\/wp-content\/uploads\/2023\/01\/Nokia_Streaming_Box_8000_3-1024x538.jpg 1024w, https:\/\/open-boat-projects.org\/wp-content\/uploads\/2023\/01\/Nokia_Streaming_Box_8000_3-768x403.jpg 768w, https:\/\/open-boat-projects.org\/wp-content\/uploads\/2023\/01\/Nokia_Streaming_Box_8000_3-18x9.jpg 18w, https:\/\/open-boat-projects.org\/wp-content\/uploads\/2023\/01\/Nokia_Streaming_Box_8000_3.jpg 1500w\" sizes=\"auto, (max-width: 500px) 100vw, 500px\" \/><\/a><\/p>\n<p>Abb.: Anschl\u00fcsse (Nokia)<\/p>\n<p><img loading=\"lazy\" decoding=\"async\" class=\"alignnone size-medium wp-image-4120\" src=\"https:\/\/open-boat-projects.org\/wp-content\/uploads\/2023\/01\/Nokia_Streaming_Box_8000_2-300x292.png\" alt=\"\" width=\"300\" height=\"292\" srcset=\"https:\/\/open-boat-projects.org\/wp-content\/uploads\/2023\/01\/Nokia_Streaming_Box_8000_2-300x292.png 300w, https:\/\/open-boat-projects.org\/wp-content\/uploads\/2023\/01\/Nokia_Streaming_Box_8000_2-12x12.png 12w, https:\/\/open-boat-projects.org\/wp-content\/uploads\/2023\/01\/Nokia_Streaming_Box_8000_2.png 548w\" sizes=\"auto, (max-width: 300px) 100vw, 300px\" \/><\/p>\n<p>Abb.: Nokia Streaming Box 8000 mit Fernbedienung (Nokia)<\/p>\n<p>Die TV-Box ist prim\u00e4r zum Fernsehen gedacht und benutzt Android TV als Betriebssystem. Android TV ist an den Google PlayStore angebunden und es lassen sich auch einige artfremde Apps nachinstallieren, die nicht in die Sparte der Multimedia-Anwendungen geh\u00f6ren. Ein Gro\u00dfteil der Apps die f\u00fcr ein Handy gedacht sind, lassen sich aber nicht \u00fcber den eingebauten PlayStore\u00a0 der TV-Box installieren. \u00dcber den Umweg einer apk-Datei k\u00f6nnen aber auch beliebige Apps installiert werden. Dazu muss man einen Datei-Manager installieren und die Installation aus fremden Quellen zulassen. Mit Hilfe eines Memory-Sticks wird die apk-Datei in die TV-Box \u00fcbertragen und \u00fcber den Dateimanager die apk-Datei installiert. Der Quad Core ARM Cortex-A55 stellt ausreichend Rechenpower zur Verf\u00fcgung, um Navigations-Anwendungen fl\u00fcssig und ruckelfrei laufen zu lassen. \u00dcber die beiden USB-Anschl\u00fcsse k\u00f6nnen z.B. ein GPS-Empf\u00e4nger und ein RS422-Adapter f\u00fcr NMEA0183 angeschlossen werden. Wer NMEA2000 anbinden m\u00f6chte, kann das mit dem <a href=\"https:\/\/open-boat-projects.org\/de\/nmea2000-gateway-mit-m5stack-atom\/\">M5Stack Atom NMEA2000 Gateway<\/a> realisieren. Wer mehr USB-Ports ben\u00f6tigt, verwendet einen USB-Hub.<\/p>\n<p>Ein typisches Einsatz-Szenario f\u00fcr die Android TV-Box w\u00fcrde so aussehen:<\/p>\n<p><a href=\"https:\/\/open-boat-projects.org\/wp-content\/uploads\/2023\/01\/Windsensor_Yachta_Raspi_Handy_Laptop_M5StackAtom_NokiaTVBox.png\"><img loading=\"lazy\" decoding=\"async\" class=\"alignnone wp-image-4162\" src=\"https:\/\/open-boat-projects.org\/wp-content\/uploads\/2023\/01\/Windsensor_Yachta_Raspi_Handy_Laptop_M5StackAtom_NokiaTVBox-300x199.png\" alt=\"\" width=\"500\" height=\"332\" srcset=\"https:\/\/open-boat-projects.org\/wp-content\/uploads\/2023\/01\/Windsensor_Yachta_Raspi_Handy_Laptop_M5StackAtom_NokiaTVBox-300x199.png 300w, https:\/\/open-boat-projects.org\/wp-content\/uploads\/2023\/01\/Windsensor_Yachta_Raspi_Handy_Laptop_M5StackAtom_NokiaTVBox-768x510.png 768w, https:\/\/open-boat-projects.org\/wp-content\/uploads\/2023\/01\/Windsensor_Yachta_Raspi_Handy_Laptop_M5StackAtom_NokiaTVBox-18x12.png 18w, https:\/\/open-boat-projects.org\/wp-content\/uploads\/2023\/01\/Windsensor_Yachta_Raspi_Handy_Laptop_M5StackAtom_NokiaTVBox.png 844w\" sizes=\"auto, (max-width: 500px) 100vw, 500px\" \/><\/a><\/p>\n<p>Abb.: Einsatz-Szenario f\u00fcr die Android TV-Box<\/p>\n<p>Die TV-Box w\u00e4re in der N\u00e4he des Kartentisches installiert. Ein PC-Monitor mit Lautsprechern oder ein TV-Ger\u00e4t w\u00e4re \u00fcber HDMI mit der TV-Box verbunden. Die Apps w\u00fcrden am Monitor oder TV-Ger\u00e4t mit einer Maus und Tastatur bedient. Als Navigationsl\u00f6sungen lassen sich verschiedene Apps verwenden wie:<\/p>\n<ul>\n<li><a href=\"https:\/\/www.wellenvogel.net\/software\/avnav\/docs\/beschreibung.html\" target=\"_blank\" rel=\"noopener\">AvNav<\/a><\/li>\n<li><a href=\"https:\/\/www.opencpn.org\/\" target=\"_blank\" rel=\"noopener\">OpenCPN<\/a><\/li>\n<\/ul>\n<p><a href=\"https:\/\/www.navionics.com\" target=\"_blank\" rel=\"noopener\">Navionics<\/a> l\u00e4sst sich leider nicht installieren, da es daf\u00fcr keine offiziellen apk-Quellen von Herstellerseite gibt.<\/p>\n<p>Die TV-Box ist \u00fcber WiFi mit dem Internet-Router im Boot verbunden und kann so Daten mit anderen Ger\u00e4ten im Netzwerk austauschen. Wer einen Kabelverbindung vorzieht, kann auch eine Vernetzung mit Netzwerkkabel durchf\u00fchren. Bei Verwendung von AvNav kann die Navigationsl\u00f6sung im Remote-Modus auch auf ein im WiFi-Netzwerk befindliches Tablett gespiegelt und bedient werden. So kann man gleichzeitig am Steuerstand ein Tablett benutzen und unter Deck am gro\u00dfen Monitor arbeiten. Mit der Installation beliebiger Android Apps l\u00e4sst sich das System individuell erweitern und erfordert kein Spezialwissen. \u00dcber USB lassen sich sowohl NMEA0183 als auch NMEA2000 einbinden.<\/p>\n<p><img loading=\"lazy\" decoding=\"async\" class=\"alignnone size-medium wp-image-4172\" src=\"https:\/\/open-boat-projects.org\/wp-content\/uploads\/2023\/01\/IMG_20230111_222105399_HDR_kl-300x169.png\" alt=\"\" width=\"300\" height=\"169\" srcset=\"https:\/\/open-boat-projects.org\/wp-content\/uploads\/2023\/01\/IMG_20230111_222105399_HDR_kl-300x169.png 300w, https:\/\/open-boat-projects.org\/wp-content\/uploads\/2023\/01\/IMG_20230111_222105399_HDR_kl-768x432.png 768w, https:\/\/open-boat-projects.org\/wp-content\/uploads\/2023\/01\/IMG_20230111_222105399_HDR_kl-18x10.png 18w, https:\/\/open-boat-projects.org\/wp-content\/uploads\/2023\/01\/IMG_20230111_222105399_HDR_kl.png 1024w\" sizes=\"auto, (max-width: 300px) 100vw, 300px\" \/><\/p>\n<p>Abb.: Original Nokia Launcher<\/p>\n<p><img loading=\"lazy\" decoding=\"async\" class=\"alignnone size-medium wp-image-4173\" src=\"https:\/\/open-boat-projects.org\/wp-content\/uploads\/2023\/01\/IMG_20230115_125242862_HDR_kl-300x169.png\" alt=\"\" width=\"300\" height=\"169\" srcset=\"https:\/\/open-boat-projects.org\/wp-content\/uploads\/2023\/01\/IMG_20230115_125242862_HDR_kl-300x169.png 300w, https:\/\/open-boat-projects.org\/wp-content\/uploads\/2023\/01\/IMG_20230115_125242862_HDR_kl-768x432.png 768w, https:\/\/open-boat-projects.org\/wp-content\/uploads\/2023\/01\/IMG_20230115_125242862_HDR_kl-18x10.png 18w, https:\/\/open-boat-projects.org\/wp-content\/uploads\/2023\/01\/IMG_20230115_125242862_HDR_kl.png 1024w\" sizes=\"auto, (max-width: 300px) 100vw, 300px\" \/><\/p>\n<p>Abb.: AvNav App auf Nokia Streaming Box 8000<\/p>\n<h2>Fazit<\/h2>\n<p>Die <strong>Nokia Streaming Box 8000<\/strong> l\u00e4sst sich durchaus zur Boots-Navigation mit der AvNav Andriod App verwenden. Die Bedienung ist genau so gut wie auf einem Raspi 4B, unterliegt aber kleinen Funktionseinschr\u00e4nkungen gegen\u00fcber einem Rasberry Pi. Es lassen sich z.B. keine kommerziellen Seekarten von o-charts einbinden. Aktuell wird aber an einer L\u00f6sung gearbeitet, so dass diese Funktion in Zukunft auch der Android App von <strong>AvNav<\/strong> zur Verf\u00fcgung steht. Die Funktionen der TV-Box sind gut durchdacht und es l\u00e4sst sich damit gut fernsehen. <strong>Disney+<\/strong> ist bereits neben <strong>Netflix<\/strong>, <strong>Prime Video<\/strong>, <strong>DAZN<\/strong>, <strong>RTL+<\/strong> und <strong>Zatto<\/strong> vorinstalliert. Wer noch mehr ben\u00f6tigt kann es \u00fcber der PlayStore nachinstallieren. Als TV-Box macht die Nokia Streaming Box 8000 einen sehr guten Eindruck und hat keine Probleme mit 4K. Einzig die Fernbedienung \u00fcberzeugt mich nicht ganz. Sie liegt nicht so gut in der Hand. Daf\u00fcr ist sie mit beleuchteten Tasten ausgestattet, was heute nicht mehr \u00fcblich ist. Einziger Nachteil bleibt das umst\u00e4ndliche Starten von artfremden Apps, die man \u00fcber das Einstellungsmen\u00fc unter Android TV vornehmen muss. Mit der Maus oder Fernbedienung hat man die App aber schnell gestartet. Allerdings werden diese Apps nicht als Kachel auf der Startseite dargestellt. Den Nachteil kann man aber ausgleichen, wenn man einen neuen Android Launcher installiert, wie z.B. <strong>Smart Launcher<\/strong>.<\/p>\n<p><img loading=\"lazy\" decoding=\"async\" class=\"alignnone size-medium wp-image-4174\" src=\"https:\/\/open-boat-projects.org\/wp-content\/uploads\/2023\/01\/IMG_20230115_125259286_HDR_kl-300x169.png\" alt=\"\" width=\"300\" height=\"169\" srcset=\"https:\/\/open-boat-projects.org\/wp-content\/uploads\/2023\/01\/IMG_20230115_125259286_HDR_kl-300x169.png 300w, https:\/\/open-boat-projects.org\/wp-content\/uploads\/2023\/01\/IMG_20230115_125259286_HDR_kl-768x432.png 768w, https:\/\/open-boat-projects.org\/wp-content\/uploads\/2023\/01\/IMG_20230115_125259286_HDR_kl-18x10.png 18w, https:\/\/open-boat-projects.org\/wp-content\/uploads\/2023\/01\/IMG_20230115_125259286_HDR_kl.png 1024w\" sizes=\"auto, (max-width: 300px) 100vw, 300px\" \/><\/p>\n<p>Abb.: Smart Launcher mit angepasster Startseite<\/p>\n<p>Insgesamt macht die TV-Box einen ganz brauchbaren Eindruck und kann neben TV-Funktionen auch auf Booten sinnvoll mit der AvNav App zur Navigation eingesetzt werden. Wer die TV-Box am Kartentisch nutzen m\u00f6chte, sollte sich auch eine Tastatur und Maus zulegen. So l\u00e4sst sich die Routenplanung sehr bequem unter Deck durchf\u00fchren. \u00dcber WLAN kann die Karte auf ein Tablett mit einem Webbrowser am Steuerstand gespiegelt werden. Die TV-Box ist dann quasi der AvNav-Server. Beide Anzeigeger\u00e4te lassen sich miteinander koppeln, so dass auf den beiden Bildschirmen synchron das Gleiche zu sehen ist.<\/p>\n<p>Die Zwitterl\u00f6sung als Navigationsger\u00e4t und Mediaplayer macht die TV-Box ganz interessant. Ebenso, dass sie mit 12V am Bordnetz l\u00e4uft. Mit AvNav hat man eine Softwarel\u00f6sung parat mit der man die Navigation auch parallel \u00fcber ein Tablett vornehmen kann. So hat man eine durchgehende L\u00f6sung f\u00fcr die Navigation am Kartentisch als auch am Steuerstand. Mit der Nokia-Box macht es wirklich Spa\u00df zu arbeiten und es kommt an keiner Stelle Frust auf. Am Abend l\u00e4sst sich die TV-Box perfekt zum Fernsehen benutzen. Ein kleiner Wermutstropfen ist der etwas knapp bemessene Flash-Speicher von dem der Anwender nur 4GB nutzen kann.<\/p>\n<p>Im Internet findet man noch eine gro\u00dfe Anzahl weiterer Android TV-Boxen mit \u00e4hnlichen Leistungsdaten. Grunds\u00e4tzlich sollten alle technischen Angaben mit Vorsicht betrachtet werden, denn oft handelt es sich bei chinesischen NoName-Produkten um Fake-Daten. Pr\u00fcfen Sie am besten mit Apps wie <strong>AIDA64<\/strong> und <strong>CPU-Z<\/strong>, ob ihre TV-Box wirklich diesen technischen Daten entspricht. Wer Android-TV vom Google-Universum entkoppeln m\u00f6chte, sollte sich einmal diese <a href=\"https:\/\/www.ebay.de\/itm\/334654715229?hash=item4deaf9b55d:g:Ws4AAOSwsIVjmqnz&amp;amdata=enc%3AAQAHAAAAoG%2BtPewu%2Bv0Y1FbEuUSGCqs7ybbSFVmaKUqqCmnVHch8T%2BiQ40WH%2FP9be4tdK0XAz9cpaNI%2BSMAgYITdlQZZgtRxtjqgwHkepuXAdG3vMgvzMg1jjsXY3TfvXXaaYXD3TRZDEUCkrguT6Qqf95QXFlOQ%2BeqKgKGQJ00sN64Nxg20NchuOIaoeVw4ZDo%2FdvHDXthqtCFwLFVuXH%2B2Su3I1SM%3D%7Ctkp%3ABk9SR-iGnt6tYQ\" target=\"_blank\" rel=\"noopener\">TV-Box<\/a> ansehen. Sie ist bereits mit der OpenSource-Android-Version Lineage OS versehen und enth\u00e4lt das aktuelle Android 12. Zudem ist Lineage OS \u00fcber das Internet updatef\u00e4hig und l\u00e4sst sich damit aktualisieren. Da Lineage OS auch \u00fcber einen Root-Zugang verf\u00fcgt, k\u00f6nnen auch viele andere Dinge auf der TV-Box installiert werden und das System kann an eigene Bed\u00fcrfnisse umfangreich angepasst werden.<\/p>\n<p>&nbsp;<\/p>\n","protected":false},"excerpt":{"rendered":"<p>Nokia Streaming Box 8000 (Nokia) Auf der Suche nach einem Raspi-Ersatz f\u00fcr ein Navigationssystem f\u00fcr AvNav bin ich auf die Nokia Streaming Box 8000 gesto\u00dfen. Die Box hat \u00e4hnliche Leistungsdaten wie ein Rasperry Pi 4B: CPU: Amlogic S905X3 bis 1,5 GHz, Quad Core f\u00fcr ARM Cortex-A55 GPU: Mali-G31 MP2 RAM: 2GB Flash: 8GB (ca. 4GB&hellip; <a href=\"https:\/\/open-boat-projects.org\/de\/navigation-mit-nokia-streaming-box-8000\/\" class=\"more-link\">Weiterlesen <span class=\"screen-reader-text\">Navigation mit Nokia Streaming Box 8000<\/span><\/a><\/p>\n","protected":false},"author":2,"featured_media":0,"parent":0,"menu_order":0,"comment_status":"closed","ping_status":"closed","template":"","meta":{"footnotes":""},"categories":[],"tags":[],"class_list":["post-4059","page","type-page","status-publish","hentry"],"_links":{"self":[{"href":"https:\/\/open-boat-projects.org\/de\/wp-json\/wp\/v2\/pages\/4059","targetHints":{"allow":["GET"]}}],"collection":[{"href":"https:\/\/open-boat-projects.org\/de\/wp-json\/wp\/v2\/pages"}],"about":[{"href":"https:\/\/open-boat-projects.org\/de\/wp-json\/wp\/v2\/types\/page"}],"author":[{"embeddable":true,"href":"https:\/\/open-boat-projects.org\/de\/wp-json\/wp\/v2\/users\/2"}],"replies":[{"embeddable":true,"href":"https:\/\/open-boat-projects.org\/de\/wp-json\/wp\/v2\/comments?post=4059"}],"version-history":[{"count":44,"href":"https:\/\/open-boat-projects.org\/de\/wp-json\/wp\/v2\/pages\/4059\/revisions"}],"predecessor-version":[{"id":4594,"href":"https:\/\/open-boat-projects.org\/de\/wp-json\/wp\/v2\/pages\/4059\/revisions\/4594"}],"wp:attachment":[{"href":"https:\/\/open-boat-projects.org\/de\/wp-json\/wp\/v2\/media?parent=4059"}],"wp:term":[{"taxonomy":"category","embeddable":true,"href":"https:\/\/open-boat-projects.org\/de\/wp-json\/wp\/v2\/categories?post=4059"},{"taxonomy":"post_tag","embeddable":true,"href":"https:\/\/open-boat-projects.org\/de\/wp-json\/wp\/v2\/tags?post=4059"}],"curies":[{"name":"wp","href":"https:\/\/api.w.org\/{rel}","templated":true}]}}