{"id":3826,"date":"2022-11-23T13:30:04","date_gmt":"2022-11-23T13:30:04","guid":{"rendered":"https:\/\/open-boat-projects.org\/?page_id=3826"},"modified":"2023-03-19T16:08:56","modified_gmt":"2023-03-19T16:08:56","slug":"datenintegration-in-ubidots","status":"publish","type":"page","link":"https:\/\/open-boat-projects.org\/de\/datenintegration-in-ubidots\/","title":{"rendered":"Datenintegration in Ubidots"},"content":{"rendered":"<p>Der Ablauf der Konfiguration f\u00fcr die Datenintegration in Ubidots sieht folgenderma\u00dfen aus:<\/p>\n<ul>\n<li>Anmeldung bei Ubidots<\/li>\n<li>Plugin f\u00fcr Webhook bei Ubidots erstellen<\/li>\n<li>Webhook bei TTN V3 einrichten<\/li>\n<li>Pr\u00fcfung der Webhook-Funktionalit\u00e4t<\/li>\n<\/ul>\n<h3>Anmeldung bei Ubidots und Plugin f\u00fcr Webhook einrichten<\/h3>\n<p>Um die empfangenen LoRa-Daten von TTN nach Ubidots \u00fcbertragen zu k\u00f6nnen, m\u00fcssen wir f\u00fcr den Datenempfang ein Plugin f\u00fcr einen <a href=\"https:\/\/de.wikipedia.org\/wiki\/Webhooks\" target=\"_blank\" rel=\"noopener\">Webhook<\/a> in Ubidots einrichten. Ein Webhook ist eine Art Echtzeit-Datenweiterleitung. Jedes mal wenn Daten vom Bootsmonitor bei TTN V3 eintreffen, werden diese direkt an Ubidots weitergeleitet. F\u00fcr die Daten\u00fcbermittlung von TTN V3 via Webhook ben\u00f6tigen wir den API-Key von Ubidots und noch einige andere Daten. Als erstes m\u00fcssen wir bei Ubidots einen kostenlosen Account erstellen. Dazu registrieren wir uns \u00fcber diese Webseite:<\/p>\n<p><a href=\"https:\/\/stem.ubidots.com\" target=\"_blank\" rel=\"noopener\">https:\/\/stem.ubidots.com<\/a><\/p>\n<p>Wenn das Konto erstellt wurde, k\u00f6nnen wir oben rechts \u00fcber das runde Logo auf <strong>API Credentials<\/strong> gehen. Es erscheint dann im oberen Bereich eine Zeile mit dem API-Key.<\/p>\n<p><a href=\"https:\/\/open-boat-projects.org\/wp-content\/uploads\/2022\/11\/Ubidots_API_Key.png\"><img loading=\"lazy\" decoding=\"async\" class=\"alignnone wp-image-3791 size-medium\" src=\"https:\/\/open-boat-projects.org\/wp-content\/uploads\/2022\/11\/Ubidots_API_Key-300x165.png\" alt=\"\" width=\"300\" height=\"165\" srcset=\"https:\/\/open-boat-projects.org\/wp-content\/uploads\/2022\/11\/Ubidots_API_Key-300x165.png 300w, https:\/\/open-boat-projects.org\/wp-content\/uploads\/2022\/11\/Ubidots_API_Key-1024x565.png 1024w, https:\/\/open-boat-projects.org\/wp-content\/uploads\/2022\/11\/Ubidots_API_Key-768x424.png 768w, https:\/\/open-boat-projects.org\/wp-content\/uploads\/2022\/11\/Ubidots_API_Key-18x10.png 18w, https:\/\/open-boat-projects.org\/wp-content\/uploads\/2022\/11\/Ubidots_API_Key.png 1367w\" sizes=\"auto, (max-width: 300px) 100vw, 300px\" \/><\/a><\/p>\n<p>Abb.: Ubidots API-Key<\/p>\n<p>Diesen Key k\u00f6nnen wir uns anzeigen lassen, indem wir in das Feld klicken. \u00dcber den Knopf rechts daneben kann der API-Key in die Zwischenablage kopiert werden. Der API-Key sollte so \u00e4hnlich aussehen wie unten abgebildet. Diesen Key merken wir uns f\u00fcr sp\u00e4ter. Er wird bei der Einrichtung des Webhook bei TTN V3 ben\u00f6tigt.<\/p>\n<p>BBFF-77fdf9bd902ab9c46b47529ab2dbe6871 (<span style=\"color: #ff0000;\">Bitte nicht verwenden! Nur Demo<\/span>)<\/p>\n<p>Danach erzeugen wir uns \u00fcber <strong>Devices -&gt; Plugins<\/strong> ein neues Plugin f\u00fcr einen Webhook \u00fcber den rechten gr\u00fcnen Plus-Knopf und w\u00e4hlen <strong>The Thinks Stack<\/strong> aus.<\/p>\n<p><a href=\"https:\/\/open-boat-projects.org\/wp-content\/uploads\/2022\/11\/Ubidots_Plugin_1.png\"><img loading=\"lazy\" decoding=\"async\" class=\"alignnone wp-image-3798 size-medium\" src=\"https:\/\/open-boat-projects.org\/wp-content\/uploads\/2022\/11\/Ubidots_Plugin_1-300x155.png\" alt=\"\" width=\"300\" height=\"155\" srcset=\"https:\/\/open-boat-projects.org\/wp-content\/uploads\/2022\/11\/Ubidots_Plugin_1-300x155.png 300w, https:\/\/open-boat-projects.org\/wp-content\/uploads\/2022\/11\/Ubidots_Plugin_1-1024x530.png 1024w, https:\/\/open-boat-projects.org\/wp-content\/uploads\/2022\/11\/Ubidots_Plugin_1-768x397.png 768w, https:\/\/open-boat-projects.org\/wp-content\/uploads\/2022\/11\/Ubidots_Plugin_1-18x9.png 18w, https:\/\/open-boat-projects.org\/wp-content\/uploads\/2022\/11\/Ubidots_Plugin_1.png 1485w\" sizes=\"auto, (max-width: 300px) 100vw, 300px\" \/><\/a><\/p>\n<p>Abb.: Plugin hinzuf\u00fcgen<\/p>\n<p>In der darauf folgenden Konfigurationsabfolge ist unter <strong>Ubitots Token<\/strong> der <em><strong>Default Token<\/strong><\/em> auszuw\u00e4hlen. Am Ende wurde ein Plugin f\u00fcr TTN V3 erstellt, das rudiment\u00e4re Funktionen bereitstellt und noch weiter konfiguriert werden muss.<\/p>\n<p><a href=\"https:\/\/open-boat-projects.org\/wp-content\/uploads\/2022\/11\/Ubidots_Plugin_2.png\"><img loading=\"lazy\" decoding=\"async\" class=\"alignnone wp-image-3796 size-medium\" src=\"https:\/\/open-boat-projects.org\/wp-content\/uploads\/2022\/11\/Ubidots_Plugin_2-300x100.png\" alt=\"\" width=\"300\" height=\"100\" srcset=\"https:\/\/open-boat-projects.org\/wp-content\/uploads\/2022\/11\/Ubidots_Plugin_2-300x100.png 300w, https:\/\/open-boat-projects.org\/wp-content\/uploads\/2022\/11\/Ubidots_Plugin_2-1024x340.png 1024w, https:\/\/open-boat-projects.org\/wp-content\/uploads\/2022\/11\/Ubidots_Plugin_2-768x255.png 768w, https:\/\/open-boat-projects.org\/wp-content\/uploads\/2022\/11\/Ubidots_Plugin_2-18x6.png 18w, https:\/\/open-boat-projects.org\/wp-content\/uploads\/2022\/11\/Ubidots_Plugin_2.png 1509w\" sizes=\"auto, (max-width: 300px) 100vw, 300px\" \/><\/a><\/p>\n<p>Abb.: Erstelltes Plugin<\/p>\n<p>Als n\u00e4chstes \u00f6ffnen wir auf das erstellt Plugin <strong>The Things Stack<\/strong> und w\u00e4hlen auf der linken Seite <strong>Configuration<\/strong> aus.<\/p>\n<p><a href=\"https:\/\/open-boat-projects.org\/wp-content\/uploads\/2022\/11\/Ubidots_Plugin_3.png\"><img loading=\"lazy\" decoding=\"async\" class=\"alignnone wp-image-3799 size-medium\" src=\"https:\/\/open-boat-projects.org\/wp-content\/uploads\/2022\/11\/Ubidots_Plugin_3-300x189.png\" alt=\"\" width=\"300\" height=\"189\" srcset=\"https:\/\/open-boat-projects.org\/wp-content\/uploads\/2022\/11\/Ubidots_Plugin_3-300x189.png 300w, https:\/\/open-boat-projects.org\/wp-content\/uploads\/2022\/11\/Ubidots_Plugin_3-1024x644.png 1024w, https:\/\/open-boat-projects.org\/wp-content\/uploads\/2022\/11\/Ubidots_Plugin_3-768x483.png 768w, https:\/\/open-boat-projects.org\/wp-content\/uploads\/2022\/11\/Ubidots_Plugin_3-18x12.png 18w, https:\/\/open-boat-projects.org\/wp-content\/uploads\/2022\/11\/Ubidots_Plugin_3.png 1492w\" sizes=\"auto, (max-width: 300px) 100vw, 300px\" \/><\/a><\/p>\n<p>Abb.: Plugin Configuration<\/p>\n<p>Dann kopieren wir uns die <strong>HTTPs Endpoint URL<\/strong>. Achten Sie darauf den kompletten String zu kopieren. Er sollte dann so aussehen:<\/p>\n<p>https:\/\/dataplugin.ubidots.com\/api\/web-hook\/J1j4ndx_tnHGYPCZlsfSkT45dh=<\/p>\n<p>Diesen String zerlegen wir in 3 Teile:<\/p>\n<p><strong> Webhook Base URL:<\/strong> https:\/\/dataplugin.ubidots.com<\/p>\n<p><strong>Webhook Endpoint Folder:<\/strong> \/api\/web-hook\/<\/p>\n<p><strong>Webhook Customer ID:<\/strong> J1j4ndx_tnHGYPCZlsfSkT45dh=<\/p>\n<p>Den letzten Teile merken wir uns, denn wir ben\u00f6tigen ihn sp\u00e4ter bei der Einrichtung des Webhook.<\/p>\n<p>Anschlie\u00dfend m\u00fcssen wir noch die korrekte <strong>Decoding Function<\/strong> f\u00fcr den LoRa-Bootsmonitor eintragen. Mit der Decoding Function werden die vom Webhook \u00fcbergebenen Daten aus TTN V3 so aufbereitet, dass die Messwerte wieder sichtbar werden. Das ist noch einmal genau das Selbe wie der Payload Formatter bei TTN V3. Dieses Mal ben\u00f6tigen wir ihn noch einmal, da TTN V3 nur Rohdaten verschickt und wir die Dekodierung noch einmal bei Ubidots vornehmen m\u00fcssen.<\/p>\n<p>Wenn Sie auf der Seite ganz nach unten scrollen, gelangen Sie zu einem Eingabefenster f\u00fcr JavaScript Code. L\u00f6schen Sie den gesamten Code und ersetzen ihn durch den Inhalt <a href=\"https:\/\/github.com\/norbert-walter\/LoRa-Boat-Monitor\/blob\/master\/src\/Payload_Formats_Ubidots.h\" target=\"_blank\" rel=\"noopener\">dieser Datei<\/a>.<\/p>\n<p><a href=\"https:\/\/open-boat-projects.org\/wp-content\/uploads\/2022\/11\/Ubidots_Plugin_4.png\"><img loading=\"lazy\" decoding=\"async\" class=\"alignnone wp-image-3801 size-medium\" src=\"https:\/\/open-boat-projects.org\/wp-content\/uploads\/2022\/11\/Ubidots_Plugin_4-300x250.png\" alt=\"\" width=\"300\" height=\"250\" srcset=\"https:\/\/open-boat-projects.org\/wp-content\/uploads\/2022\/11\/Ubidots_Plugin_4-300x250.png 300w, https:\/\/open-boat-projects.org\/wp-content\/uploads\/2022\/11\/Ubidots_Plugin_4-1024x855.png 1024w, https:\/\/open-boat-projects.org\/wp-content\/uploads\/2022\/11\/Ubidots_Plugin_4-768x641.png 768w, https:\/\/open-boat-projects.org\/wp-content\/uploads\/2022\/11\/Ubidots_Plugin_4-14x12.png 14w, https:\/\/open-boat-projects.org\/wp-content\/uploads\/2022\/11\/Ubidots_Plugin_4.png 1127w\" sizes=\"auto, (max-width: 300px) 100vw, 300px\" \/><\/a><\/p>\n<p>Abb.: Decoding Function<\/p>\n<p>Danach m\u00fcssen die \u00c4nderungen unbedingt noch \u00fcber den gr\u00fcnen Knopf <strong>Save &amp; Make Live<\/strong> gespeichert und aktiviert werden. Damit ist die Plugin-Konfiguration in Ubidots abgeschlossen.<\/p>\n<h2>Webhook bei TTN V3 einrichten<\/h2>\n<p>An dieser Stelle wird jetzt der Webhook f\u00fcr Ubidots bei TTN V3 eingerichtet. Der Webhook leitet jedes Mal die ankommenden Daten vom Bootsmonitor bei TTN V3 direkt an Ubidots weiter.<\/p>\n<p>Als n\u00e4chstes wechseln wir zu TTN V3 und loggen uns dort in die Console ein:<\/p>\n<p><a href=\"https:\/\/eu1.cloud.thethings.network\/console\/\" target=\"_blank\" rel=\"noopener\">https:\/\/eu1.cloud.thethings.network\/console\/<\/a><\/p>\n<p>Dann gehen wir \u00fcber <strong>Applications<\/strong> auf unsere erstellte Applikation <strong>LoRa Boat Monitoring<\/strong> und klicken im linken Auswahlbereich<strong> Intergations<\/strong> an.<\/p>\n<p><a href=\"https:\/\/open-boat-projects.org\/wp-content\/uploads\/2022\/11\/Webhook_1.png\"><img loading=\"lazy\" decoding=\"async\" class=\"alignnone wp-image-3793 size-medium\" src=\"https:\/\/open-boat-projects.org\/wp-content\/uploads\/2022\/11\/Webhook_1-300x178.png\" alt=\"\" width=\"300\" height=\"178\" srcset=\"https:\/\/open-boat-projects.org\/wp-content\/uploads\/2022\/11\/Webhook_1-300x178.png 300w, https:\/\/open-boat-projects.org\/wp-content\/uploads\/2022\/11\/Webhook_1-1024x607.png 1024w, https:\/\/open-boat-projects.org\/wp-content\/uploads\/2022\/11\/Webhook_1-768x455.png 768w, https:\/\/open-boat-projects.org\/wp-content\/uploads\/2022\/11\/Webhook_1-18x12.png 18w, https:\/\/open-boat-projects.org\/wp-content\/uploads\/2022\/11\/Webhook_1.png 1487w\" sizes=\"auto, (max-width: 300px) 100vw, 300px\" \/><\/a><\/p>\n<p>Abb.: Integrations<\/p>\n<p>Wenn wir links im Auswahlbereich auf <strong>Webhook<\/strong> klicken, gelangen wir zu einer Seite auf der wir einen neuen Webhook mit der rechten blauen Taste <strong>Add Webhook<\/strong> erstellen k\u00f6nnen.<\/p>\n<p><a href=\"https:\/\/open-boat-projects.org\/wp-content\/uploads\/2022\/11\/Webhook_2.png\"><img loading=\"lazy\" decoding=\"async\" class=\"alignnone wp-image-3794 size-medium\" src=\"https:\/\/open-boat-projects.org\/wp-content\/uploads\/2022\/11\/Webhook_2-300x169.png\" alt=\"\" width=\"300\" height=\"169\" srcset=\"https:\/\/open-boat-projects.org\/wp-content\/uploads\/2022\/11\/Webhook_2-300x169.png 300w, https:\/\/open-boat-projects.org\/wp-content\/uploads\/2022\/11\/Webhook_2-1024x578.png 1024w, https:\/\/open-boat-projects.org\/wp-content\/uploads\/2022\/11\/Webhook_2-768x433.png 768w, https:\/\/open-boat-projects.org\/wp-content\/uploads\/2022\/11\/Webhook_2-18x10.png 18w, https:\/\/open-boat-projects.org\/wp-content\/uploads\/2022\/11\/Webhook_2.png 1505w\" sizes=\"auto, (max-width: 300px) 100vw, 300px\" \/><\/a><\/p>\n<p>Abb.: Webhook erstellen<\/p>\n<p>Auf der sich dann \u00f6ffnenden Seite w\u00e4hlen wir ganz unten <strong>Ubidots<\/strong> aus und geben dann in der Konfigurationsseite folgende Daten ein:<\/p>\n<p><a href=\"https:\/\/open-boat-projects.org\/wp-content\/uploads\/2022\/11\/Webhook_3.png\"><img loading=\"lazy\" decoding=\"async\" class=\"alignnone wp-image-3804 size-medium\" src=\"https:\/\/open-boat-projects.org\/wp-content\/uploads\/2022\/11\/Webhook_3-300x172.png\" alt=\"\" width=\"300\" height=\"172\" srcset=\"https:\/\/open-boat-projects.org\/wp-content\/uploads\/2022\/11\/Webhook_3-300x172.png 300w, https:\/\/open-boat-projects.org\/wp-content\/uploads\/2022\/11\/Webhook_3-1024x587.png 1024w, https:\/\/open-boat-projects.org\/wp-content\/uploads\/2022\/11\/Webhook_3-768x440.png 768w, https:\/\/open-boat-projects.org\/wp-content\/uploads\/2022\/11\/Webhook_3-18x10.png 18w, https:\/\/open-boat-projects.org\/wp-content\/uploads\/2022\/11\/Webhook_3.png 1498w\" sizes=\"auto, (max-width: 300px) 100vw, 300px\" \/><\/a><\/p>\n<p>Abb.: Webhook konfigurieren<\/p>\n<p>F\u00fcr die <strong>Webhook ID<\/strong> vergeben wir einen sinnvollen Namen. Achten sie auf Kleinschreibung und verwenden Sie nur Bindestriche. Die <strong>Plugin ID<\/strong> ist der dritte Teil des Strings den wir zuvor in Ubidots erstellt und anschlie\u00dfend zerlegt hatten (J1j4ndx_tnHGYPCZlsfSkT45dh=). Der Ubidots Token ist der Token der bei der Registrierung des Accounts erstellt wurde (BBFF-77fdf9bd902ab9c46b47529ab2dbe6871).<\/p>\n<p>Zum Abschluss werden die eingegebenen Daten \u00fcber den Knopf <strong>Create Ubidots Webhook<\/strong> gespeichert. Am Ende sollte alles so aussehen. der Webhook ist jetzt fertig eingerichtet.<\/p>\n<p><a href=\"https:\/\/open-boat-projects.org\/wp-content\/uploads\/2022\/11\/Webhook_4.png\"><img loading=\"lazy\" decoding=\"async\" class=\"alignnone wp-image-3806 size-medium\" src=\"https:\/\/open-boat-projects.org\/wp-content\/uploads\/2022\/11\/Webhook_4-300x253.png\" alt=\"\" width=\"300\" height=\"253\" srcset=\"https:\/\/open-boat-projects.org\/wp-content\/uploads\/2022\/11\/Webhook_4-300x253.png 300w, https:\/\/open-boat-projects.org\/wp-content\/uploads\/2022\/11\/Webhook_4-1024x862.png 1024w, https:\/\/open-boat-projects.org\/wp-content\/uploads\/2022\/11\/Webhook_4-768x647.png 768w, https:\/\/open-boat-projects.org\/wp-content\/uploads\/2022\/11\/Webhook_4-14x12.png 14w, https:\/\/open-boat-projects.org\/wp-content\/uploads\/2022\/11\/Webhook_4.png 1145w\" sizes=\"auto, (max-width: 300px) 100vw, 300px\" \/><\/a><\/p>\n<p>Abb.: Fertig eingerichteter Webhook<\/p>\n<h2>Pr\u00fcfung der Webhook Funktionalit\u00e4t<\/h2>\n<p>Sobald Daten vom LoRa-Bootsmonitor bei TTN V3 eintreffen, sollten diese Daten auf der Seite <strong>End Devices <\/strong>unter dem jeweiligen Device zu sehen sein. Unter <strong>Live Data<\/strong> werden die ankommenden Telegramme aufgelistet.<\/p>\n<p><a href=\"https:\/\/open-boat-projects.org\/wp-content\/uploads\/2022\/11\/Device_Live_Data.png\"><img loading=\"lazy\" decoding=\"async\" class=\"alignnone wp-image-3809 size-medium\" src=\"https:\/\/open-boat-projects.org\/wp-content\/uploads\/2022\/11\/Device_Live_Data-300x154.png\" alt=\"\" width=\"300\" height=\"154\" srcset=\"https:\/\/open-boat-projects.org\/wp-content\/uploads\/2022\/11\/Device_Live_Data-300x154.png 300w, https:\/\/open-boat-projects.org\/wp-content\/uploads\/2022\/11\/Device_Live_Data-1024x524.png 1024w, https:\/\/open-boat-projects.org\/wp-content\/uploads\/2022\/11\/Device_Live_Data-768x393.png 768w, https:\/\/open-boat-projects.org\/wp-content\/uploads\/2022\/11\/Device_Live_Data-18x9.png 18w, https:\/\/open-boat-projects.org\/wp-content\/uploads\/2022\/11\/Device_Live_Data.png 1480w\" sizes=\"auto, (max-width: 300px) 100vw, 300px\" \/><\/a><\/p>\n<p>Abb.: Device Live Data (aktuell ohne Daten)<\/p>\n<p>Wenn Daten vom LoRa-Bootsmonitor eintreffen, dann sollte der Status des Webhook von <em><strong>Pending<\/strong><\/em> auf <em><strong>Healthy<\/strong><\/em> wechseln und mit einem blauen Punkt gekennzeichnet sein.<\/p>\n<p><a href=\"https:\/\/open-boat-projects.org\/wp-content\/uploads\/2022\/11\/Webhook_5.png\"><img loading=\"lazy\" decoding=\"async\" class=\"alignnone wp-image-3810 size-medium\" src=\"https:\/\/open-boat-projects.org\/wp-content\/uploads\/2022\/11\/Webhook_5-300x117.png\" alt=\"\" width=\"300\" height=\"117\" srcset=\"https:\/\/open-boat-projects.org\/wp-content\/uploads\/2022\/11\/Webhook_5-300x117.png 300w, https:\/\/open-boat-projects.org\/wp-content\/uploads\/2022\/11\/Webhook_5-1024x400.png 1024w, https:\/\/open-boat-projects.org\/wp-content\/uploads\/2022\/11\/Webhook_5-768x300.png 768w, https:\/\/open-boat-projects.org\/wp-content\/uploads\/2022\/11\/Webhook_5-18x7.png 18w, https:\/\/open-boat-projects.org\/wp-content\/uploads\/2022\/11\/Webhook_5.png 1506w\" sizes=\"auto, (max-width: 300px) 100vw, 300px\" \/><\/a><\/p>\n<p>Abb: Webhook Status<\/p>\n<p>In Ubidots wird automatisch ein neues Device angelegt, wenn Daten vom LoRa-Bootsmonitor aus TTN V3 an Ubidots weitergeleitet werden. Das Device tr\u00e4gt dann den Namen mit der Device EUI, so wie es in TTN V3 erstellt worden ist (eui-70b3d57ed0057bad).<\/p>\n<p><a href=\"https:\/\/open-boat-projects.org\/wp-content\/uploads\/2022\/11\/Ubidots_Device.png\"><img loading=\"lazy\" decoding=\"async\" class=\"alignnone wp-image-3811 size-medium\" src=\"https:\/\/open-boat-projects.org\/wp-content\/uploads\/2022\/11\/Ubidots_Device-300x125.png\" alt=\"\" width=\"300\" height=\"125\" srcset=\"https:\/\/open-boat-projects.org\/wp-content\/uploads\/2022\/11\/Ubidots_Device-300x125.png 300w, https:\/\/open-boat-projects.org\/wp-content\/uploads\/2022\/11\/Ubidots_Device-1024x426.png 1024w, https:\/\/open-boat-projects.org\/wp-content\/uploads\/2022\/11\/Ubidots_Device-768x320.png 768w, https:\/\/open-boat-projects.org\/wp-content\/uploads\/2022\/11\/Ubidots_Device-18x7.png 18w, https:\/\/open-boat-projects.org\/wp-content\/uploads\/2022\/11\/Ubidots_Device.png 1504w\" sizes=\"auto, (max-width: 300px) 100vw, 300px\" \/><\/a><\/p>\n<p>Abb.: Ubidots Device Status (hier ist ein anderes Device gelistet)<\/p>\n<p>Klickt man auf den Device-Namen, so werden die \u00fcbermittelten Daten des Bootsmonitors in Kurzform angezeigt. Das Feld <strong>Last Activity<\/strong> kennzeichnet den Zeitpunkt des letzten Dateneingangs.<\/p>\n<p><a href=\"https:\/\/open-boat-projects.org\/wp-content\/uploads\/2022\/11\/Ubidots_Device_2.png\"><img loading=\"lazy\" decoding=\"async\" class=\"alignnone wp-image-3814 size-medium\" src=\"https:\/\/open-boat-projects.org\/wp-content\/uploads\/2022\/11\/Ubidots_Device_2-300x188.png\" alt=\"\" width=\"300\" height=\"188\" srcset=\"https:\/\/open-boat-projects.org\/wp-content\/uploads\/2022\/11\/Ubidots_Device_2-300x188.png 300w, https:\/\/open-boat-projects.org\/wp-content\/uploads\/2022\/11\/Ubidots_Device_2-1024x642.png 1024w, https:\/\/open-boat-projects.org\/wp-content\/uploads\/2022\/11\/Ubidots_Device_2-768x481.png 768w, https:\/\/open-boat-projects.org\/wp-content\/uploads\/2022\/11\/Ubidots_Device_2-18x12.png 18w, https:\/\/open-boat-projects.org\/wp-content\/uploads\/2022\/11\/Ubidots_Device_2.png 1493w\" sizes=\"auto, (max-width: 300px) 100vw, 300px\" \/><\/a><\/p>\n<p>Abb.: Device-Daten<\/p>\n<p>Wenn die Daten bei Ubidots korrekt angekommen sind, ist die \u00dcberpr\u00fcfung abgeschlossen.<\/p>\n","protected":false},"excerpt":{"rendered":"<p>Der Ablauf der Konfiguration f\u00fcr die Datenintegration in Ubidots sieht folgenderma\u00dfen aus: Anmeldung bei Ubidots Plugin f\u00fcr Webhook bei Ubidots erstellen Webhook bei TTN V3 einrichten Pr\u00fcfung der Webhook-Funktionalit\u00e4t Anmeldung bei Ubidots und Plugin f\u00fcr Webhook einrichten Um die empfangenen LoRa-Daten von TTN nach Ubidots \u00fcbertragen zu k\u00f6nnen, m\u00fcssen wir f\u00fcr den Datenempfang ein Plugin&hellip; <a href=\"https:\/\/open-boat-projects.org\/de\/datenintegration-in-ubidots\/\" class=\"more-link\">Weiterlesen <span class=\"screen-reader-text\">Datenintegration in Ubidots<\/span><\/a><\/p>\n","protected":false},"author":2,"featured_media":0,"parent":0,"menu_order":0,"comment_status":"closed","ping_status":"closed","template":"","meta":{"footnotes":""},"categories":[41,37],"tags":[],"class_list":["post-3826","page","type-page","status-publish","hentry","category-opendata","category-projects"],"_links":{"self":[{"href":"https:\/\/open-boat-projects.org\/de\/wp-json\/wp\/v2\/pages\/3826","targetHints":{"allow":["GET"]}}],"collection":[{"href":"https:\/\/open-boat-projects.org\/de\/wp-json\/wp\/v2\/pages"}],"about":[{"href":"https:\/\/open-boat-projects.org\/de\/wp-json\/wp\/v2\/types\/page"}],"author":[{"embeddable":true,"href":"https:\/\/open-boat-projects.org\/de\/wp-json\/wp\/v2\/users\/2"}],"replies":[{"embeddable":true,"href":"https:\/\/open-boat-projects.org\/de\/wp-json\/wp\/v2\/comments?post=3826"}],"version-history":[{"count":12,"href":"https:\/\/open-boat-projects.org\/de\/wp-json\/wp\/v2\/pages\/3826\/revisions"}],"predecessor-version":[{"id":4774,"href":"https:\/\/open-boat-projects.org\/de\/wp-json\/wp\/v2\/pages\/3826\/revisions\/4774"}],"wp:attachment":[{"href":"https:\/\/open-boat-projects.org\/de\/wp-json\/wp\/v2\/media?parent=3826"}],"wp:term":[{"taxonomy":"category","embeddable":true,"href":"https:\/\/open-boat-projects.org\/de\/wp-json\/wp\/v2\/categories?post=3826"},{"taxonomy":"post_tag","embeddable":true,"href":"https:\/\/open-boat-projects.org\/de\/wp-json\/wp\/v2\/tags?post=3826"}],"curies":[{"name":"wp","href":"https:\/\/api.w.org\/{rel}","templated":true}]}}