{"id":3821,"date":"2022-11-23T13:11:35","date_gmt":"2022-11-23T13:11:35","guid":{"rendered":"https:\/\/open-boat-projects.org\/?page_id=3821"},"modified":"2023-10-24T20:09:03","modified_gmt":"2023-10-24T20:09:03","slug":"applikation-device-und-payload-formatter-bei-ttn-v3","status":"publish","type":"page","link":"https:\/\/open-boat-projects.org\/de\/applikation-device-und-payload-formatter-bei-ttn-v3\/","title":{"rendered":"Applikation, Device und Payload Formatter bei TTN V3"},"content":{"rendered":"<p>Damit Daten im LoRa TTN V3 Netzwerk verarbeitet werden k\u00f6nnen, muss als erstes eine Applikation erstellt werden. Anschlie\u00dfend wird der LoRa-Bootsmonitor als neues Device angelegt, dann der Applikation zugeordnet und noch ein Payload Decoder eingetragen. Diese Anleitung beschreibt wie man vorgehen muss.<\/p>\n<h3>Applikation erstellen<\/h3>\n<p>Als erstes erstellt man einen neuen Account im LoRa TTN Netzwerk.<\/p>\n<p><a href=\"https:\/\/account.thethingsnetwork.org\/users\/login\" target=\"_blank\" rel=\"noopener\">https:\/\/account.thethingsnetwork.org\/users\/login<\/a><\/p>\n<p><a href=\"https:\/\/open-boat-projects.org\/wp-content\/uploads\/2022\/11\/TTN_Login.png\"><img loading=\"lazy\" decoding=\"async\" class=\"alignnone wp-image-3731 size-medium\" src=\"https:\/\/open-boat-projects.org\/wp-content\/uploads\/2022\/11\/TTN_Login-300x205.png\" alt=\"\" width=\"300\" height=\"205\" srcset=\"https:\/\/open-boat-projects.org\/wp-content\/uploads\/2022\/11\/TTN_Login-300x205.png 300w, https:\/\/open-boat-projects.org\/wp-content\/uploads\/2022\/11\/TTN_Login-768x526.png 768w, https:\/\/open-boat-projects.org\/wp-content\/uploads\/2022\/11\/TTN_Login-18x12.png 18w, https:\/\/open-boat-projects.org\/wp-content\/uploads\/2022\/11\/TTN_Login.png 1001w\" sizes=\"auto, (max-width: 300px) 100vw, 300px\" \/><\/a><\/p>\n<p>Abb.: User Login<\/p>\n<p>Danach erfolgt die Auswahl der Region in der man das LoRa-Gateway betreiben m\u00f6chte. Aktuell ist nur die Auswahl Europa m\u00f6glich. Alle Daten flie\u00dfen \u00fcber das Gateway in Dublin in Irland.<\/p>\n<p><a href=\"https:\/\/open-boat-projects.org\/wp-content\/uploads\/2022\/11\/TTN_Cluster.png\"><img loading=\"lazy\" decoding=\"async\" class=\"alignnone wp-image-3730 size-medium\" src=\"https:\/\/open-boat-projects.org\/wp-content\/uploads\/2022\/11\/TTN_Cluster-300x211.png\" alt=\"\" width=\"300\" height=\"211\" srcset=\"https:\/\/open-boat-projects.org\/wp-content\/uploads\/2022\/11\/TTN_Cluster-300x211.png 300w, https:\/\/open-boat-projects.org\/wp-content\/uploads\/2022\/11\/TTN_Cluster-1024x720.png 1024w, https:\/\/open-boat-projects.org\/wp-content\/uploads\/2022\/11\/TTN_Cluster-768x540.png 768w, https:\/\/open-boat-projects.org\/wp-content\/uploads\/2022\/11\/TTN_Cluster-18x12.png 18w, https:\/\/open-boat-projects.org\/wp-content\/uploads\/2022\/11\/TTN_Cluster.png 1160w\" sizes=\"auto, (max-width: 300px) 100vw, 300px\" \/><\/a><\/p>\n<p>Abb.: Region-Auswahl<\/p>\n<p>Anschlie\u00dfend gelangt man zum Hauptmen\u00fc.<\/p>\n<p><a href=\"https:\/\/open-boat-projects.org\/wp-content\/uploads\/2022\/11\/TTN_Main_Menu.png\"><img loading=\"lazy\" decoding=\"async\" class=\"alignnone wp-image-3732 size-medium\" src=\"https:\/\/open-boat-projects.org\/wp-content\/uploads\/2022\/11\/TTN_Main_Menu-300x207.png\" alt=\"\" width=\"300\" height=\"207\" srcset=\"https:\/\/open-boat-projects.org\/wp-content\/uploads\/2022\/11\/TTN_Main_Menu-300x207.png 300w, https:\/\/open-boat-projects.org\/wp-content\/uploads\/2022\/11\/TTN_Main_Menu-1024x707.png 1024w, https:\/\/open-boat-projects.org\/wp-content\/uploads\/2022\/11\/TTN_Main_Menu-768x530.png 768w, https:\/\/open-boat-projects.org\/wp-content\/uploads\/2022\/11\/TTN_Main_Menu-18x12.png 18w, https:\/\/open-boat-projects.org\/wp-content\/uploads\/2022\/11\/TTN_Main_Menu.png 1429w\" sizes=\"auto, (max-width: 300px) 100vw, 300px\" \/><\/a><\/p>\n<p>Abb.: TTN V3 Hauptmen\u00fc<\/p>\n<p>\u00dcber den Reiter Applikation wird eine neue Applikation f\u00fcr den LoRa Bootsmonitor angelegt.<\/p>\n<p><a href=\"https:\/\/open-boat-projects.org\/wp-content\/uploads\/2022\/11\/Ceate_Application-1.png\"><img loading=\"lazy\" decoding=\"async\" class=\"alignnone wp-image-3736 size-medium\" src=\"https:\/\/open-boat-projects.org\/wp-content\/uploads\/2022\/11\/Ceate_Application-1-300x198.png\" alt=\"\" width=\"300\" height=\"198\" srcset=\"https:\/\/open-boat-projects.org\/wp-content\/uploads\/2022\/11\/Ceate_Application-1-300x198.png 300w, https:\/\/open-boat-projects.org\/wp-content\/uploads\/2022\/11\/Ceate_Application-1-1024x675.png 1024w, https:\/\/open-boat-projects.org\/wp-content\/uploads\/2022\/11\/Ceate_Application-1-768x506.png 768w, https:\/\/open-boat-projects.org\/wp-content\/uploads\/2022\/11\/Ceate_Application-1-18x12.png 18w, https:\/\/open-boat-projects.org\/wp-content\/uploads\/2022\/11\/Ceate_Application-1.png 1164w\" sizes=\"auto, (max-width: 300px) 100vw, 300px\" \/><\/a><\/p>\n<p>Abb.: Applikation erstellen<\/p>\n<h3>Ger\u00e4t registrieren<\/h3>\n<p>Jetzt kann der LoRa Bootsmonitor als Ger\u00e4t \u00fcber den blauen Knopf\u00a0 <strong>Register End Device<\/strong> rechts unten registriert werden. Das Ger\u00e4t wird manuell \u00fcber ABP (Activation By Personalization)\u00a0 als LoRa-Ger\u00e4t registriert.<\/p>\n<p><a href=\"https:\/\/open-boat-projects.org\/wp-content\/uploads\/2022\/11\/Register_End_Device.png\"><img loading=\"lazy\" decoding=\"async\" class=\"alignnone wp-image-3738 size-medium\" src=\"https:\/\/open-boat-projects.org\/wp-content\/uploads\/2022\/11\/Register_End_Device-300x204.png\" alt=\"\" width=\"300\" height=\"204\" srcset=\"https:\/\/open-boat-projects.org\/wp-content\/uploads\/2022\/11\/Register_End_Device-300x204.png 300w, https:\/\/open-boat-projects.org\/wp-content\/uploads\/2022\/11\/Register_End_Device-1024x697.png 1024w, https:\/\/open-boat-projects.org\/wp-content\/uploads\/2022\/11\/Register_End_Device-768x523.png 768w, https:\/\/open-boat-projects.org\/wp-content\/uploads\/2022\/11\/Register_End_Device-18x12.png 18w, https:\/\/open-boat-projects.org\/wp-content\/uploads\/2022\/11\/Register_End_Device.png 1162w\" sizes=\"auto, (max-width: 300px) 100vw, 300px\" \/><\/a><\/p>\n<p>Abb.: Ger\u00e4t registrieren<\/p>\n<p><a href=\"https:\/\/open-boat-projects.org\/wp-content\/uploads\/2022\/11\/Register_End_Device_2.png\"><img loading=\"lazy\" decoding=\"async\" class=\"alignnone wp-image-3740 size-medium\" src=\"https:\/\/open-boat-projects.org\/wp-content\/uploads\/2022\/11\/Register_End_Device_2-300x204.png\" alt=\"\" width=\"300\" height=\"204\" srcset=\"https:\/\/open-boat-projects.org\/wp-content\/uploads\/2022\/11\/Register_End_Device_2-300x204.png 300w, https:\/\/open-boat-projects.org\/wp-content\/uploads\/2022\/11\/Register_End_Device_2-1024x695.png 1024w, https:\/\/open-boat-projects.org\/wp-content\/uploads\/2022\/11\/Register_End_Device_2-768x521.png 768w, https:\/\/open-boat-projects.org\/wp-content\/uploads\/2022\/11\/Register_End_Device_2-18x12.png 18w, https:\/\/open-boat-projects.org\/wp-content\/uploads\/2022\/11\/Register_End_Device_2.png 1149w\" sizes=\"auto, (max-width: 300px) 100vw, 300px\" \/><\/a><\/p>\n<p>Abb.: Ger\u00e4te spezifische Einstellungen<\/p>\n<p>Wir ben\u00f6tigen die manuelle Registrierung und m\u00fcssen die Option <strong><span class=\"VyhIR17r9F\">Enter end device specifics manually<\/span><\/strong><span class=\"VyhIR17r9F\"> aktivieren. Unter <strong>Frequency Plan<\/strong> muss <em><strong>Europe 863-870 MHz (FS9 for RX2 &#8211; recommended)<\/strong><\/em> ausgew\u00e4hlt werden. Als <strong>LoRaWAN Version<\/strong> wird <em><strong>LoRaWAN Specification 1.0.0.<\/strong><\/em> ausgew\u00e4hlt<\/span><\/p>\n<p>Unter <strong>Show advanced activation, LoRaWAN class and cluster settings <\/strong>muss das Feld ge\u00f6ffnet werden, um weitere spezielle Einstellungen vornehmen zu k\u00f6nnen. Es muss auf jeden Fall das Auswahlfeld <strong>Activation by personalization (ABP)<\/strong> aktiviert werden.<\/p>\n<p><a href=\"https:\/\/open-boat-projects.org\/wp-content\/uploads\/2022\/11\/Register_End_Device_4.png\"><img loading=\"lazy\" decoding=\"async\" class=\"alignnone wp-image-3745 size-medium\" src=\"https:\/\/open-boat-projects.org\/wp-content\/uploads\/2022\/11\/Register_End_Device_4-300x247.png\" alt=\"\" width=\"300\" height=\"247\" srcset=\"https:\/\/open-boat-projects.org\/wp-content\/uploads\/2022\/11\/Register_End_Device_4-300x247.png 300w, https:\/\/open-boat-projects.org\/wp-content\/uploads\/2022\/11\/Register_End_Device_4-1024x844.png 1024w, https:\/\/open-boat-projects.org\/wp-content\/uploads\/2022\/11\/Register_End_Device_4-768x633.png 768w, https:\/\/open-boat-projects.org\/wp-content\/uploads\/2022\/11\/Register_End_Device_4-15x12.png 15w, https:\/\/open-boat-projects.org\/wp-content\/uploads\/2022\/11\/Register_End_Device_4.png 1136w\" sizes=\"auto, (max-width: 300px) 100vw, 300px\" \/><\/a><\/p>\n<p>Abb.: LoRa Settings<\/p>\n<p>Hinter allen Feldern die mit Punkten kommentiert sind, muss der <strong>Generate<\/strong> Knopf gedr\u00fcckt werden. Damit erhalten die Felder zuf\u00e4llig gew\u00e4hlte Werte die eindeutigen Keys entsprechen. Diese Seite drucken Sie am besten aus, denn die Werte werden im \u00fcbern\u00e4chsten Schritt zur Konfiguration des LoRa-Bootsmonitors ben\u00f6tigt. Danach sollte die Seite dann so aussehen wie im folgenden Bild. Beachten Sie, dass Sie die dargestellten Werte nicht f\u00fcr Ihren eigenen LoRa-Bootsmonitor benutzen. Bei Ihnen sollten andere Werte zu sehen sein.<\/p>\n<p><a href=\"https:\/\/open-boat-projects.org\/wp-content\/uploads\/2022\/11\/Register_End_Device_5.png\"><img loading=\"lazy\" decoding=\"async\" class=\"alignnone wp-image-3746 size-medium\" src=\"https:\/\/open-boat-projects.org\/wp-content\/uploads\/2022\/11\/Register_End_Device_5-300x245.png\" alt=\"\" width=\"300\" height=\"245\" srcset=\"https:\/\/open-boat-projects.org\/wp-content\/uploads\/2022\/11\/Register_End_Device_5-300x245.png 300w, https:\/\/open-boat-projects.org\/wp-content\/uploads\/2022\/11\/Register_End_Device_5-1024x836.png 1024w, https:\/\/open-boat-projects.org\/wp-content\/uploads\/2022\/11\/Register_End_Device_5-768x627.png 768w, https:\/\/open-boat-projects.org\/wp-content\/uploads\/2022\/11\/Register_End_Device_5-15x12.png 15w, https:\/\/open-boat-projects.org\/wp-content\/uploads\/2022\/11\/Register_End_Device_5.png 1138w\" sizes=\"auto, (max-width: 300px) 100vw, 300px\" \/><\/a><\/p>\n<p>Abb.: LoRa Settings<\/p>\n<p>Danach kann der blaue Knopf\u00a0 <strong>Register End Device<\/strong> gedr\u00fcckt werden. Es erscheint dann eine \u00dcbersicht zum registrierten Device.<\/p>\n<p><a href=\"https:\/\/open-boat-projects.org\/wp-content\/uploads\/2022\/11\/Register_End_Device_6.png\"><img loading=\"lazy\" decoding=\"async\" class=\"alignnone wp-image-3748 size-medium\" src=\"https:\/\/open-boat-projects.org\/wp-content\/uploads\/2022\/11\/Register_End_Device_6-300x255.png\" alt=\"\" width=\"300\" height=\"255\" srcset=\"https:\/\/open-boat-projects.org\/wp-content\/uploads\/2022\/11\/Register_End_Device_6-300x255.png 300w, https:\/\/open-boat-projects.org\/wp-content\/uploads\/2022\/11\/Register_End_Device_6-1024x871.png 1024w, https:\/\/open-boat-projects.org\/wp-content\/uploads\/2022\/11\/Register_End_Device_6-768x653.png 768w, https:\/\/open-boat-projects.org\/wp-content\/uploads\/2022\/11\/Register_End_Device_6-14x12.png 14w, https:\/\/open-boat-projects.org\/wp-content\/uploads\/2022\/11\/Register_End_Device_6.png 1146w\" sizes=\"auto, (max-width: 300px) 100vw, 300px\" \/><\/a><\/p>\n<p>Abb.: \u00dcbersicht<\/p>\n<p>Als n\u00e4chstes m\u00fcssen noch weiter spezielle Einstellungen zum LoRa-\u00dcbertragung vorgenommen werden. Dazu ist die Registerkarte <strong>General Settings,<\/strong> auf der rechten Bildh\u00e4lfte anzuklicken (nicht links!). Unter <strong>End Device Name<\/strong> und <strong>End Device Description<\/strong> k\u00f6nnen Eintragungen zum Boot vorgenommen werden. So l\u00e4sst sich der LoRa-Bootsmonitor einem Boot zuordnen.<\/p>\n<p><a href=\"https:\/\/open-boat-projects.org\/wp-content\/uploads\/2022\/11\/Register_End_Device_7.png\"><img loading=\"lazy\" decoding=\"async\" class=\"alignnone wp-image-3750 size-medium\" src=\"https:\/\/open-boat-projects.org\/wp-content\/uploads\/2022\/11\/Register_End_Device_7-300x249.png\" alt=\"\" width=\"300\" height=\"249\" srcset=\"https:\/\/open-boat-projects.org\/wp-content\/uploads\/2022\/11\/Register_End_Device_7-300x249.png 300w, https:\/\/open-boat-projects.org\/wp-content\/uploads\/2022\/11\/Register_End_Device_7-1024x848.png 1024w, https:\/\/open-boat-projects.org\/wp-content\/uploads\/2022\/11\/Register_End_Device_7-768x636.png 768w, https:\/\/open-boat-projects.org\/wp-content\/uploads\/2022\/11\/Register_End_Device_7-14x12.png 14w, https:\/\/open-boat-projects.org\/wp-content\/uploads\/2022\/11\/Register_End_Device_7.png 1137w\" sizes=\"auto, (max-width: 300px) 100vw, 300px\" \/><\/a><\/p>\n<p>Abb.: General Settings<\/p>\n<p>Danach scrollt man ganz nach unten zu der Option <strong>Network Layer<\/strong> und \u00f6ffnet die weiteren Einstellungen \u00fcber den Knopf <strong>Expand<\/strong>. In den erweiterten Einstellungen befindet sich ganz unten ein unscheinbares Auswahlfeld <strong>Advanced MAC Settings<\/strong>.<\/p>\n<p><a href=\"https:\/\/open-boat-projects.org\/wp-content\/uploads\/2022\/11\/Register_End_Device_8.png\"><img loading=\"lazy\" decoding=\"async\" class=\"alignnone wp-image-3753 size-medium\" src=\"https:\/\/open-boat-projects.org\/wp-content\/uploads\/2022\/11\/Register_End_Device_8-300x258.png\" alt=\"\" width=\"300\" height=\"258\" srcset=\"https:\/\/open-boat-projects.org\/wp-content\/uploads\/2022\/11\/Register_End_Device_8-300x258.png 300w, https:\/\/open-boat-projects.org\/wp-content\/uploads\/2022\/11\/Register_End_Device_8-1024x881.png 1024w, https:\/\/open-boat-projects.org\/wp-content\/uploads\/2022\/11\/Register_End_Device_8-768x661.png 768w, https:\/\/open-boat-projects.org\/wp-content\/uploads\/2022\/11\/Register_End_Device_8-14x12.png 14w, https:\/\/open-boat-projects.org\/wp-content\/uploads\/2022\/11\/Register_End_Device_8.png 1131w\" sizes=\"auto, (max-width: 300px) 100vw, 300px\" \/><\/a><\/p>\n<p>Abb.: Network Layer<\/p>\n<p>Dies ist zu \u00f6ffnen und der Wert <strong>Frame Counter With<\/strong> auf <strong>16<\/strong> zu stellen, <strong>Reset Frame Counter<\/strong> zu aktivieren und die <strong>Adaptive Data Rate (ADR)<\/strong> zu deaktivieren.<\/p>\n<p><a href=\"https:\/\/open-boat-projects.org\/wp-content\/uploads\/2022\/12\/Advanced_MAC_Settings.png\"><img loading=\"lazy\" decoding=\"async\" class=\"alignnone wp-image-3928\" src=\"https:\/\/open-boat-projects.org\/wp-content\/uploads\/2022\/12\/Advanced_MAC_Settings-266x300.png\" alt=\"\" width=\"300\" height=\"338\" srcset=\"https:\/\/open-boat-projects.org\/wp-content\/uploads\/2022\/12\/Advanced_MAC_Settings-266x300.png 266w, https:\/\/open-boat-projects.org\/wp-content\/uploads\/2022\/12\/Advanced_MAC_Settings-768x865.png 768w, https:\/\/open-boat-projects.org\/wp-content\/uploads\/2022\/12\/Advanced_MAC_Settings-11x12.png 11w, https:\/\/open-boat-projects.org\/wp-content\/uploads\/2022\/12\/Advanced_MAC_Settings.png 809w\" sizes=\"auto, (max-width: 300px) 100vw, 300px\" \/><\/a><\/p>\n<p>Abb.: Advanced MAC Settings<\/p>\n<p>Danach m\u00fcssen noch alle Einstellungen mit dem blauen Knopf <strong>Save Changes<\/strong> gespeichert werden. Damit ist die Device-Registrierung abgeschlossen.<\/p>\n<h3>Payload Formatter f\u00fcr den Uplink anlegen<\/h3>\n<p>Das LoRa-Netzwerk dient zur \u00dcbertragung geringer Datenmengen \u00fcber Funk mit bis zu 200 Byte pro Telegramm. Die Daten werden in kompakter Form als eine Reihe von Bytes \u00fcbertragen. Jedes Bit der Bytefolge hat eine genaue Bedeutung und repr\u00e4sentieren die \u00fcbertragenen Messwerte. Der LoRa-Bootsmonitor \u00fcbertr\u00e4gt genau 40 Byte an Daten. Mit Hilfe des Payload Formatters werden die jeweiligen Bits zu Messwerten zur\u00fcck verwandelt. Der Payload Formatter ist eine Beschreibung wie die Messwerte sich aus den Bits zusammensetzen. Die <a href=\"https:\/\/github.com\/norbert-walter\/LoRa-Boat-Monitor\/blob\/master\/src\/Payload_Formats_TTN_V3.h\" target=\"_blank\" rel=\"noopener\">Bedeutung der Bits<\/a> kann hier nachgesehen werden.<\/p>\n<p>Grunds\u00e4tzlich wird zwischen zwei Arten von Payload Formattern unterschieden. Einmal f\u00fcr den Uplink hin vom LoRa-Device zum TTN-Netzwerk und ein weiteres Mal zur\u00fcck f\u00fcr den Downlink vom TTN-Netzwerk zum LoRa-Device. Da wir haupts\u00e4chlich Daten vom LoRa-Device zum TTN-Netzwerk \u00fcbertragen, gen\u00fcgt es uns nur einen Payload Formatter f\u00fcr den Uplink anzulegen. Ein Payload Formatter l\u00e4sst sich \u00fcbergeordnet f\u00fcr alle Ger\u00e4te in einer Applikation anlegen oder auch nur f\u00fcr ein spezielles Device. In unserem Fall verwenden wir den Payload Formatter nur f\u00fcr unser LoRa-Device.<\/p>\n<p>Dazu w\u00e4hlen wir unter <strong>Applikation<\/strong> unser zuvor angelegtes <strong>Device<\/strong> aus und gehen in der rechten Bildh\u00e4lfte auf die Registerkarte <strong>Payload Formatters <\/strong> (nicht links!). Dort w\u00e4hlen wir die Registerkarte <strong>Uplink<\/strong> aus und stellen den <strong>Formatter Type<\/strong> auf <em><strong>Custom JavaScript Formatter. <\/strong><\/em>Im Feld <strong>Formatter Code<\/strong> l\u00f6schen wir die Eintragungen und f\u00fcgen den kompletten Inhalt der Datei <a href=\"https:\/\/github.com\/norbert-walter\/LoRa-Boat-Monitor\/blob\/master\/src\/Payload_Formats_TTN_V3.h\" target=\"_blank\" rel=\"noopener\"><em>Payload_Formats_TTN_V3.h <\/em><\/a>ein. Anschlie\u00dfend sind die ge\u00e4nderten Einstellungen \u00fcber den blauen Knopf <strong>Save Changes<\/strong> zu speichern.<\/p>\n<p><a href=\"https:\/\/open-boat-projects.org\/wp-content\/uploads\/2022\/11\/Payload_Uplink_Formatter_TTN.png\"><img loading=\"lazy\" decoding=\"async\" class=\"alignnone wp-image-3760 size-medium\" src=\"https:\/\/open-boat-projects.org\/wp-content\/uploads\/2022\/11\/Payload_Uplink_Formatter_TTN-300x248.png\" alt=\"\" width=\"300\" height=\"248\" srcset=\"https:\/\/open-boat-projects.org\/wp-content\/uploads\/2022\/11\/Payload_Uplink_Formatter_TTN-300x248.png 300w, https:\/\/open-boat-projects.org\/wp-content\/uploads\/2022\/11\/Payload_Uplink_Formatter_TTN-1024x847.png 1024w, https:\/\/open-boat-projects.org\/wp-content\/uploads\/2022\/11\/Payload_Uplink_Formatter_TTN-768x635.png 768w, https:\/\/open-boat-projects.org\/wp-content\/uploads\/2022\/11\/Payload_Uplink_Formatter_TTN-15x12.png 15w, https:\/\/open-boat-projects.org\/wp-content\/uploads\/2022\/11\/Payload_Uplink_Formatter_TTN.png 1141w\" sizes=\"auto, (max-width: 300px) 100vw, 300px\" \/><\/a><\/p>\n<p>Abb.: Payload Uplink Formatter<\/p>\n<p>Jetzt ist f\u00fcr den Datenempfang des LoRa-Bootsmonitors alles in TTN V3 eingerichtet.<\/p>\n<h3>\u00dcberpr\u00fcfung einlaufender LoRa-Daten<\/h3>\n<p>Wenn Sie die oben generierten Daten f\u00fcr <strong>Device ID<\/strong>, <strong>Nework Session Key<\/strong> und <strong>Application Session Key<\/strong> in der Webkonfiguration des LoRa Bootsmonitors eingegeben haben und das Ger\u00e4t resetten, sollten Sie \u00fcbermittelte LoRa-Daten sehen, wenn Sie links auf <strong>Live Data<\/strong> gehen. Die ankommenden Daten werden dann chronologisch angezeigt und Sie sehen die vom Payload Formatter dekodierten LoRa-Daten im Klartext. Je nach eingestellter Datenrate kommen regelm\u00e4\u00dfig Daten im TTN-Netzwerk an.<\/p>\n<p><a href=\"https:\/\/open-boat-projects.org\/wp-content\/uploads\/2023\/03\/Live_Data.png\"><img loading=\"lazy\" decoding=\"async\" class=\"alignnone wp-image-4778 size-medium\" src=\"https:\/\/open-boat-projects.org\/wp-content\/uploads\/2023\/03\/Live_Data-300x158.png\" alt=\"\" width=\"300\" height=\"158\" srcset=\"https:\/\/open-boat-projects.org\/wp-content\/uploads\/2023\/03\/Live_Data-300x158.png 300w, https:\/\/open-boat-projects.org\/wp-content\/uploads\/2023\/03\/Live_Data-1024x539.png 1024w, https:\/\/open-boat-projects.org\/wp-content\/uploads\/2023\/03\/Live_Data-768x404.png 768w, https:\/\/open-boat-projects.org\/wp-content\/uploads\/2023\/03\/Live_Data-1536x809.png 1536w, https:\/\/open-boat-projects.org\/wp-content\/uploads\/2023\/03\/Live_Data-18x9.png 18w, https:\/\/open-boat-projects.org\/wp-content\/uploads\/2023\/03\/Live_Data.png 1909w\" sizes=\"auto, (max-width: 300px) 100vw, 300px\" \/><\/a><\/p>\n<p>Abb.: Live Data des LoRa Device<\/p>\n","protected":false},"excerpt":{"rendered":"<p>Damit Daten im LoRa TTN V3 Netzwerk verarbeitet werden k\u00f6nnen, muss als erstes eine Applikation erstellt werden. Anschlie\u00dfend wird der LoRa-Bootsmonitor als neues Device angelegt, dann der Applikation zugeordnet und noch ein Payload Decoder eingetragen. Diese Anleitung beschreibt wie man vorgehen muss. Applikation erstellen Als erstes erstellt man einen neuen Account im LoRa TTN Netzwerk.&hellip; <a href=\"https:\/\/open-boat-projects.org\/de\/applikation-device-und-payload-formatter-bei-ttn-v3\/\" class=\"more-link\">Weiterlesen <span class=\"screen-reader-text\">Applikation, Device und Payload Formatter bei TTN V3<\/span><\/a><\/p>\n","protected":false},"author":2,"featured_media":0,"parent":0,"menu_order":0,"comment_status":"closed","ping_status":"closed","template":"","meta":{"footnotes":""},"categories":[],"tags":[],"class_list":["post-3821","page","type-page","status-publish","hentry"],"_links":{"self":[{"href":"https:\/\/open-boat-projects.org\/de\/wp-json\/wp\/v2\/pages\/3821","targetHints":{"allow":["GET"]}}],"collection":[{"href":"https:\/\/open-boat-projects.org\/de\/wp-json\/wp\/v2\/pages"}],"about":[{"href":"https:\/\/open-boat-projects.org\/de\/wp-json\/wp\/v2\/types\/page"}],"author":[{"embeddable":true,"href":"https:\/\/open-boat-projects.org\/de\/wp-json\/wp\/v2\/users\/2"}],"replies":[{"embeddable":true,"href":"https:\/\/open-boat-projects.org\/de\/wp-json\/wp\/v2\/comments?post=3821"}],"version-history":[{"count":12,"href":"https:\/\/open-boat-projects.org\/de\/wp-json\/wp\/v2\/pages\/3821\/revisions"}],"predecessor-version":[{"id":5265,"href":"https:\/\/open-boat-projects.org\/de\/wp-json\/wp\/v2\/pages\/3821\/revisions\/5265"}],"wp:attachment":[{"href":"https:\/\/open-boat-projects.org\/de\/wp-json\/wp\/v2\/media?parent=3821"}],"wp:term":[{"taxonomy":"category","embeddable":true,"href":"https:\/\/open-boat-projects.org\/de\/wp-json\/wp\/v2\/categories?post=3821"},{"taxonomy":"post_tag","embeddable":true,"href":"https:\/\/open-boat-projects.org\/de\/wp-json\/wp\/v2\/tags?post=3821"}],"curies":[{"name":"wp","href":"https:\/\/api.w.org\/{rel}","templated":true}]}}