{"id":3539,"date":"2022-10-31T14:31:53","date_gmt":"2022-10-31T14:31:53","guid":{"rendered":"https:\/\/open-boat-projects.org\/?page_id=3539"},"modified":"2023-02-12T10:37:51","modified_gmt":"2023-02-12T10:37:51","slug":"nmea2k-wlan-bridge-eine-marktuebersicht","status":"publish","type":"page","link":"https:\/\/open-boat-projects.org\/de\/nmea2k-wlan-bridge-eine-marktuebersicht\/","title":{"rendered":"NMEA2000 WiFi Bridge &#8211; Eine Markt\u00fcbersicht"},"content":{"rendered":"<p>Ich besitze noch keines der Ger\u00e4te und habe auch keines selbst getestet. Die hier aufgelisteten Features sind Herstellerangaben. Entstanden ist der Anfang der \u00dcbersicht im <a href=\"https:\/\/www.segeln-forum.de\/thread\/85229-nmea2k-wlan-bridge-markt%C3%BCbersicht\/?postID=2449065#post2449065\">segeln-forum.<\/a><\/p>\n<p>Leider k\u00f6nnen dort Posts irgendwann nicht mehr weiter bearbeitet werden. Erg\u00e4nzungen, Verbesserungen, Anmerkungen, Erfahrungsberichte etc. k\u00f6nnen im Forum gepostet werden. Ich versuche, die dann hier zu erg\u00e4nzen.<\/p>\n<h3>Actisense W2K-1<\/h3>\n<ul>\n<li>nmea2000 &lt;-&gt; nmea0183 Gateway: nur per Wi-Fi<\/li>\n<li>Gateway f\u00fcr weitere Sensoren: nein<\/li>\n<li>eigenes WLAN: ja<\/li>\n<li>Client in existierendem WLAN: ja<\/li>\n<li>Protokolle: NMEA 0183, Raw CAN, NMEA 2000 \u00fcber TCP &amp; UDP<\/li>\n<li>Wi-Fi-Standard: IEEE 802.11 b\/g\/n<\/li>\n<li>Voyaga data recording: 8GB SD-Card dabei<\/li>\n<li>USB-Interface: Nein.<\/li>\n<li>Erfahrungen mit Support?<\/li>\n<li>Erfahrungen mit Haltbarkeit:\n<ul>\n<li>Kaputt nach 3 Monaten bei mxs33<\/li>\n<\/ul>\n<\/li>\n<li>Preis: ca. 250,-<\/li>\n<\/ul>\n<h3>YachtD NMEA 2000 Wi-Fi Gateway YDWG-02<\/h3>\n<p><a href=\"https:\/\/www.yachtd.com\/products\/wifi_gateway.html\" target=\"_blank\" rel=\"noopener\">https:\/\/www.yachtd.com\/products\/wifi_gateway.html<\/a><\/p>\n<p><a href=\"https:\/\/yachtdevicesus.comVYacht Router\/products\/nmea-2000-bridge-ydnb-07\" target=\"_blank\" rel=\"noopener\">https:\/\/yachtdevicesus.comVYacht Router\/products\/nmea-2000-bridge-ydnb-07<\/a> (das hier wohl nur deren US-Shop)<\/p>\n<ul>\n<li>nmea2000 &lt;-&gt; nmea0183 Gateway: nur per Wi-Fi<\/li>\n<li>Gateway f\u00fcr weitere Sensoren: nein<\/li>\n<li>eigenes WLAN: ja<\/li>\n<li>Client in existierendem WLAN: ja<\/li>\n<li>Protokolle: NMEA 0183, Raw CAN, NMEA 2000 \u00fcber TCP &amp; UDP<\/li>\n<li>Wi-Fi-Standard: IEEE 802.11 b\/g\/n<\/li>\n<li>Voyaga data recording: Nein. Logs k\u00f6nnen per HTTP gestreamt werden zu Diagnosezwecken.<\/li>\n<li>USB-Interface: Nein.<\/li>\n<li>Erfahrungen mit Support?<\/li>\n<li>Erfahrungen mit Haltbarkeit: ?<\/li>\n<li>Preis: ca. 190,-<\/li>\n<\/ul>\n<h3>Quark-Elec QK-A032<\/h3>\n<p><a href=\"https:\/\/www.quark-elec.com\/product\/qk-a032-nmea-2000-0183-bi-directional-gateway-wifi\/\" target=\"_blank\" rel=\"noopener\">https:\/\/www.quark-elec.com\/product\/qk-a032-nmea-2000-0183-bi-directional-gateway-wifi\/<\/a> (und mehrere andere Produkte mit mehr Features)<\/p>\n<ul>\n<li>nmea2000 &lt;-&gt; nmea0183 Gateway: ein nmea0183-Anschluss, bidirektional, Optokoppler. Per nmea0183-Multiplexer k\u00f6nnen mehr nmea0183-Ger\u00e4te angeschlossen werden.<\/li>\n<li>Gateway f\u00fcr weitere Sensoren: nein<\/li>\n<li>eigenes WLAN: ja<\/li>\n<li>Client in existierendem WLAN: ja<\/li>\n<li>Protokolle: NMEA 0183, Raw PCDIN (nmea 2000)<\/li>\n<li>Wi-Fi-Standard: IEEE 802.11 b\/g\/nhttps:\/\/www.segeln-forum.de\/thread\/85229-nmea2k-wlan-bridge-markt%C3%BCbersicht\/?postID=2449065#post2449065<\/li>\n<li>Voyaga data recording: Nein. (s.u.)<\/li>\n<li>USB-Interface: Ja.<\/li>\n<li>Erfahrungen mit Support?<\/li>\n<li>Erfahrungen mit Haltbarkeit: ?<\/li>\n<li>Preis: ca. 140,-<\/li>\n<li>Sonstiges:\n<ul>\n<li>AIS-Nachrichten werden mit\u00fcbertragen.<\/li>\n<li>Konfigurations-Tool f\u00fcr Windows (nmea 0183 Baud Settings und Wifi Settings). Unklar, ob dieses Tool zwingend n\u00f6tig ist.<\/li>\n<li>Firmware-Update per USB mit Windows-Tool. Daf\u00fcr muss das Ger\u00e4t das einzige Ger\u00e4t am nmea 2000 Backbone sein.<\/li>\n<\/ul>\n<\/li>\n<li>Weitere Modelle:\n<ul>\n<li>QK-A036 (ca. 200,-) mit &#8222;VDR&#8220; (Vessel Data Recorder) und eine 16GB SD-Karte<\/li>\n<li>QK-A026-plus (ca. 280,-) mit AIS-Empf\u00e4nger und GPS<\/li>\n<\/ul>\n<\/li>\n<\/ul>\n<h3>iKommunicate<\/h3>\n<p><a href=\"http:\/\/ikommunicate.com\/\">iKommunicate \u2013 The Gateway to Signal K<\/a><\/p>\n<p>Der passt hier _eigentlich_ nicht so richtig rein,weil er kein eigenes WLAN aufmachen kann.<\/p>\n<ul>\n<li>3 x Opto-isolierte MNEA0183-Eing\u00e4nge &amp; 2 Ausg\u00e4nge, MNEA2000-Anschluss, Ethernet<\/li>\n<li>Gateway f\u00fcr weitere Sensoren: nein<\/li>\n<li>eigenes WLAN: nein<\/li>\n<li>Client in existierendem WLAN: nein<\/li>\n<li>Protokolle: SignalK, NMEA???? over TCP &amp; UDP<\/li>\n<li>Wi-Fi-Standard: keiner<\/li>\n<li>Voyaga data recording: Nein.<\/li>\n<li>USB-Interface: Nein.<\/li>\n<li>Ethernet: Ja.<\/li>\n<li>Erfahrungen mit Support?<\/li>\n<li>Erfahrungen mit Haltbarkeit: ?<\/li>\n<li>Preis: ca. 300,-<\/li>\n<li>Sonstiges:\n<ul>\n<li>Webserver f\u00fcr fertige &amp; eigene Instrumenten-Panels.<\/li>\n<\/ul>\n<\/li>\n<\/ul>\n<h3>VYacht Router<\/h3>\n<p>WiFi NMEA2000\/0183\/Seatalk Router<\/p>\n<p><a href=\"http:\/\/vyacht.net\/opencart\/n2k-wifi\" target=\"_blank\" rel=\"noopener\">http:\/\/vyacht.net\/opencart\/n2k-wifi<\/a><\/p>\n<ul>\n<li>nmea2000 &lt;-&gt; nmea0183 Gateway: 1 x NMEA2000 + 4 x NMEA0183 oder 3 x MNEA0183 + Seatalk<\/li>\n<li>Gateway f\u00fcr weitere Sensoren: nein<\/li>\n<li>eigenes WLAN: ja<\/li>\n<li>Client in existierendem WLAN: ja<\/li>\n<li>Protokolle: NMEA 0183 &amp; NMEA2000 \u00fcber TCP &amp; UDP, SignalK.<\/li>\n<li>Wi-Fi-Standard: IEEE 802.11 b\/g\/n<\/li>\n<li>Ethernet: Nein.<\/li>\n<li>USB-Interface: Nein.<\/li>\n<li>Erfahrungen mit Support?<\/li>\n<li>Erfahrungen mit Haltbarkeit: ?<\/li>\n<li>Preis: ca. 200,-<\/li>\n<li>Sonstiges:\n<ul>\n<li>Open Source Software (nicht mehr aktiv entwickelt? https:\/\/github.com\/vyacht)<\/li>\n<\/ul>\n<\/li>\n<\/ul>\n<h3>Seasmart Wireless NMEA 2000 Protocol Gateway<\/h3>\n<p><a href=\"http:\/\/seasmart.net\/marine-wireless-networking-wifi.html\" target=\"_blank\" rel=\"noopener\">http:\/\/seasmart.net\/marine-wireless-networking-wifi.html<\/a><\/p>\n<ul>\n<li>nmea2000 &lt;-&gt; nmea0183 Gateway: nur per Wi-Fi<\/li>\n<li>Gateway f\u00fcr weitere Sensoren: nein<\/li>\n<li>eigenes WLAN: ja<\/li>\n<li>Client in existierendem WLAN: ja<\/li>\n<li>Protokolle: NMEA 0183, Raw CAN, NMEA 2000 \u00fcber TCP &amp; UDP<\/li>\n<li>Wi-Fi-Standard: IEEE 802.11 b\/g\/n<\/li>\n<li>Webinterface<\/li>\n<li>USB-Interface: Ja.<\/li>\n<li>Ethernet: Ja.<\/li>\n<li>Erfahrungen mit Support?<\/li>\n<li>Erfahrungen mit Haltbarkeit: ?<\/li>\n<li>Preis: ca. ???,- Verf\u00fcgbarkeit: ???<\/li>\n<\/ul>\n<h3>Shipmodul NMEA-Multiplexer MiniPlex-3Wi-N2K<\/h3>\n<p><a href=\"https:\/\/www.pronautics.shop\/hersteller\/shipmodul\/nmea-multiplexer\/shipmodul-nmea-multiplexer-miniplex-3wi-n2k\" target=\"_blank\" rel=\"noopener\">https:\/\/www.pronautics.shop\/hersteller\/shipmodul\/nmea-multiplexer\/shipmodul-nmea-multiplexer-miniplex-3wi-n2k<\/a> (auf diesen Shop verlinken sie)<\/p>\n<ul>\n<li>nmea2000 &lt;-&gt; nmea0183 (4 Sender, 8 Empf\u00e4nger)<\/li>\n<li>Gateway f\u00fcr weitere Sensoren: nein<\/li>\n<li>eigenes WLAN: ja<\/li>\n<li>Client in existierendem WLAN: ja<\/li>\n<li>Protokolle: NMEA 0183, NMEA 2000, Seatalk, Saetalk-NG, Simnet<\/li>\n<li>Wi-Fi-Standard: IEEE 802.11 b\/g\/n<\/li>\n<li>USB-Interface: Ja.<\/li>\n<li>Ethernet: Nein.<\/li>\n<li>Konfigurationssoftware: Windows, OSX.<\/li>\n<li>Erfahrungen mit Support?<\/li>\n<li>Erfahrungen mit Haltbarkeit: ?<\/li>\n<li>Preis: ca. 480,-<\/li>\n<li>Sonstiges:\n<ul>\n<li>Frei definierbare Filter und Routes f\u00fcr die GatewayFunktionen<\/li>\n<li>Konvertierung f\u00fcr Daten (z.B.scheinbarer\/wahrer Wind)<\/li>\n<li>Priorisierung<\/li>\n<\/ul>\n<\/li>\n<\/ul>\n","protected":false},"excerpt":{"rendered":"<p>Ich besitze noch keines der Ger\u00e4te und habe auch keines selbst getestet. Die hier aufgelisteten Features sind Herstellerangaben. Entstanden ist der Anfang der \u00dcbersicht im segeln-forum. Leider k\u00f6nnen dort Posts irgendwann nicht mehr weiter bearbeitet werden. Erg\u00e4nzungen, Verbesserungen, Anmerkungen, Erfahrungsberichte etc. k\u00f6nnen im Forum gepostet werden. Ich versuche, die dann hier zu erg\u00e4nzen. Actisense W2K-1&hellip; <a href=\"https:\/\/open-boat-projects.org\/de\/nmea2k-wlan-bridge-eine-marktuebersicht\/\" class=\"more-link\">Weiterlesen <span class=\"screen-reader-text\">NMEA2000 WiFi Bridge &#8211; Eine Markt\u00fcbersicht<\/span><\/a><\/p>\n","protected":false},"author":17,"featured_media":0,"parent":0,"menu_order":0,"comment_status":"closed","ping_status":"closed","template":"","meta":{"footnotes":""},"categories":[37],"tags":[],"class_list":["post-3539","page","type-page","status-publish","hentry","category-projects"],"_links":{"self":[{"href":"https:\/\/open-boat-projects.org\/de\/wp-json\/wp\/v2\/pages\/3539","targetHints":{"allow":["GET"]}}],"collection":[{"href":"https:\/\/open-boat-projects.org\/de\/wp-json\/wp\/v2\/pages"}],"about":[{"href":"https:\/\/open-boat-projects.org\/de\/wp-json\/wp\/v2\/types\/page"}],"author":[{"embeddable":true,"href":"https:\/\/open-boat-projects.org\/de\/wp-json\/wp\/v2\/users\/17"}],"replies":[{"embeddable":true,"href":"https:\/\/open-boat-projects.org\/de\/wp-json\/wp\/v2\/comments?post=3539"}],"version-history":[{"count":8,"href":"https:\/\/open-boat-projects.org\/de\/wp-json\/wp\/v2\/pages\/3539\/revisions"}],"predecessor-version":[{"id":4334,"href":"https:\/\/open-boat-projects.org\/de\/wp-json\/wp\/v2\/pages\/3539\/revisions\/4334"}],"wp:attachment":[{"href":"https:\/\/open-boat-projects.org\/de\/wp-json\/wp\/v2\/media?parent=3539"}],"wp:term":[{"taxonomy":"category","embeddable":true,"href":"https:\/\/open-boat-projects.org\/de\/wp-json\/wp\/v2\/categories?post=3539"},{"taxonomy":"post_tag","embeddable":true,"href":"https:\/\/open-boat-projects.org\/de\/wp-json\/wp\/v2\/tags?post=3539"}],"curies":[{"name":"wp","href":"https:\/\/api.w.org\/{rel}","templated":true}]}}