{"id":3465,"date":"2022-10-14T08:49:02","date_gmt":"2022-10-14T08:49:02","guid":{"rendered":"https:\/\/open-boat-projects.org\/?page_id=3465"},"modified":"2025-11-01T11:48:32","modified_gmt":"2025-11-01T11:48:32","slug":"garmin-usb-card-reader-fuer-bluechart-g1-sticks","status":"publish","type":"page","link":"https:\/\/open-boat-projects.org\/de\/garmin-usb-card-reader-fuer-bluechart-g1-sticks\/","title":{"rendered":"Garmin USB Data Card Programmer f\u00fcr BlueChart G1 Sticks"},"content":{"rendered":"<p><img loading=\"lazy\" decoding=\"async\" class=\"alignnone size-medium wp-image-3469\" src=\"https:\/\/open-boat-projects.org\/wp-content\/uploads\/2022\/10\/Garmin_BlueChart_G1-300x196.png\" alt=\"\" width=\"300\" height=\"196\" srcset=\"https:\/\/open-boat-projects.org\/wp-content\/uploads\/2022\/10\/Garmin_BlueChart_G1-300x196.png 300w, https:\/\/open-boat-projects.org\/wp-content\/uploads\/2022\/10\/Garmin_BlueChart_G1-18x12.png 18w, https:\/\/open-boat-projects.org\/wp-content\/uploads\/2022\/10\/Garmin_BlueChart_G1.png 443w\" sizes=\"auto, (max-width: 300px) 100vw, 300px\" \/><\/p>\n<p>Abb.: Garmin BlueChart G1 Stick<\/p>\n<p>Garmin verwendete f\u00fcr seine alten Plotter einen propriet\u00e4ren Seekarten Speicher-Stick mit dem Namen BlueChart G1. Die Speicher-Sticks gibt es in Gr\u00f6\u00dfen von 8&#8230;512 MB. Der Stick besteht aus zwei Speichermodulen, die \u00fcber eine 16 Bit Datenschnittstelle verf\u00fcgen und mit der Elektronik des Plotters Daten austauschen kann. Garmin bot damals Sticks mit Seekarten an, die nur lesbar waren. Es gab aber auch beschreibbare Speicher-Sticks auf die man selber Seekarten mit Hilfe eines USB-Card Readers und der Windows-Software MapSource \u00fcbertragen konnte. Damit MapSource den USB-Card Readers erkenne kann, werden spezielle Treiber ben\u00f6tigt, die es nur f\u00fcr WinXP und WinVista gibt. Bei neueren Betriebssystemen wie Win7, Win10 oder Win11 funktionieren die alten 32-Bit Treiber nicht mehr und man muss auf eine der beiden alten Betriebssysteme zur\u00fcckgreifen. Eins muss man allerdings beachten. Der Speicher-Stick wird nicht als normales Laufwerk in Windows eingebunden. Zum Datenaustausch ben\u00f6tigt man MapSource.<\/p>\n<p><img loading=\"lazy\" decoding=\"async\" class=\"alignnone size-medium wp-image-3471\" src=\"https:\/\/open-boat-projects.org\/wp-content\/uploads\/2022\/10\/Garmin_USB_Programmer-300x225.jpg\" alt=\"\" width=\"300\" height=\"225\" srcset=\"https:\/\/open-boat-projects.org\/wp-content\/uploads\/2022\/10\/Garmin_USB_Programmer-300x225.jpg 300w, https:\/\/open-boat-projects.org\/wp-content\/uploads\/2022\/10\/Garmin_USB_Programmer-16x12.jpg 16w, https:\/\/open-boat-projects.org\/wp-content\/uploads\/2022\/10\/Garmin_USB_Programmer.jpg 366w\" sizes=\"auto, (max-width: 300px) 100vw, 300px\" \/><\/p>\n<p>Abb.: Garmin USB Data Card Programmer<\/p>\n<p>Die korrekte Installation des Treibers f\u00fcr den USB Data Card Programmer ist etwas fehleranf\u00e4llig, da nacheinander mehrere Treiber in der richtigen Reihenfolge geladen werden m\u00fcssen. Folgende Bedingungen m\u00fcssen erf\u00fcllt sein, damit man den USB Data Card Programmer unter MapSource nutzen kann:<\/p>\n<ul>\n<li>Garmin USB Data Card Programmer (USB 1.0)<\/li>\n<li>Speicher Stick 8&#8230;256 MB (512 MB werden nicht unterst\u00fctzt)<\/li>\n<li>Betriebssystem WinXP mit SP3 oder WinVista<\/li>\n<li>DotNet Framework 3.5<\/li>\n<li>Garmin Treiber Software V2.3.1.2<\/li>\n<li>MapSource V6.1.6.3<\/li>\n<li><span style=\"color: #ff0000;\"><strong>ActivSync muss in Windows deaktiviert sein<\/strong><\/span><\/li>\n<\/ul>\n<h2>Installationsanleitung<\/h2>\n<p>Die Installationsanleitung basiert auf einer \u00fcberarbeiteten Version von <a href=\"http:\/\/www.silvia-kurt.de\/gps\/sp3\/usbcardprogrammer\/usbcardprogrammer.htm\" target=\"_blank\" rel=\"noopener\">dieser Webseite<\/a> von Kurt L\u00f6ffler aus Wien.<\/p>\n<p align=\"left\">Seit Oktober 2015 gibt es den letzten und somit aktuellen Garmin USB Treiber mit der Version 2.3.1.2 und dieser ersetzt alle bisherigen Garmin USB Treiber. Dies ist auch derzeit (Stand Oktober 2022) noch immer der aktuelle Garmin USB Treiber f\u00fcr den Garmin USB Data Card Programmer.<\/p>\n<h3 align=\"left\">Schritt 1<\/h3>\n<p style=\"padding-left: 40px;\" align=\"left\">Der Garmin USB Treiber kann hier herunter geladen werden:<\/p>\n<p style=\"padding-left: 40px;\" align=\"left\"><a href=\"https:\/\/www8.garmin.com\/support\/download_details.jsp?id=591\" target=\"_blank\" rel=\"noopener\">https:\/\/www8.garmin.com\/support\/download_details.jsp?id=591<\/a><\/p>\n<p style=\"padding-left: 40px;\" align=\"left\">Dieser USB Treiber V2.3.1.2 unterst\u00fctzt auch 64 Bit Betriebssysteme von WinXP und WinVista. <strong><span style=\"color: #ff0000;\">Aber nur f\u00fcr Garmin USB GPS Ger\u00e4te! <\/span><span style=\"color: #ff0000;\">Der\u00a0<\/span><\/strong><strong><span style=\"color: #ff0000;\">USB Data Card Programmer wird nicht von den 64 Bit Betriebssystemen <\/span><span style=\"color: #ff0000;\">unterst\u00fctzt!<\/span><\/strong><\/p>\n<p style=\"padding-left: 40px;\" align=\"left\">USB Treiber V2.3.1.2 herunter laden und auf der Festplatte speichern.<\/p>\n<h3 align=\"left\">Schritt 2<\/h3>\n<p style=\"padding-left: 40px;\" align=\"left\">Garmin USB Treiberinstallation<\/p>\n<p style=\"padding-left: 40px;\" align=\"left\"><strong><span style=\"color: #ff0000;\">Es darf im jetzigen Schritt kein Garmin USB Ger\u00e4t an PC angesteckt sein! <\/span><\/strong><strong><span style=\"color: #ff0000;\">Vor Beginn der Installation des Garmin USB Treiber alle Garmin USB Ger\u00e4te abstecken! <\/span><\/strong><strong><span style=\"color: #ff0000;\">Anschlie\u00dfend die .exe Datei doppelt anklicken und den Anweisungen f\u00fcr die Installation befolgen. <\/span><\/strong><strong><span style=\"color: #ff0000;\">Nach erfolgreicher Installation der Garmin USB Treiber unbedingt den PC herunterfahren und abschalten!<\/span><\/strong><\/p>\n<p style=\"padding-left: 40px;\" align=\"left\">Noch mal ganz Wichtig siehe oben:<br \/>\nAls erstes nur die Treiber.exe Datei doppelt anklicken <strong><span style=\"color: #ff0000;\">OHNE<\/span><\/strong> das ein Garmin GPS Ger\u00e4t dabei angesteckt ist!<br \/>\nNach erfolgreicher Treiberinstallation ist erst Schritt 2 abgeschlossen!<\/p>\n<h3 align=\"left\">Schritt 3<\/h3>\n<p style=\"padding-left: 40px;\" align=\"left\">PC wieder neu einschalten und hochfahren und im Schritt 3 der Garmin USB Treiberinstallation fortfahren. Erst jetzt darf der Garmin USB Data Card Programmer erstmalig wieder an einen freien USB Port vom PC angesteckt werden! Es erfolgt sofort vom PC die Meldung &#8222;Neue Hardware&#8220; gefunden und der Ger\u00e4teassistent wird sich \u00f6ffnen und Schritt 3 beginnt.<\/p>\n<p style=\"padding-left: 40px;\" align=\"left\"><img loading=\"lazy\" decoding=\"async\" class=\"alignnone wp-image-3477 size-full\" src=\"https:\/\/open-boat-projects.org\/wp-content\/uploads\/2022\/10\/installassistent001.gif\" alt=\"\" width=\"503\" height=\"392\" \/><\/p>\n<p style=\"padding-left: 40px;\" align=\"left\">Schritt 2 war die Installation vom Garmin USB Treiber <strong><span style=\"color: #ff0000;\">OHNE<\/span><\/strong> das ein Garmin USB Ger\u00e4t angesteckt war. Nach dem du den Garmin USB Data Card Programmer angesteckt hast, wird sich der Hardwareassistent \u00f6ffnen wie oben im Bild zu sehen. Option ausw\u00e4hlen <strong>Software automatisch installieren<\/strong> (1.) und mit <strong>Weiter<\/strong> (2.) zum n\u00e4chsten Fenster.<\/p>\n<p style=\"padding-left: 40px;\" align=\"left\"><img loading=\"lazy\" decoding=\"async\" class=\"alignnone wp-image-3478 size-full\" src=\"https:\/\/open-boat-projects.org\/wp-content\/uploads\/2022\/10\/installassistent002.gif\" alt=\"\" width=\"501\" height=\"392\" \/><\/p>\n<p style=\"padding-left: 40px;\" align=\"left\">Im Bild wird jetzt der zuvor im Schritt 2 installierte USB Treiber f\u00fcr den, jetzt in Schritt 3 angesteckten, Garmin USB Data Card Programmer geladen.<\/p>\n<p style=\"padding-left: 40px;\" align=\"left\"><img loading=\"lazy\" decoding=\"async\" class=\"alignnone wp-image-3479 size-full\" src=\"https:\/\/open-boat-projects.org\/wp-content\/uploads\/2022\/10\/installassistent003.gif\" alt=\"\" width=\"503\" height=\"392\" \/><\/p>\n<p style=\"padding-left: 40px;\" align=\"left\">Am Ende kommt das Fenster das ein Treiber f\u00fcr den Garmin USB Data Card Programmer installiert wurde. Auf <strong>Fertig stellen<\/strong> (1.) klicken!<\/p>\n<p style=\"padding-left: 40px; text-align: left;\" align=\"center\"><strong><span style=\"color: #ff0000;\">!!! Und ab hier beginnen die meisten einen Fehler zu machen !!!<\/span><\/strong><\/p>\n<p style=\"padding-left: 40px;\">Es erscheint nach dem Klicken oben auf <strong>Fertig stellen<\/strong> ganz unten in der Taskleiste von Windows abermals die Info <strong>Neue Hardware<\/strong> gefunden. Bitte unbedingt durchf\u00fchren! Das ist keine Endlosschleife sondern die Fortsetzung der weiteren Installation damit diese vollst\u00e4ndig wird!<\/p>\n<p style=\"padding-left: 40px;\">Das ist kein Fehler! Es wird sich abermals der Hardwareassistent \u00f6ffnen, siehe Bild ganz oben und anzeigen das eine &#8222;neue Hardware&#8220; gefunden wurde! Und hier brechen die meisten leider ab, da sie denken: &#8222;Hab ich doch gerade gemacht&#8220;! Und das ist ein Fehler.<\/p>\n<p style=\"padding-left: 40px;\">Bitte unbedingt noch einmal das ganze Durchlaufen lassen wie in Bild ganz oben beschrieben!!!<br \/>\n<span style=\"color: #ff0000;\"><b>Es kann sein das bis zu DREI MAL (!!!) der Hardwareassistent eine &#8222;Neue Hardware&#8220; meldet!<\/b><\/span><br \/>\nDas ist korrekt so! Es m\u00fcssen zum Teil 3 verschiedene Garmin Treiber geladen werden! Und das passiert jedes mal wenn der Hardwareassistent sich \u00f6ffnet.<\/p>\n<p style=\"padding-left: 40px;\"><span style=\"color: #ff0000;\"><strong>Erst wenn am Ende rechts unten in der Taskleiste von Windos aufleuchtet:<\/strong> <\/span>&#8222;Die neue Hardware wurde installiert und kann jetzt verwendet werden&#8220; &#8211; Erst dann ist die Treiberinstallation <span style=\"color: #ff0000;\"><strong>vollst\u00e4ndig<\/strong><\/span> abgeschlossen f\u00fcr den Garmin USB Data Card Programmer.<\/p>\n<p style=\"padding-left: 40px;\">Also nicht ungeduldig werden und genau schauen was der PC rechts unten schreibt! Sp\u00e4testens nach dem dritten Durchlauf vom Hardwareassistenten kommt die Meldung &#8222;Die neue Hardware wurde installiert und kann jetzt verwendet werden&#8220;. Erst jetzt steht der Garmin USB Data Card Programmer im Programm MapSource zur Verf\u00fcgung und seine Installation ist jetzt korrekt und vollst\u00e4ndig abgeschlossen!<\/p>\n<table style=\"border-collapse: collapse; width: 52.937%; height: 144px;\">\n<tbody>\n<tr style=\"height: 144px;\">\n<td style=\"width: 100%; padding-left: 40px; background-color: #999999; height: 144px;\"><strong>Ein wichtiger Hinweis, da die Frage immer wieder kommt<\/strong><br \/>\nDer Garmin USB-Card Reader wird <strong>nicht<\/strong> <strong>als &#8222;Laufwerk&#8220;<\/strong> am Arbeitsplatz angezeigt! Viele glauben daher das die Installation nicht funktioniert hat, das ist aber ein Irrglaube und falsch. Der Garmin USB-Card Reader erscheint nur im Ger\u00e4temanager! &#8222;Start&#8220;\u00a0 &#8211;\u00a0 &#8222;Systemsteuerung&#8220; &#8211; &#8222;System&#8220; &#8211; dort den Ger\u00e4temanager \u00f6ffnen. Er ist dort als &#8222;Garmin Device&#8220; eingetragen.<img loading=\"lazy\" decoding=\"async\" class=\"alignnone size-medium wp-image-3475\" src=\"https:\/\/open-boat-projects.org\/wp-content\/uploads\/2022\/10\/geraetemanager001-300x283.gif\" alt=\"\" width=\"300\" height=\"283\" srcset=\"https:\/\/open-boat-projects.org\/wp-content\/uploads\/2022\/10\/geraetemanager001-300x283.gif 300w, https:\/\/open-boat-projects.org\/wp-content\/uploads\/2022\/10\/geraetemanager001-13x12.gif 13w\" sizes=\"auto, (max-width: 300px) 100vw, 300px\" \/><\/td>\n<\/tr>\n<\/tbody>\n<\/table>\n<p style=\"padding-left: 40px;\">Auf das Pluszeichen vor <strong>GARMIN Devices<\/strong> klicken. Dann \u00f6ffnet sich der Eintrag vom Garmin USB Data Card Programmer wie oben im Bild im roten Kreis. Diesen Eintrag mit der linken Maustaste anklicken damit er blau markiert wird so wie oben im Bild zu sehen. Den Mauszeiger ebenfalls auf den jetzt blau markierten Eintrag stellen und die rechte Maustaste dr\u00fccken. In dem sich \u00f6ffnenden Kontexmen\u00fc den Eintrag &#8222;Eigenschaften&#8220; ausw\u00e4hlen. Es \u00f6ffnet sich jetzt das Fenster mit den Eigenschaften vom Garmin USB Data Card Programmer.<\/p>\n<p style=\"padding-left: 40px;\"><img loading=\"lazy\" decoding=\"async\" class=\"alignnone wp-image-3476 size-full\" src=\"https:\/\/open-boat-projects.org\/wp-content\/uploads\/2022\/10\/geraetemanager002.gif\" alt=\"\" width=\"404\" height=\"455\" \/><\/p>\n<p style=\"padding-left: 40px;\">Im Register-Tab\u00a0 <strong>Allgemein,<\/strong> siehe Bild oben, wird jetzt der Garmin Data Card Programmer als betriebsbereit angezeigt. Die USB Treiberinstallation war somit erfolgreich. Der Garmin USB Data Card Programmer kann jetzt verwendet werden.<\/p>\n<h2>Schritt 4<\/h2>\n<p style=\"padding-left: 40px;\">Das Programm MapSource kann jetzt gestartet werden. Eine Kartenkachel ausw\u00e4hlen mit dem Werkzeug <strong>Kartenfunktion<\/strong> (das gelbe Polygon) und auf eine Kachel klicken. Diese wird jetzt rosa markiert und der Name der Kachel erscheint links im Register <strong>Karten<\/strong> von MapSource. Jetzt auf <strong>An Ger\u00e4t senden<\/strong> klicken.<\/p>\n<p style=\"padding-left: 40px;\"><img loading=\"lazy\" decoding=\"async\" class=\"alignnone wp-image-3491 size-full\" src=\"https:\/\/open-boat-projects.org\/wp-content\/uploads\/2022\/10\/daten_uebertragen01.gif\" alt=\"\" width=\"565\" height=\"455\" \/><\/p>\n<p style=\"padding-left: 40px;\">Es \u00f6ffnet sich das Fenster in MapSource <strong>An Ger\u00e4t senden<\/strong>, siehe Bild oben. Dann das Auswahlfenster \u00f6ffnen (1.), es \u00f6ffnet sich die Liste (2.) mit den m\u00f6glichen Speicherpl\u00e4tzen am PC. Den Eintrag <strong>USB Programmierger\u00e4t f\u00fcr Speicherkarten<\/strong> (2.) ausw\u00e4hlen, mit der linken Maustaste anklicken damit der Eintrag blau markiert wird, so wie im Bild oben zu sehen. Der Garmin USB Data Card Programmer ist jetzt ausgew\u00e4hlt und durch klicken auf den Button <strong>Senden<\/strong> (3.) beginnt die \u00dcbertragung der Karten auf den Garmin Datenchip.<\/p>\n<p style=\"padding-left: 40px;\"><strong>Anmerkung:<\/strong><br \/>\nIm Bild oben die als <strong>Auswechselbarer Datentr\u00e4ger Laufwerksbuchstaben L bis O<\/strong> gekennzeichneten Ger\u00e4te, sind Kartenleseger\u00e4t im PC f\u00fcr die Speicherkarten der Digitalkamera &#8211; also SD-, CF-, Memorystick-, xD Karte usw usw. Auch hier an dieser Stelle der Hinweis an jene die keine Kartenkacheln auf die SD\/CF Karten usw. angeblich \u00fcbertragen k\u00f6nnen. Die neuen Garmins haben\u00a0 normale SD-Card Speicherkarten. Ihr m\u00fcsst unbedingt, wie im Bild oben dargestellt, das Auswahlfenster \u00f6ffnen und den richtigen Laufwerksbuchstaben (Kartenschacht von eurem Leseger\u00e4t!) aus der Liste ausw\u00e4hlen in welcher die jeweilige Speicherkarte steckt, damit MapSource die Kartenkacheln korrekt \u00fcbertragen kann! Oft wird der Fehler gemacht und es wird ein <strong>Auswechselbarer Datentr\u00e4ger<\/strong> benutzt und gleich auf <strong>Senden<\/strong> geklickt ohne vorher zu schauen ob der richtige Kartenschacht des Leseger\u00e4tes in der Liste ausgew\u00e4hlt wurde!<\/p>\n","protected":false},"excerpt":{"rendered":"<p>Abb.: Garmin BlueChart G1 Stick Garmin verwendete f\u00fcr seine alten Plotter einen propriet\u00e4ren Seekarten Speicher-Stick mit dem Namen BlueChart G1. Die Speicher-Sticks gibt es in Gr\u00f6\u00dfen von 8&#8230;512 MB. Der Stick besteht aus zwei Speichermodulen, die \u00fcber eine 16 Bit Datenschnittstelle verf\u00fcgen und mit der Elektronik des Plotters Daten austauschen kann. Garmin bot damals Sticks&hellip; <a href=\"https:\/\/open-boat-projects.org\/de\/garmin-usb-card-reader-fuer-bluechart-g1-sticks\/\" class=\"more-link\">Weiterlesen <span class=\"screen-reader-text\">Garmin USB Data Card Programmer f\u00fcr BlueChart G1 Sticks<\/span><\/a><\/p>\n","protected":false},"author":2,"featured_media":0,"parent":0,"menu_order":0,"comment_status":"closed","ping_status":"closed","template":"","meta":{"footnotes":""},"categories":[],"tags":[],"class_list":["post-3465","page","type-page","status-publish","hentry"],"_links":{"self":[{"href":"https:\/\/open-boat-projects.org\/de\/wp-json\/wp\/v2\/pages\/3465","targetHints":{"allow":["GET"]}}],"collection":[{"href":"https:\/\/open-boat-projects.org\/de\/wp-json\/wp\/v2\/pages"}],"about":[{"href":"https:\/\/open-boat-projects.org\/de\/wp-json\/wp\/v2\/types\/page"}],"author":[{"embeddable":true,"href":"https:\/\/open-boat-projects.org\/de\/wp-json\/wp\/v2\/users\/2"}],"replies":[{"embeddable":true,"href":"https:\/\/open-boat-projects.org\/de\/wp-json\/wp\/v2\/comments?post=3465"}],"version-history":[{"count":45,"href":"https:\/\/open-boat-projects.org\/de\/wp-json\/wp\/v2\/pages\/3465\/revisions"}],"predecessor-version":[{"id":5581,"href":"https:\/\/open-boat-projects.org\/de\/wp-json\/wp\/v2\/pages\/3465\/revisions\/5581"}],"wp:attachment":[{"href":"https:\/\/open-boat-projects.org\/de\/wp-json\/wp\/v2\/media?parent=3465"}],"wp:term":[{"taxonomy":"category","embeddable":true,"href":"https:\/\/open-boat-projects.org\/de\/wp-json\/wp\/v2\/categories?post=3465"},{"taxonomy":"post_tag","embeddable":true,"href":"https:\/\/open-boat-projects.org\/de\/wp-json\/wp\/v2\/tags?post=3465"}],"curies":[{"name":"wp","href":"https:\/\/api.w.org\/{rel}","templated":true}]}}