{"id":3257,"date":"2022-09-13T07:42:00","date_gmt":"2022-09-13T07:42:00","guid":{"rendered":"https:\/\/open-boat-projects.org\/?page_id=3257"},"modified":"2024-06-20T05:38:29","modified_gmt":"2024-06-20T05:38:29","slug":"offlinekarten-mit-mobac-erstellen","status":"publish","type":"page","link":"https:\/\/open-boat-projects.org\/de\/offlinekarten-mit-mobac-erstellen\/","title":{"rendered":"Offlinekarten mit MOBAC erstellen"},"content":{"rendered":"<p><img loading=\"lazy\" decoding=\"async\" class=\"alignnone size-medium wp-image-3266\" src=\"https:\/\/open-boat-projects.org\/wp-content\/uploads\/2022\/09\/Layer_Selection_3-300x212.png\" alt=\"\" width=\"300\" height=\"212\" srcset=\"https:\/\/open-boat-projects.org\/wp-content\/uploads\/2022\/09\/Layer_Selection_3-300x212.png 300w, https:\/\/open-boat-projects.org\/wp-content\/uploads\/2022\/09\/Layer_Selection_3-18x12.png 18w, https:\/\/open-boat-projects.org\/wp-content\/uploads\/2022\/09\/Layer_Selection_3.png 352w\" sizes=\"auto, (max-width: 300px) 100vw, 300px\" \/><\/p>\n<p>Abb.: Mobile Atlas Creator (MOBAC)<\/p>\n<p><strong>Mob<\/strong>ile <strong>A<\/strong>tlas <strong>C<\/strong>reator (MOBAC) ist ein Java-Open-Source-Programm, das Offline-Karten f\u00fcr verschiedene Navigationsger\u00e4te zur Verf\u00fcgung stellt. Als Quelle f\u00fcr einen Offline-Karten kann Mobile Atlas Creator eine gro\u00dfe Anzahl verschiedener Online-Karten verwenden, wie z B. <a href=\"https:\/\/www.openstreetmap.org\/#map=6\/51.330\/10.453\" target=\"_blank\" rel=\"noopener\">OpenStreetMap<\/a>-basierte Karten und andere Online-Kartenanbieter. Neben reinen Navigationskarten f\u00fcr Fahrzeuge an Land, werden auch Karten f\u00fcr Wasserfahrzeuge angeboten.<\/p>\n<p>Die Online-Karten werden aus Vektordaten erzeugt und enthalten eine Vielzahl an Einzelinformationen. Je nach Zoomstufe der Karte werden eine unterschiedliche Anzahl von Informationen angezeigt. \u00dcbersichtskarten in kleinen Zoomstufen enthalten weniger Details als Detailkarten mit hohen Zoomstufen. Die Zoomstufen sind in verschiedene Layer aufgeteilt (0&#8230;18). F\u00fcr jeden Layer wird eigenes Kartenmaterial in Form von vielen kleinen Bildkacheln (256 x 256 Pixel) bereitgestellt, die auch als Tiles bezeichnet werden. So werden z.B. die Schriftarten und andere Informationen an die jeweilige Aufl\u00f6sung angepasst, damit sie vern\u00fcnftig lesbar sind. Ein Karte besteht aus einem Set von Layern mit unterschiedlichen Zoom-Stufen und jeder Layer wiederum enth\u00e4lt einen Set von Bildkacheln die den Kartenbereich abdecken. \u00dcbersichtskarten mit geringerer Zoomstufe kommen mit weniger Bildkacheln aus als Detailkarten mit hoher Zoomstufe. Insbesondere bei den h\u00f6chsten Zoomstufen werden sehr viele Bildkacheln ben\u00f6tigt, was auch deutlich mehr Speicherplatz beansprucht. Am Ende erh\u00e4lt man eine Rasterkarte bestehend aus vielen Bildkacheln in Form von PNG-Bildern, die aus Vektordaten erzeugt wurden.<\/p>\n<p><img loading=\"lazy\" decoding=\"async\" class=\"alignnone size-medium wp-image-3280\" src=\"https:\/\/open-boat-projects.org\/wp-content\/uploads\/2022\/09\/pyramid-300x294.png\" alt=\"\" width=\"300\" height=\"294\" srcset=\"https:\/\/open-boat-projects.org\/wp-content\/uploads\/2022\/09\/pyramid-300x294.png 300w, https:\/\/open-boat-projects.org\/wp-content\/uploads\/2022\/09\/pyramid-12x12.png 12w, https:\/\/open-boat-projects.org\/wp-content\/uploads\/2022\/09\/pyramid.png 559w\" sizes=\"auto, (max-width: 300px) 100vw, 300px\" \/><\/p>\n<p>Abb.: Zoom-Level-Pyramide mit Kacheln<\/p>\n<p>Mit MOBAC kann man sich Offline-Kartenmaterial\u00a0 in verschiedenen ZoomStufen und f\u00fcr verschiedene Seegebiete anfertigen lassen. Es werden dabei unterschiedliche Kartentypen unterst\u00fctzt. Nachfolgend soll gezeigt werden wie man mit MOBAC Offline-Karten im GEMF-Format f\u00fcr <a href=\"https:\/\/www.wellenvogel.net\/software\/avnav\/docs\/beschreibung.html\" target=\"_blank\" rel=\"noopener\">AVnav<\/a> erstellt. Um die Konfiguration von MOBAC zu vereinfachen wird eine Kartendefinition bereit gestellt, die spezielle und sinnvoll Voreinstellungen zur Kartenerstellung enth\u00e4lt.<\/p>\n<h1>Kartenerstellung<\/h1>\n<h2>Was wird ben\u00f6tigt<\/h2>\n<ul>\n<li>der Mobile Atlas Creator (<a class=\"externalURL\" href=\"https:\/\/sourceforge.net\/projects\/mobac\/files\/Mobile%20Atlas%20Creator\/MOBAC%202.0\/\" target=\"_blank\" rel=\"nofollow noopener noreferrer ugc\">download<\/a>)<\/li>\n<li>Java Runtime Environment Version 11 f\u00fcr Betriebssystem<\/li>\n<li>Die <a href=\"https:\/\/open-boat-projects.org\/wp-content\/uploads\/2022\/09\/wb-osm.zip\">Kartendefinition<\/a><\/li>\n<li>Einstellungen in MOBAC<\/li>\n<li>Internetverbindung zum Download des Kartenmaterials<\/li>\n<\/ul>\n<p>Nachdem der MOBAC herunter geladen und installiert wurde m\u00fcssen noch einige \u00c4nderungen vorgenommen werden.<\/p>\n<ul>\n<li>Die bereitgestellte Kartendefinition <em><strong>wb-osm.xml<\/strong><\/em> aus dem ZIP in das MOBAC <em><strong>.\/mapsources<\/strong><\/em> Verzeichnis kopieren<\/li>\n<li>In der Datei <strong><em>SETTINGS.XML<\/em><\/strong> im Hauptverzeichnis der Installation den Eintrag f\u00fcr &lt;userAgent&gt; \u00e4ndern.<\/li>\n<\/ul>\n<div class=\"codeBox collapsibleBbcode\" data-processed=\"1\">\n<div class=\"codeBoxHeader\">\n<div class=\"codeBoxHeadline\">Code<\/div>\n<\/div>\n<\/div>\n<div class=\"codeBox collapsibleBbcode\" data-processed=\"1\">\n<pre class=\"codeBoxCode collapsibleBbcodeOverflow\"><code><span id=\"codeLine_1_com_woltlab_wbb_post_2443063_71e428\" class=\"codeBoxLine\">&lt;userAgent&gt;\"Mozilla\/5.0 (Windows NT 5.1; rv:31.0) Gecko\/20100101 Firefox\/31.0\"&lt;\/userAgent&gt;<\/span><\/code><\/pre>\n<\/div>\n<h2>Konfiguration<\/h2>\n<p>Als Karte w\u00e4hlen wir jetzt <strong>WB OpenSeaMap<\/strong> aus.<\/p>\n<p><span title=\"pasted-from-clipboard.png\">\u00a0<img loading=\"lazy\" decoding=\"async\" class=\"alignnone wp-image-3263 size-full\" src=\"https:\/\/open-boat-projects.org\/wp-content\/uploads\/2022\/09\/Kartentyp.png\" alt=\"\" width=\"241\" height=\"226\" srcset=\"https:\/\/open-boat-projects.org\/wp-content\/uploads\/2022\/09\/Kartentyp.png 241w, https:\/\/open-boat-projects.org\/wp-content\/uploads\/2022\/09\/Kartentyp-13x12.png 13w\" sizes=\"auto, (max-width: 241px) 100vw, 241px\" \/><\/span><\/p>\n<p>Im Bereich <strong>Atlas Content<\/strong> klicken wir jetzt auf NEU und w\u00e4hlen <strong>osmdroid GEMF<\/strong> als Zielformat aus.<\/p>\n<p>Wir wollen zun\u00e4chst testweise eine kleine \u00dcbersichtskarte erstellen. Dazu w\u00e4hlen wir die <strong>Zoom Level 8, 10, 12<\/strong> aus. F\u00fcr detailliertere Karten k\u00f6nnen sp\u00e4ter die\u00a0 <strong>Zoom Level 8, 10, 12, 14, 16<\/strong> ausgew\u00e4hlt werden. F\u00fcr Zoomstufen kleiner 8 und gr\u00f6\u00dfer 16 liegen kein Seekartenmaterial vor. Damit die Seekarte nicht zu viel Speicherplatz beansprucht, reicht es jeden zweiten Zoom Level auszuw\u00e4hlen. Zwischenstufen werden von AVnav interpoliert.<\/p>\n<p><a href=\"https:\/\/open-boat-projects.org\/wp-content\/uploads\/2022\/09\/Layer_Selection.png\"><img loading=\"lazy\" decoding=\"async\" class=\"alignnone wp-image-3264 size-full\" src=\"https:\/\/open-boat-projects.org\/wp-content\/uploads\/2022\/09\/Layer_Selection.png\" alt=\"\" width=\"352\" height=\"213\" srcset=\"https:\/\/open-boat-projects.org\/wp-content\/uploads\/2022\/09\/Layer_Selection.png 352w, https:\/\/open-boat-projects.org\/wp-content\/uploads\/2022\/09\/Layer_Selection-300x182.png 300w, https:\/\/open-boat-projects.org\/wp-content\/uploads\/2022\/09\/Layer_Selection-18x12.png 18w\" sizes=\"auto, (max-width: 352px) 100vw, 352px\" \/><\/a><\/p>\n<p>Jetzt w\u00e4hlen wir aus dem Hauptmen\u00fc <strong>Selection -&gt; Selection Mode -&gt; Rectangle<\/strong> aus.<\/p>\n<p>Auf der Karte auf den entsprechenden Ausschnitt navigieren und den Zoom Level so einstellen, dass der gew\u00fcnschte Bereich sichtbar ist.<\/p>\n<p>Hier habe ich das f\u00fcr die Niederlande gemacht.<\/p>\n<p><a href=\"https:\/\/open-boat-projects.org\/wp-content\/uploads\/2022\/09\/Layer_Selection_2.png\"><img loading=\"lazy\" decoding=\"async\" class=\"alignnone wp-image-3265 size-full\" src=\"https:\/\/open-boat-projects.org\/wp-content\/uploads\/2022\/09\/Layer_Selection_2.png\" alt=\"\" width=\"352\" height=\"236\" srcset=\"https:\/\/open-boat-projects.org\/wp-content\/uploads\/2022\/09\/Layer_Selection_2.png 352w, https:\/\/open-boat-projects.org\/wp-content\/uploads\/2022\/09\/Layer_Selection_2-300x201.png 300w, https:\/\/open-boat-projects.org\/wp-content\/uploads\/2022\/09\/Layer_Selection_2-18x12.png 18w\" sizes=\"auto, (max-width: 352px) 100vw, 352px\" \/><\/a><\/p>\n<p>Nun markiert man mit der Maus das Rechteck f\u00fcr den Kartenausschnitt, definiert einen Namen und klickt danach auf <strong>Add selection<\/strong>. F\u00fcr erste Tests sollte der Kartenbereich nicht zu gro\u00df gew\u00e4hlt werden, da die Karte unter Umst\u00e4nden sehr viel Speicherplatz ben\u00f6tigt. Wer sich einen \u00dcberblick verschaffen will wie viel Speicherplatz die Karten beanspruchen, kann den <a href=\"http:\/\/tools.geofabrik.de\/calc\/\" target=\"_blank\" rel=\"noopener\">Tile Calculator<\/a> verwenden. Dabei wird schnell deutlich, dass bei hohen Zoomstufen sehr viel Speicherplatz ben\u00f6tigt wird.<\/p>\n<p><span style=\"color: #ff0000;\">F\u00fcr sp\u00e4tere detailliertere Karten sollte zwingend die <strong>Polygonauswahl<\/strong> verwendet werden. So kann man die Kartendaten an die tats\u00e4chlichen Gegebenheiten besser anpassen und muss nicht unn\u00f6tig viele Daten herunterladen. Besonders bei Flussl\u00e4ufen und K\u00fcstenregionen ist das interessant. Die Polygonauswahl begrenzt die Karten auf Gebiete in denen tats\u00e4chlich navigiert wird und schont die Serverkapazit\u00e4ten, die ehrenamtlich und kostenlos bereit gestellt werden, aber im realen Leben bezahlt werden m\u00fcssen. Gehen sie daher sparsam mit der Kartenerstellung um und lassen sich nur die Karten erzeugen die sie auch tats\u00e4chlich ben\u00f6tigen.<br \/>\n<\/span><\/p>\n<p><a href=\"https:\/\/open-boat-projects.org\/wp-content\/uploads\/2022\/09\/Layer_Selection_3.png\"><img loading=\"lazy\" decoding=\"async\" class=\"alignnone wp-image-3266 size-full\" src=\"https:\/\/open-boat-projects.org\/wp-content\/uploads\/2022\/09\/Layer_Selection_3.png\" alt=\"\" width=\"352\" height=\"249\" srcset=\"https:\/\/open-boat-projects.org\/wp-content\/uploads\/2022\/09\/Layer_Selection_3.png 352w, https:\/\/open-boat-projects.org\/wp-content\/uploads\/2022\/09\/Layer_Selection_3-300x212.png 300w, https:\/\/open-boat-projects.org\/wp-content\/uploads\/2022\/09\/Layer_Selection_3-18x12.png 18w\" sizes=\"auto, (max-width: 352px) 100vw, 352px\" \/><\/a><\/p>\n<p>Jetzt kann die Karte schon mit <strong>Create Atlas<\/strong> erstellt werden.<\/p>\n<p>Es \u00f6ffnet sich eine Dialogbox in der der Fortschritt angezeigt wird. Nachdem alle erforderlichen Kacheln geladen wurden wird die Karte erstellt.<\/p>\n<p>Am Ende sieht das f\u00fcr mein Beispiel dann so aus. \u00dcber den Button <strong>Open Atlas Folder<\/strong> kommt ihr direkt zu der generierten Karte.<\/p>\n<p><a href=\"https:\/\/open-boat-projects.org\/wp-content\/uploads\/2022\/09\/Download.png\"><img loading=\"lazy\" decoding=\"async\" class=\"alignnone wp-image-3262 size-full\" src=\"https:\/\/open-boat-projects.org\/wp-content\/uploads\/2022\/09\/Download.png\" alt=\"\" width=\"352\" height=\"248\" srcset=\"https:\/\/open-boat-projects.org\/wp-content\/uploads\/2022\/09\/Download.png 352w, https:\/\/open-boat-projects.org\/wp-content\/uploads\/2022\/09\/Download-300x211.png 300w, https:\/\/open-boat-projects.org\/wp-content\/uploads\/2022\/09\/Download-18x12.png 18w\" sizes=\"auto, (max-width: 352px) 100vw, 352px\" \/><\/a><\/p>\n<p>Die Karte in Form einer *.gemf Datei kann jetzt 1:1 auf das AvNav System kopiert werden. Neben der gemf-Datei sind im Atlas-Verzeichnis auch die MBTiles-Daten zu finden. Es gen\u00fcgt, wenn Sie nur die *.gemf Datei nach AvNav kopieren. Gehen Sie dazu auf die Startseite und dr\u00fccken dann den Knopf mit dem Pfeil nach unten. Danach dr\u00fccken Sie den Kartenknopf. Jetzt k\u00f6nnen Sie \u00fcber den Knopf mit dem Pfeil nach oben Ihre Karte nach AVnav hochladen. Im Anschluss sehen Sie die Karte im Chart Repository.<\/p>\n<p><a href=\"https:\/\/open-boat-projects.org\/wp-content\/uploads\/2023\/07\/Karte_Hochladen.png\"><img loading=\"lazy\" decoding=\"async\" class=\"alignnone wp-image-5079\" src=\"https:\/\/open-boat-projects.org\/wp-content\/uploads\/2023\/07\/Karte_Hochladen-300x169.png\" alt=\"\" width=\"400\" height=\"225\" srcset=\"https:\/\/open-boat-projects.org\/wp-content\/uploads\/2023\/07\/Karte_Hochladen-300x169.png 300w, https:\/\/open-boat-projects.org\/wp-content\/uploads\/2023\/07\/Karte_Hochladen-1024x576.png 1024w, https:\/\/open-boat-projects.org\/wp-content\/uploads\/2023\/07\/Karte_Hochladen-768x432.png 768w, https:\/\/open-boat-projects.org\/wp-content\/uploads\/2023\/07\/Karte_Hochladen-18x10.png 18w, https:\/\/open-boat-projects.org\/wp-content\/uploads\/2023\/07\/Karte_Hochladen.png 1366w\" sizes=\"auto, (max-width: 400px) 100vw, 400px\" \/><\/a><\/p>\n","protected":false},"excerpt":{"rendered":"<p>Abb.: Mobile Atlas Creator (MOBAC) Mobile Atlas Creator (MOBAC) ist ein Java-Open-Source-Programm, das Offline-Karten f\u00fcr verschiedene Navigationsger\u00e4te zur Verf\u00fcgung stellt. Als Quelle f\u00fcr einen Offline-Karten kann Mobile Atlas Creator eine gro\u00dfe Anzahl verschiedener Online-Karten verwenden, wie z B. OpenStreetMap-basierte Karten und andere Online-Kartenanbieter. Neben reinen Navigationskarten f\u00fcr Fahrzeuge an Land, werden auch Karten f\u00fcr Wasserfahrzeuge&hellip; <a href=\"https:\/\/open-boat-projects.org\/de\/offlinekarten-mit-mobac-erstellen\/\" class=\"more-link\">Weiterlesen <span class=\"screen-reader-text\">Offlinekarten mit MOBAC erstellen<\/span><\/a><\/p>\n","protected":false},"author":2,"featured_media":0,"parent":0,"menu_order":0,"comment_status":"closed","ping_status":"closed","template":"","meta":{"footnotes":""},"categories":[41,39],"tags":[],"class_list":["post-3257","page","type-page","status-publish","hentry","category-opendata","category-opensource"],"_links":{"self":[{"href":"https:\/\/open-boat-projects.org\/de\/wp-json\/wp\/v2\/pages\/3257","targetHints":{"allow":["GET"]}}],"collection":[{"href":"https:\/\/open-boat-projects.org\/de\/wp-json\/wp\/v2\/pages"}],"about":[{"href":"https:\/\/open-boat-projects.org\/de\/wp-json\/wp\/v2\/types\/page"}],"author":[{"embeddable":true,"href":"https:\/\/open-boat-projects.org\/de\/wp-json\/wp\/v2\/users\/2"}],"replies":[{"embeddable":true,"href":"https:\/\/open-boat-projects.org\/de\/wp-json\/wp\/v2\/comments?post=3257"}],"version-history":[{"count":31,"href":"https:\/\/open-boat-projects.org\/de\/wp-json\/wp\/v2\/pages\/3257\/revisions"}],"predecessor-version":[{"id":5420,"href":"https:\/\/open-boat-projects.org\/de\/wp-json\/wp\/v2\/pages\/3257\/revisions\/5420"}],"wp:attachment":[{"href":"https:\/\/open-boat-projects.org\/de\/wp-json\/wp\/v2\/media?parent=3257"}],"wp:term":[{"taxonomy":"category","embeddable":true,"href":"https:\/\/open-boat-projects.org\/de\/wp-json\/wp\/v2\/categories?post=3257"},{"taxonomy":"post_tag","embeddable":true,"href":"https:\/\/open-boat-projects.org\/de\/wp-json\/wp\/v2\/tags?post=3257"}],"curies":[{"name":"wp","href":"https:\/\/api.w.org\/{rel}","templated":true}]}}