{"id":3034,"date":"2022-05-11T13:01:00","date_gmt":"2022-05-11T13:01:00","guid":{"rendered":"https:\/\/open-boat-projects.org\/?page_id=3034"},"modified":"2022-05-11T13:01:00","modified_gmt":"2022-05-11T13:01:00","slug":"sail-instrument-plugin-fuer-avnav","status":"publish","type":"page","link":"https:\/\/open-boat-projects.org\/de\/sail-instrument-plugin-fuer-avnav\/","title":{"rendered":"Sail Instrument Plugin f\u00fcr AVnav"},"content":{"rendered":"<p>Die Idee dieses AVnav-Plugins ist es, ein Instrument anzuzeigen, das alle grundlegenden Informationen enth\u00e4lt, die zum Segeln ben\u00f6tigt werden. Mit der M\u00f6glichkeit dieses Display direkt auf der Karte an der Bootsposition einzublenden hat der Segler alle Informationen im Blick. Die Laylines informieren Sie \u00fcber die schnellste Peilung zu einem Wegpunkt gegen den Wind, und wenn sie auf der Karte angezeigt werden, k\u00f6nnen Sie diesen Linien folgen.<\/p>\n<p>Wer wissen will was Laylines sind, kann hier einige Infos dazu finden:<\/p>\n<p><a href=\"https:\/\/www.blauwasser.de\/navigation\/app-sailsteer-bandg\" target=\"_blank\" rel=\"noopener\">https:\/\/www.blauwasser.de\/navigation\/app-sailsteer-bandg<\/a><\/p>\n<p><a href=\"https:\/\/www.bandg.com\/de-de\/blog\/sailsteer-with-mark-chisnell\/\" target=\"_blank\" rel=\"noopener\">https:\/\/www.bandg.com\/de-de\/blog\/sailsteer-with-mark-chisnell\/<\/a><\/p>\n<p><img loading=\"lazy\" decoding=\"async\" class=\"alignnone wp-image-3035\" src=\"https:\/\/open-boat-projects.org\/wp-content\/uploads\/2022\/05\/Sail_Instrument-300x169.png\" alt=\"\" width=\"600\" height=\"338\" srcset=\"https:\/\/open-boat-projects.org\/wp-content\/uploads\/2022\/05\/Sail_Instrument-300x169.png 300w, https:\/\/open-boat-projects.org\/wp-content\/uploads\/2022\/05\/Sail_Instrument-1024x576.png 1024w, https:\/\/open-boat-projects.org\/wp-content\/uploads\/2022\/05\/Sail_Instrument-768x432.png 768w, https:\/\/open-boat-projects.org\/wp-content\/uploads\/2022\/05\/Sail_Instrument-1536x864.png 1536w, https:\/\/open-boat-projects.org\/wp-content\/uploads\/2022\/05\/Sail_Instrument-18x10.png 18w, https:\/\/open-boat-projects.org\/wp-content\/uploads\/2022\/05\/Sail_Instrument.png 1920w\" sizes=\"auto, (max-width: 600px) 100vw, 600px\" \/><\/p>\n<p>Abb: Sail Instrument Plugin f\u00fcr AV nav<\/p>\n<p>Die Inspiration zum Instrument basiert auf dem B&amp;Gs Sailsteer Instrument. Zum Sail Instrument gibt es bei GitHub ein Projekt wo man alle wichtigen Informationen zum Plugin finden kann.<\/p>\n<p><a href=\"https:\/\/github.com\/kdschmidt1\/Sail_Instrument\" target=\"_blank\" rel=\"noopener\">https:\/\/github.com\/kdschmidt1\/Sail_Instrument<\/a><\/p>\n<p>&nbsp;<\/p>\n<p>&nbsp;<\/p>\n","protected":false},"excerpt":{"rendered":"<p>Die Idee dieses AVnav-Plugins ist es, ein Instrument anzuzeigen, das alle grundlegenden Informationen enth\u00e4lt, die zum Segeln ben\u00f6tigt werden. Mit der M\u00f6glichkeit dieses Display direkt auf der Karte an der Bootsposition einzublenden hat der Segler alle Informationen im Blick. Die Laylines informieren Sie \u00fcber die schnellste Peilung zu einem Wegpunkt gegen den Wind, und wenn&hellip; <a href=\"https:\/\/open-boat-projects.org\/de\/sail-instrument-plugin-fuer-avnav\/\" class=\"more-link\">Weiterlesen <span class=\"screen-reader-text\">Sail Instrument Plugin f\u00fcr AVnav<\/span><\/a><\/p>\n","protected":false},"author":2,"featured_media":0,"parent":0,"menu_order":0,"comment_status":"closed","ping_status":"closed","template":"","meta":{"footnotes":""},"categories":[41,39],"tags":[],"class_list":["post-3034","page","type-page","status-publish","hentry","category-opendata","category-opensource"],"_links":{"self":[{"href":"https:\/\/open-boat-projects.org\/de\/wp-json\/wp\/v2\/pages\/3034","targetHints":{"allow":["GET"]}}],"collection":[{"href":"https:\/\/open-boat-projects.org\/de\/wp-json\/wp\/v2\/pages"}],"about":[{"href":"https:\/\/open-boat-projects.org\/de\/wp-json\/wp\/v2\/types\/page"}],"author":[{"embeddable":true,"href":"https:\/\/open-boat-projects.org\/de\/wp-json\/wp\/v2\/users\/2"}],"replies":[{"embeddable":true,"href":"https:\/\/open-boat-projects.org\/de\/wp-json\/wp\/v2\/comments?post=3034"}],"version-history":[{"count":2,"href":"https:\/\/open-boat-projects.org\/de\/wp-json\/wp\/v2\/pages\/3034\/revisions"}],"predecessor-version":[{"id":3037,"href":"https:\/\/open-boat-projects.org\/de\/wp-json\/wp\/v2\/pages\/3034\/revisions\/3037"}],"wp:attachment":[{"href":"https:\/\/open-boat-projects.org\/de\/wp-json\/wp\/v2\/media?parent=3034"}],"wp:term":[{"taxonomy":"category","embeddable":true,"href":"https:\/\/open-boat-projects.org\/de\/wp-json\/wp\/v2\/categories?post=3034"},{"taxonomy":"post_tag","embeddable":true,"href":"https:\/\/open-boat-projects.org\/de\/wp-json\/wp\/v2\/tags?post=3034"}],"curies":[{"name":"wp","href":"https:\/\/api.w.org\/{rel}","templated":true}]}}