{"id":2959,"date":"2022-04-20T17:13:46","date_gmt":"2022-04-20T17:13:46","guid":{"rendered":"https:\/\/open-boat-projects.org\/?page_id=2959"},"modified":"2022-08-11T14:54:20","modified_gmt":"2022-08-11T14:54:20","slug":"ankerlicht-automatik-mit-shelly-1","status":"publish","type":"page","link":"https:\/\/open-boat-projects.org\/de\/ankerlicht-automatik-mit-shelly-1\/","title":{"rendered":"Ankerlicht-Automatik mit Shelly 1"},"content":{"rendered":"<p><img loading=\"lazy\" decoding=\"async\" class=\"alignnone size-medium wp-image-2853\" src=\"https:\/\/open-boat-projects.org\/wp-content\/uploads\/2022\/03\/Shelly_1-300x243.png\" alt=\"\" width=\"300\" height=\"243\" srcset=\"https:\/\/open-boat-projects.org\/wp-content\/uploads\/2022\/03\/Shelly_1-300x243.png 300w, https:\/\/open-boat-projects.org\/wp-content\/uploads\/2022\/03\/Shelly_1-15x12.png 15w, https:\/\/open-boat-projects.org\/wp-content\/uploads\/2022\/03\/Shelly_1.png 550w\" sizes=\"auto, (max-width: 300px) 100vw, 300px\" \/><\/p>\n<p>Abb. Shelly 1<\/p>\n<p>Wer ankert ist verpflichtet ein Ankerlicht zu setzen, damit man bei Dunkelheit auf freier Wasserfl\u00e4che erkannt wird. Typischer Weise schaltet man das Licht manuell bei D\u00e4mmerung ein und bei Sonnenaufgang wieder aus. Beim Einschalten hat man kein Problem. Oft vergisst man aber das Ausschalten und das Ankerlicht ist dann dauerhaft an und verbraucht unn\u00f6tig Strom.<\/p>\n<p>Mit einem Shelly 1 kann eine Ankerlicht-Automatik gebaut werden, die das Ankerlicht selbstst\u00e4ndig ein- und ausschalten kann. Dazu bezieht der Shelly die Uhrzeit aus dem Internet und errechnet sich die Sonnenauf- und Untergangszeit und schaltet entsprechend das Ankerlicht. Damit das funktioniert m\u00fcssen folgende Bedingungen erf\u00fcllt sein:<\/p>\n<ul>\n<li>Shelly V1 oder V3 mit original Firmware<\/li>\n<li>Dauerhafte WiFi-Verbindung zum Internet \u00fcber Hafen-WLAN oder mobilem Internet-Router zum Holen der aktuellen Uhrzeit<\/li>\n<li>Dauerhafte Stromversorgung des Shelly 1 mit 12V (0,08W StandBy Relay aus, 0,2W Relais ein)<\/li>\n<li>Verbindung des Schaltkontaktes vom Shelly mit dem Schalter f\u00fcr das Ankerlicht (Parallelschaltung)<\/li>\n<\/ul>\n<p>Das Projekt richtet sich an Laien mit wenig Erfahrung. Der Shelly muss dazu nicht modifiziert oder umgebaut werden. Er wird so benutzt wie man ihn gekauft hat und die Hauptarbeit besteht darin, den Shelly zu konfigurieren und mit der Bootselektrik zu verbinden. In der bestehende Elektrik werden keine gro\u00dfen Umbauten vorgenommen\u00a0 und ein vorhandener Schalter f\u00fcr das Ankerlicht kann weiterhin wie bisher benutzt werden. Die hier vorgestellte Anleitung funktioniert nur f\u00fcr den Shelly 1 V1 und V3. Der Shelly 1 V2 kann nicht genutzt werden, da der Schaltkontakt nicht potenzialfrei ist.<\/p>\n<p>Grunds\u00e4tzlich l\u00e4sst sich der Shelly in zwei Betriebsarten nutzen. Einmal mit Cloud-Anbindung und einmal ohne Cloud-Anbindung. F\u00fcr unser Projekt ist eine Cloud-Anbindung nicht notwendig und die Ankerlicht-Automatik funktioniert auch ohne dem. Wer das Ankerlicht von zu Hause aus \u00fcber das Internet kontrollieren oder schalten m\u00f6chte, kann auch gerne die Cloud benutzen. Wer Spa\u00df daran hat, kann den Shelly1 auch \u00fcber die Cloud mit <span class=\"artbesch\">Amazon Alexa oder Google Home mit Sprachbefehlen steuern. Die nachfolgende Beschreibung zeigt, wie man den Shelly f\u00fcr die Ankerlicht-Automatik herrichten muss.<\/span><\/p>\n<h1>Shelly auf 12V Versorgung einstellen<\/h1>\n<p>Bei Auslieferung ist der Spannungs-Selktor auf 230V AC eingestellt. Wir m\u00fcssen den Jumper entsprechend zum Bild auf die Position f\u00fcr 12V setzen und den Shelly \u00fcber N und L mit 12V versorgen. Aber aufgepasst! N ist nicht gleich Ground sondern 12V, wogenen L Ground ist. Im Mittel verbraucht der Shelly bei nicht angezogenem Relais nur 0,08W. Das funktioniert aber nur, wenn die aktuellste Firmware V<span class=\"fw_version blue\">1.11.8 oder neuer<\/span> installiert und der Eco-Mode aktiviert ist.<\/p>\n<p><img loading=\"lazy\" decoding=\"async\" class=\"alignnone wp-image-2850\" src=\"https:\/\/open-boat-projects.org\/wp-content\/uploads\/2022\/03\/Shelly-1-pins-300x170.png\" alt=\"\" width=\"500\" height=\"284\" srcset=\"https:\/\/open-boat-projects.org\/wp-content\/uploads\/2022\/03\/Shelly-1-pins-300x170.png 300w, https:\/\/open-boat-projects.org\/wp-content\/uploads\/2022\/03\/Shelly-1-pins-768x436.png 768w, https:\/\/open-boat-projects.org\/wp-content\/uploads\/2022\/03\/Shelly-1-pins-18x10.png 18w, https:\/\/open-boat-projects.org\/wp-content\/uploads\/2022\/03\/Shelly-1-pins.png 811w\" sizes=\"auto, (max-width: 500px) 100vw, 500px\" \/><\/p>\n<p>Abb: Bedeutung der Stiftleisten<\/p>\n<p>&nbsp;<\/p>\n<p><img loading=\"lazy\" decoding=\"async\" class=\"alignnone wp-image-2966\" src=\"https:\/\/open-boat-projects.org\/wp-content\/uploads\/2022\/04\/Shelly_12V-300x222.png\" alt=\"\" width=\"400\" height=\"296\" srcset=\"https:\/\/open-boat-projects.org\/wp-content\/uploads\/2022\/04\/Shelly_12V-300x222.png 300w, https:\/\/open-boat-projects.org\/wp-content\/uploads\/2022\/04\/Shelly_12V-16x12.png 16w, https:\/\/open-boat-projects.org\/wp-content\/uploads\/2022\/04\/Shelly_12V.png 466w\" sizes=\"auto, (max-width: 400px) 100vw, 400px\" \/><\/p>\n<p>Abb: Belegung der Versorgungsspannungen f\u00fcr 12V<\/p>\n<p>&nbsp;<\/p>\n<h1>Shelly 1 ins eigene Netzwerk bringen<\/h1>\n<p><span dir=\"ltr\">Wie das im Einzelnen geht, wird in der Shelly<\/span><span dir=\"ltr\">&#8211;<\/span><span dir=\"ltr\">Dokumentation ausreichend gut beschrieben. Eine statische IP-Adresse muss nicht vergeben werden. Das Feld kann deaktiviert bleiben. Wenn ein brauchbares Hafen-WLAN verf\u00fcgbar ist, kann man dessen Login-Daten benutzen. Um die Ankerlichtautomatik auch ortsunabh\u00e4ngig nutzen zu k\u00f6nnen, empfiehlt sich die Anbindung ans Internet \u00fcber einen mobilen UMTS- oder LTE-Router. Alternativ kann auch ein ausgedientes Handy im Hotspot-Mode genutzt werden.<br \/>\n<\/span><\/p>\n<p>&nbsp;<\/p>\n<p><img loading=\"lazy\" decoding=\"async\" class=\"alignnone wp-image-3007\" src=\"https:\/\/open-boat-projects.org\/wp-content\/uploads\/2022\/04\/Shelly_Info-300x152.png\" alt=\"\" width=\"600\" height=\"304\" srcset=\"https:\/\/open-boat-projects.org\/wp-content\/uploads\/2022\/04\/Shelly_Info-300x152.png 300w, https:\/\/open-boat-projects.org\/wp-content\/uploads\/2022\/04\/Shelly_Info-768x389.png 768w, https:\/\/open-boat-projects.org\/wp-content\/uploads\/2022\/04\/Shelly_Info-18x9.png 18w, https:\/\/open-boat-projects.org\/wp-content\/uploads\/2022\/04\/Shelly_Info.png 930w\" sizes=\"auto, (max-width: 600px) 100vw, 600px\" \/><\/p>\n<p>Abb: Startseite<\/p>\n<p><img loading=\"lazy\" decoding=\"async\" class=\"alignnone wp-image-3001\" src=\"https:\/\/open-boat-projects.org\/wp-content\/uploads\/2022\/04\/Internet_Security-300x164.png\" alt=\"\" width=\"600\" height=\"328\" srcset=\"https:\/\/open-boat-projects.org\/wp-content\/uploads\/2022\/04\/Internet_Security-300x164.png 300w, https:\/\/open-boat-projects.org\/wp-content\/uploads\/2022\/04\/Internet_Security-768x419.png 768w, https:\/\/open-boat-projects.org\/wp-content\/uploads\/2022\/04\/Internet_Security-18x10.png 18w, https:\/\/open-boat-projects.org\/wp-content\/uploads\/2022\/04\/Internet_Security.png 881w\" sizes=\"auto, (max-width: 600px) 100vw, 600px\" \/><\/p>\n<p>Abb: Internet &amp; Security Seite<\/p>\n<p><span style=\"color: #ff0000;\"><strong>Achtung!<\/strong> Bei der Eingabe der Netzwerkparameter muss man umsichtig vorgehen. Hat man die WiFi SSID oder das Passwort falsch eingegeben, so sperr man sich aus und hat keine M\u00f6glichkeit mehr sich mit dem Shelly zu verbinden. Ein Hard-Reset auf Werkseinstellungen geht nur \u00fcber eine umst\u00e4ndliche Prozedur. Dazu muss\u00a0 man die Stromversorgung ausschalten und wieder einschalten und dann innerhalb einer Minute 5 x den Schalter am Eingang SW bet\u00e4tigen. Das richtige Timing ist aber Gl\u00fcckssache und ben\u00f6tigt mehrere Versuche bis man erfolgreich ist. Im schlimmsten Fall l\u00e4sst sich der Shelly nicht mehr aktivieren und man muss die Firmware neu flashen. Wie das geht ist in dieser <a style=\"color: #ff0000;\" href=\"https:\/\/www.electronic-research.de\/shelly-richtig-reseten-und-flashen.html\" target=\"_blank\" rel=\"noopener\">Flash-Anleitung<\/a> beschrieben.<\/span><\/p>\n<p>Nachdem der Shelly im Netzwerk mit Internetzugang ist, sollte man die Firmware aktualisieren, da der Shelly schon l\u00e4nger auf dem Markt ist und noch einige Modelle mit alter Firmware angeboten werden. Die neueste Firmware bietet einige Funktionalit\u00e4ten mehr und ist um Fehler bereinigt. Das Firmware-Update kann man unter <em><strong>Settings<\/strong><\/em> <strong><em>-&gt; Firmware Update<\/em><\/strong> vornehmen.<\/p>\n<p><img loading=\"lazy\" decoding=\"async\" class=\"alignnone wp-image-3002\" src=\"https:\/\/open-boat-projects.org\/wp-content\/uploads\/2022\/04\/Firmware_Update-300x146.png\" alt=\"\" width=\"600\" height=\"293\" srcset=\"https:\/\/open-boat-projects.org\/wp-content\/uploads\/2022\/04\/Firmware_Update-300x146.png 300w, https:\/\/open-boat-projects.org\/wp-content\/uploads\/2022\/04\/Firmware_Update-768x375.png 768w, https:\/\/open-boat-projects.org\/wp-content\/uploads\/2022\/04\/Firmware_Update-18x9.png 18w, https:\/\/open-boat-projects.org\/wp-content\/uploads\/2022\/04\/Firmware_Update.png 879w\" sizes=\"auto, (max-width: 600px) 100vw, 600px\" \/><\/p>\n<p>Abb: Firmware-update<\/p>\n<h1>Quelle der Systemzeit einstellen<\/h1>\n<p>Die Uhrzeit wird standardm\u00e4\u00dfig automatisch aus dem Internet geholt und die richtige Zeitzone eingestellt, sofern eine Internetverbindung besteht. Oben rechts auf der Startseite kann \u00fcberpr\u00fcft werden, ob sie Systemzeit korrekt gesetzt ist. Sollte das nicht der Fall sein, so kann man unter <em><strong>Settings<\/strong> <strong>-&gt; Time Zone and Geo-Location<\/strong><\/em> die n\u00f6tigen Einstellungen vornehmen.<\/p>\n<p><img loading=\"lazy\" decoding=\"async\" class=\"alignnone wp-image-3003\" src=\"https:\/\/open-boat-projects.org\/wp-content\/uploads\/2022\/04\/Timezone-300x275.png\" alt=\"\" width=\"600\" height=\"550\" srcset=\"https:\/\/open-boat-projects.org\/wp-content\/uploads\/2022\/04\/Timezone-300x275.png 300w, https:\/\/open-boat-projects.org\/wp-content\/uploads\/2022\/04\/Timezone-768x704.png 768w, https:\/\/open-boat-projects.org\/wp-content\/uploads\/2022\/04\/Timezone-13x12.png 13w, https:\/\/open-boat-projects.org\/wp-content\/uploads\/2022\/04\/Timezone.png 833w\" sizes=\"auto, (max-width: 600px) 100vw, 600px\" \/><\/p>\n<p>Abb. Quelle der Systemzeit einstellen<\/p>\n<p>Der Shelly ben\u00f6tigt nicht dauerhaft eine Internetverbindung, um die Uhrzeit zu aktualisieren. Es reicht aus, einmalig nach dem Start die Systemzeit aus dem Internet zu holen. Ein Hafen-WLAN ist dazu v\u00f6llig ausreichend. Die Uhrzeit l\u00e4uft auch ohne Internet im Shelly weiter. Man sollte aber darauf achten den Shelly nicht ohne Internetverbindung abzuschalten, da sonst beim Neustart die Uhrzeit nicht geholt werden kann und damit die Schaltfunktion nicht mehr korrekt ausgef\u00fchrt werden kann.<\/p>\n<h1>Schaltfunktion einstellen<\/h1>\n<p>\u00dcber die Konfigurationsseite <em><strong>Wekely schedule<\/strong><\/em> kann die Schaltfunktion f\u00fcr das Ankerlicht eingestellt werden. Dazu werden jeweils f\u00fcr das Ein- und Ausschalten ein euer Timer hinzugef\u00fcgt und feste Zeiten gesetzt oder man kann auch als Quelle die Sonnenaufgangs- und Untergangszeit verwenden. das ist sehr praktisch, da sich so automatisch die Schaltzeitpunkte an den tats\u00e4chlichen Sonnenstand anpassen. Wer m\u00f6chte kann die Schaltzeitpunkte noch mit einem Offset individuell ver\u00e4ndern.<\/p>\n<p><img loading=\"lazy\" decoding=\"async\" class=\"alignnone wp-image-3004\" src=\"https:\/\/open-boat-projects.org\/wp-content\/uploads\/2022\/04\/Wekely_schedule-300x181.png\" alt=\"\" width=\"600\" height=\"363\" srcset=\"https:\/\/open-boat-projects.org\/wp-content\/uploads\/2022\/04\/Wekely_schedule-300x181.png 300w, https:\/\/open-boat-projects.org\/wp-content\/uploads\/2022\/04\/Wekely_schedule-768x464.png 768w, https:\/\/open-boat-projects.org\/wp-content\/uploads\/2022\/04\/Wekely_schedule-18x12.png 18w, https:\/\/open-boat-projects.org\/wp-content\/uploads\/2022\/04\/Wekely_schedule.png 882w\" sizes=\"auto, (max-width: 600px) 100vw, 600px\" \/><\/p>\n<p>Abb: Schaltfunktionen f\u00fcr Sonnenuntergang und Sonnenaufgang einstellen<\/p>\n<p><img loading=\"lazy\" decoding=\"async\" class=\"alignnone wp-image-3006\" src=\"https:\/\/open-boat-projects.org\/wp-content\/uploads\/2022\/04\/Sunset-300x261.png\" alt=\"\" width=\"600\" height=\"522\" srcset=\"https:\/\/open-boat-projects.org\/wp-content\/uploads\/2022\/04\/Sunset-300x261.png 300w, https:\/\/open-boat-projects.org\/wp-content\/uploads\/2022\/04\/Sunset-768x668.png 768w, https:\/\/open-boat-projects.org\/wp-content\/uploads\/2022\/04\/Sunset-14x12.png 14w, https:\/\/open-boat-projects.org\/wp-content\/uploads\/2022\/04\/Sunset.png 878w\" sizes=\"auto, (max-width: 600px) 100vw, 600px\" \/><\/p>\n<p>Abb: Einstellungen f\u00fcr Sonnenuntergang<\/p>\n<p><img loading=\"lazy\" decoding=\"async\" class=\"alignnone wp-image-3005\" src=\"https:\/\/open-boat-projects.org\/wp-content\/uploads\/2022\/04\/Sunrise-300x254.png\" alt=\"\" width=\"600\" height=\"508\" srcset=\"https:\/\/open-boat-projects.org\/wp-content\/uploads\/2022\/04\/Sunrise-300x254.png 300w, https:\/\/open-boat-projects.org\/wp-content\/uploads\/2022\/04\/Sunrise-768x650.png 768w, https:\/\/open-boat-projects.org\/wp-content\/uploads\/2022\/04\/Sunrise-14x12.png 14w, https:\/\/open-boat-projects.org\/wp-content\/uploads\/2022\/04\/Sunrise.png 868w\" sizes=\"auto, (max-width: 600px) 100vw, 600px\" \/><\/p>\n<p>Abb: Einstellung f\u00fcr Sonnenaufgang<\/p>\n<h1>Schaltung Ankerlicht-Automatik<\/h1>\n<p>Je nach Art des Internetzugangs f\u00fcr den Shelly muss man die Stromversorgung des Shelly entweder direkt mit dem Hauptschalter verbinden oder kann eine Gruppenschalter an der Schalttafel benutzen wie z.B. den Schalter K\u00fchlschrank. Der potenzialfreie Schaltkontakt vom Shelly wird an der Schalttafel parallel zum Schalter f\u00fcr das Ankerlicht geschaltet. So kann man entweder \u00fcber den Shelly das Ankerlicht schalten oder direkt \u00fcber den Schalter an der Schalttafel, wobei der Schalter der Schalttafel immer Vorrang hat und den Schaltzustand des Shelly \u00fcbersteuern kann. Ein Problem besteht allerdings, wenn der Shelly das Ankerlicht eingeschaltet hat, kann man es mit dem Schalter der Schalttafel nicht ausschalten. Entweder man macht dann den Shelly stromlos oder deaktiviert die Schaltzust\u00e4nde im Shelly.<\/p>\n<p><a href=\"https:\/\/open-boat-projects.org\/wp-content\/uploads\/2022\/04\/Shelly_Ankerlicht_Automatik.png\"><img loading=\"lazy\" decoding=\"async\" class=\"alignnone wp-image-3017\" src=\"https:\/\/open-boat-projects.org\/wp-content\/uploads\/2022\/04\/Shelly_Ankerlicht_Automatik-300x271.png\" alt=\"\" width=\"600\" height=\"541\" srcset=\"https:\/\/open-boat-projects.org\/wp-content\/uploads\/2022\/04\/Shelly_Ankerlicht_Automatik-300x271.png 300w, https:\/\/open-boat-projects.org\/wp-content\/uploads\/2022\/04\/Shelly_Ankerlicht_Automatik-13x12.png 13w, https:\/\/open-boat-projects.org\/wp-content\/uploads\/2022\/04\/Shelly_Ankerlicht_Automatik.png 724w\" sizes=\"auto, (max-width: 600px) 100vw, 600px\" \/><\/a><\/p>\n<p>Abb: Schaltung Ankerlicht-Automatik<\/p>\n<h1>Weiterf\u00fchrende Informationen<\/h1>\n<p>Auf \u00e4hnliche Art lasen sich noch einige andere Funktionen an Bord automatisieren wie z.B. eine Heizung, L\u00fcftung, Batterieladung oder Bilgenentw\u00e4sserung. Wer die Cloud-Anbindung aktiviert hat, kann dann noch zus\u00e4tzlich alle Funktionen remote \u00fcber das Internet steuern und sich ggf. per Mail informieren lassen. F\u00fcr den Shelly 1 findet man bei <a href=\"https:\/\/www.thingiverse.com\/thing:4580102\" target=\"_blank\" rel=\"noopener\">Thingiverse 3D-Druckvorlagen<\/a> f\u00fcr einen Hutschienenhalter. So kann die Installation fachgerecht in einer Unterinstallation erfolgen.<\/p>\n<p><img loading=\"lazy\" decoding=\"async\" class=\"alignnone size-medium wp-image-2992\" src=\"https:\/\/open-boat-projects.org\/wp-content\/uploads\/2022\/04\/Shelly_1_Hutschinenhalter-290x300.png\" alt=\"\" width=\"290\" height=\"300\" srcset=\"https:\/\/open-boat-projects.org\/wp-content\/uploads\/2022\/04\/Shelly_1_Hutschinenhalter-290x300.png 290w, https:\/\/open-boat-projects.org\/wp-content\/uploads\/2022\/04\/Shelly_1_Hutschinenhalter-12x12.png 12w, https:\/\/open-boat-projects.org\/wp-content\/uploads\/2022\/04\/Shelly_1_Hutschinenhalter.png 690w\" sizes=\"auto, (max-width: 290px) 100vw, 290px\" \/> <img loading=\"lazy\" decoding=\"async\" class=\"alignnone wp-image-2993\" src=\"https:\/\/open-boat-projects.org\/wp-content\/uploads\/2022\/04\/Shelly_1_Hutschinenhalter_2-300x269.png\" alt=\"\" width=\"337\" height=\"303\" srcset=\"https:\/\/open-boat-projects.org\/wp-content\/uploads\/2022\/04\/Shelly_1_Hutschinenhalter_2-300x269.png 300w, https:\/\/open-boat-projects.org\/wp-content\/uploads\/2022\/04\/Shelly_1_Hutschinenhalter_2-13x12.png 13w, https:\/\/open-boat-projects.org\/wp-content\/uploads\/2022\/04\/Shelly_1_Hutschinenhalter_2.png 646w\" sizes=\"auto, (max-width: 337px) 100vw, 337px\" \/><\/p>\n<p>Abb: Hutschienenhalter f\u00fcr Shelly 1 mit Temperatur Addon Modul<\/p>\n<p>Hier noch einige Weiterf\u00fchrende Informationen zu Shelly:<\/p>\n<ul>\n<li><a href=\"https:\/\/open-boat-projects.org\/wp-content\/uploads\/2022\/04\/Shelly1_User_Manual.pdf\" target=\"_blank\" rel=\"noopener\">Shelly 1 User Manual<\/a><\/li>\n<li><a href=\"https:\/\/shelly-api-docs.shelly.cloud\/gen1\/#shelly1-shelly1pm\" target=\"_blank\" rel=\"noopener\">Shelly 1 API Referenz<\/a><\/li>\n<li><a href=\"https:\/\/github.com\/arendst\/Tasmota\/issues\/7469\" target=\"_blank\" rel=\"noopener\">Shelly Temperatur Addon (technische Details)<\/a><\/li>\n<\/ul>\n<p>&nbsp;<\/p>\n<p>&nbsp;<\/p>\n","protected":false},"excerpt":{"rendered":"<p>Abb. Shelly 1 Wer ankert ist verpflichtet ein Ankerlicht zu setzen, damit man bei Dunkelheit auf freier Wasserfl\u00e4che erkannt wird. Typischer Weise schaltet man das Licht manuell bei D\u00e4mmerung ein und bei Sonnenaufgang wieder aus. Beim Einschalten hat man kein Problem. Oft vergisst man aber das Ausschalten und das Ankerlicht ist dann dauerhaft an und&hellip; <a href=\"https:\/\/open-boat-projects.org\/de\/ankerlicht-automatik-mit-shelly-1\/\" class=\"more-link\">Weiterlesen <span class=\"screen-reader-text\">Ankerlicht-Automatik mit Shelly 1<\/span><\/a><\/p>\n","protected":false},"author":2,"featured_media":0,"parent":0,"menu_order":0,"comment_status":"closed","ping_status":"closed","template":"","meta":{"footnotes":""},"categories":[40],"tags":[],"class_list":["post-2959","page","type-page","status-publish","hentry","category-openhardware"],"_links":{"self":[{"href":"https:\/\/open-boat-projects.org\/de\/wp-json\/wp\/v2\/pages\/2959","targetHints":{"allow":["GET"]}}],"collection":[{"href":"https:\/\/open-boat-projects.org\/de\/wp-json\/wp\/v2\/pages"}],"about":[{"href":"https:\/\/open-boat-projects.org\/de\/wp-json\/wp\/v2\/types\/page"}],"author":[{"embeddable":true,"href":"https:\/\/open-boat-projects.org\/de\/wp-json\/wp\/v2\/users\/2"}],"replies":[{"embeddable":true,"href":"https:\/\/open-boat-projects.org\/de\/wp-json\/wp\/v2\/comments?post=2959"}],"version-history":[{"count":29,"href":"https:\/\/open-boat-projects.org\/de\/wp-json\/wp\/v2\/pages\/2959\/revisions"}],"predecessor-version":[{"id":3172,"href":"https:\/\/open-boat-projects.org\/de\/wp-json\/wp\/v2\/pages\/2959\/revisions\/3172"}],"wp:attachment":[{"href":"https:\/\/open-boat-projects.org\/de\/wp-json\/wp\/v2\/media?parent=2959"}],"wp:term":[{"taxonomy":"category","embeddable":true,"href":"https:\/\/open-boat-projects.org\/de\/wp-json\/wp\/v2\/categories?post=2959"},{"taxonomy":"post_tag","embeddable":true,"href":"https:\/\/open-boat-projects.org\/de\/wp-json\/wp\/v2\/tags?post=2959"}],"curies":[{"name":"wp","href":"https:\/\/api.w.org\/{rel}","templated":true}]}}