{"id":2667,"date":"2022-01-20T12:51:52","date_gmt":"2022-01-20T12:51:52","guid":{"rendered":"https:\/\/open-boat-projects.org\/?page_id=2667"},"modified":"2022-01-21T22:21:09","modified_gmt":"2022-01-21T22:21:09","slug":"lilygo-t-watch-2020-mit-anbindung-an-signalk","status":"publish","type":"page","link":"https:\/\/open-boat-projects.org\/de\/lilygo-t-watch-2020-mit-anbindung-an-signalk\/","title":{"rendered":"Lilygo T-Watch 2020 mit Anbindung an SignalK"},"content":{"rendered":"<p><img loading=\"lazy\" decoding=\"async\" class=\"alignnone wp-image-2675\" src=\"https:\/\/open-boat-projects.org\/wp-content\/uploads\/2022\/01\/T-Watch_2020_5.png\" alt=\"\" width=\"350\" height=\"408\" srcset=\"https:\/\/open-boat-projects.org\/wp-content\/uploads\/2022\/01\/T-Watch_2020_5.png 557w, https:\/\/open-boat-projects.org\/wp-content\/uploads\/2022\/01\/T-Watch_2020_5-257x300.png 257w, https:\/\/open-boat-projects.org\/wp-content\/uploads\/2022\/01\/T-Watch_2020_5-10x12.png 10w\" sizes=\"auto, (max-width: 350px) 100vw, 350px\" \/><\/p>\n<p>Abb. Lilygo T-Watch 2020 (Lilygo)<\/p>\n<p>&nbsp;<\/p>\n<p>Jan Dytrych hat ein Softwareprojekt gestartet, um mit einer Smart Watch Daten von SignalK anzeigen zu k\u00f6nnen und Alarme zu empfangen. Als Smart Watch wird nicht irgend eine g\u00e4ngige Uhr unter Android benutzt. Er verwendet die Smart Watch <a href=\"http:\/\/www.lilygo.cn\/prod_view.aspx?TypeId=50053&amp;Id=1380&amp;FId=t3:50053:3\">Liligo T-Watch 2020<\/a>. Die Besonderheit dieser Uhr ist, dass sie einen ESP32 als Prozessor verbaut hat und\u00a0 \u00fcber die Arduino IDE bzw. PlatformIO programmiert werden kann. Der Hersteller Liligo unterst\u00fctzt die Uhr mit einigen Bibliotheken, die die Programmierung wesentlich vereinfachen.<\/p>\n<p>Die Liligo T-Watch 2020 verf\u00fcgt \u00fcber folgende Komponenten:<\/p>\n<p><img loading=\"lazy\" decoding=\"async\" class=\"alignnone wp-image-2668\" src=\"https:\/\/open-boat-projects.org\/wp-content\/uploads\/2022\/01\/T-Watch_2020_Hardware-300x212.jpg\" alt=\"\" width=\"600\" height=\"424\" srcset=\"https:\/\/open-boat-projects.org\/wp-content\/uploads\/2022\/01\/T-Watch_2020_Hardware-300x212.jpg 300w, https:\/\/open-boat-projects.org\/wp-content\/uploads\/2022\/01\/T-Watch_2020_Hardware-1024x724.jpg 1024w, https:\/\/open-boat-projects.org\/wp-content\/uploads\/2022\/01\/T-Watch_2020_Hardware-768x543.jpg 768w, https:\/\/open-boat-projects.org\/wp-content\/uploads\/2022\/01\/T-Watch_2020_Hardware-1536x1086.jpg 1536w, https:\/\/open-boat-projects.org\/wp-content\/uploads\/2022\/01\/T-Watch_2020_Hardware-18x12.jpg 18w, https:\/\/open-boat-projects.org\/wp-content\/uploads\/2022\/01\/T-Watch_2020_Hardware.jpg 2000w\" sizes=\"auto, (max-width: 600px) 100vw, 600px\" \/><\/p>\n<p>Abb. Hardware Lilygo T-Watch 2020 (Lilygo)<\/p>\n<ul>\n<li>CPU: ESP32, Dual-Core-MCU, 240 MHz<\/li>\n<li>FLASH: QSPI-Flash 16MB<\/li>\n<li>SRAM: 520 KB SRAM \/ PSRAM 8MB<\/li>\n<li>WiFi 802.11bgn 2.4 GHz<\/li>\n<li>Bluetooth 4.2 BR\/EDR, BLE<\/li>\n<li>Display: 1,54 Zoll farbiger TFT, kapazitiver Touchscreen, 240 x 240 Pixel<\/li>\n<li>3-Achsen-Beschleunigungssensor BMA423<\/li>\n<li>RTC-Uhr: PCF8563<\/li>\n<li>IR-Empf\u00e4nger<\/li>\n<li>Lautsprecher<\/li>\n<li>Taste: Power-Taste<\/li>\n<li>USB zu TTL: CP2104 (Micro USB)<\/li>\n<li>Lithium Akku 380 mAh, 3.7 V, wechselbar Typ: YX-W9A<\/li>\n<li>Betriebstemperaturbereich: -40 ~ +85 Grad<\/li>\n<li>Metallgeh\u00e4use<\/li>\n<li>Wasserdichtheit keine<\/li>\n<li>Silikonarmband 270 mm<\/li>\n<li>Gewicht: 58,5g<\/li>\n<\/ul>\n<p>Zur T-Watch 2020 wird ein USB-Kabel mitgeliefert \u00fcber das die Uhr aufgeladen und Programme \u00fcbertragen werden k\u00f6nnen. Die Uhr hat ein Aluminium Metallgeh\u00e4use und das Design orientiert sich an der Apple I-Watch. Mit dem nicht austauschbaren Silikonarmband l\u00e4sst sich die Uhr bequem tragen. Einziger Schwachpunkt, die Uhr ist nicht wasserdicht.<\/p>\n<h2>Eigenschaften der Firmware<\/h2>\n<p>Die Firmware zur Uhr wird bei <a href=\"https:\/\/github.com\/JohnySeven\/TWatchSK\" target=\"_blank\" rel=\"noopener\">GitHub<\/a> gehostet und hat folgende Merkmale:<\/p>\n<ul>\n<li>Hauptbildschirm Uhrfunktion mit Statuszeile<\/li>\n<li>Einrichtungsbildschirm f\u00fcr Datum, Uhrzeit, Weckzeit, WiFi, SignalK<\/li>\n<li>Benutzerdefinierte Bildschirme f\u00fcr Werte aus SignalK<\/li>\n<li>SignalK Events wecken die Uhr und zeigen Meldungen an<\/li>\n<li>Sleep-Mode mit Display Off f\u00fcr langen Betrieb bis zu 24h<\/li>\n<li>Aufwecken der Anzeige mit tippen oder drehen des Handgelenks<\/li>\n<li>Tag\/Nacht Modus \u00fcber Doppeltipp<\/li>\n<li>Sprachanpassung \u00fcber Quellcode<\/li>\n<li>Schrittz\u00e4hler<\/li>\n<\/ul>\n<p><img loading=\"lazy\" decoding=\"async\" class=\"alignnone wp-image-2673 size-full\" src=\"https:\/\/open-boat-projects.org\/wp-content\/uploads\/2022\/01\/Uhransicht.png\" alt=\"\" width=\"265\" height=\"299\" srcset=\"https:\/\/open-boat-projects.org\/wp-content\/uploads\/2022\/01\/Uhransicht.png 265w, https:\/\/open-boat-projects.org\/wp-content\/uploads\/2022\/01\/Uhransicht-11x12.png 11w\" sizes=\"auto, (max-width: 265px) 100vw, 265px\" \/> <img loading=\"lazy\" decoding=\"async\" class=\"alignnone wp-image-2687 size-full\" src=\"https:\/\/open-boat-projects.org\/wp-content\/uploads\/2022\/01\/Alert.png\" alt=\"\" width=\"263\" height=\"302\" srcset=\"https:\/\/open-boat-projects.org\/wp-content\/uploads\/2022\/01\/Alert.png 263w, https:\/\/open-boat-projects.org\/wp-content\/uploads\/2022\/01\/Alert-261x300.png 261w, https:\/\/open-boat-projects.org\/wp-content\/uploads\/2022\/01\/Alert-10x12.png 10w\" sizes=\"auto, (max-width: 263px) 100vw, 263px\" \/> <img loading=\"lazy\" decoding=\"async\" class=\"alignnone size-medium wp-image-2692\" src=\"https:\/\/open-boat-projects.org\/wp-content\/uploads\/2022\/01\/SignalK_Werte-247x300.png\" alt=\"\" width=\"247\" height=\"300\" srcset=\"https:\/\/open-boat-projects.org\/wp-content\/uploads\/2022\/01\/SignalK_Werte-247x300.png 247w, https:\/\/open-boat-projects.org\/wp-content\/uploads\/2022\/01\/SignalK_Werte-10x12.png 10w, https:\/\/open-boat-projects.org\/wp-content\/uploads\/2022\/01\/SignalK_Werte.png 249w\" sizes=\"auto, (max-width: 247px) 100vw, 247px\" \/><\/p>\n<p>Abb. Startbildschirm, Warnmeldung und SignalK-Werte<\/p>\n<h2>Einstellungen und Konfiguration<\/h2>\n<p>Die grundlegenden Einstellungen k\u00f6nnen an der Uhr \u00fcber das Display vorgenommen werden. Zur Gestaltung der benutzerdefinierten Bildinhalte f\u00fcr SignalK Werte gibt es das Programm <a href=\"https:\/\/github.com\/JohnySeven\/TWatchSKDesigner#twatchskdesigner\" target=\"_blank\" rel=\"noopener\">TWatchSKDesigner<\/a> f\u00fcr Linux, Mac und Windows. Damit k\u00f6nnen recht komfortabel neue Anzeigeseiten f\u00fcr SignalK erstellt und \u00fcber eine USB-Verbindung zur Uhr \u00fcbertragen werden. Der Konfigurator erlaubt verschiedenste Darstellungen und Farbauswahl f\u00fcr die anzuzeigenden Werte.<\/p>\n<p><img loading=\"lazy\" decoding=\"async\" class=\"alignnone size-medium wp-image-2671\" src=\"https:\/\/open-boat-projects.org\/wp-content\/uploads\/2022\/01\/Konfigurator.png\" alt=\"\" width=\"247\" height=\"261\" srcset=\"https:\/\/open-boat-projects.org\/wp-content\/uploads\/2022\/01\/Konfigurator.png 247w, https:\/\/open-boat-projects.org\/wp-content\/uploads\/2022\/01\/Konfigurator-11x12.png 11w\" sizes=\"auto, (max-width: 247px) 100vw, 247px\" \/> <img loading=\"lazy\" decoding=\"async\" class=\"alignnone size-full wp-image-2670\" src=\"https:\/\/open-boat-projects.org\/wp-content\/uploads\/2022\/01\/Ergebnis_Konfigurator.png\" alt=\"\" width=\"250\" height=\"255\" srcset=\"https:\/\/open-boat-projects.org\/wp-content\/uploads\/2022\/01\/Ergebnis_Konfigurator.png 250w, https:\/\/open-boat-projects.org\/wp-content\/uploads\/2022\/01\/Ergebnis_Konfigurator-12x12.png 12w\" sizes=\"auto, (max-width: 250px) 100vw, 250px\" \/><\/p>\n<p>Abb. TKWatchDesigner mit Ergebnis<\/p>\n<h2>Fazit<\/h2>\n<p>Jan Dytriych hat mit seinem Open Source Software-Projekt eine coole Anwendung entwickelt, mit der es m\u00f6glich ist Daten von SignalK am Handeglenk einsehen und \u00fcberwachen zu k\u00f6nnen. Besonders die Alarmmeldungen sind eine n\u00fctzliche Funktion, um sich \u00fcber Grenzwert\u00fcberschreitungen informieren zu lassen. Bei Github ist das Projekt sehr gut dokumentiert und Interessierte sollten alle n\u00f6tigen Informationen finden. Lilygo hat mit der T-Watch 2020 eine interessante Hardware f\u00fcr kleines Geld zur Verf\u00fcgung gestellt, mit der sich eine Vielzahl an Projekten umsetzen lassen. Die Verwendung der beliebten CPU ESP32 vereinfacht f\u00fcr Maker die Software-Entwicklung, da in vertrauten Umgebungen mit bekannten Wissen entwickelt werden kann. Einziger Nachteil der T-Watch 2020 ist, dass sie nicht wasserdicht ist. Ob das ein KO-Kriterium ist, muss sich im Praxiseinsatz auf dem Boot noch zeigen. Bleibt zu hoffen, dass Liligo in Zukunft auch eine wasserdichte T-Watch rausbringt.<\/p>\n<h2><strong>Links<\/strong><\/h2>\n<p>Projekt-Homepage:\u00a0<a href=\"https:\/\/github.com\/JohnySeven\/TWatchSK\" target=\"_blank\" rel=\"noopener\">https:\/\/github.com\/JohnySeven\/TWatchSK<\/a><\/p>\n<p>TWatchSKDesigner: <a href=\"https:\/\/github.com\/JohnySeven\/TWatchSKDesigner#twatchskdesigner\" target=\"_blank\" rel=\"noopener\">https:\/\/github.com\/JohnySeven\/TWatchSKDesigner#twatchskdesigner<\/a><\/p>\n<p>Lillygo T-Watch 2020: <a href=\"http:\/\/www.lilygo.cn\/prod_view.aspx?TypeId=50053&amp;Id=1380&amp;FId=t3:50053:3\" target=\"_blank\" rel=\"noopener\">http:\/\/www.lilygo.cn\/prod_view.aspx?TypeId=50053&amp;Id=1380&amp;FId=t3:50053:3<\/a><\/p>\n<h2>Bilder<\/h2>\n<p><img loading=\"lazy\" decoding=\"async\" class=\"alignnone size-medium wp-image-2676\" src=\"https:\/\/open-boat-projects.org\/wp-content\/uploads\/2022\/01\/T-Watch_2020_2-300x300.jpg\" alt=\"\" width=\"300\" height=\"300\" srcset=\"https:\/\/open-boat-projects.org\/wp-content\/uploads\/2022\/01\/T-Watch_2020_2-300x300.jpg 300w, https:\/\/open-boat-projects.org\/wp-content\/uploads\/2022\/01\/T-Watch_2020_2-150x150.jpg 150w, https:\/\/open-boat-projects.org\/wp-content\/uploads\/2022\/01\/T-Watch_2020_2-768x768.jpg 768w, https:\/\/open-boat-projects.org\/wp-content\/uploads\/2022\/01\/T-Watch_2020_2-12x12.jpg 12w, https:\/\/open-boat-projects.org\/wp-content\/uploads\/2022\/01\/T-Watch_2020_2.jpg 800w\" sizes=\"auto, (max-width: 300px) 100vw, 300px\" \/> <img loading=\"lazy\" decoding=\"async\" class=\"alignnone size-medium wp-image-2677\" src=\"https:\/\/open-boat-projects.org\/wp-content\/uploads\/2022\/01\/T-Watch_2020_1-300x300.jpg\" alt=\"\" width=\"300\" height=\"300\" srcset=\"https:\/\/open-boat-projects.org\/wp-content\/uploads\/2022\/01\/T-Watch_2020_1-300x300.jpg 300w, https:\/\/open-boat-projects.org\/wp-content\/uploads\/2022\/01\/T-Watch_2020_1-150x150.jpg 150w, https:\/\/open-boat-projects.org\/wp-content\/uploads\/2022\/01\/T-Watch_2020_1-768x768.jpg 768w, https:\/\/open-boat-projects.org\/wp-content\/uploads\/2022\/01\/T-Watch_2020_1-12x12.jpg 12w, https:\/\/open-boat-projects.org\/wp-content\/uploads\/2022\/01\/T-Watch_2020_1.jpg 800w\" sizes=\"auto, (max-width: 300px) 100vw, 300px\" \/> <img loading=\"lazy\" decoding=\"async\" class=\"alignnone size-medium wp-image-2701\" src=\"https:\/\/open-boat-projects.org\/wp-content\/uploads\/2022\/01\/Seitenansicht-291x300.jpg\" alt=\"\" width=\"291\" height=\"300\" srcset=\"https:\/\/open-boat-projects.org\/wp-content\/uploads\/2022\/01\/Seitenansicht-291x300.jpg 291w, https:\/\/open-boat-projects.org\/wp-content\/uploads\/2022\/01\/Seitenansicht-768x792.jpg 768w, https:\/\/open-boat-projects.org\/wp-content\/uploads\/2022\/01\/Seitenansicht-12x12.jpg 12w, https:\/\/open-boat-projects.org\/wp-content\/uploads\/2022\/01\/Seitenansicht.jpg 970w\" sizes=\"auto, (max-width: 291px) 100vw, 291px\" \/><\/p>\n<p>Abb. Lilygo T-Watch 2020 (Lilygo)<\/p>\n<p><img loading=\"lazy\" decoding=\"async\" class=\"alignnone wp-image-2683\" src=\"https:\/\/open-boat-projects.org\/wp-content\/uploads\/2022\/01\/twatch3-300x225.jpg\" alt=\"\" width=\"600\" height=\"450\" srcset=\"https:\/\/open-boat-projects.org\/wp-content\/uploads\/2022\/01\/twatch3-300x225.jpg 300w, https:\/\/open-boat-projects.org\/wp-content\/uploads\/2022\/01\/twatch3-768x576.jpg 768w, https:\/\/open-boat-projects.org\/wp-content\/uploads\/2022\/01\/twatch3-16x12.jpg 16w, https:\/\/open-boat-projects.org\/wp-content\/uploads\/2022\/01\/twatch3.jpg 1024w\" sizes=\"auto, (max-width: 600px) 100vw, 600px\" \/><\/p>\n<p>Abb. Ge\u00f6ffneter Deckel, rechts Lithium Batterie<\/p>\n","protected":false},"excerpt":{"rendered":"<p>Abb. Lilygo T-Watch 2020 (Lilygo) &nbsp; Jan Dytrych hat ein Softwareprojekt gestartet, um mit einer Smart Watch Daten von SignalK anzeigen zu k\u00f6nnen und Alarme zu empfangen. Als Smart Watch wird nicht irgend eine g\u00e4ngige Uhr unter Android benutzt. Er verwendet die Smart Watch Liligo T-Watch 2020. Die Besonderheit dieser Uhr ist, dass sie einen&hellip; <a href=\"https:\/\/open-boat-projects.org\/de\/lilygo-t-watch-2020-mit-anbindung-an-signalk\/\" class=\"more-link\">Weiterlesen <span class=\"screen-reader-text\">Lilygo T-Watch 2020 mit Anbindung an SignalK<\/span><\/a><\/p>\n","protected":false},"author":2,"featured_media":0,"parent":0,"menu_order":0,"comment_status":"closed","ping_status":"closed","template":"","meta":{"footnotes":""},"categories":[41,40,39,37],"tags":[],"class_list":["post-2667","page","type-page","status-publish","hentry","category-opendata","category-openhardware","category-opensource","category-projects"],"_links":{"self":[{"href":"https:\/\/open-boat-projects.org\/de\/wp-json\/wp\/v2\/pages\/2667","targetHints":{"allow":["GET"]}}],"collection":[{"href":"https:\/\/open-boat-projects.org\/de\/wp-json\/wp\/v2\/pages"}],"about":[{"href":"https:\/\/open-boat-projects.org\/de\/wp-json\/wp\/v2\/types\/page"}],"author":[{"embeddable":true,"href":"https:\/\/open-boat-projects.org\/de\/wp-json\/wp\/v2\/users\/2"}],"replies":[{"embeddable":true,"href":"https:\/\/open-boat-projects.org\/de\/wp-json\/wp\/v2\/comments?post=2667"}],"version-history":[{"count":18,"href":"https:\/\/open-boat-projects.org\/de\/wp-json\/wp\/v2\/pages\/2667\/revisions"}],"predecessor-version":[{"id":2702,"href":"https:\/\/open-boat-projects.org\/de\/wp-json\/wp\/v2\/pages\/2667\/revisions\/2702"}],"wp:attachment":[{"href":"https:\/\/open-boat-projects.org\/de\/wp-json\/wp\/v2\/media?parent=2667"}],"wp:term":[{"taxonomy":"category","embeddable":true,"href":"https:\/\/open-boat-projects.org\/de\/wp-json\/wp\/v2\/categories?post=2667"},{"taxonomy":"post_tag","embeddable":true,"href":"https:\/\/open-boat-projects.org\/de\/wp-json\/wp\/v2\/tags?post=2667"}],"curies":[{"name":"wp","href":"https:\/\/api.w.org\/{rel}","templated":true}]}}