{"id":2659,"date":"2022-01-20T10:13:37","date_gmt":"2022-01-20T10:13:37","guid":{"rendered":"https:\/\/open-boat-projects.org\/?page_id=2659"},"modified":"2022-11-08T19:12:06","modified_gmt":"2022-11-08T19:12:06","slug":"magnetix-ein-digitaler-kompass-mit-nmea2000","status":"publish","type":"page","link":"https:\/\/open-boat-projects.org\/de\/magnetix-ein-digitaler-kompass-mit-nmea2000\/","title":{"rendered":"Magnetix &#8211; ein digitaler Kompass mit NMEA2000"},"content":{"rendered":"<table>\n<tbody>\n<tr>\n<td><img loading=\"lazy\" decoding=\"async\" class=\"alignnone size-full wp-image-2648 alignright\" src=\"https:\/\/open-boat-projects.org\/wp-content\/uploads\/2022\/01\/Magnetix_Logo.png\" alt=\"\" width=\"182\" height=\"61\" srcset=\"https:\/\/open-boat-projects.org\/wp-content\/uploads\/2022\/01\/Magnetix_Logo.png 182w, https:\/\/open-boat-projects.org\/wp-content\/uploads\/2022\/01\/Magnetix_Logo-18x6.png 18w\" sizes=\"auto, (max-width: 182px) 100vw, 182px\" \/><\/td>\n<\/tr>\n<\/tbody>\n<\/table>\n<p><img loading=\"lazy\" decoding=\"async\" class=\"alignnone wp-image-2652\" src=\"https:\/\/open-boat-projects.org\/wp-content\/uploads\/2022\/01\/PXL_20220106_143408206-300x163.jpg\" alt=\"\" width=\"600\" height=\"327\" srcset=\"https:\/\/open-boat-projects.org\/wp-content\/uploads\/2022\/01\/PXL_20220106_143408206-300x163.jpg 300w, https:\/\/open-boat-projects.org\/wp-content\/uploads\/2022\/01\/PXL_20220106_143408206-1024x558.jpg 1024w, https:\/\/open-boat-projects.org\/wp-content\/uploads\/2022\/01\/PXL_20220106_143408206-768x419.jpg 768w, https:\/\/open-boat-projects.org\/wp-content\/uploads\/2022\/01\/PXL_20220106_143408206-1536x837.jpg 1536w, https:\/\/open-boat-projects.org\/wp-content\/uploads\/2022\/01\/PXL_20220106_143408206-2048x1116.jpg 2048w, https:\/\/open-boat-projects.org\/wp-content\/uploads\/2022\/01\/PXL_20220106_143408206-18x10.jpg 18w\" sizes=\"auto, (max-width: 600px) 100vw, 600px\" \/><\/p>\n<h1>Warum<\/h1>\n<p>Ich fand die Idee schon immer spannend, dass auf meinem Plotter nicht nur dann der Kurs angezeigt wird wenn sich das Boot in Bewegung setzt, sondern auch, wenn es ruhig vor sich hind\u00fcmpelt.<\/p>\n<p>Nach der Suche im I-Net bei unterschiedlichen Herstellern war schnell klar, dass ich bei aktuellen Preisen vielleicht doch keinen E-Kompass an Bord brauche. Durch die Corona-Einschr\u00e4nkungen und dem mehr an Freizeit, die zu Hause verbracht wurde, kam die Idee auf, den Kompass selber zu bauen.<\/p>\n<p>Der Bau des elektronischen Kompasses mit einem Ausgang in das NMEA2000 Netzwerk wurde inspiriert durch einen Beitrag von Andreas in dem &#8222;segeln-forum.de&#8220; Forum.<br \/>\nDurch viele Tipps in unterschiedlichen Foren ist es gegl\u00fcckt. Der Kompass ist fertig, aber noch (Stand:2022.01) nicht auf dem Boot getestet.<\/p>\n<h1 class=\"western\">Beschreibung<\/h1>\n<p>Magnetix ist ein elektronischer Kompass, der seine Daten auf den MNEA2k-Bus \u00fcbertr\u00e4gt. Als Basis dient ein CMPS14 als Sensor, ein ESP32 als Rechenknecht, ein Waveshare SN65HVD230 (nicht vergesse den Widerstand herauszubrechen) als Bindeglied zum Bus und ein LM2596 als Spannungswandler. F\u00fcr die Anzeige im Geh\u00e4use wird ein 0.91 Zoll OLED mit 132&#215;32 Pixel verwendet.<\/p>\n<p align=\"justify\">Das Geh\u00e4use f\u00fcr die Elektronik ist ein Bocube von \u201ewww.bopla.de\u201c. F\u00fcr den Sensor wurde sowohl die Halterung als auch das Geh\u00e4use 3d-gedruckt. Die Halterungen f\u00fcr das OLED und die Touchsensoren (VA Schrauben) sind ebenfalls mit einem 3-Drucker erstellt worden.<\/p>\n<p align=\"justify\">Die Verbindung zwischen dem Kompass-Sensor und dem ESP erfolgt \u00fcber ein KAT5 Netzwerkkabel, bei dem immer zwei Kabel zu einem Paar verbunden wurden. Obwohl das Protokoll zwischen dem CMPS und dem ESP ein Kurzstreckenprotokoll (I2C) ist, habe ich bei einer Kabell\u00e4nge von ~70cm keine Probleme<\/p>\n<p>Die Stromversorgung erfolgt \u00fcber den NMEA \u2013 Bus und betr\u00e4gt ~1LEN. Als Verbindung zum Netzwerk wird ein Einbaustecker der Firma Techno-Spark verwendet.<\/p>\n<p>Der ESP bekommt die Daten \u00fcber den I2C \u2013 Bus, wandelt das Ganze in einen NMEA2K Datensatz (127250) um und schickt es an das Netzwerk.<\/p>\n<p>Der Kompass identifiziert sich am Bus als \u201eMagnetix Alpha\u201c und kann auch unter diesem Namen in den Quellen des Netzwerks gefunden werden.<\/p>\n<h1 class=\"western\">Variablen im Code<\/h1>\n<table style=\"width: 100%; height: 266px;\" width=\"100%\" cellspacing=\"0\" cellpadding=\"0\">\n<tbody>\n<tr style=\"height: 10px;\">\n<td style=\"height: 10px;\">Kompletter Quellcode<\/td>\n<td style=\"height: 10px;\"><a href=\"https:\/\/open-boat-projects.org\/wp-content\/uploads\/2022\/01\/compass_NMEA2k_V05_01.zip\">https:\/\/open-boat-projects.org\/wp-content\/uploads\/2022\/01\/compass_NMEA2k_V05_01.zip<\/a><\/td>\n<\/tr>\n<tr style=\"height: 24px;\">\n<td style=\"height: 24px;\"><\/td>\n<td style=\"height: 24px;\"><a href=\"https:\/\/open-boat-projects.org\/wp-content\/uploads\/2022\/07\/compass_NMEA2k_V05_02.zip\">https:\/\/open-boat-projects.org\/wp-content\/uploads\/2022\/07\/compass_NMEA2k_V05_02.zip<\/a><\/td>\n<\/tr>\n<tr style=\"height: 72px;\" valign=\"top\">\n<td style=\"height: 72px;\" width=\"30%\">\n<pre class=\"western\">devitation []<\/pre>\n<\/td>\n<td style=\"height: 72px;\" width=\"70%\">ist ein Array mit 36 m\u00f6glichen Eintr\u00e4gen. Darin kann eine Deviationstabelle hinterlegt werden, die bei den jeweiligen Kursen automatisch den ausgegebenen Kurs korrigiert.<\/td>\n<\/tr>\n<tr style=\"height: 160px;\" valign=\"top\">\n<td style=\"height: 160px;\" width=\"30%\">\n<pre class=\"western\">CorrectionMountingAngle<\/pre>\n<\/td>\n<td style=\"height: 160px;\" width=\"70%\">Damit kann eine &#8211; horizontale &#8211; Korrektur f\u00fcr eine Abweichung der Kompasslinie zur Bootsachse eingestellt werden.<\/p>\n<p>[-] Werte f\u00fcr eine Korrektur nach Backbord<\/p>\n<p>[+] Werte f\u00fcr eine Korrektur nach Steuerbord<\/td>\n<\/tr>\n<\/tbody>\n<\/table>\n<h1 class=\"western\">Bedienung<\/h1>\n<p>Die Bedienung beschr\u00e4nkt sich auf die zwei Touchfl\u00e4chen(Schrauben):<\/p>\n<table>\n<tbody>\n<tr>\n<td><strong>Touchfl\u00e4che<\/strong><\/td>\n<td><strong>Funktion<\/strong><\/td>\n<\/tr>\n<tr>\n<td>1<\/td>\n<td>Autokalibrierung an \/ aus<\/td>\n<\/tr>\n<tr>\n<td>2<\/td>\n<td><del>Autokalibrierung aus<\/del> Durchgef\u00fchrte Kalibrierung speichern<\/td>\n<\/tr>\n<tr>\n<td>1 &amp; 2<\/td>\n<td>neue Kalibrierung ansto\u00dfen<\/td>\n<\/tr>\n<\/tbody>\n<\/table>\n<h1 class=\"western\">Display<\/h1>\n<p>Das Display ist in drei Bereiche gegliedert:<\/p>\n<table width=\"100%\" cellspacing=\"0\" cellpadding=\"4\">\n<tbody>\n<tr>\n<td colspan=\"4\" valign=\"top\" width=\"100%\"><strong>Links (in 90\u00b0 gedrehter Schrift)<\/strong><\/td>\n<\/tr>\n<tr valign=\"top\">\n<td width=\"3%\"><\/td>\n<td colspan=\"3\" width=\"97%\"><strong>Aktuelle Funktion des Sensors<\/strong><\/td>\n<\/tr>\n<tr valign=\"top\">\n<td width=\"3%\"><\/td>\n<td width=\"6%\"><\/td>\n<td width=\"11%\">\u201eCalib\u201c<\/td>\n<td width=\"79%\">der Sensor befindet sich gerade in der Kalibrierung, die durch Touch 1&amp;2 angesto\u00dfen wurde.<\/td>\n<\/tr>\n<tr valign=\"top\">\n<td width=\"3%\"><\/td>\n<td width=\"6%\"><\/td>\n<td width=\"11%\">\u201einacc\u201c<\/td>\n<td width=\"79%\">wenn der Sensor nicht komplette kalibriert ist, (nicht alle Sensor R\u00fcckmeldungen 1 sind) erscheint \u201einaccurate\u201c. Auf ein Ausschalten der HDM Daten wurde verzichtet, da es sehr oft zu Meldungen 0 kommt.<\/p>\n<p>Evtl. muss dass nach Feldversuchen an Bord angepasst werden<\/td>\n<\/tr>\n<tr valign=\"top\">\n<td width=\"3%\"><\/td>\n<td width=\"6%\"><\/td>\n<td width=\"11%\">\u201eON\u201c<\/td>\n<td width=\"79%\">Der Sensor befindet sich im \u201eautocalibration\u201c Modus<\/td>\n<\/tr>\n<tr valign=\"top\">\n<td width=\"3%\"><\/td>\n<td width=\"6%\"><\/td>\n<td width=\"11%\">\u201eOFF\u201c<\/td>\n<td width=\"79%\">Der \u201eautocalibration\u201c Modus ist ausgeschaltet<\/td>\n<\/tr>\n<tr>\n<td colspan=\"4\" valign=\"top\" width=\"100%\"><strong>Mitte<\/strong><\/td>\n<\/tr>\n<tr valign=\"top\">\n<td width=\"3%\"><\/td>\n<td width=\"6%\">S<\/td>\n<td colspan=\"2\" width=\"90%\">Status des Sensorsystems gefolgt von zwei Zahlen<\/td>\n<\/tr>\n<tr valign=\"top\">\n<td width=\"3%\"><\/td>\n<td width=\"6%\">A<\/td>\n<td colspan=\"2\" width=\"90%\">\u201aStatus des Beschleunigungssensors<\/td>\n<\/tr>\n<tr valign=\"top\">\n<td width=\"3%\"><\/td>\n<td width=\"6%\">M<\/td>\n<td colspan=\"2\" width=\"90%\">Status des magnetischen Sensors<\/td>\n<\/tr>\n<tr valign=\"top\">\n<td width=\"3%\"><\/td>\n<td colspan=\"3\" width=\"97%\">Die drei Angaben werden jeweils durch die folgenden Zahlen pr\u00e4zisiert:<\/td>\n<\/tr>\n<tr valign=\"top\">\n<td width=\"3%\"><\/td>\n<td width=\"6%\">00<\/td>\n<td colspan=\"2\" width=\"90%\">nichts ist OK<\/td>\n<\/tr>\n<tr valign=\"top\">\n<td width=\"3%\"><\/td>\n<td width=\"6%\">11<\/td>\n<td colspan=\"2\" width=\"90%\">alles OK<\/td>\n<\/tr>\n<tr valign=\"top\">\n<td width=\"3%\"><\/td>\n<td width=\"6%\">01<\/td>\n<td colspan=\"2\" width=\"90%\">oder 10 teilweise OK<\/td>\n<\/tr>\n<tr valign=\"top\">\n<td width=\"3%\"><\/td>\n<td colspan=\"3\" width=\"97%\">(was diese Zahlen genau bedeuten ist aus der Dokumentation des CMPS14 leider nicht eindeutig ersichtlich)<\/td>\n<\/tr>\n<tr>\n<td colspan=\"4\" valign=\"top\" width=\"100%\" height=\"18\"><strong>Rechts vom Strich<\/strong><\/td>\n<\/tr>\n<tr valign=\"top\">\n<td width=\"3%\"><\/td>\n<td width=\"6%\">M<\/td>\n<td colspan=\"2\" width=\"90%\">Magnetischer Kurs\u00a0 (nach dem Druck auf T2 erscheint f\u00fcr 2sec. &#8222;&#8230;stored&#8230;&#8220; [v5.02])<\/td>\n<\/tr>\n<tr valign=\"top\">\n<td width=\"3%\"><\/td>\n<td width=\"6%\">R<\/td>\n<td colspan=\"2\" width=\"90%\">Roll des Sensors<\/td>\n<\/tr>\n<tr valign=\"top\">\n<td width=\"3%\"><\/td>\n<td width=\"6%\">P<\/td>\n<td colspan=\"2\" width=\"90%\">Pitch des Sensors<\/td>\n<\/tr>\n<\/tbody>\n<\/table>\n<h1>Auf- und Zusammenbau<\/h1>\n<p>Aufgebaut habe ich das ganze in einem Standard Geh\u00e4use in dass ich eine Grundplatte als Tr\u00e4ger f\u00fcr die Lochplatte und den Spannungswandler gebaut habe. Das einzige was beim Zusammenbau zu beachten ist, ist dass auf dem CAN.Modul (Waveshare SN65HVD230) der Abschlusswiderstand herausgebrochen werden muss. Sonst terminiert der Waveshare SN65HVD230 den kompletten NMEA Bus. Die Verkabelung kann in dem <a href=\"https:\/\/open-boat-projects.org\/wp-content\/uploads\/2022\/01\/Kompass_v1_Fritzing-2.pdf\">Schaltplan<\/a> nachgesehen werden.<\/p>\n<p>Leider habe ich in der ersten Version meine Halterungen f\u00fcr das Display und die Touchfl\u00e4chen b\u00fcndig an die Oberkante des Geh\u00e4uses gesetzt. Da der Deckel sich aber komplett \u00fcber das untere Geh\u00e4use &#8222;st\u00fclpt&#8220; ging er nicht mehr zu. \ud83d\ude41<\/p>\n<h1>Updates<\/h1>\n<table style=\"border-collapse: collapse; width: 100%;\">\n<tbody>\n<tr>\n<td style=\"width: 11.9715%;\">2022-03-01<\/td>\n<td style=\"width: 88.0284%;\">Neue Halterung f\u00fcr das Geh\u00e4use mit einer Wandhalterung um einen falschen horizontalen Einbau auszugleichen -&gt; Thingiverse<\/td>\n<\/tr>\n<tr>\n<td style=\"width: 11.9715%;\">2022-07-02<\/td>\n<td style=\"width: 88.0284%;\">Nach einigen Tests ist mir aufgefallen, dass der Sensor nach einem Stromverlust (trotzdem er die Kalibrierung gespeichert hatte) wieder bei Null anf\u00e4ngt. Ich habe die Touchfl\u00e4chen jetzt so umgestellt dass T2 die vorher durchgef\u00fchrte Kalibrierung abspeichert. Nach den ersten Proben mit einem Neustart von Magnetix scheint es jetzt zu funktionieren.\u00a0 (<a href=\"https:\/\/open-boat-projects.org\/wp-content\/uploads\/2022\/07\/compass_NMEA2k_V05_02.zip\">V5.02<\/a>)<\/td>\n<\/tr>\n<\/tbody>\n<\/table>\n<h1 class=\"western\">Libraries<\/h1>\n<p>die verwendeten Libraries erscheinen im Kopf der INO Datei und werden hier nicht weiter behandelt.<\/p>\n<h1 class=\"western\">Links und Materialien<\/h1>\n<table width=\"682\" cellspacing=\"0\" cellpadding=\"4\">\n<tbody>\n<tr>\n<td>Alle 3-D Druck Bauteile<\/td>\n<td><a href=\"https:\/\/www.thingiverse.com\/thing:5207953\">https:\/\/www.thingiverse.com\/thing:5207953<\/a><\/td>\n<\/tr>\n<tr valign=\"top\">\n<td width=\"160\">ESP-32 Dev Kit C V4<\/td>\n<td width=\"504\"><a href=\"https:\/\/www.az-delivery.de\/products\/esp-32-dev-kit-c-v4\">https:\/\/www.az-delivery.de\/products\/esp-32-dev-kit-c-v4<\/a><\/td>\n<\/tr>\n<tr>\n<td>CMPS14<\/td>\n<td><a href=\"https:\/\/open-boat-projects.org\/wp-content\/uploads\/2022\/07\/CMPS14_Datasheet.pdf\" target=\"_blank\" rel=\"noopener\">Data Sheet<\/a><\/td>\n<\/tr>\n<tr valign=\"top\">\n<td width=\"160\">Waveshare SN65HVD230<\/td>\n<td width=\"504\"><a href=\"https:\/\/www.amazon.de\/gp\/product\/B00KM6XMXO\/ref=ppx_yo_dt_b_asin_title_o01_s01?ie=UTF8&amp;th=1\">https:\/\/www.amazon.de\/gp\/product\/B00KM6XMXO\/ref=ppx_yo_dt_b_asin_title_o01_s01?ie=UTF8&amp;th=1<\/a><\/p>\n<p>preiswerter bei:<\/p>\n<p><a href=\"https:\/\/www.robotshop.com\/de\/de\/waveshare-can-board-sn65hvd230.html\">https:\/\/www.robotshop.com\/de\/de\/waveshare-can-board-sn65hvd230.html<\/a><\/td>\n<\/tr>\n<tr valign=\"top\">\n<td width=\"160\">0,91 Zoll OLED I2C Display 128 x 32 Pixel<\/td>\n<td width=\"504\"><a href=\"https:\/\/www.az-delivery.de\/products\/0-91-zoll-i2c-oled-display\">https:\/\/www.az-delivery.de\/products\/0-91-zoll-i2c-oled-display<\/a><\/td>\n<\/tr>\n<tr valign=\"top\">\n<td width=\"160\">LM2596S DC-DC Netzteil Adapter Step down Modul<\/td>\n<td width=\"504\"><a href=\"https:\/\/www.az-delivery.de\/products\/lm2596s-dc-dc-step-down-modul-1\">https:\/\/www.az-delivery.de\/products\/lm2596s-dc-dc-step-down-modul-1<\/a><\/td>\n<\/tr>\n<tr valign=\"top\">\n<td width=\"160\">PCB Board Set Lochrasterplatte Lochrasterplatine Leiterplatte<\/td>\n<td width=\"504\"><a href=\"https:\/\/www.az-delivery.de\/products\/pcb-board-set-lochrasterplatte-platine-leiterplatte-4x4-stuck\">https:\/\/www.az-delivery.de\/products\/pcb-board-set-lochrasterplatte-platine-leiterplatte-4&#215;4-stuck<\/a><\/td>\n<\/tr>\n<tr valign=\"top\">\n<td width=\"160\">Geh\u00e4use<\/td>\n<td width=\"504\"><a href=\"https:\/\/www.bopla.de\/gehaeusetechnik\/product\/bocube\/pc-ul-94-v0-glasklarer-deckel.html\">https:\/\/www.bopla.de\/gehaeusetechnik\/product\/bocube\/pc-ul-94-v0-glasklarer-deckel.html<\/a><\/p>\n<p>meine Ma\u00dfe finde ich allerdings in der dortigen Liste nicht wieder!<\/td>\n<\/tr>\n<tr valign=\"top\">\n<td width=\"160\">PG \u2013 Durchf\u00fchrungen<\/td>\n<td width=\"504\"><a href=\"https:\/\/www.conrad.de\/de\/p\/kvpg9gr-kabelverschraubung-verschraubbar-mit-zugentlastung-pg9-pg9-polyamid-grau-1-st-1521121.html\">https:\/\/www.conrad.de\/de\/p\/kvpg9gr-kabelverschraubung-verschraubbar-mit-zugentlastung-pg9-pg9-polyamid-grau-1-st-1521121.html<\/a><\/p>\n<p>(an die Mutter denken)<\/td>\n<\/tr>\n<tr valign=\"top\">\n<td width=\"160\">Micro-C Einbaustecker<\/td>\n<td width=\"504\">https:\/\/technospark.de\/nmea-2000-panel-mount-connector?number=SW1153<\/td>\n<\/tr>\n<tr valign=\"top\">\n<td width=\"160\">Grundlagen<\/td>\n<td width=\"504\">Diesj\u00e4hrige Winterbastelei: Ein NMEA Heading Sensor oder auch elektronischer Kompass Pitch und Roll Kompensiert<\/p>\n<p><a href=\"https:\/\/www.segeln-forum.de\/thread\/66453-diesj%C3%A4hrige-winterbastelei-ein-nmea-heading-sensor-oder-auch-elektronischer-komp\/?pageNo=1\">https:\/\/www.segeln-forum.de\/thread\/66453-diesj%C3%A4hrige-winterbastelei-ein-nmea-heading-sensor-oder-auch-elektronischer-komp\/?pageNo=1<\/a><\/td>\n<\/tr>\n<tr valign=\"top\">\n<td width=\"160\">Touchfunktionen<\/td>\n<td width=\"504\"><a href=\"https:\/\/www.wiegleb.org\/2018\/09\/22\/esp32-ttgo-mit-touch-funktion\/\">https:\/\/www.wiegleb.org\/2018\/09\/22\/esp32-ttgo-mit-touch-funktion\/<\/a><\/td>\n<\/tr>\n<tr valign=\"top\">\n<td width=\"160\">NMEA Grundlagen<\/td>\n<td width=\"504\">AK-Homberger Workshop (ESP -&gt; NMEA2k)<\/p>\n<p><a href=\"https:\/\/github.com\/AK-Homberger\/NMEA2000-Workshop\">https:\/\/github.com\/AK-Homberger\/NMEA2000-Workshop<\/a><\/td>\n<\/tr>\n<tr valign=\"top\">\n<td width=\"160\">Beispiele I2C NMEA<\/td>\n<td width=\"504\"><a href=\"https:\/\/www.robot-electronics.co.uk\/htm\/arduino_examples.htm#CMPS12\/11%20I2C\">https:\/\/www.robot-electronics.co.uk\/htm\/arduino_examples.htm#CMPS12\/11%20I2C<\/a><\/p>\n<p><a href=\"https:\/\/www.robot-electronics.co.uk\/files\/arduino_cmps12_i2c.ino\">https:\/\/www.robot-electronics.co.uk\/files\/arduino_cmps12_i2c.ino<\/a><\/td>\n<\/tr>\n<\/tbody>\n<\/table>\n<h1>Gallerie<\/h1>\n<table>\n<tbody>\n<tr>\n<td><img loading=\"lazy\" decoding=\"async\" class=\"alignnone size-medium wp-image-2654\" src=\"https:\/\/open-boat-projects.org\/wp-content\/uploads\/2022\/01\/PXL_20220106_143308924-300x241.jpg\" alt=\"\" width=\"300\" height=\"241\" srcset=\"https:\/\/open-boat-projects.org\/wp-content\/uploads\/2022\/01\/PXL_20220106_143308924-300x241.jpg 300w, https:\/\/open-boat-projects.org\/wp-content\/uploads\/2022\/01\/PXL_20220106_143308924-1024x822.jpg 1024w, https:\/\/open-boat-projects.org\/wp-content\/uploads\/2022\/01\/PXL_20220106_143308924-768x616.jpg 768w, https:\/\/open-boat-projects.org\/wp-content\/uploads\/2022\/01\/PXL_20220106_143308924-1536x1232.jpg 1536w, https:\/\/open-boat-projects.org\/wp-content\/uploads\/2022\/01\/PXL_20220106_143308924-2048x1643.jpg 2048w, https:\/\/open-boat-projects.org\/wp-content\/uploads\/2022\/01\/PXL_20220106_143308924-15x12.jpg 15w\" sizes=\"auto, (max-width: 300px) 100vw, 300px\" \/><\/td>\n<td><img loading=\"lazy\" decoding=\"async\" class=\"alignnone size-medium wp-image-2653\" src=\"https:\/\/open-boat-projects.org\/wp-content\/uploads\/2022\/01\/PXL_20220106_143130641-300x246.jpg\" alt=\"\" width=\"300\" height=\"246\" srcset=\"https:\/\/open-boat-projects.org\/wp-content\/uploads\/2022\/01\/PXL_20220106_143130641-300x246.jpg 300w, https:\/\/open-boat-projects.org\/wp-content\/uploads\/2022\/01\/PXL_20220106_143130641-1024x839.jpg 1024w, https:\/\/open-boat-projects.org\/wp-content\/uploads\/2022\/01\/PXL_20220106_143130641-768x629.jpg 768w, https:\/\/open-boat-projects.org\/wp-content\/uploads\/2022\/01\/PXL_20220106_143130641-1536x1258.jpg 1536w, https:\/\/open-boat-projects.org\/wp-content\/uploads\/2022\/01\/PXL_20220106_143130641-2048x1677.jpg 2048w, https:\/\/open-boat-projects.org\/wp-content\/uploads\/2022\/01\/PXL_20220106_143130641-15x12.jpg 15w\" sizes=\"auto, (max-width: 300px) 100vw, 300px\" \/><\/td>\n<td><img loading=\"lazy\" decoding=\"async\" class=\"alignnone wp-image-2652\" src=\"https:\/\/open-boat-projects.org\/wp-content\/uploads\/2022\/01\/PXL_20220106_143408206-300x163.jpg\" alt=\"\" width=\"454\" height=\"247\" srcset=\"https:\/\/open-boat-projects.org\/wp-content\/uploads\/2022\/01\/PXL_20220106_143408206-300x163.jpg 300w, https:\/\/open-boat-projects.org\/wp-content\/uploads\/2022\/01\/PXL_20220106_143408206-1024x558.jpg 1024w, https:\/\/open-boat-projects.org\/wp-content\/uploads\/2022\/01\/PXL_20220106_143408206-768x419.jpg 768w, https:\/\/open-boat-projects.org\/wp-content\/uploads\/2022\/01\/PXL_20220106_143408206-1536x837.jpg 1536w, https:\/\/open-boat-projects.org\/wp-content\/uploads\/2022\/01\/PXL_20220106_143408206-2048x1116.jpg 2048w, https:\/\/open-boat-projects.org\/wp-content\/uploads\/2022\/01\/PXL_20220106_143408206-18x10.jpg 18w\" sizes=\"auto, (max-width: 454px) 100vw, 454px\" \/><\/td>\n<\/tr>\n<\/tbody>\n<\/table>\n<h1 class=\"western\"><\/h1>\n","protected":false},"excerpt":{"rendered":"<p>Warum Ich fand die Idee schon immer spannend, dass auf meinem Plotter nicht nur dann der Kurs angezeigt wird wenn sich das Boot in Bewegung setzt, sondern auch, wenn es ruhig vor sich hind\u00fcmpelt. Nach der Suche im I-Net bei unterschiedlichen Herstellern war schnell klar, dass ich bei aktuellen Preisen vielleicht doch keinen E-Kompass an&hellip; <a href=\"https:\/\/open-boat-projects.org\/de\/magnetix-ein-digitaler-kompass-mit-nmea2000\/\" class=\"more-link\">Weiterlesen <span class=\"screen-reader-text\">Magnetix &#8211; ein digitaler Kompass mit NMEA2000<\/span><\/a><\/p>\n","protected":false},"author":2,"featured_media":0,"parent":0,"menu_order":0,"comment_status":"closed","ping_status":"closed","template":"","meta":{"footnotes":""},"categories":[41,40,39,37],"tags":[],"class_list":["post-2659","page","type-page","status-publish","hentry","category-opendata","category-openhardware","category-opensource","category-projects"],"_links":{"self":[{"href":"https:\/\/open-boat-projects.org\/de\/wp-json\/wp\/v2\/pages\/2659","targetHints":{"allow":["GET"]}}],"collection":[{"href":"https:\/\/open-boat-projects.org\/de\/wp-json\/wp\/v2\/pages"}],"about":[{"href":"https:\/\/open-boat-projects.org\/de\/wp-json\/wp\/v2\/types\/page"}],"author":[{"embeddable":true,"href":"https:\/\/open-boat-projects.org\/de\/wp-json\/wp\/v2\/users\/2"}],"replies":[{"embeddable":true,"href":"https:\/\/open-boat-projects.org\/de\/wp-json\/wp\/v2\/comments?post=2659"}],"version-history":[{"count":15,"href":"https:\/\/open-boat-projects.org\/de\/wp-json\/wp\/v2\/pages\/2659\/revisions"}],"predecessor-version":[{"id":3699,"href":"https:\/\/open-boat-projects.org\/de\/wp-json\/wp\/v2\/pages\/2659\/revisions\/3699"}],"wp:attachment":[{"href":"https:\/\/open-boat-projects.org\/de\/wp-json\/wp\/v2\/media?parent=2659"}],"wp:term":[{"taxonomy":"category","embeddable":true,"href":"https:\/\/open-boat-projects.org\/de\/wp-json\/wp\/v2\/categories?post=2659"},{"taxonomy":"post_tag","embeddable":true,"href":"https:\/\/open-boat-projects.org\/de\/wp-json\/wp\/v2\/tags?post=2659"}],"curies":[{"name":"wp","href":"https:\/\/api.w.org\/{rel}","templated":true}]}}