{"id":2622,"date":"2022-01-15T17:52:11","date_gmt":"2022-01-15T17:52:11","guid":{"rendered":"https:\/\/open-boat-projects.org\/?page_id=2622"},"modified":"2022-01-15T18:20:08","modified_gmt":"2022-01-15T18:20:08","slug":"qtvlm-navigations-und-wetterouting-software","status":"publish","type":"page","link":"https:\/\/open-boat-projects.org\/de\/qtvlm-navigations-und-wetterouting-software\/","title":{"rendered":"qtVlm Navigations- und Wetterouting Software"},"content":{"rendered":"<p><img loading=\"lazy\" decoding=\"async\" class=\"alignnone wp-image-2623 size-large\" src=\"https:\/\/open-boat-projects.org\/wp-content\/uploads\/2022\/01\/clipboard01-1024x563.jpg\" alt=\"\" width=\"952\" height=\"523\" srcset=\"https:\/\/open-boat-projects.org\/wp-content\/uploads\/2022\/01\/clipboard01-1024x563.jpg 1024w, https:\/\/open-boat-projects.org\/wp-content\/uploads\/2022\/01\/clipboard01-300x165.jpg 300w, https:\/\/open-boat-projects.org\/wp-content\/uploads\/2022\/01\/clipboard01-768x422.jpg 768w, https:\/\/open-boat-projects.org\/wp-content\/uploads\/2022\/01\/clipboard01-1536x845.jpg 1536w, https:\/\/open-boat-projects.org\/wp-content\/uploads\/2022\/01\/clipboard01-18x10.jpg 18w, https:\/\/open-boat-projects.org\/wp-content\/uploads\/2022\/01\/clipboard01.jpg 1920w\" sizes=\"auto, (max-width: 952px) 100vw, 952px\" \/><\/p>\n<p>Woher der Name qtVlm f\u00fcr die Naviagtions- und Wetterrouting- Software kommt ist nicht bekannt. Auf jeden Fall ist qtVlm einen Blick wert f\u00fcr denjenigen, der nach einer Freeware Navigationssoftware mit Basisfunktionen sucht. Je nach weiteren W\u00fcnschen kann die Software mit Add Ons erweitert werden die kostenpflichtig sind. Wer Bedarf hat, kann ebenso kostenpflichtigen Telefon- oder Email-Support dazu buchen. Die Software gibt es f\u00fcr folgende Betriebssysteme:<\/p>\n<ul>\n<li>Linux PC<\/li>\n<li>Linux Raspi<\/li>\n<li>Mac<\/li>\n<li>Windows PC<\/li>\n<li>Android App<\/li>\n<li>Android Wearables (Smart Watches)<\/li>\n<\/ul>\n<p>Als Kartenmaterial eignen sich:<\/p>\n<ul>\n<li>Vektorkarten (S57, S63)<\/li>\n<li>Rasterkarten (kaps, geotiff, mbtiles)<\/li>\n<li>Grib Wetterkarten als Overlay<\/li>\n<li>Str\u00f6mungsdaten als Overlay<\/li>\n<\/ul>\n<p>Funktionen:<\/p>\n<ul>\n<li>Strecken-Routing<\/li>\n<li>Wetter-Routing<\/li>\n<li>Kollisionswarnung \u00fcber AIS<\/li>\n<li>Regattafunktionen<\/li>\n<li>Anzeige von Sensordaten<\/li>\n<li>Performance-Optimierung mit Polarplot-Daten<\/li>\n<li>NMEA Multiplexer mit Ein- und Ausgabe<\/li>\n<\/ul>\n<p>An Signalquellen kann qtVlm folgendes verarbeiten:<\/p>\n<ul>\n<li>NMEA0183 In\/Out \u00fcber TCP\/UDP<\/li>\n<li>NMEA0183 In\/Out \u00fcber USB, RS232<\/li>\n<li>AIS als NMEA0183<\/li>\n<li>GPSd \u00fcber TCP<\/li>\n<\/ul>\n<p>Neben einem integrierten NMEA Multiplexer k\u00f6nnen auch Filterfunktionen f\u00fcr die jeweiligen Signalquellen definiert werden. Die Bedienung ist aber wie auch bei OpenCPN auf Desktop-Anwendungen ausgelegt und erfordern eine Maus und Tastatur. In der Andoid App sind viele Einstellfunktionen f\u00fcr den Touch-Betrieb optimiert.<\/p>\n<p>Das sagen die Macher von qtVlm \u00fcber ihre Software:<\/p>\n<table style=\"width: 100%; border-collapse: collapse; background-color: #c2bcbc;\">\n<tbody>\n<tr>\n<td style=\"width: 100%;\"><em>&#8222;Viele Optionen sind verf\u00fcgbar, wie z. B. Multi-Routing, um das beste Datum und die beste Abfahrtszeit gem\u00e4\u00df verschiedenen Parametern zu finden, Routing auf einem Weg oder die Ber\u00fccksichtigung von Segmenten mit Motor. Winde, Str\u00f6mungen und Wellen sowie einige andere Wettervariablen werden w\u00e4hrend der Berechnung verwendet. Bootsleistungen k\u00f6nnen sehr genau abgestimmt werden, zum Beispiel die polare Effizienz bei Nacht oder die Zeit, die zum Wenden oder Halsen ben\u00f6tigt wird. Es k\u00f6nnen mehrere Grib-Dateien gleichzeitig geladen werden, um mit verschiedenen Parametern (z. B. Wind, Str\u00f6mung und Wellengang) routen zu k\u00f6nnen oder Grib-Modelle zu vergleichen. Wetterfaxbilder k\u00f6nnen auch auf Grids geladen werden. Ein\u00a0\u00a0Startlinienmodus \u00a0verwaltet eine Regatta-Startlinie mit Chronometer, Entfernungs- und Zeitberechnungen und zeigt eine sichere Zone an. qtVlm kann auch im\u00a0\u00a0Simulationsmodus verwendet werden . In diesem Modus verwendet qtVlm Wind- und Str\u00f6mungsdaten von grib, um die Navigation zu simulieren. Alle Instrumente sind nutzbar und echte Live-AIS-Ziele werden aus dem Internet empfangen. Achten Sie darauf, nicht mit einem echten Fischerboot oder einem anderen qtVlm-Boot zu kollidieren!&#8220;<\/em><\/td>\n<\/tr>\n<\/tbody>\n<\/table>\n<h2>Fazit<\/h2>\n<p>Freeware ist nicht gleich OpenSource. Wer nach Open Source Software f\u00fcr Navigationsanwendungen sucht, liegt bei qtVlm falsch. Trotzdem lohnt es sich das Programm n\u00e4her anzusehen, da es eine sehr umfangreiche Funktionsvielfalt bietet und einige Extras f\u00fcr Regattasegler und auch Langfahrsegler bietet. Besonders hervorzuheben ist die gute <a href=\"http:\/\/download.meltemus.com\/qtvlm\/qtVlm_documentation_en.pdf\" target=\"_blank\" rel=\"noopener\">englischsprachige Dokumentation<\/a> die alle Funktionen des Programms ausf\u00fchrlich beschreibt. Das Programm basiert auf Qt und ist damit f\u00fcr alle g\u00e4ngigen Betriebssysteme verf\u00fcgbar. Die Desktop-Versionen ben\u00f6tigen allerdings eine Maus und Tastatur und sind eher f\u00fcr Anwendungen am Kartentisch gedacht. Mit der Android App ist das Programm auch f\u00fcr Tabletts verf\u00fcgbar und damit auch direkt am Steuerstand nutzbar. \u00dcber die NMEA Out Funktion des Multiplexers k\u00f6nnen z.B. Serverdaten vom Raspi an die Android App auf dem Tablett weitergeleitet werden. Somit hat man sowohl am Kartentisch als auch am Steuerstand die selben Daten zur Verf\u00fcgung.<\/p>\n<p>Link zur Webseite: <a href=\"https:\/\/www.meltemus.com\/index.php\/en\/\" target=\"_blank\" rel=\"noopener\">https:\/\/www.meltemus.com\/index.php\/en\/<\/a><\/p>\n","protected":false},"excerpt":{"rendered":"<p>Woher der Name qtVlm f\u00fcr die Naviagtions- und Wetterrouting- Software kommt ist nicht bekannt. Auf jeden Fall ist qtVlm einen Blick wert f\u00fcr denjenigen, der nach einer Freeware Navigationssoftware mit Basisfunktionen sucht. Je nach weiteren W\u00fcnschen kann die Software mit Add Ons erweitert werden die kostenpflichtig sind. Wer Bedarf hat, kann ebenso kostenpflichtigen Telefon- oder&hellip; <a href=\"https:\/\/open-boat-projects.org\/de\/qtvlm-navigations-und-wetterouting-software\/\" class=\"more-link\">Weiterlesen <span class=\"screen-reader-text\">qtVlm Navigations- und Wetterouting Software<\/span><\/a><\/p>\n","protected":false},"author":2,"featured_media":0,"parent":0,"menu_order":0,"comment_status":"closed","ping_status":"closed","template":"","meta":{"footnotes":""},"categories":[37],"tags":[],"class_list":["post-2622","page","type-page","status-publish","hentry","category-projects"],"_links":{"self":[{"href":"https:\/\/open-boat-projects.org\/de\/wp-json\/wp\/v2\/pages\/2622","targetHints":{"allow":["GET"]}}],"collection":[{"href":"https:\/\/open-boat-projects.org\/de\/wp-json\/wp\/v2\/pages"}],"about":[{"href":"https:\/\/open-boat-projects.org\/de\/wp-json\/wp\/v2\/types\/page"}],"author":[{"embeddable":true,"href":"https:\/\/open-boat-projects.org\/de\/wp-json\/wp\/v2\/users\/2"}],"replies":[{"embeddable":true,"href":"https:\/\/open-boat-projects.org\/de\/wp-json\/wp\/v2\/comments?post=2622"}],"version-history":[{"count":8,"href":"https:\/\/open-boat-projects.org\/de\/wp-json\/wp\/v2\/pages\/2622\/revisions"}],"predecessor-version":[{"id":2633,"href":"https:\/\/open-boat-projects.org\/de\/wp-json\/wp\/v2\/pages\/2622\/revisions\/2633"}],"wp:attachment":[{"href":"https:\/\/open-boat-projects.org\/de\/wp-json\/wp\/v2\/media?parent=2622"}],"wp:term":[{"taxonomy":"category","embeddable":true,"href":"https:\/\/open-boat-projects.org\/de\/wp-json\/wp\/v2\/categories?post=2622"},{"taxonomy":"post_tag","embeddable":true,"href":"https:\/\/open-boat-projects.org\/de\/wp-json\/wp\/v2\/tags?post=2622"}],"curies":[{"name":"wp","href":"https:\/\/api.w.org\/{rel}","templated":true}]}}