{"id":2522,"date":"2022-01-07T15:02:10","date_gmt":"2022-01-07T15:02:10","guid":{"rendered":"https:\/\/open-boat-projects.org\/?page_id=2522"},"modified":"2022-04-12T15:21:54","modified_gmt":"2022-04-12T15:21:54","slug":"7-plotter-raspi-4b","status":"publish","type":"page","link":"https:\/\/open-boat-projects.org\/de\/7-plotter-raspi-4b\/","title":{"rendered":"7&#8243; Plotter Raspi 4B"},"content":{"rendered":"<p><a href=\"https:\/\/open-boat-projects.org\/wichtige-hinweise\/\" target=\"_blank\" rel=\"noopener\"><em><strong>Vorab ein paar wichtige Hinweise die sie unbedingt beachten sollten.<\/strong><\/em><\/a><\/p>\n<p><img loading=\"lazy\" decoding=\"async\" class=\"alignnone wp-image-2604\" src=\"https:\/\/open-boat-projects.org\/wp-content\/uploads\/2022\/01\/7_Zoll_Plotter3-300x216.png\" alt=\"\" width=\"600\" height=\"433\" srcset=\"https:\/\/open-boat-projects.org\/wp-content\/uploads\/2022\/01\/7_Zoll_Plotter3-300x216.png 300w, https:\/\/open-boat-projects.org\/wp-content\/uploads\/2022\/01\/7_Zoll_Plotter3-768x554.png 768w, https:\/\/open-boat-projects.org\/wp-content\/uploads\/2022\/01\/7_Zoll_Plotter3-18x12.png 18w, https:\/\/open-boat-projects.org\/wp-content\/uploads\/2022\/01\/7_Zoll_Plotter3.png 919w\" sizes=\"auto, (max-width: 600px) 100vw, 600px\" \/><\/p>\n<p>Abb. 7&#8243; Plotter OBP 7.0 OpenCPN<\/p>\n<p>Nachdem Chistian auf der Boot 2020 einen ersten Versuch zu einem <a href=\"https:\/\/open-boat-projects.org\/de\/10-zoll-plotter-1000-nits\/\">10&#8243; Eigenbau-Plotter<\/a> unternommen hatte, entstand hier eine neue Ansatz f\u00fcr einen neuen Eigenbau-Plotter. Einige Punkte des alten Konzepts hatten sich als nicht praktikabel herausgestellt. Insbesondere die Verwendung eines Raspi Compute Moduls CM3 und deren Abk\u00fcndigung hatten das alte Projekt in ernste Schwierigkeiten gebracht. Die Basisplatine h\u00e4tte komplett \u00fcberarbeitet werden m\u00fcssen. Ende 2021 unternahm Christian einen neuen Ansatz f\u00fcr einen 7&#8243; Plotter. Ein 10&#8243; Plotter mit dem gleichen Ansatz soll auch noch folgen.<\/p>\n<h2>Konzept<\/h2>\n<p>Diesmal sollte ein <a href=\"https:\/\/www.raspberrypi.com\/products\/raspberry-pi-4-model-b\/\" target=\"_blank\" rel=\"noopener\">Standard Raspberry Pi 4B<\/a> als Basis dienen. Zum einen hat der Standard Raspi schon alle wesentlichen Funktionen an Bord und zum anderen ist er wesentlich einfacher zu bekommen.<\/p>\n<p><img loading=\"lazy\" decoding=\"async\" class=\"alignnone wp-image-2609 size-full\" src=\"https:\/\/open-boat-projects.org\/wp-content\/uploads\/2022\/01\/raspberry-pi-4b.png\" alt=\"\" width=\"583\" height=\"340\" srcset=\"https:\/\/open-boat-projects.org\/wp-content\/uploads\/2022\/01\/raspberry-pi-4b.png 583w, https:\/\/open-boat-projects.org\/wp-content\/uploads\/2022\/01\/raspberry-pi-4b-300x175.png 300w, https:\/\/open-boat-projects.org\/wp-content\/uploads\/2022\/01\/raspberry-pi-4b-18x10.png 18w\" sizes=\"auto, (max-width: 583px) 100vw, 583px\" \/><\/p>\n<p>Abb: Raspberry Pi 4B (Raspberry Pi Fondation)<\/p>\n<p>Da alle Erweiterungsplatinen \u00fcber den Pfosten-Steckverbinder angedockt werden, ist der neue Plotter auch zu neueren Raspi-Versionen kompatibel. Zudem kann auch der alte Raspi 3B im Plotter eingesetzt werden. Ziel der Neuentwicklung ist es den Hardware-Aufwand so gering wie m\u00f6glich zu halten und m\u00f6glichst mit k\u00e4uflichen Komponenten auszukommen. Die Anzahl der Zusatzboards soll sich auf ein Minimum beschr\u00e4nken. Besonders die Verwendung eines k\u00e4uflichen wetterfesten Geh\u00e4uses erspart die aufw\u00e4ndigen Fr\u00e4sarbeiten f\u00fcr ein angepasstes Geh\u00e4use. Durch einen layerartigen Aufbau mit Rahmenteilen wird ein sehr einfaches Montagekonzept umgesetzt. Die Aluminiumteile und die Geh\u00e4usebearbeitung k\u00f6nnen auch in Handarbeit erstellt werden und erfordern nicht unbedingt eine CNC-Bearbeitung. Es wird das Ziel verfolgt, best\u00fcckte Platinen und vorgefertigte Mechanikteile als Bausatz anzubieten.<\/p>\n<p><img loading=\"lazy\" decoding=\"async\" class=\"alignnone wp-image-2526\" src=\"https:\/\/open-boat-projects.org\/wp-content\/uploads\/2022\/01\/7-Inch-PCBs_GPS-300x219.jpg\" alt=\"\" width=\"600\" height=\"439\" srcset=\"https:\/\/open-boat-projects.org\/wp-content\/uploads\/2022\/01\/7-Inch-PCBs_GPS-300x219.jpg 300w, https:\/\/open-boat-projects.org\/wp-content\/uploads\/2022\/01\/7-Inch-PCBs_GPS-768x562.jpg 768w, https:\/\/open-boat-projects.org\/wp-content\/uploads\/2022\/01\/7-Inch-PCBs_GPS-16x12.jpg 16w, https:\/\/open-boat-projects.org\/wp-content\/uploads\/2022\/01\/7-Inch-PCBs_GPS.jpg 1024w\" sizes=\"auto, (max-width: 600px) 100vw, 600px\" \/><\/p>\n<p>Abb: Ger\u00e4teaufbau R\u00fcckansicht<\/p>\n<p>Der Ger\u00e4teaufbau erfolgt im mehreren Layern. Der unterste Layer ist der Frontrahmen mit dem Display. Auf der R\u00fcckseite des Displays befindet sich die Ansteuer-Elektronik. Auf der Platine sind 4 Stehbolzen auf die der Raspberry Pi 4B aufgeschraubt werden kann. Die Ansteuerelektronik des Displays wird \u00fcber flexible Streifenleiter mit dem Raspberry Pi verbunden. Zur Befestigung des Displays am Geh\u00e4use gibt es einen Grundrahmen mit zwei Seitenteilen, auf den das Display \u00fcber die vier Halterungen angeschraubt werden kann. Die beiden Seitenteile am Grundrahmen sind notwendig, um die Bautiefe im Geh\u00e4use optimal auszunutzen. Das orange Metallteil an der Oberseite ist ein K\u00fchlfinger der die CPU-W\u00e4rme auf den Aluminiumrahmen ableitet und damit die CPU effektiv k\u00fchlt, ohne einen CPU-L\u00fcfter nutzen zu m\u00fcssen. Die rote Platine auf der linken Seite ist ein GPS-Empf\u00e4nger, den man als fertig aufgebautes Elektonik-Modul im Elektronikhandel erwerben kann.<\/p>\n<p><img loading=\"lazy\" decoding=\"async\" class=\"alignnone wp-image-2532\" src=\"https:\/\/open-boat-projects.org\/wp-content\/uploads\/2022\/01\/Display_Frontrahmen-300x198.jpg\" alt=\"\" width=\"600\" height=\"396\" srcset=\"https:\/\/open-boat-projects.org\/wp-content\/uploads\/2022\/01\/Display_Frontrahmen-300x198.jpg 300w, https:\/\/open-boat-projects.org\/wp-content\/uploads\/2022\/01\/Display_Frontrahmen-1024x676.jpg 1024w, https:\/\/open-boat-projects.org\/wp-content\/uploads\/2022\/01\/Display_Frontrahmen-768x507.jpg 768w, https:\/\/open-boat-projects.org\/wp-content\/uploads\/2022\/01\/Display_Frontrahmen-18x12.jpg 18w, https:\/\/open-boat-projects.org\/wp-content\/uploads\/2022\/01\/Display_Frontrahmen.jpg 1164w\" sizes=\"auto, (max-width: 600px) 100vw, 600px\" \/><\/p>\n<p>Abb. Frontabdeckung mit 7&#8243; Display<\/p>\n<p><img loading=\"lazy\" decoding=\"async\" class=\"alignnone wp-image-2533\" src=\"https:\/\/open-boat-projects.org\/wp-content\/uploads\/2022\/01\/7-inch-main-pcb-300x202.jpg\" alt=\"\" width=\"600\" height=\"405\" srcset=\"https:\/\/open-boat-projects.org\/wp-content\/uploads\/2022\/01\/7-inch-main-pcb-300x202.jpg 300w, https:\/\/open-boat-projects.org\/wp-content\/uploads\/2022\/01\/7-inch-main-pcb-768x518.jpg 768w, https:\/\/open-boat-projects.org\/wp-content\/uploads\/2022\/01\/7-inch-main-pcb-18x12.jpg 18w, https:\/\/open-boat-projects.org\/wp-content\/uploads\/2022\/01\/7-inch-main-pcb.jpg 1024w\" sizes=\"auto, (max-width: 600px) 100vw, 600px\" \/><\/p>\n<p>Abb. Erweiterungs-Platine<\/p>\n<p>Die Erweiterungs-Platine unterhalb des Raspberry Pi enth\u00e4lt die Stromversorgung, einen Audioverst\u00e4rker und die Anschl\u00fcsse f\u00fcr die Tastatur, den GPS-Empf\u00e4nger und den Lautsprecher sowie den Treiber f\u00fcr den CAN-Bus f\u00fcr NMEA2000.<\/p>\n<p><img loading=\"lazy\" decoding=\"async\" class=\"alignnone wp-image-2529\" src=\"https:\/\/open-boat-projects.org\/wp-content\/uploads\/2022\/01\/Tastenausbrueche-300x205.jpg\" alt=\"\" width=\"600\" height=\"411\" srcset=\"https:\/\/open-boat-projects.org\/wp-content\/uploads\/2022\/01\/Tastenausbrueche-300x205.jpg 300w, https:\/\/open-boat-projects.org\/wp-content\/uploads\/2022\/01\/Tastenausbrueche-768x526.jpg 768w, https:\/\/open-boat-projects.org\/wp-content\/uploads\/2022\/01\/Tastenausbrueche-18x12.jpg 18w, https:\/\/open-boat-projects.org\/wp-content\/uploads\/2022\/01\/Tastenausbrueche.jpg 1024w\" sizes=\"auto, (max-width: 600px) 100vw, 600px\" \/><\/p>\n<p>Abb. Frontansicht ohne Abdeckfolie<\/p>\n<p>Frontseitig befinden sich die Ausbr\u00fcche f\u00fcr die Tasten, das Display und den IR-Empf\u00e4nger. Die Frontabdeckung wird mit einer von der R\u00fcckseite bedruckten Folie beklebt. Die Bedruckung erzeugt die Beschriftung und die Verklebung verhindert ein eindringen von Wasser.<\/p>\n<p>Der 7&#8243; Plotter besteht damit nur aus wenigen Hardware-Komponenten:<\/p>\n<ul>\n<li>Kunststoffgeh\u00e4use, zweiteilig, ABS, wasserdicht (grau oder schwarz)<\/li>\n<li>7&#8243; Touch Display 800 x 480 Pixel, 400 nits<\/li>\n<li>Raspberry Pi 4B, 4 GB Flash, Quad-Core 1,2 GHz<\/li>\n<li>Erweiterungsplatine mit Stromversorgung f\u00fcr 12V mit NMEA2000 CAN-Bus-Adapter<\/li>\n<li>Tastaturplatine<\/li>\n<li>GPS-Empf\u00e4nger mit Antenne<\/li>\n<\/ul>\n<p>Alle Teile bis auf die Erweiterungsplatine und die Tastatur sind im Handel erh\u00e4ltlich. Wer AVnav als Image f\u00fcr den Raspberry Pi verwendet, ben\u00f6tigt nicht unbedingt die Tastatur- und Erweiterungsplatine, denn AVnav l\u00e4sst sich ausschlie\u00dflich \u00fcber Touch bedienen und als Stromversorgung kann man auch k\u00e4ufliche DC\/DC-Wandler einsetzen.<\/p>\n<h2>Software<\/h2>\n<p>Als Betriebssystem befindet sich Raspberry Pi OS Buster auf einer 32GB SD-Card die in den Raspi gesteckt wird. Christian hat zwei Imageversionen erstellt. Einmal f\u00fcr AVnav und einmal f\u00fcr OpenCPN als Navigationssoftware. Die Software-Varianten unterscheiden sich hinsichtlich der Bedienbarkeit und unterst\u00fctzen die Besonderheiten der Navigationssoftware. W\u00e4hrend AVnav voll browserbasiert auf Touchbedienung setzt und ohne Tasten auskommt, ist OpenCPN hingegen eine Desktopanwendung die mit Maus und Tastatur bedient wird. Damit OpenCPN sich ohne Maus und Tastatur bedienen l\u00e4sst, werden einige Bedientasten im Plotter ben\u00f6tigt. Die wichtigsten Tastenfunktionen von OpenCPN wie zoomen und diverse Ansichten wurden auf Tasten des Plotters gelegt. Dazu gibt es f\u00fcr\u00a0 Raspberry Pi OS Buster einige Software-Erweiterungen. Christian hat auch angepasste <a href=\"https:\/\/open-boat-projects.org\/de\/ir-fernbedienung\/\">IR-Fernbedienungen<\/a> mit einer Maus-Emulation gebaut, die man benutzen kann.<\/p>\n<h2>Umsetzung<\/h2>\n<p>Zur Bearbeitung der Geh\u00e4useteile wurde eine CNC-Fr\u00e4se benutzt. Damit w\u00e4hrend der Bearbeitung die Geh\u00e4usehalbschalen fest auf der Bearbeitungsplatte ohne Verspannung montiert werden konnten, wurde ein spezieller Montagerahmen erstellt in den die Rohteile eingelegt werden k\u00f6nnen. So ist auch sichergestellt, dass die Teile bei der Bearbeitung nicht verrutschen k\u00f6nnen.<\/p>\n<p><img loading=\"lazy\" decoding=\"async\" class=\"alignnone wp-image-2578\" src=\"https:\/\/open-boat-projects.org\/wp-content\/uploads\/2022\/01\/Aufspannung_zum_Fraesen-300x225.jpg\" alt=\"\" width=\"600\" height=\"450\" srcset=\"https:\/\/open-boat-projects.org\/wp-content\/uploads\/2022\/01\/Aufspannung_zum_Fraesen-300x225.jpg 300w, https:\/\/open-boat-projects.org\/wp-content\/uploads\/2022\/01\/Aufspannung_zum_Fraesen-768x576.jpg 768w, https:\/\/open-boat-projects.org\/wp-content\/uploads\/2022\/01\/Aufspannung_zum_Fraesen-16x12.jpg 16w, https:\/\/open-boat-projects.org\/wp-content\/uploads\/2022\/01\/Aufspannung_zum_Fraesen.jpg 1024w\" sizes=\"auto, (max-width: 600px) 100vw, 600px\" \/><\/p>\n<p>Abb. Montagerahmen zur CNC-Bearbeitung<\/p>\n<p><img loading=\"lazy\" decoding=\"async\" class=\"alignnone wp-image-2579\" src=\"https:\/\/open-boat-projects.org\/wp-content\/uploads\/2022\/01\/Aufspannung_zum_Fraesen2-300x225.jpg\" alt=\"\" width=\"600\" height=\"450\" srcset=\"https:\/\/open-boat-projects.org\/wp-content\/uploads\/2022\/01\/Aufspannung_zum_Fraesen2-300x225.jpg 300w, https:\/\/open-boat-projects.org\/wp-content\/uploads\/2022\/01\/Aufspannung_zum_Fraesen2-768x576.jpg 768w, https:\/\/open-boat-projects.org\/wp-content\/uploads\/2022\/01\/Aufspannung_zum_Fraesen2-16x12.jpg 16w, https:\/\/open-boat-projects.org\/wp-content\/uploads\/2022\/01\/Aufspannung_zum_Fraesen2.jpg 1024w\" sizes=\"auto, (max-width: 600px) 100vw, 600px\" \/><\/p>\n<p>Abb. Negativ-Form<\/p>\n<p><img loading=\"lazy\" decoding=\"async\" class=\"alignnone wp-image-2580\" src=\"https:\/\/open-boat-projects.org\/wp-content\/uploads\/2022\/01\/CNC_Fraese-300x225.jpg\" alt=\"\" width=\"600\" height=\"450\" srcset=\"https:\/\/open-boat-projects.org\/wp-content\/uploads\/2022\/01\/CNC_Fraese-300x225.jpg 300w, https:\/\/open-boat-projects.org\/wp-content\/uploads\/2022\/01\/CNC_Fraese-768x576.jpg 768w, https:\/\/open-boat-projects.org\/wp-content\/uploads\/2022\/01\/CNC_Fraese-16x12.jpg 16w, https:\/\/open-boat-projects.org\/wp-content\/uploads\/2022\/01\/CNC_Fraese.jpg 1024w\" sizes=\"auto, (max-width: 600px) 100vw, 600px\" \/><\/p>\n<p>Abb. CNC Fr\u00e4se 6040Z<\/p>\n<p><img loading=\"lazy\" decoding=\"async\" class=\"alignnone wp-image-2581\" src=\"https:\/\/open-boat-projects.org\/wp-content\/uploads\/2022\/01\/gefraeste-Blechteile-300x225.jpg\" alt=\"\" width=\"600\" height=\"450\" srcset=\"https:\/\/open-boat-projects.org\/wp-content\/uploads\/2022\/01\/gefraeste-Blechteile-300x225.jpg 300w, https:\/\/open-boat-projects.org\/wp-content\/uploads\/2022\/01\/gefraeste-Blechteile-768x576.jpg 768w, https:\/\/open-boat-projects.org\/wp-content\/uploads\/2022\/01\/gefraeste-Blechteile-16x12.jpg 16w, https:\/\/open-boat-projects.org\/wp-content\/uploads\/2022\/01\/gefraeste-Blechteile.jpg 1024w\" sizes=\"auto, (max-width: 600px) 100vw, 600px\" \/><\/p>\n<p>Abb. Fr\u00e4steile f\u00fcr den Aufbaurahmen (mit doppelseitigen Klebeband auf Opferplatte befestigt)<\/p>\n<p><img loading=\"lazy\" decoding=\"async\" class=\"alignnone wp-image-2596\" src=\"https:\/\/open-boat-projects.org\/wp-content\/uploads\/2022\/01\/Fraesergebnis_Frontrahmen-300x225.jpg\" alt=\"\" width=\"600\" height=\"450\" srcset=\"https:\/\/open-boat-projects.org\/wp-content\/uploads\/2022\/01\/Fraesergebnis_Frontrahmen-300x225.jpg 300w, https:\/\/open-boat-projects.org\/wp-content\/uploads\/2022\/01\/Fraesergebnis_Frontrahmen-768x576.jpg 768w, https:\/\/open-boat-projects.org\/wp-content\/uploads\/2022\/01\/Fraesergebnis_Frontrahmen-16x12.jpg 16w, https:\/\/open-boat-projects.org\/wp-content\/uploads\/2022\/01\/Fraesergebnis_Frontrahmen.jpg 1024w\" sizes=\"auto, (max-width: 600px) 100vw, 600px\" \/><\/p>\n<p>Abb. Fr\u00e4sergebnis Frontrahmen<\/p>\n<p><img loading=\"lazy\" decoding=\"async\" class=\"alignnone wp-image-2585\" src=\"https:\/\/open-boat-projects.org\/wp-content\/uploads\/2022\/01\/Layeraufbau2-300x225.jpg\" alt=\"\" width=\"600\" height=\"450\" srcset=\"https:\/\/open-boat-projects.org\/wp-content\/uploads\/2022\/01\/Layeraufbau2-300x225.jpg 300w, https:\/\/open-boat-projects.org\/wp-content\/uploads\/2022\/01\/Layeraufbau2-768x576.jpg 768w, https:\/\/open-boat-projects.org\/wp-content\/uploads\/2022\/01\/Layeraufbau2-16x12.jpg 16w, https:\/\/open-boat-projects.org\/wp-content\/uploads\/2022\/01\/Layeraufbau2.jpg 1024w\" sizes=\"auto, (max-width: 600px) 100vw, 600px\" \/><\/p>\n<p>Abb. Layer-Aufbau (unten TFT-Platine, oben Raspi)<\/p>\n<p><img loading=\"lazy\" decoding=\"async\" class=\"alignnone wp-image-2583\" src=\"https:\/\/open-boat-projects.org\/wp-content\/uploads\/2022\/01\/CPU_Kuehlung2-300x225.jpg\" alt=\"\" width=\"600\" height=\"450\" srcset=\"https:\/\/open-boat-projects.org\/wp-content\/uploads\/2022\/01\/CPU_Kuehlung2-300x225.jpg 300w, https:\/\/open-boat-projects.org\/wp-content\/uploads\/2022\/01\/CPU_Kuehlung2-768x576.jpg 768w, https:\/\/open-boat-projects.org\/wp-content\/uploads\/2022\/01\/CPU_Kuehlung2-16x12.jpg 16w, https:\/\/open-boat-projects.org\/wp-content\/uploads\/2022\/01\/CPU_Kuehlung2.jpg 1024w\" sizes=\"auto, (max-width: 600px) 100vw, 600px\" \/><\/p>\n<p>Abb. CPU-K\u00fchlfinger f\u00fcr den Raspi<\/p>\n<p><img loading=\"lazy\" decoding=\"async\" class=\"alignnone wp-image-2584\" src=\"https:\/\/open-boat-projects.org\/wp-content\/uploads\/2022\/01\/Layeraufbau-300x225.jpg\" alt=\"\" width=\"600\" height=\"450\" srcset=\"https:\/\/open-boat-projects.org\/wp-content\/uploads\/2022\/01\/Layeraufbau-300x225.jpg 300w, https:\/\/open-boat-projects.org\/wp-content\/uploads\/2022\/01\/Layeraufbau-768x576.jpg 768w, https:\/\/open-boat-projects.org\/wp-content\/uploads\/2022\/01\/Layeraufbau-16x12.jpg 16w, https:\/\/open-boat-projects.org\/wp-content\/uploads\/2022\/01\/Layeraufbau.jpg 1024w\" sizes=\"auto, (max-width: 600px) 100vw, 600px\" \/><\/p>\n<p>Abb. Raspi montiert, 2 USB-Ports mit WiFi- und Maus\/Tastatur-Stick belegt<\/p>\n<p><img loading=\"lazy\" decoding=\"async\" class=\"alignnone wp-image-2586\" src=\"https:\/\/open-boat-projects.org\/wp-content\/uploads\/2022\/01\/pulverlackierte-Blechteile-300x225.jpg\" alt=\"\" width=\"600\" height=\"450\" srcset=\"https:\/\/open-boat-projects.org\/wp-content\/uploads\/2022\/01\/pulverlackierte-Blechteile-300x225.jpg 300w, https:\/\/open-boat-projects.org\/wp-content\/uploads\/2022\/01\/pulverlackierte-Blechteile-768x576.jpg 768w, https:\/\/open-boat-projects.org\/wp-content\/uploads\/2022\/01\/pulverlackierte-Blechteile-16x12.jpg 16w, https:\/\/open-boat-projects.org\/wp-content\/uploads\/2022\/01\/pulverlackierte-Blechteile.jpg 1024w\" sizes=\"auto, (max-width: 600px) 100vw, 600px\" \/><\/p>\n<p>Abb. Lackierte Bleche<\/p>\n<p><img loading=\"lazy\" decoding=\"async\" class=\"alignnone wp-image-2587\" src=\"https:\/\/open-boat-projects.org\/wp-content\/uploads\/2022\/01\/Power-pcb-300x246.jpg\" alt=\"\" width=\"600\" height=\"491\" srcset=\"https:\/\/open-boat-projects.org\/wp-content\/uploads\/2022\/01\/Power-pcb-300x246.jpg 300w, https:\/\/open-boat-projects.org\/wp-content\/uploads\/2022\/01\/Power-pcb-768x629.jpg 768w, https:\/\/open-boat-projects.org\/wp-content\/uploads\/2022\/01\/Power-pcb-15x12.jpg 15w, https:\/\/open-boat-projects.org\/wp-content\/uploads\/2022\/01\/Power-pcb.jpg 1024w\" sizes=\"auto, (max-width: 600px) 100vw, 600px\" \/><\/p>\n<p>Abb. Platine zur Stromversorgung, zur Anbindung der Peripherie und des NMEA2000 Busses<\/p>\n<p><img loading=\"lazy\" decoding=\"async\" class=\"alignnone wp-image-2599\" src=\"https:\/\/open-boat-projects.org\/wp-content\/uploads\/2022\/01\/Keyboard-pcb-300x64.jpg\" alt=\"\" width=\"600\" height=\"128\" srcset=\"https:\/\/open-boat-projects.org\/wp-content\/uploads\/2022\/01\/Keyboard-pcb-300x64.jpg 300w, https:\/\/open-boat-projects.org\/wp-content\/uploads\/2022\/01\/Keyboard-pcb-768x164.jpg 768w, https:\/\/open-boat-projects.org\/wp-content\/uploads\/2022\/01\/Keyboard-pcb-18x4.jpg 18w, https:\/\/open-boat-projects.org\/wp-content\/uploads\/2022\/01\/Keyboard-pcb.jpg 1024w\" sizes=\"auto, (max-width: 600px) 100vw, 600px\" \/><\/p>\n<p>Abb. Keyboard-Platine<\/p>\n<p><img loading=\"lazy\" decoding=\"async\" class=\"alignnone wp-image-2588\" src=\"https:\/\/open-boat-projects.org\/wp-content\/uploads\/2022\/01\/7-inch-prototype-back-300x225.jpg\" alt=\"\" width=\"600\" height=\"450\" srcset=\"https:\/\/open-boat-projects.org\/wp-content\/uploads\/2022\/01\/7-inch-prototype-back-300x225.jpg 300w, https:\/\/open-boat-projects.org\/wp-content\/uploads\/2022\/01\/7-inch-prototype-back-768x576.jpg 768w, https:\/\/open-boat-projects.org\/wp-content\/uploads\/2022\/01\/7-inch-prototype-back-16x12.jpg 16w, https:\/\/open-boat-projects.org\/wp-content\/uploads\/2022\/01\/7-inch-prototype-back.jpg 1024w\" sizes=\"auto, (max-width: 600px) 100vw, 600px\" \/><\/p>\n<p>Abb. Gesamter Aufbau mit GPS-Empf\u00e4nger und Lautsprecher<\/p>\n<p><img loading=\"lazy\" decoding=\"async\" class=\"alignnone wp-image-2589\" src=\"https:\/\/open-boat-projects.org\/wp-content\/uploads\/2022\/01\/Kuehlfinger-und-GPS-Antenne-300x225.jpg\" alt=\"\" width=\"600\" height=\"450\" srcset=\"https:\/\/open-boat-projects.org\/wp-content\/uploads\/2022\/01\/Kuehlfinger-und-GPS-Antenne-300x225.jpg 300w, https:\/\/open-boat-projects.org\/wp-content\/uploads\/2022\/01\/Kuehlfinger-und-GPS-Antenne-768x576.jpg 768w, https:\/\/open-boat-projects.org\/wp-content\/uploads\/2022\/01\/Kuehlfinger-und-GPS-Antenne-16x12.jpg 16w, https:\/\/open-boat-projects.org\/wp-content\/uploads\/2022\/01\/Kuehlfinger-und-GPS-Antenne.jpg 1024w\" sizes=\"auto, (max-width: 600px) 100vw, 600px\" \/><\/p>\n<p>Abb. K\u00fchlfinger und GPS-Antenne<\/p>\n<p><img loading=\"lazy\" decoding=\"async\" class=\"alignnone wp-image-2592\" src=\"https:\/\/open-boat-projects.org\/wp-content\/uploads\/2022\/01\/NEO-6M-GPS-300x225.jpg\" alt=\"\" width=\"600\" height=\"450\" srcset=\"https:\/\/open-boat-projects.org\/wp-content\/uploads\/2022\/01\/NEO-6M-GPS-300x225.jpg 300w, https:\/\/open-boat-projects.org\/wp-content\/uploads\/2022\/01\/NEO-6M-GPS-768x576.jpg 768w, https:\/\/open-boat-projects.org\/wp-content\/uploads\/2022\/01\/NEO-6M-GPS-16x12.jpg 16w, https:\/\/open-boat-projects.org\/wp-content\/uploads\/2022\/01\/NEO-6M-GPS.jpg 1024w\" sizes=\"auto, (max-width: 600px) 100vw, 600px\" \/><\/p>\n<p>Abb. GPS-Empf\u00e4nger Ublox NEO 6M<\/p>\n<p><img loading=\"lazy\" decoding=\"async\" class=\"alignnone wp-image-2590\" src=\"https:\/\/open-boat-projects.org\/wp-content\/uploads\/2022\/01\/LS-Halter-300x225.jpg\" alt=\"\" width=\"600\" height=\"450\" srcset=\"https:\/\/open-boat-projects.org\/wp-content\/uploads\/2022\/01\/LS-Halter-300x225.jpg 300w, https:\/\/open-boat-projects.org\/wp-content\/uploads\/2022\/01\/LS-Halter-768x576.jpg 768w, https:\/\/open-boat-projects.org\/wp-content\/uploads\/2022\/01\/LS-Halter-16x12.jpg 16w, https:\/\/open-boat-projects.org\/wp-content\/uploads\/2022\/01\/LS-Halter.jpg 1024w\" sizes=\"auto, (max-width: 600px) 100vw, 600px\" \/><\/p>\n<p>Abb. Lautsprecher-Halterung<\/p>\n<p><img loading=\"lazy\" decoding=\"async\" class=\"alignnone wp-image-2591\" src=\"https:\/\/open-boat-projects.org\/wp-content\/uploads\/2022\/01\/LS-Oeffnung-300x225.jpg\" alt=\"\" width=\"600\" height=\"450\" srcset=\"https:\/\/open-boat-projects.org\/wp-content\/uploads\/2022\/01\/LS-Oeffnung-300x225.jpg 300w, https:\/\/open-boat-projects.org\/wp-content\/uploads\/2022\/01\/LS-Oeffnung-768x576.jpg 768w, https:\/\/open-boat-projects.org\/wp-content\/uploads\/2022\/01\/LS-Oeffnung-16x12.jpg 16w, https:\/\/open-boat-projects.org\/wp-content\/uploads\/2022\/01\/LS-Oeffnung.jpg 1024w\" sizes=\"auto, (max-width: 600px) 100vw, 600px\" \/><\/p>\n<p>Abb. Ausbr\u00fcche f\u00fcr Lautsprecher (Abdichtung mit Goretex)<\/p>\n<p><img loading=\"lazy\" decoding=\"async\" class=\"alignnone wp-image-2593\" src=\"https:\/\/open-boat-projects.org\/wp-content\/uploads\/2022\/01\/Rueckseite-300x226.jpg\" alt=\"\" width=\"600\" height=\"451\" srcset=\"https:\/\/open-boat-projects.org\/wp-content\/uploads\/2022\/01\/Rueckseite-300x226.jpg 300w, https:\/\/open-boat-projects.org\/wp-content\/uploads\/2022\/01\/Rueckseite-768x578.jpg 768w, https:\/\/open-boat-projects.org\/wp-content\/uploads\/2022\/01\/Rueckseite-16x12.jpg 16w, https:\/\/open-boat-projects.org\/wp-content\/uploads\/2022\/01\/Rueckseite.jpg 1024w\" sizes=\"auto, (max-width: 600px) 100vw, 600px\" \/><\/p>\n<p>Abb. R\u00fcckseite mit Vesa-Halterung und NMEA2000-Anschluss<\/p>\n<p><img loading=\"lazy\" decoding=\"async\" class=\"alignnone wp-image-2597\" src=\"https:\/\/open-boat-projects.org\/wp-content\/uploads\/2022\/01\/Frontfolien-300x225.jpg\" alt=\"\" width=\"600\" height=\"450\" srcset=\"https:\/\/open-boat-projects.org\/wp-content\/uploads\/2022\/01\/Frontfolien-300x225.jpg 300w, https:\/\/open-boat-projects.org\/wp-content\/uploads\/2022\/01\/Frontfolien-768x576.jpg 768w, https:\/\/open-boat-projects.org\/wp-content\/uploads\/2022\/01\/Frontfolien-16x12.jpg 16w, https:\/\/open-boat-projects.org\/wp-content\/uploads\/2022\/01\/Frontfolien.jpg 1024w\" sizes=\"auto, (max-width: 600px) 100vw, 600px\" \/><\/p>\n<p>Abb. Versuche mit verschiedenen Frontfolien<\/p>\n<p>&nbsp;<\/p>\n","protected":false},"excerpt":{"rendered":"<p>Vorab ein paar wichtige Hinweise die sie unbedingt beachten sollten. Abb. 7&#8243; Plotter OBP 7.0 OpenCPN Nachdem Chistian auf der Boot 2020 einen ersten Versuch zu einem 10&#8243; Eigenbau-Plotter unternommen hatte, entstand hier eine neue Ansatz f\u00fcr einen neuen Eigenbau-Plotter. Einige Punkte des alten Konzepts hatten sich als nicht praktikabel herausgestellt. Insbesondere die Verwendung eines&hellip; <a href=\"https:\/\/open-boat-projects.org\/de\/7-plotter-raspi-4b\/\" class=\"more-link\">Weiterlesen <span class=\"screen-reader-text\">7&#8243; Plotter Raspi 4B<\/span><\/a><\/p>\n","protected":false},"author":2,"featured_media":0,"parent":0,"menu_order":0,"comment_status":"closed","ping_status":"closed","template":"","meta":{"footnotes":""},"categories":[],"tags":[],"class_list":["post-2522","page","type-page","status-publish","hentry"],"_links":{"self":[{"href":"https:\/\/open-boat-projects.org\/de\/wp-json\/wp\/v2\/pages\/2522","targetHints":{"allow":["GET"]}}],"collection":[{"href":"https:\/\/open-boat-projects.org\/de\/wp-json\/wp\/v2\/pages"}],"about":[{"href":"https:\/\/open-boat-projects.org\/de\/wp-json\/wp\/v2\/types\/page"}],"author":[{"embeddable":true,"href":"https:\/\/open-boat-projects.org\/de\/wp-json\/wp\/v2\/users\/2"}],"replies":[{"embeddable":true,"href":"https:\/\/open-boat-projects.org\/de\/wp-json\/wp\/v2\/comments?post=2522"}],"version-history":[{"count":31,"href":"https:\/\/open-boat-projects.org\/de\/wp-json\/wp\/v2\/pages\/2522\/revisions"}],"predecessor-version":[{"id":2917,"href":"https:\/\/open-boat-projects.org\/de\/wp-json\/wp\/v2\/pages\/2522\/revisions\/2917"}],"wp:attachment":[{"href":"https:\/\/open-boat-projects.org\/de\/wp-json\/wp\/v2\/media?parent=2522"}],"wp:term":[{"taxonomy":"category","embeddable":true,"href":"https:\/\/open-boat-projects.org\/de\/wp-json\/wp\/v2\/categories?post=2522"},{"taxonomy":"post_tag","embeddable":true,"href":"https:\/\/open-boat-projects.org\/de\/wp-json\/wp\/v2\/tags?post=2522"}],"curies":[{"name":"wp","href":"https:\/\/api.w.org\/{rel}","templated":true}]}}