{"id":2472,"date":"2022-01-07T09:46:21","date_gmt":"2022-01-07T09:46:21","guid":{"rendered":"https:\/\/open-boat-projects.org\/?page_id=2472"},"modified":"2023-04-28T00:59:53","modified_gmt":"2023-04-28T00:59:53","slug":"wichtige-hinweise","status":"publish","type":"page","link":"https:\/\/open-boat-projects.org\/de\/wichtige-hinweise\/","title":{"rendered":"Wichtige Hinweise"},"content":{"rendered":"<p><span style=\"color: #ff0000;\"><em>Die auf dieser Webseite ver\u00f6ffentlichten Beitr\u00e4ge sind Hobbyprojekte unterschiedlicher Qualit\u00e4t hinsichtlich Funktionalit\u00e4t, Sicherheit und Dokumentation. Bei Open-Source-Projekten k\u00f6nne unter Umst\u00e4nden erforderliche Mindestanforderungen an Sicherheit und Funktionalit\u00e4t nicht gegeben sein, da die Projekte teilweise von Laien mit begrenzten technischen und rechtlichen Wissen erstellt wurden. Die Open-Source-Projekte sind als Machbarkeitsstudien zu verstehen, die zeigen mit welchen begrenzten M\u00f6glichkeiten private Projekte umgesetzt werden k\u00f6nnen. Die Qualit\u00e4t der entstandenen L\u00f6sungen sind nicht vergleichbar mit kommerziellen L\u00f6sungen. Jedem Interessierten sollte klar sein, dass die Nutzung der hier vorgestellten Projekte auf eigene Gefahr erfolgt und mit Fehlern und St\u00f6rungen zu rechnen ist, die schwerwiegende Konsequenzen haben k\u00f6nnen. F\u00fchren Sie vor dem Einsatz eigener Projekte eine Risikoanalyse durch und treffen geeignete Ma\u00dfnahmen, um Sch\u00e4den und Gef\u00e4hrdung anderer Personen zu vermeiden.<br \/>\n<\/em><\/span><\/p>\n<p><span style=\"color: #ff0000;\"><em>Der Umgang mit Spannungen gr\u00f6\u00dfer 50V kann lebensgef\u00e4hrlich sein. Arbeiten mit h\u00f6heren Spannungen sollten sie Fachleuten \u00fcberlassen. Batterien jeglicher Form speichern hohe Energiemengen, die sich im Fehlerfall schlagartig entladen und Br\u00e4nde verursachen k\u00f6nnen. Verwenden Sie auf jeden Fall geeignete Schutzeinrichtungen an Batterien zur Gefahrenreduzierung.<\/em> <\/span><\/p>\n<p><span style=\"color: #ff0000;\"><em>Eignen Sie sich am besten das n\u00f6tige Wissen an, bevor Sie mit der Projektumsetzung beginnen und holen sich Hilfe bei Themen die Ihnen unklar sind. Nutzen Sie Informationsquellen wie Foren oder das Internet zur Wissensgewinnung. So erh\u00f6hen sich die Chancen, dass Sie Ihr Projekt erfolgreich umsetzen k\u00f6nnen. Betreiben Sie Open-Source- und Open-Hardware-Projekte nicht in sicherheitskritischen Umgebungen. Die Nutzung der Projekte erfolgt auf eigene Gefahr unter Ausschluss von Haftungsanspr\u00fcchen.<\/em><\/span><\/p>\n<p><span style=\"color: #ff0000;\"><em>N<\/em><\/span><span style=\"color: #ff0000;\"><em>MEA2000<sup>TM<\/sup>, NMEA0183<sup>TM<\/sup>, SeaTalk<sup>TM<\/sup>, SeaSmart<sup>TM<\/sup> sind eingetragene Marken der jeweiligen Markeninhaber. Die Namen werden auf dieser Seite als Synonym f\u00fcr diese Protokoll-Typen benutzt. Wenn in den Beschreibungen darauf Bezug genommen wird, so sind Open-Source-Implementierungen damit gemeint, die nicht in allen Punkten den Qualit\u00e4tsanforderungen und Spezifikationen der jeweiligen Markeninhaber entsprechen. Die Software und Hardware versteht sich als experimentell zur Wissensgewinnung und sollte nicht mit sicherheitskritischen Systemen verbunden und betrieben werden. Es kann keine Garantie f\u00fcr die korrekte Implementierung der Protokolle und deren Funktionssicherheit \u00fcbernommen werden. Die Integration von Open-Source-Implementierungen in zertifizierte Bussystemen kann zu Fehlern, St\u00f6rungen und Totalausf\u00e4llen f\u00fchren. Die Benutzung der Open-Source-Software und Hardware erfolgt auf eigene Gefahr unter Ausschluss von Haftungsanspr\u00fcchen.<\/em><\/span><a id=\"Daten\"><\/a><\/p>\n<p>Wenn Sie unsere Webseiten besuchen erfassen wir einige Daten zur Optimierung unserer Webseite. Damit wollen wir herausfinden welche Projekte am meisten nachgefragt werden und aus welchen L\u00e4ndern die Besucher kommen. Wir werten auch die Suchanfragen von Suchmaschinen aus, um festzustellen unter welchen Suchbegriffen Besucher auf unsere Seiten kommen. So k\u00f6nnen wir gezielt Begrifflichkeiten verwenden mit denen Suchmaschinen unsere Seiten und Projekte besser finden k\u00f6nnen. Aktuell erfassen wir folgende anonymisierte Daten wenn Sie unsere Webseiten besuchen. Wir k\u00f6nnen keine genauen R\u00fcckschl\u00fcsse auf Ihre Identit\u00e4t machen.<\/p>\n<ul>\n<li>aus welchem IP-Netz der anonymisierte Besucher kommt (die genaue IP-Adresse wird nicht erfasst)<\/li>\n<li>welche Webseiten der Besucher ansteuert<\/li>\n<li>wie oft die Seiten aufgerufen werden<\/li>\n<li>aus welchen Land der Besucher kommt<\/li>\n<li>aus welcher Stadt bzw. Region der Besucher kommt<\/li>\n<li>\u00fcber welche Suchmaschinen der Besucher uns gefunden hat<\/li>\n<li>welche Suchbegriffe benutzt wurden<\/li>\n<li>welches Betriebssystem der Besucher verwendet<\/li>\n<li>welchen Web-Browser der Besucher verwendet<\/li>\n<li>welche Seiten fehlerhaft aufgerufen werden<\/li>\n<\/ul>\n<p>Wir achten darauf, dass unsere Webseiten frei von fremder Werbung und fremden Trackern sind, die sie nerven oder ausspionieren wollen. Falls Ihnen Seiten auffallen sollten, die doch Tracker enthalten, so teilen Sie uns das bitte \u00fcber das <a href=\"https:\/\/open-boat-projects.org\/de\/kontakt\/\">Kontaktformular<\/a> mit. Das kann durchaus unbewusst bei der Nutzung von fremden Links passieren, da die Inhalte der Webseiten von mehreren Leuten gepflegt werden. Wir freuen uns auch \u00fcber Feedback zu unseren Webseiten und w\u00fcrden Ihnen danken, wenn Sie uns mit einer Spende unterst\u00fctzen.<\/p>\n<p><a href=\"https:\/\/www.paypal.com\/cgi-bin\/webscr?cmd=_s-xclick&amp;hosted_button_id=5QZJZBM252F2L\" target=\"_blank\" rel=\"noopener\"><img loading=\"lazy\" decoding=\"async\" class=\"alignnone wp-image-1730 size-full\" src=\"https:\/\/open-boat-projects.org\/wp-content\/uploads\/2021\/08\/Donate.gif\" alt=\"\" width=\"92\" height=\"47\" srcset=\"https:\/\/open-boat-projects.org\/wp-content\/uploads\/2021\/08\/Donate.gif 92w, https:\/\/open-boat-projects.org\/wp-content\/uploads\/2021\/08\/Donate-18x9.gif 18w\" sizes=\"auto, (max-width: 92px) 100vw, 92px\" \/><\/a><\/p>\n","protected":false},"excerpt":{"rendered":"<p>Die auf dieser Webseite ver\u00f6ffentlichten Beitr\u00e4ge sind Hobbyprojekte unterschiedlicher Qualit\u00e4t hinsichtlich Funktionalit\u00e4t, Sicherheit und Dokumentation. Bei Open-Source-Projekten k\u00f6nne unter Umst\u00e4nden erforderliche Mindestanforderungen an Sicherheit und Funktionalit\u00e4t nicht gegeben sein, da die Projekte teilweise von Laien mit begrenzten technischen und rechtlichen Wissen erstellt wurden. Die Open-Source-Projekte sind als Machbarkeitsstudien zu verstehen, die zeigen mit welchen begrenzten&hellip; <a href=\"https:\/\/open-boat-projects.org\/de\/wichtige-hinweise\/\" class=\"more-link\">Weiterlesen <span class=\"screen-reader-text\">Wichtige Hinweise<\/span><\/a><\/p>\n","protected":false},"author":2,"featured_media":0,"parent":0,"menu_order":0,"comment_status":"closed","ping_status":"closed","template":"","meta":{"footnotes":""},"categories":[],"tags":[],"class_list":["post-2472","page","type-page","status-publish","hentry"],"_links":{"self":[{"href":"https:\/\/open-boat-projects.org\/de\/wp-json\/wp\/v2\/pages\/2472","targetHints":{"allow":["GET"]}}],"collection":[{"href":"https:\/\/open-boat-projects.org\/de\/wp-json\/wp\/v2\/pages"}],"about":[{"href":"https:\/\/open-boat-projects.org\/de\/wp-json\/wp\/v2\/types\/page"}],"author":[{"embeddable":true,"href":"https:\/\/open-boat-projects.org\/de\/wp-json\/wp\/v2\/users\/2"}],"replies":[{"embeddable":true,"href":"https:\/\/open-boat-projects.org\/de\/wp-json\/wp\/v2\/comments?post=2472"}],"version-history":[{"count":20,"href":"https:\/\/open-boat-projects.org\/de\/wp-json\/wp\/v2\/pages\/2472\/revisions"}],"predecessor-version":[{"id":4917,"href":"https:\/\/open-boat-projects.org\/de\/wp-json\/wp\/v2\/pages\/2472\/revisions\/4917"}],"wp:attachment":[{"href":"https:\/\/open-boat-projects.org\/de\/wp-json\/wp\/v2\/media?parent=2472"}],"wp:term":[{"taxonomy":"category","embeddable":true,"href":"https:\/\/open-boat-projects.org\/de\/wp-json\/wp\/v2\/categories?post=2472"},{"taxonomy":"post_tag","embeddable":true,"href":"https:\/\/open-boat-projects.org\/de\/wp-json\/wp\/v2\/tags?post=2472"}],"curies":[{"name":"wp","href":"https:\/\/api.w.org\/{rel}","templated":true}]}}