{"id":2445,"date":"2022-01-06T10:24:25","date_gmt":"2022-01-06T10:24:25","guid":{"rendered":"https:\/\/open-boat-projects.org\/?page_id=2445"},"modified":"2022-01-06T10:34:04","modified_gmt":"2022-01-06T10:34:04","slug":"luftdruck-fuellstandssensor","status":"publish","type":"page","link":"https:\/\/open-boat-projects.org\/de\/luftdruck-fuellstandssensor\/","title":{"rendered":"Luftdruck F\u00fcllstandssensor"},"content":{"rendered":"<p><img loading=\"lazy\" decoding=\"async\" class=\"alignnone wp-image-2448 size-large\" src=\"https:\/\/open-boat-projects.org\/wp-content\/uploads\/2022\/01\/Pump_unit_kl-1024x601.jpg\" alt=\"\" width=\"952\" height=\"559\" srcset=\"https:\/\/open-boat-projects.org\/wp-content\/uploads\/2022\/01\/Pump_unit_kl-1024x601.jpg 1024w, https:\/\/open-boat-projects.org\/wp-content\/uploads\/2022\/01\/Pump_unit_kl-300x176.jpg 300w, https:\/\/open-boat-projects.org\/wp-content\/uploads\/2022\/01\/Pump_unit_kl-768x451.jpg 768w, https:\/\/open-boat-projects.org\/wp-content\/uploads\/2022\/01\/Pump_unit_kl-1536x902.jpg 1536w, https:\/\/open-boat-projects.org\/wp-content\/uploads\/2022\/01\/Pump_unit_kl-2048x1203.jpg 2048w, https:\/\/open-boat-projects.org\/wp-content\/uploads\/2022\/01\/Pump_unit_kl-18x12.jpg 18w\" sizes=\"auto, (max-width: 952px) 100vw, 952px\" \/><\/p>\n<p>Abb. Steuerbox mit Pumpe, Drucksensor und Ventilen<\/p>\n<p>In der Facebook Gruppe <a class=\"externalURL\" href=\"https:\/\/www.facebook.com\/groups\/1666364153609573\/\" target=\"_blank\" rel=\"nofollow noopener noreferrer\">Raspberry Pi for Boats<\/a> habe ich eine coole L\u00f6sung f\u00fcr eine F\u00fcllstandmessung gesehen. Erik aus Finnland hat mit einem Luftdrucksensor eine \u00dcberwachung f\u00fcr 4 Tanks konstruiert. Das Funktionsprinzip basiert auf der Verdr\u00e4ngung von Fl\u00fcssigkeiten in einem Messrohr. Es baut sich dann ein entsprechender Luftdruck im Messrohr aus der proportional zur F\u00fcllstandh\u00f6he ist. Das System benutzt eine Pumpe die in einem Schlauchsystem so lange Druck aufbaut bis die Luft am Schlauchende im Tank ausstr\u00f6mt. Je nach Schlauchl\u00e4nge arbeitet die Pumpe zwischen 5&#8230;10 s. Danach wird der statische Druck im Schlauchsystem gemessen, der proportional zum statischen Druck einer Fl\u00fcssigkeitss\u00e4ule ist. Damit man 4 Tanks kontrollieren kann, sind im System 5 Ventile verbaut, die ein Verbindung zum jeweiligen Tank herstellt von dem man den F\u00fcllstand ermitteln m\u00f6chte. Mit dieser coolen L\u00f6sung umgeht er das Problem des Druckverlustes im Schlauchsystem, weil er vor jeder Messung kurz die Pumpe anlaufen l\u00e4sst und die entwichene Luft nachf\u00fcllt. Ich hatte damals auch mit Schlauchsystemen experimentiert und die L\u00f6sung f\u00fcr unbrauchbar gehalten, weil ich den Druckverlust nicht kompensieren konnte. Das Problem war, dass Luft eine sehr geringe Dichte hat und durch Schl\u00e4uche hindurch diffundieren oder an Schlauchverbindern entweichen kann. Der Luftdruck l\u00e4sst sich dann nicht \u00fcber mehrere Tage oder Wochen aufrecht erhalten. Man kann das umgehen indem man durchg\u00e4ngige Metallleitungen ohne Verbinder benutzt, was das Ganze dann aber wieder aufw\u00e4ndiger werden l\u00e4sst. Ich hatte mich damals in meinem Projekt zur <a href=\"https:\/\/open-boat-projects.org\/de\/diy-motordiagnose\/\">Motordiagnose<\/a> entschieden, den Drucksensor direkt im Tank einzubauen und die Fl\u00fcssigkeitss\u00e4ule direkt zu messen.<\/p>\n<p>Die L\u00f6sung von Erik hat den Vorteil, dass man keine gef\u00e4hrlichen Spannungen am Tank hat und man im Prinzip beliebig viele Tanks mit der Methode \u00fcberwachen kann. Als Auswerteeinheit benutzt er einen Raspberry Pi und zeigt die Messergebnisse auf einer Webseite an. Die ganze Elektronik hat er auf einer einfachen Streifenleiterplatte untergebracht. Das Projekt hat Erik auf seiner <a class=\"externalURL\" href=\"http:\/\/ulmus.fi\/ErikPortal\/?fbclid=IwAR0IlPLd6_K8x_7r56sOjdJ3isi-vuLHlzLtrnPBdwmkiH4U78xe0i09_E8\" target=\"_blank\" rel=\"nofollow noopener noreferrer\">Homepage<\/a> beschrieben.<\/p>\n<p>Im Segeln-Forum findet man eine <a href=\"https:\/\/www.segeln-forum.de\/thread\/82325-f%C3%BCllstandsmessung-mal-anders\/?postID=2370976#post2370976\" target=\"_blank\" rel=\"noopener\">interessante Diskussion<\/a> mit weiterf\u00fchrenden Informationen zu diesem Thema.<\/p>\n<p><img loading=\"lazy\" decoding=\"async\" class=\"alignnone wp-image-2450 size-large\" src=\"https:\/\/open-boat-projects.org\/wp-content\/uploads\/2022\/01\/Fuellstandsmessung_Schlauchsystem-709x1024.jpg\" alt=\"\" width=\"709\" height=\"1024\" srcset=\"https:\/\/open-boat-projects.org\/wp-content\/uploads\/2022\/01\/Fuellstandsmessung_Schlauchsystem-709x1024.jpg 709w, https:\/\/open-boat-projects.org\/wp-content\/uploads\/2022\/01\/Fuellstandsmessung_Schlauchsystem-208x300.jpg 208w, https:\/\/open-boat-projects.org\/wp-content\/uploads\/2022\/01\/Fuellstandsmessung_Schlauchsystem-8x12.jpg 8w, https:\/\/open-boat-projects.org\/wp-content\/uploads\/2022\/01\/Fuellstandsmessung_Schlauchsystem.jpg 720w\" sizes=\"auto, (max-width: 709px) 100vw, 709px\" \/><\/p>\n<p>Abb. Pneumatischer Systemaufbau<\/p>\n<p>&nbsp;<\/p>\n<p><img loading=\"lazy\" decoding=\"async\" class=\"alignnone wp-image-2449 size-full\" src=\"https:\/\/open-boat-projects.org\/wp-content\/uploads\/2022\/01\/Tank_Schlauch.png\" alt=\"\" width=\"562\" height=\"605\" srcset=\"https:\/\/open-boat-projects.org\/wp-content\/uploads\/2022\/01\/Tank_Schlauch.png 562w, https:\/\/open-boat-projects.org\/wp-content\/uploads\/2022\/01\/Tank_Schlauch-279x300.png 279w, https:\/\/open-boat-projects.org\/wp-content\/uploads\/2022\/01\/Tank_Schlauch-11x12.png 11w\" sizes=\"auto, (max-width: 562px) 100vw, 562px\" \/><\/p>\n<p>Abb. Schlauchende im Tank<\/p>\n<p>&nbsp;<\/p>\n<p><img loading=\"lazy\" decoding=\"async\" class=\"alignnone wp-image-2446\" src=\"https:\/\/open-boat-projects.org\/wp-content\/uploads\/2022\/01\/20220104_1953441_kl-300x225.jpg\" alt=\"\" width=\"600\" height=\"450\" srcset=\"https:\/\/open-boat-projects.org\/wp-content\/uploads\/2022\/01\/20220104_1953441_kl-300x225.jpg 300w, https:\/\/open-boat-projects.org\/wp-content\/uploads\/2022\/01\/20220104_1953441_kl-1024x768.jpg 1024w, https:\/\/open-boat-projects.org\/wp-content\/uploads\/2022\/01\/20220104_1953441_kl-768x576.jpg 768w, https:\/\/open-boat-projects.org\/wp-content\/uploads\/2022\/01\/20220104_1953441_kl-1536x1152.jpg 1536w, https:\/\/open-boat-projects.org\/wp-content\/uploads\/2022\/01\/20220104_1953441_kl-16x12.jpg 16w, https:\/\/open-boat-projects.org\/wp-content\/uploads\/2022\/01\/20220104_1953441_kl.jpg 2000w\" sizes=\"auto, (max-width: 600px) 100vw, 600px\" \/><\/p>\n<p>Abb. Pumpen- und Ventilansteuerung<\/p>\n<p><img loading=\"lazy\" decoding=\"async\" class=\"alignnone wp-image-2447\" src=\"https:\/\/open-boat-projects.org\/wp-content\/uploads\/2022\/01\/LCD_Display_kl-300x251.jpg\" alt=\"\" width=\"600\" height=\"503\" srcset=\"https:\/\/open-boat-projects.org\/wp-content\/uploads\/2022\/01\/LCD_Display_kl-300x251.jpg 300w, https:\/\/open-boat-projects.org\/wp-content\/uploads\/2022\/01\/LCD_Display_kl-1024x858.jpg 1024w, https:\/\/open-boat-projects.org\/wp-content\/uploads\/2022\/01\/LCD_Display_kl-768x643.jpg 768w, https:\/\/open-boat-projects.org\/wp-content\/uploads\/2022\/01\/LCD_Display_kl-14x12.jpg 14w, https:\/\/open-boat-projects.org\/wp-content\/uploads\/2022\/01\/LCD_Display_kl.jpg 1440w\" sizes=\"auto, (max-width: 600px) 100vw, 600px\" \/><\/p>\n<p>Abb. Anzeige- und Bedieneinheit<\/p>\n","protected":false},"excerpt":{"rendered":"<p>Abb. Steuerbox mit Pumpe, Drucksensor und Ventilen In der Facebook Gruppe Raspberry Pi for Boats habe ich eine coole L\u00f6sung f\u00fcr eine F\u00fcllstandmessung gesehen. Erik aus Finnland hat mit einem Luftdrucksensor eine \u00dcberwachung f\u00fcr 4 Tanks konstruiert. Das Funktionsprinzip basiert auf der Verdr\u00e4ngung von Fl\u00fcssigkeiten in einem Messrohr. Es baut sich dann ein entsprechender Luftdruck&hellip; <a href=\"https:\/\/open-boat-projects.org\/de\/luftdruck-fuellstandssensor\/\" class=\"more-link\">Weiterlesen <span class=\"screen-reader-text\">Luftdruck F\u00fcllstandssensor<\/span><\/a><\/p>\n","protected":false},"author":2,"featured_media":0,"parent":0,"menu_order":0,"comment_status":"closed","ping_status":"closed","template":"","meta":{"footnotes":""},"categories":[41,40,39,37],"tags":[],"class_list":["post-2445","page","type-page","status-publish","hentry","category-opendata","category-openhardware","category-opensource","category-projects"],"_links":{"self":[{"href":"https:\/\/open-boat-projects.org\/de\/wp-json\/wp\/v2\/pages\/2445","targetHints":{"allow":["GET"]}}],"collection":[{"href":"https:\/\/open-boat-projects.org\/de\/wp-json\/wp\/v2\/pages"}],"about":[{"href":"https:\/\/open-boat-projects.org\/de\/wp-json\/wp\/v2\/types\/page"}],"author":[{"embeddable":true,"href":"https:\/\/open-boat-projects.org\/de\/wp-json\/wp\/v2\/users\/2"}],"replies":[{"embeddable":true,"href":"https:\/\/open-boat-projects.org\/de\/wp-json\/wp\/v2\/comments?post=2445"}],"version-history":[{"count":3,"href":"https:\/\/open-boat-projects.org\/de\/wp-json\/wp\/v2\/pages\/2445\/revisions"}],"predecessor-version":[{"id":2454,"href":"https:\/\/open-boat-projects.org\/de\/wp-json\/wp\/v2\/pages\/2445\/revisions\/2454"}],"wp:attachment":[{"href":"https:\/\/open-boat-projects.org\/de\/wp-json\/wp\/v2\/media?parent=2445"}],"wp:term":[{"taxonomy":"category","embeddable":true,"href":"https:\/\/open-boat-projects.org\/de\/wp-json\/wp\/v2\/categories?post=2445"},{"taxonomy":"post_tag","embeddable":true,"href":"https:\/\/open-boat-projects.org\/de\/wp-json\/wp\/v2\/tags?post=2445"}],"curies":[{"name":"wp","href":"https:\/\/api.w.org\/{rel}","templated":true}]}}