{"id":234,"date":"2019-11-24T13:51:07","date_gmt":"2019-11-24T13:51:07","guid":{"rendered":"https:\/\/open-boat-projects.org\/?page_id=234"},"modified":"2020-01-15T13:00:08","modified_gmt":"2020-01-15T13:00:08","slug":"nodered-2","status":"publish","type":"page","link":"https:\/\/open-boat-projects.org\/de\/nodered-2\/","title":{"rendered":"Node-RED"},"content":{"rendered":"<p><img loading=\"lazy\" decoding=\"async\" class=\"size-full wp-image-304 alignleft\" src=\"https:\/\/open-boat-projects.org\/wp-content\/uploads\/2019\/12\/nodeRED80.jpg\" alt=\"\" width=\"80\" height=\"80\" \/><\/p>\n<ul>\n<li><a href=\"https:\/\/nodered.org\" target=\"_blank\" rel=\"noopener noreferrer\">https:\/\/nodered.org<\/a><\/li>\n<li>Einf\u00fchrung Node-Red f\u00fcr Segler: <a href=\"https:\/\/youtu.be\/QFMgAyTseM8\" target=\"_blank\" rel=\"noopener noreferrer\">video<\/a><\/li>\n<\/ul>\n<h5>Was ist Node-Red?<\/h5>\n<p>Node-Red ist eine visualisierte Programmierumgebung, die aus dem IoT-Bereich kommt. Sie dient vor allem der Verbindung von Sensor-Hardware und entspechender Datenvisualiserung. Node-Red besteht aus sogenannten Nodes, die man per Gummiband-Technik miteinder verbindet und so den Datenfluss bestimmt.<\/p>\n<h5>Was haben Segler davon?<\/h5>\n<p><a href=\"https:\/\/open-boat-projects.org\/wp-content\/uploads\/2019\/12\/nodeRED_screenshot6.png\"><img loading=\"lazy\" decoding=\"async\" class=\"size-thumbnail wp-image-508 alignleft\" src=\"https:\/\/open-boat-projects.org\/wp-content\/uploads\/2019\/12\/nodeRED_screenshot6-150x150.png\" alt=\"\" width=\"150\" height=\"150\" \/><\/a><\/p>\n<p>Node-Red bietet Nodes, um Sensoren auszulesen, um NMEA-0183-Daten \u00fcber serielle Schnittstellen zu verarbeiten oder auch, um SignalK-Datenstr\u00f6me zu lesen und zu bearbeiten. Damit lassen sich Daten, die z.B. von Openplotter im Bordnetz zur Verf\u00fcgung gestellt werden, direkt nutzen.<br \/>\nDer Vorteil zum Beispiel gegen\u00fcber SignalK-Instrumenten besteht darin, dass man die eingelesenen Daten aufbereiten und ver\u00e4ndern kann, auch die Visualisierung der Daten ist flexibler beeinflussbar.<\/p>\n<h5>Was muss man k\u00f6nnen, um Node-Red zu nutzen?<\/h5>\n<p><a href=\"https:\/\/open-boat-projects.org\/wp-content\/uploads\/2019\/12\/nodeRED_screenshot5.png\"><img loading=\"lazy\" decoding=\"async\" class=\"size-thumbnail wp-image-507 alignleft\" src=\"https:\/\/open-boat-projects.org\/wp-content\/uploads\/2019\/12\/nodeRED_screenshot5-150x150.png\" alt=\"\" width=\"150\" height=\"150\" \/><\/a><\/p>\n<p>Viele Dinge lassen sich in Node-Red bereits ohne Progammierkenntnisse realisieren, in bestimmten Nodes l\u00e4sst sich aber auch Programmcode (Java) unterbringen. Das macht diese Umgebung sehr flexibel. Wenn das Grundprinzip verstanden wurde, wie die Datensteuerung in Node-Red funktioniert, kann man seine Kenntnisse St\u00fcck f\u00fcr St\u00fcck ausbauen, ohne gleich vor scheinbar un\u00fcberwindbaren H\u00fcrden zu stehen. Auf den Webseiten von node-red.org steht eine umfangreiche Dokumentation zur Verf\u00fcgung, diverse Beispiel-Flows (\u201eProgramm-Abl\u00e4ufe\u201c) stehen zum Donwload zur Verf\u00fcgung.<\/p>\n<h5>Was kostet Node-Red?<\/h5>\n<p>Node-Red ist kostenlos, es l\u00e4uft auf diversen Plattformen, neben dem Raspberry und anderen Linux-Versionen unter anderem auch auch Windows-Rechnern.<\/p>\n<p>&nbsp;<\/p>\n<p><strong>Weitere Videos:<\/strong><\/p>\n<p>Node-Red und NMEA0183 \u00fcber serielle Schnittstellen: <a href=\"https:\/\/www.youtube.com\/watch?v=sCMeNKHCrFs\">Video<\/a><\/p>\n<p>Node-Red und SignalK: <a href=\"https:\/\/www.youtube.com\/watch?v=UgLgrTWe77o\">Video<\/a><\/p>\n<p>&nbsp;<\/p>\n","protected":false},"excerpt":{"rendered":"<p>https:\/\/nodered.org Einf\u00fchrung Node-Red f\u00fcr Segler: video Was ist Node-Red? Node-Red ist eine visualisierte Programmierumgebung, die aus dem IoT-Bereich kommt. Sie dient vor allem der Verbindung von Sensor-Hardware und entspechender Datenvisualiserung. Node-Red besteht aus sogenannten Nodes, die man per Gummiband-Technik miteinder verbindet und so den Datenfluss bestimmt. Was haben Segler davon? Node-Red bietet Nodes, um Sensoren&hellip; <a href=\"https:\/\/open-boat-projects.org\/de\/nodered-2\/\" class=\"more-link\">Weiterlesen <span class=\"screen-reader-text\">Node-RED<\/span><\/a><\/p>\n","protected":false},"author":1,"featured_media":0,"parent":0,"menu_order":0,"comment_status":"closed","ping_status":"closed","template":"","meta":{"footnotes":""},"categories":[39,37],"tags":[],"class_list":["post-234","page","type-page","status-publish","hentry","category-opensource","category-projects"],"_links":{"self":[{"href":"https:\/\/open-boat-projects.org\/de\/wp-json\/wp\/v2\/pages\/234","targetHints":{"allow":["GET"]}}],"collection":[{"href":"https:\/\/open-boat-projects.org\/de\/wp-json\/wp\/v2\/pages"}],"about":[{"href":"https:\/\/open-boat-projects.org\/de\/wp-json\/wp\/v2\/types\/page"}],"author":[{"embeddable":true,"href":"https:\/\/open-boat-projects.org\/de\/wp-json\/wp\/v2\/users\/1"}],"replies":[{"embeddable":true,"href":"https:\/\/open-boat-projects.org\/de\/wp-json\/wp\/v2\/comments?post=234"}],"version-history":[{"count":14,"href":"https:\/\/open-boat-projects.org\/de\/wp-json\/wp\/v2\/pages\/234\/revisions"}],"predecessor-version":[{"id":772,"href":"https:\/\/open-boat-projects.org\/de\/wp-json\/wp\/v2\/pages\/234\/revisions\/772"}],"wp:attachment":[{"href":"https:\/\/open-boat-projects.org\/de\/wp-json\/wp\/v2\/media?parent=234"}],"wp:term":[{"taxonomy":"category","embeddable":true,"href":"https:\/\/open-boat-projects.org\/de\/wp-json\/wp\/v2\/categories?post=234"},{"taxonomy":"post_tag","embeddable":true,"href":"https:\/\/open-boat-projects.org\/de\/wp-json\/wp\/v2\/tags?post=234"}],"curies":[{"name":"wp","href":"https:\/\/api.w.org\/{rel}","templated":true}]}}