{"id":231,"date":"2019-12-03T13:48:20","date_gmt":"2019-12-03T13:48:20","guid":{"rendered":"https:\/\/open-boat-projects.org\/?page_id=231"},"modified":"2023-07-12T22:53:21","modified_gmt":"2023-07-12T22:53:21","slug":"10-zoll-plotter-1000-nits","status":"publish","type":"page","link":"https:\/\/open-boat-projects.org\/de\/10-zoll-plotter-1000-nits\/","title":{"rendered":"10-Zoll Plotter (1000 nits)"},"content":{"rendered":"<p><a href=\"https:\/\/open-boat-projects.org\/wichtige-hinweise\/\" target=\"_blank\" rel=\"noopener\"><em><strong>Vorab ein paar wichtige Hinweise die sie unbedingt beachten sollten.<\/strong><\/em><\/a><\/p>\n<p><a href=\"https:\/\/open-boat-projects.org\/wp-content\/uploads\/2020\/02\/plotter_parts2.jpg\"><img loading=\"lazy\" decoding=\"async\" class=\"alignnone wp-image-856 size-full\" src=\"https:\/\/open-boat-projects.org\/wp-content\/uploads\/2020\/02\/plotter_parts2.jpg\" alt=\"\" width=\"1024\" height=\"768\" srcset=\"https:\/\/open-boat-projects.org\/wp-content\/uploads\/2020\/02\/plotter_parts2.jpg 1024w, https:\/\/open-boat-projects.org\/wp-content\/uploads\/2020\/02\/plotter_parts2-300x225.jpg 300w, https:\/\/open-boat-projects.org\/wp-content\/uploads\/2020\/02\/plotter_parts2-768x576.jpg 768w\" sizes=\"auto, (max-width: 1024px) 100vw, 1024px\" \/><\/a><\/p>\n<p>Abb. 10&#8243; Plotter mit Raspberry Pi und OpenCPN<\/p>\n<p>Auf der Boot 2020 in D\u00fcsseldorf hat Christian seinen 10&#8243; Plotter auf Raspberry Pi Basis vorgestellt. Dabei wurde der Versuch unternommen eine marinetaugliches Ger\u00e4t zu erstellen mit dem man auf einem Boot navigieren kann.<\/p>\n<h2>Hardware<\/h2>\n<p><a href=\"https:\/\/open-boat-projects.org\/wp-content\/uploads\/2020\/02\/plotter_parts1.jpg\"><img loading=\"lazy\" decoding=\"async\" class=\"alignnone wp-image-855 size-large\" src=\"https:\/\/open-boat-projects.org\/wp-content\/uploads\/2020\/02\/plotter_parts1-1024x554.jpg\" alt=\"\" width=\"952\" height=\"515\" srcset=\"https:\/\/open-boat-projects.org\/wp-content\/uploads\/2020\/02\/plotter_parts1-1024x554.jpg 1024w, https:\/\/open-boat-projects.org\/wp-content\/uploads\/2020\/02\/plotter_parts1-300x162.jpg 300w, https:\/\/open-boat-projects.org\/wp-content\/uploads\/2020\/02\/plotter_parts1-768x415.jpg 768w, https:\/\/open-boat-projects.org\/wp-content\/uploads\/2020\/02\/plotter_parts1-1536x831.jpg 1536w, https:\/\/open-boat-projects.org\/wp-content\/uploads\/2020\/02\/plotter_parts1.jpg 1568w\" sizes=\"auto, (max-width: 952px) 100vw, 952px\" \/><\/a><\/p>\n<p>Abb. Komponenten des 10&#8243; Plotters<\/p>\n<p>Als zentrale Recheneinheit wurde das Compute-Modul CM3 light verwendet und eine Reihe weiterer notwendiger Hardwarekomponenten auf einer Basis-Platine untergebracht.<\/p>\n<p>Die gro\u00dfe Basis-Platine enth\u00e4lt folgende Komponenten:<\/p>\n<ul>\n<li>Raspberry Pi Compute-Modul CM3 lite (<span dir=\"ltr\">BCM2837<\/span>, Quad Core, 1.2GHz, 1GB RAM)<\/li>\n<li>SD-Card Connector f\u00fcr 32GB SD-Card<\/li>\n<li>HDMI Decoder<\/li>\n<li>HDMI Schalter<\/li>\n<li>Display-Ansteuerung<\/li>\n<li>5-fach UBS Hub<\/li>\n<li>Tastatur-Ansteuerung<\/li>\n<li>Stromversorgung<\/li>\n<\/ul>\n<p>Neben der Basisplatine gibt es noch drei andere Platinen:<\/p>\n<ul>\n<li>Tastatur-Platine mit IR-Empf\u00e4nger f\u00fcr Fernbedienung und Lautsprecher<\/li>\n<li>Touch-Controller f\u00fcr TFT-Display<\/li>\n<li>Erweiterungsplatine f\u00fcr NMEA0182, NMEA2000<\/li>\n<\/ul>\n<p>Display:<\/p>\n<ul>\n<li>10&#8243; TFT<\/li>\n<li>1000 nits (tageslichttauglich)<\/li>\n<li>1280 x 1024 Pixel<\/li>\n<li>10 Finger Touchpad optisch verklebt mit dem TFT<\/li>\n<\/ul>\n<p>Frontplatte:<\/p>\n<ul>\n<li>Gegossene 2mm Plexiglasplatte<\/li>\n<li>entspiegelt<\/li>\n<li>hartbeschichtet, kratzunempfindlich<\/li>\n<li>Anti Finger Print Veredelung<\/li>\n<li>r\u00fcckseitig bedrucktes Cover<\/li>\n<li>wasserdicht im Geh\u00e4use verklebt<\/li>\n<\/ul>\n<p>Erweiterungsm\u00f6glichkeiten \u00fcber interne USB-Ports:<\/p>\n<ul>\n<li>GPS-Maus<\/li>\n<li>AIS-Empf\u00e4nger \u00fcebr DVBT-Stick<\/li>\n<li>BT-Dongle<\/li>\n<li>USB-Flashspeicher f\u00fcr Karten<\/li>\n<li>Lizenz-Dongle f\u00fcr O-Charts Kartenmaterial<\/li>\n<li>Maus \/ Tastatur-Dongle zur externen Bedienung<\/li>\n<\/ul>\n<p><a href=\"https:\/\/open-boat-projects.org\/wp-content\/uploads\/2020\/02\/plotter_parts3.jpg\"><img loading=\"lazy\" decoding=\"async\" class=\"alignnone wp-image-857 size-large\" src=\"https:\/\/open-boat-projects.org\/wp-content\/uploads\/2020\/02\/plotter_parts3-1024x694.jpg\" alt=\"\" width=\"952\" height=\"645\" srcset=\"https:\/\/open-boat-projects.org\/wp-content\/uploads\/2020\/02\/plotter_parts3-1024x694.jpg 1024w, https:\/\/open-boat-projects.org\/wp-content\/uploads\/2020\/02\/plotter_parts3-300x203.jpg 300w, https:\/\/open-boat-projects.org\/wp-content\/uploads\/2020\/02\/plotter_parts3-768x521.jpg 768w, https:\/\/open-boat-projects.org\/wp-content\/uploads\/2020\/02\/plotter_parts3.jpg 1125w\" sizes=\"auto, (max-width: 952px) 100vw, 952px\" \/><\/a><\/p>\n<p>Abb: Ger\u00e4teaufbau<\/p>\n<p>Das Geh\u00e4use besteht aus mikrogesch\u00e4umten Kunststoff, das auf einer CNC-Fr\u00e4se aufwendig bearbeitet wurde. Um die Oberfl\u00e4che glatt und wasserdicht zu bekommen, wurde das Geh\u00e4use lackiert. F\u00fcr die Platinen und den Geh\u00e4usedeckel wurden Gewindeeins\u00e4tze aus Messing im Geh\u00e4use vorgesehen. Die R\u00fcckseite besteht aus einer beschichteten Aluminium-Platte und enth\u00e4lt die n\u00f6tigen Steckverbinder zur Au\u00dfenwelt. Die Bedienung erfolgt \u00fcber ein wasserdichtes Membrane Keyboard, das aus einer 0,2mm dicken Kunststofffolie mit darunterliegenden Tastatur-Platine besteht. Alternativ kann der Plotter auch mit einer Bluetooth oder IR-Fernbedienung bedient werden.<\/p>\n<h2>Software<\/h2>\n<p><a href=\"https:\/\/open-boat-projects.org\/wp-content\/uploads\/2020\/01\/plotter1000_2.jpg\"><img loading=\"lazy\" decoding=\"async\" class=\"alignnone wp-image-824 size-full\" src=\"https:\/\/open-boat-projects.org\/wp-content\/uploads\/2020\/01\/plotter1000_2.jpg\" alt=\"\" width=\"650\" height=\"853\" srcset=\"https:\/\/open-boat-projects.org\/wp-content\/uploads\/2020\/01\/plotter1000_2.jpg 650w, https:\/\/open-boat-projects.org\/wp-content\/uploads\/2020\/01\/plotter1000_2-229x300.jpg 229w\" sizes=\"auto, (max-width: 650px) 100vw, 650px\" \/><\/a><\/p>\n<p>Abb. oben AVnav, unten OpenCPN<\/p>\n<p>Das Betriebssystem-Image\u00a0 Raspberry Pi OS Buster mit Toutchpad-Erweiterungen befindet sich in einer 32GB SD-Card auf der Basis-Platine. Christian hat zwei Imageversionen erstellt. Einmal f\u00fcr AVnav und einmal f\u00fcr OpenCPN als Navigationssoftware. Die Software-Varianten unterscheiden sich hinsichtlich der Bedienbarkeit und unterst\u00fctzen die Besonderheiten der Navigationssoftware. W\u00e4hrend AVnav voll browserbasiert auf Touchbedienung setzt, ist OpenCPN hingegen eine Desktopanwendung die mit Maus und Tastatur bedient wird. Damit OpenCPN sich ohne Maus und Tastatur bedienen l\u00e4sst, wurde eine weite angepasste Fernbedienungen mit einer Maus-Emulation gebaut. Zus\u00e4tzlich wurden die wichtigsten Tastenfunktionen von OpenCPN wie zoomen und diverse Ansichten auf Tasten gelegt. Raspberry Pi OS Buster hat dazu einige Software-Erweiterungen erhalten.<\/p>\n<h2>Weiterf\u00fchrende Infos<\/h2>\n<p>Christian hatte in 2020 eine Kleinserie zum Plotter als Bausatz aufgelegt und an interessierte Segler verkauft. Aktuell wird das Projekt nicht weiter verfolgt, da sich die Herstellung der Teile f\u00fcr den Plotter als zu aufw\u00e4ndig und kostenintensiv herausgestellt hat. Zudem konnte kaum ein Interessierter das Projekt selbst umsetzen und war auf die Vorarbeiten von Christian angewiesen. Ende 2021 hat Christian einen neuen Anlauf unternommen kosteng\u00fcnstigere und einfacher zu bauende Plotter zu entwickeln. Dabei konnte er die vielen Erfahrungen dieses Projektes ber\u00fccksichtigen. Besonders schmerzlich war die Abk\u00fcndigung des Raspberri Pi Compute Modules CM3 kurz nach der Fertigstellung des Platinensatzes. Das h\u00e4tte es erforderlich gemacht eine komplett neue Basis-Platine zu entwickeln. Es stellte sich auch heraus, dass das Konzept des HDMI Videocontrollers mit Quellenumschalter f\u00fcr die Anwendung als Plotter \u00fcberdimensioniert war und man die Funktionalit\u00e4t nicht richtig nutzen konnte. Insgesamt erforderte die Verwendung des CM3 Moduls eine aufw\u00e4ndige und teure Basis-Platine, um die fehlende Funktionalit\u00e4t bereitzustellen. Ein Standard Raspberry Pi h\u00e4tte im Vergleich schon viele Dinge on Board gehabt, die man h\u00e4tte nutzen k\u00f6nnen. Sein <a href=\"https:\/\/open-boat-projects.org\/de\/7-plotter-raspi-4b\/\">neues Konzept f\u00fcr einen 7&#8243; Plotter<\/a> basiert diesmal auf einem Standard Raspberry Pi mit wenigen Zusatzkomponenten und einem Standard-Geh\u00e4use, welches man kommerziell beziehen kann. Damit reduziert sich der Aufwand wesentlich und auch weniger erfahrene Maker k\u00f6nnen das Projekt selbst umsetzen.<\/p>\n<p><a href=\"https:\/\/www.segeln-forum.de\/thread\/73813-10-plotter-im-eigenbau\/\" target=\"_blank\" rel=\"noopener noreferrer\">https:\/\/www.segeln-forum.de\/thread\/73813-10-plotter-im-eigenbau\/<\/a>\u00a0(german)<\/p>\n<p><a href=\"http:\/\/forum.openmarine.net\/showthread.php?tid=1547\" target=\"_blank\" rel=\"noopener noreferrer\">http:\/\/forum.openmarine.net\/showthread.php?tid=1547<\/a>\u00a0(english)<\/p>\n<h2>Bilder<\/h2>\n<p><a href=\"https:\/\/open-boat-projects.org\/wp-content\/uploads\/2020\/02\/plotter_parts3.jpg\">\u00a0<\/a> <a href=\"https:\/\/open-boat-projects.org\/wp-content\/uploads\/2020\/02\/plotter_parts4.jpg\"><img loading=\"lazy\" decoding=\"async\" class=\"alignnone wp-image-854 size-full\" src=\"https:\/\/open-boat-projects.org\/wp-content\/uploads\/2020\/02\/plotter_parts4.jpg\" alt=\"\" width=\"914\" height=\"724\" srcset=\"https:\/\/open-boat-projects.org\/wp-content\/uploads\/2020\/02\/plotter_parts4.jpg 914w, https:\/\/open-boat-projects.org\/wp-content\/uploads\/2020\/02\/plotter_parts4-300x238.jpg 300w, https:\/\/open-boat-projects.org\/wp-content\/uploads\/2020\/02\/plotter_parts4-768x608.jpg 768w\" sizes=\"auto, (max-width: 914px) 100vw, 914px\" \/><\/a><\/p>\n<p>Abb. Bauteilset<\/p>\n<p><a href=\"https:\/\/open-boat-projects.org\/wp-content\/uploads\/2020\/01\/plotter1000_back.jpg\"><img loading=\"lazy\" decoding=\"async\" class=\"alignnone wp-image-827 size-large\" src=\"https:\/\/open-boat-projects.org\/wp-content\/uploads\/2020\/01\/plotter1000_back-1024x683.jpg\" alt=\"\" width=\"952\" height=\"635\" srcset=\"https:\/\/open-boat-projects.org\/wp-content\/uploads\/2020\/01\/plotter1000_back-1024x683.jpg 1024w, https:\/\/open-boat-projects.org\/wp-content\/uploads\/2020\/01\/plotter1000_back-300x200.jpg 300w, https:\/\/open-boat-projects.org\/wp-content\/uploads\/2020\/01\/plotter1000_back-768x512.jpg 768w, https:\/\/open-boat-projects.org\/wp-content\/uploads\/2020\/01\/plotter1000_back.jpg 1200w\" sizes=\"auto, (max-width: 952px) 100vw, 952px\" \/><\/a><\/p>\n<p>Abb. R\u00fcckseite aus Plexiglas (Messe Version)<\/p>\n<p><a href=\"https:\/\/open-boat-projects.org\/wp-content\/uploads\/2020\/01\/plotter1000.jpg\"><img loading=\"lazy\" decoding=\"async\" class=\"alignnone wp-image-825 size-full\" src=\"https:\/\/open-boat-projects.org\/wp-content\/uploads\/2020\/01\/plotter1000.jpg\" alt=\"\" width=\"688\" height=\"893\" srcset=\"https:\/\/open-boat-projects.org\/wp-content\/uploads\/2020\/01\/plotter1000.jpg 688w, https:\/\/open-boat-projects.org\/wp-content\/uploads\/2020\/01\/plotter1000-231x300.jpg 231w\" sizes=\"auto, (max-width: 688px) 100vw, 688px\" \/><\/a><\/p>\n<p>Abb. AVnav und OpenCPN<\/p>\n<p><a href=\"https:\/\/open-boat-projects.org\/wp-content\/uploads\/2020\/01\/plotter1000_remote.jpg\"><img loading=\"lazy\" decoding=\"async\" class=\"alignnone wp-image-826 size-full\" src=\"https:\/\/open-boat-projects.org\/wp-content\/uploads\/2020\/01\/plotter1000_remote.jpg\" alt=\"\" width=\"148\" height=\"632\" srcset=\"https:\/\/open-boat-projects.org\/wp-content\/uploads\/2020\/01\/plotter1000_remote.jpg 148w, https:\/\/open-boat-projects.org\/wp-content\/uploads\/2020\/01\/plotter1000_remote-70x300.jpg 70w\" sizes=\"auto, (max-width: 148px) 100vw, 148px\" \/><\/a><\/p>\n<p>Abb. oben Fernbedienung f\u00fcr AVnav, unten f\u00fcr OpenCPN<\/p>\n<p>&nbsp;<\/p>\n","protected":false},"excerpt":{"rendered":"<p>Vorab ein paar wichtige Hinweise die sie unbedingt beachten sollten. Abb. 10&#8243; Plotter mit Raspberry Pi und OpenCPN Auf der Boot 2020 in D\u00fcsseldorf hat Christian seinen 10&#8243; Plotter auf Raspberry Pi Basis vorgestellt. Dabei wurde der Versuch unternommen eine marinetaugliches Ger\u00e4t zu erstellen mit dem man auf einem Boot navigieren kann. Hardware Abb. Komponenten&hellip; <a href=\"https:\/\/open-boat-projects.org\/de\/10-zoll-plotter-1000-nits\/\" class=\"more-link\">Weiterlesen <span class=\"screen-reader-text\">10-Zoll Plotter (1000 nits)<\/span><\/a><\/p>\n","protected":false},"author":1,"featured_media":0,"parent":0,"menu_order":0,"comment_status":"closed","ping_status":"closed","template":"","meta":{"footnotes":""},"categories":[40,37],"tags":[],"class_list":["post-231","page","type-page","status-publish","hentry","category-openhardware","category-projects"],"_links":{"self":[{"href":"https:\/\/open-boat-projects.org\/de\/wp-json\/wp\/v2\/pages\/231","targetHints":{"allow":["GET"]}}],"collection":[{"href":"https:\/\/open-boat-projects.org\/de\/wp-json\/wp\/v2\/pages"}],"about":[{"href":"https:\/\/open-boat-projects.org\/de\/wp-json\/wp\/v2\/types\/page"}],"author":[{"embeddable":true,"href":"https:\/\/open-boat-projects.org\/de\/wp-json\/wp\/v2\/users\/1"}],"replies":[{"embeddable":true,"href":"https:\/\/open-boat-projects.org\/de\/wp-json\/wp\/v2\/comments?post=231"}],"version-history":[{"count":30,"href":"https:\/\/open-boat-projects.org\/de\/wp-json\/wp\/v2\/pages\/231\/revisions"}],"predecessor-version":[{"id":5042,"href":"https:\/\/open-boat-projects.org\/de\/wp-json\/wp\/v2\/pages\/231\/revisions\/5042"}],"wp:attachment":[{"href":"https:\/\/open-boat-projects.org\/de\/wp-json\/wp\/v2\/media?parent=231"}],"wp:term":[{"taxonomy":"category","embeddable":true,"href":"https:\/\/open-boat-projects.org\/de\/wp-json\/wp\/v2\/categories?post=231"},{"taxonomy":"post_tag","embeddable":true,"href":"https:\/\/open-boat-projects.org\/de\/wp-json\/wp\/v2\/tags?post=231"}],"curies":[{"name":"wp","href":"https:\/\/api.w.org\/{rel}","templated":true}]}}