{"id":2240,"date":"2021-12-16T11:14:48","date_gmt":"2021-12-16T11:14:48","guid":{"rendered":"https:\/\/open-boat-projects.org\/?page_id=2240"},"modified":"2022-01-07T10:11:11","modified_gmt":"2022-01-07T10:11:11","slug":"european-waterway-router","status":"publish","type":"page","link":"https:\/\/open-boat-projects.org\/de\/european-waterway-router\/","title":{"rendered":"european waterway router"},"content":{"rendered":"<p><a href=\"https:\/\/open-boat-projects.org\/wichtige-hinweise\/\" target=\"_blank\" rel=\"noopener\"><em><strong>Vorab ein paar wichtige Hinweise die sie unbedingt beachten sollten.<\/strong><\/em><\/a><\/p>\n<h3>Routen-Planer f\u00fcr europ\u00e4ische Binnenwasserstra\u00dfen<\/h3>\n<table style=\"width: 100%; border-collapse: collapse;\">\n<tbody>\n<tr>\n<td style=\"width: 70%; vertical-align: top;\">Von der Nordsee ans Schwarze-Meer, durch Finland \u00fcber die Saimaa-Seen, zur\u00fcck vom Mittellmeer Richtung Ostsee?<\/p>\n<p>Das open-source\/ open-data Projekt <a href=\"https:\/\/brouter.grade.de\/#map=5\/54.618\/23.533\/CARTO,CEMT\" target=\"_blank\" rel=\"noopener\">brouter.grade.de<\/a> ist in die Testphase gestartet!<\/p>\n<p>Die ganze Story <a href=\"https:\/\/bastelbude.grade.de\/2021\/12\/10\/europaischer-wasserwege-router\/\" target=\"_blank\" rel=\"noopener\">https:\/\/bastelbude.grade.de<\/a><\/td>\n<td style=\"width: 30%; border-style: none;\">\n<figure id=\"attachment_2244\" aria-describedby=\"caption-attachment-2244\" style=\"width: 385px\" class=\"wp-caption alignnone\"><a href=\"https:\/\/open-boat-projects.org\/wp-content\/uploads\/2021\/12\/brouter_brouter.jpg\"><img loading=\"lazy\" decoding=\"async\" class=\"wp-image-2244\" src=\"https:\/\/open-boat-projects.org\/wp-content\/uploads\/2021\/12\/brouter_brouter-300x175.jpg\" alt=\"\" width=\"385\" height=\"225\" srcset=\"https:\/\/open-boat-projects.org\/wp-content\/uploads\/2021\/12\/brouter_brouter-300x175.jpg 300w, https:\/\/open-boat-projects.org\/wp-content\/uploads\/2021\/12\/brouter_brouter-768x449.jpg 768w, https:\/\/open-boat-projects.org\/wp-content\/uploads\/2021\/12\/brouter_brouter-18x12.jpg 18w, https:\/\/open-boat-projects.org\/wp-content\/uploads\/2021\/12\/brouter_brouter.jpg 1024w\" sizes=\"auto, (max-width: 385px) 100vw, 385px\" \/><\/a><figcaption id=\"caption-attachment-2244\" class=\"wp-caption-text\">\u00dcbersicht<\/figcaption><\/figure>\n<figure id=\"attachment_2245\" aria-describedby=\"caption-attachment-2245\" style=\"width: 391px\" class=\"wp-caption alignnone\"><a href=\"https:\/\/open-boat-projects.org\/wp-content\/uploads\/2021\/12\/brouter_Detail.jpg\"><img loading=\"lazy\" decoding=\"async\" class=\"wp-image-2245\" src=\"https:\/\/open-boat-projects.org\/wp-content\/uploads\/2021\/12\/brouter_Detail-300x184.jpg\" alt=\"\" width=\"391\" height=\"240\" srcset=\"https:\/\/open-boat-projects.org\/wp-content\/uploads\/2021\/12\/brouter_Detail-300x184.jpg 300w, https:\/\/open-boat-projects.org\/wp-content\/uploads\/2021\/12\/brouter_Detail-768x472.jpg 768w, https:\/\/open-boat-projects.org\/wp-content\/uploads\/2021\/12\/brouter_Detail-18x12.jpg 18w, https:\/\/open-boat-projects.org\/wp-content\/uploads\/2021\/12\/brouter_Detail.jpg 1024w\" sizes=\"auto, (max-width: 391px) 100vw, 391px\" \/><\/a><figcaption id=\"caption-attachment-2245\" class=\"wp-caption-text\">Detail<\/figcaption><\/figure>\n<figure id=\"attachment_2241\" aria-describedby=\"caption-attachment-2241\" style=\"width: 300px\" class=\"wp-caption alignnone\"><a href=\"https:\/\/open-boat-projects.org\/wp-content\/uploads\/2021\/12\/brouter_Layers.jpg\"><img loading=\"lazy\" decoding=\"async\" class=\"wp-image-2241 size-medium\" src=\"https:\/\/open-boat-projects.org\/wp-content\/uploads\/2021\/12\/brouter_Layers-300x291.jpg\" alt=\"\" width=\"300\" height=\"291\" srcset=\"https:\/\/open-boat-projects.org\/wp-content\/uploads\/2021\/12\/brouter_Layers-300x291.jpg 300w, https:\/\/open-boat-projects.org\/wp-content\/uploads\/2021\/12\/brouter_Layers-768x745.jpg 768w, https:\/\/open-boat-projects.org\/wp-content\/uploads\/2021\/12\/brouter_Layers-12x12.jpg 12w, https:\/\/open-boat-projects.org\/wp-content\/uploads\/2021\/12\/brouter_Layers.jpg 1024w\" sizes=\"auto, (max-width: 300px) 100vw, 300px\" \/><\/a><figcaption id=\"caption-attachment-2241\" class=\"wp-caption-text\">Karten-Layer<\/figcaption><\/figure>\n<figure id=\"attachment_2243\" aria-describedby=\"caption-attachment-2243\" style=\"width: 203px\" class=\"wp-caption alignnone\"><a href=\"https:\/\/open-boat-projects.org\/wp-content\/uploads\/2021\/12\/brouter_Profil.jpg\"><img loading=\"lazy\" decoding=\"async\" class=\"wp-image-2243 size-medium\" src=\"https:\/\/open-boat-projects.org\/wp-content\/uploads\/2021\/12\/brouter_Profil-203x300.jpg\" alt=\"\" width=\"203\" height=\"300\" srcset=\"https:\/\/open-boat-projects.org\/wp-content\/uploads\/2021\/12\/brouter_Profil-203x300.jpg 203w, https:\/\/open-boat-projects.org\/wp-content\/uploads\/2021\/12\/brouter_Profil-8x12.jpg 8w, https:\/\/open-boat-projects.org\/wp-content\/uploads\/2021\/12\/brouter_Profil.jpg 692w\" sizes=\"auto, (max-width: 203px) 100vw, 203px\" \/><\/a><figcaption id=\"caption-attachment-2243\" class=\"wp-caption-text\">Routing-Profil<\/figcaption><\/figure>\n<p><figure id=\"attachment_2242\" aria-describedby=\"caption-attachment-2242\" style=\"width: 163px\" class=\"wp-caption alignnone\"><a href=\"https:\/\/open-boat-projects.org\/wp-content\/uploads\/2021\/12\/brouter_Legende.jpg\"><img loading=\"lazy\" decoding=\"async\" class=\"wp-image-2242 size-medium\" src=\"https:\/\/open-boat-projects.org\/wp-content\/uploads\/2021\/12\/brouter_Legende-163x300.jpg\" alt=\"\" width=\"163\" height=\"300\" srcset=\"https:\/\/open-boat-projects.org\/wp-content\/uploads\/2021\/12\/brouter_Legende-163x300.jpg 163w, https:\/\/open-boat-projects.org\/wp-content\/uploads\/2021\/12\/brouter_Legende-7x12.jpg 7w, https:\/\/open-boat-projects.org\/wp-content\/uploads\/2021\/12\/brouter_Legende.jpg 557w\" sizes=\"auto, (max-width: 163px) 100vw, 163px\" \/><\/a><figcaption id=\"caption-attachment-2242\" class=\"wp-caption-text\">Legende<\/figcaption><\/figure><\/td>\n<\/tr>\n<\/tbody>\n<\/table>\n","protected":false},"excerpt":{"rendered":"<p>Vorab ein paar wichtige Hinweise die sie unbedingt beachten sollten. Routen-Planer f\u00fcr europ\u00e4ische Binnenwasserstra\u00dfen Von der Nordsee ans Schwarze-Meer, durch Finland \u00fcber die Saimaa-Seen, zur\u00fcck vom Mittellmeer Richtung Ostsee? Das open-source\/ open-data Projekt brouter.grade.de ist in die Testphase gestartet! Die ganze Story https:\/\/bastelbude.grade.de<\/p>\n","protected":false},"author":1,"featured_media":0,"parent":0,"menu_order":0,"comment_status":"closed","ping_status":"closed","template":"","meta":{"footnotes":""},"categories":[41],"tags":[],"class_list":["post-2240","page","type-page","status-publish","hentry","category-opendata"],"_links":{"self":[{"href":"https:\/\/open-boat-projects.org\/de\/wp-json\/wp\/v2\/pages\/2240","targetHints":{"allow":["GET"]}}],"collection":[{"href":"https:\/\/open-boat-projects.org\/de\/wp-json\/wp\/v2\/pages"}],"about":[{"href":"https:\/\/open-boat-projects.org\/de\/wp-json\/wp\/v2\/types\/page"}],"author":[{"embeddable":true,"href":"https:\/\/open-boat-projects.org\/de\/wp-json\/wp\/v2\/users\/1"}],"replies":[{"embeddable":true,"href":"https:\/\/open-boat-projects.org\/de\/wp-json\/wp\/v2\/comments?post=2240"}],"version-history":[{"count":11,"href":"https:\/\/open-boat-projects.org\/de\/wp-json\/wp\/v2\/pages\/2240\/revisions"}],"predecessor-version":[{"id":2488,"href":"https:\/\/open-boat-projects.org\/de\/wp-json\/wp\/v2\/pages\/2240\/revisions\/2488"}],"wp:attachment":[{"href":"https:\/\/open-boat-projects.org\/de\/wp-json\/wp\/v2\/media?parent=2240"}],"wp:term":[{"taxonomy":"category","embeddable":true,"href":"https:\/\/open-boat-projects.org\/de\/wp-json\/wp\/v2\/categories?post=2240"},{"taxonomy":"post_tag","embeddable":true,"href":"https:\/\/open-boat-projects.org\/de\/wp-json\/wp\/v2\/tags?post=2240"}],"curies":[{"name":"wp","href":"https:\/\/api.w.org\/{rel}","templated":true}]}}