{"id":1927,"date":"2021-10-28T15:09:09","date_gmt":"2021-10-28T15:09:09","guid":{"rendered":"https:\/\/open-boat-projects.org\/?page_id=1927"},"modified":"2023-07-12T23:45:08","modified_gmt":"2023-07-12T23:45:08","slug":"ventus-w132-umbau-zum-nmea2000-windsensor","status":"publish","type":"page","link":"https:\/\/open-boat-projects.org\/de\/ventus-w132-umbau-zum-nmea2000-windsensor\/","title":{"rendered":"Ventus W132 &#8211; Umbau zum NMEA2000 Windsensor"},"content":{"rendered":"<p><a href=\"https:\/\/open-boat-projects.org\/wichtige-hinweise\/\" target=\"_blank\" rel=\"noopener\"><em><strong>Vorab ein paar wichtige Hinweise die sie unbedingt beachten sollten.<\/strong><\/em><\/a><\/p>\n<p><img loading=\"lazy\" decoding=\"async\" class=\"alignnone wp-image-1929\" src=\"https:\/\/open-boat-projects.org\/wp-content\/uploads\/2021\/10\/W132-1.jpg\" alt=\"\" width=\"547\" height=\"465\" \/><\/p>\n<p>Abb.: Au\u00dfenansicht<\/p>\n<ul>\n<li>NMEA0183 und NMEA2000<\/li>\n<li>Nur drei weitere Teile (ESP32, Spannstift, CAN BUS) n\u00f6tig<\/li>\n<li>Winkelaufl\u00f6sung in 0,1\u00b0-Schritten<\/li>\n<li>Darstellung der Daten im Browser m\u00f6glich (im AP-Modus auch ohne fremdes Netzwerk)<\/li>\n<li>Code vollst\u00e4ndig kommentiert auf GitHub<\/li>\n<\/ul>\n<p>Dieses Projekt beschreibt den Umbau des Ersatzwindmessers Ventus W132 mit minimalem Materialaufwand. Das gesamte Projekt l\u00e4sst sich, inklusive Kauf des W132, f\u00fcr weniger als 50\u20ac umsetzen.<\/p>\n<p>Die ausf\u00fchrliche Dokumentation zum Umbau sowie die kommentierte Software befinden sich auf GitHub: <a href=\"https:\/\/github.com\/jukolein\/W132\">https:\/\/github.com\/jukolein\/W132.<\/a><\/p>\n<p>Der entsprechende Thread im SegelForum befindet sich hier:\u00a0<a href=\"https:\/\/www.segeln-forum.de\/thread\/81141-boots-windsensor-ventus-w132-f%C3%BCr-50-euro\/\">https:\/\/www.segeln-forum.de\/thread\/81141-boots-windsensor-ventus-w132-f\u00fcr-50-euro\/<\/a><\/p>\n<p>Da hierbei bereits bestehende Hardware modifiziert wird, entfallen viele kritische Arbeitsschritte wie das Drucken des Geh\u00e4uses oder die Nachbearbeitung f\u00fcr Witterungsbest\u00e4ndigkeit.<\/p>\n<p>Die Windgeschwindigkeit wird \u00fcber einen Hallsensor, die Richtung mittels magnetischem Rotationssensor gemessen. Dies erm\u00f6glicht gerade hinsichtlich der Windrichtung extrem genaue Angaben.<\/p>\n<p>Die Gr\u00f6\u00dfe des Geh\u00e4uses erlaubt den Einsatz eines ESP32, womit die Erstellung und Aussendung nicht nur von NMEA0183-Datagrammen via WiFi, sondern erstmals auch von NMEA2000-Daten m\u00f6glich wird.<\/p>\n<p>Zus\u00e4tzlich k\u00f6nnen die Daten grafisch im Browser dargestellt werden. \u00dcber eine Einstellungsseite kann etwa der Sensor kalibriert oder das Aussenden von NMEA2000-Daten aktiviert\/deaktiviert werden .<\/p>\n<p>Auch eine Softwareaktualisierung\u00a0 \u00fcber das Netzwerk ist m\u00f6glich.<\/p>\n<p>&nbsp;<\/p>\n<p><img loading=\"lazy\" decoding=\"async\" class=\"alignnone size-full wp-image-1931\" src=\"https:\/\/open-boat-projects.org\/wp-content\/uploads\/2021\/10\/W132_2021-10-28.jpg\" alt=\"\" width=\"1188\" height=\"891\" srcset=\"https:\/\/open-boat-projects.org\/wp-content\/uploads\/2021\/10\/W132_2021-10-28.jpg 1188w, https:\/\/open-boat-projects.org\/wp-content\/uploads\/2021\/10\/W132_2021-10-28-300x225.jpg 300w, https:\/\/open-boat-projects.org\/wp-content\/uploads\/2021\/10\/W132_2021-10-28-1024x768.jpg 1024w, https:\/\/open-boat-projects.org\/wp-content\/uploads\/2021\/10\/W132_2021-10-28-768x576.jpg 768w, https:\/\/open-boat-projects.org\/wp-content\/uploads\/2021\/10\/W132_2021-10-28-16x12.jpg 16w\" sizes=\"auto, (max-width: 1188px) 100vw, 1188px\" \/><\/p>\n<p>Abb.: Schaltbild<\/p>\n<p>&nbsp;<\/p>\n<p><img loading=\"lazy\" decoding=\"async\" class=\"alignnone size-full wp-image-1932\" src=\"https:\/\/open-boat-projects.org\/wp-content\/uploads\/2021\/10\/Materialliste.png\" alt=\"\" width=\"1591\" height=\"823\" srcset=\"https:\/\/open-boat-projects.org\/wp-content\/uploads\/2021\/10\/Materialliste.png 1591w, https:\/\/open-boat-projects.org\/wp-content\/uploads\/2021\/10\/Materialliste-300x155.png 300w, https:\/\/open-boat-projects.org\/wp-content\/uploads\/2021\/10\/Materialliste-1024x530.png 1024w, https:\/\/open-boat-projects.org\/wp-content\/uploads\/2021\/10\/Materialliste-768x397.png 768w, https:\/\/open-boat-projects.org\/wp-content\/uploads\/2021\/10\/Materialliste-1536x795.png 1536w, https:\/\/open-boat-projects.org\/wp-content\/uploads\/2021\/10\/Materialliste-18x9.png 18w\" sizes=\"auto, (max-width: 1591px) 100vw, 1591px\" \/><\/p>\n<p>Abb.: Materialliste<\/p>\n<p>&nbsp;<\/p>\n<p><img loading=\"lazy\" decoding=\"async\" class=\"alignnone size-full wp-image-1933\" src=\"https:\/\/open-boat-projects.org\/wp-content\/uploads\/2021\/10\/Einstellungen.png\" alt=\"\" width=\"1234\" height=\"838\" srcset=\"https:\/\/open-boat-projects.org\/wp-content\/uploads\/2021\/10\/Einstellungen.png 1234w, https:\/\/open-boat-projects.org\/wp-content\/uploads\/2021\/10\/Einstellungen-300x204.png 300w, https:\/\/open-boat-projects.org\/wp-content\/uploads\/2021\/10\/Einstellungen-1024x695.png 1024w, https:\/\/open-boat-projects.org\/wp-content\/uploads\/2021\/10\/Einstellungen-768x522.png 768w, https:\/\/open-boat-projects.org\/wp-content\/uploads\/2021\/10\/Einstellungen-18x12.png 18w\" sizes=\"auto, (max-width: 1234px) 100vw, 1234px\" \/><\/p>\n<p>Abb.: Einstellungen<\/p>\n","protected":false},"excerpt":{"rendered":"<p>Vorab ein paar wichtige Hinweise die sie unbedingt beachten sollten. Abb.: Au\u00dfenansicht NMEA0183 und NMEA2000 Nur drei weitere Teile (ESP32, Spannstift, CAN BUS) n\u00f6tig Winkelaufl\u00f6sung in 0,1\u00b0-Schritten Darstellung der Daten im Browser m\u00f6glich (im AP-Modus auch ohne fremdes Netzwerk) Code vollst\u00e4ndig kommentiert auf GitHub Dieses Projekt beschreibt den Umbau des Ersatzwindmessers Ventus W132 mit minimalem&hellip; <a href=\"https:\/\/open-boat-projects.org\/de\/ventus-w132-umbau-zum-nmea2000-windsensor\/\" class=\"more-link\">Weiterlesen <span class=\"screen-reader-text\">Ventus W132 &#8211; Umbau zum NMEA2000 Windsensor<\/span><\/a><\/p>\n","protected":false},"author":12,"featured_media":0,"parent":0,"menu_order":0,"comment_status":"closed","ping_status":"closed","template":"","meta":{"footnotes":""},"categories":[40,39,37],"tags":[42],"class_list":["post-1927","page","type-page","status-publish","hentry","category-openhardware","category-opensource","category-projects","tag-windsensor"],"_links":{"self":[{"href":"https:\/\/open-boat-projects.org\/de\/wp-json\/wp\/v2\/pages\/1927","targetHints":{"allow":["GET"]}}],"collection":[{"href":"https:\/\/open-boat-projects.org\/de\/wp-json\/wp\/v2\/pages"}],"about":[{"href":"https:\/\/open-boat-projects.org\/de\/wp-json\/wp\/v2\/types\/page"}],"author":[{"embeddable":true,"href":"https:\/\/open-boat-projects.org\/de\/wp-json\/wp\/v2\/users\/12"}],"replies":[{"embeddable":true,"href":"https:\/\/open-boat-projects.org\/de\/wp-json\/wp\/v2\/comments?post=1927"}],"version-history":[{"count":7,"href":"https:\/\/open-boat-projects.org\/de\/wp-json\/wp\/v2\/pages\/1927\/revisions"}],"predecessor-version":[{"id":5072,"href":"https:\/\/open-boat-projects.org\/de\/wp-json\/wp\/v2\/pages\/1927\/revisions\/5072"}],"wp:attachment":[{"href":"https:\/\/open-boat-projects.org\/de\/wp-json\/wp\/v2\/media?parent=1927"}],"wp:term":[{"taxonomy":"category","embeddable":true,"href":"https:\/\/open-boat-projects.org\/de\/wp-json\/wp\/v2\/categories?post=1927"},{"taxonomy":"post_tag","embeddable":true,"href":"https:\/\/open-boat-projects.org\/de\/wp-json\/wp\/v2\/tags?post=1927"}],"curies":[{"name":"wp","href":"https:\/\/api.w.org\/{rel}","templated":true}]}}